{"id":3365,"date":"2022-08-05T10:08:24","date_gmt":"2022-08-05T08:08:24","guid":{"rendered":"https:\/\/jednostki.uksw.edu.pl\/wfch\/?page_id=30"},"modified":"2025-10-23T13:22:15","modified_gmt":"2025-10-23T11:22:15","slug":"kontakt","status":"publish","type":"page","link":"https:\/\/ksztalcenie.uksw.edu.pl\/kontakt\/","title":{"rendered":"Kontakt"},"content":{"rendered":"\n<h2 style=\"background-color:#163A7D;color:#f2f2f2;border-radius:20px;margin:auto;padding:15px;text-align:center\">Centrum Wsparcia Dydaktyki<\/h2>\n\n\n\n<div style=\"height:42px\" aria-hidden=\"true\" class=\"wp-block-spacer\"><\/div>\n\n\n\r\n<div class=\"\">\r\n\r\n<div class=\"row\">\r\n\r\n  \r\n\r\n\r\n     <div class=\"col-xl-4 col-lg-6 col-md-12 col-sm-12 project\">\r\n\t\t\t<div class=\"contact_box project_box\">\r\n\t\t\t<div class=\"headingh2\">Kierownik Centrum Wsparcia Dydaktyki<\/div>\r\n\t\t\t<div class=\"headingh3\">mgr in\u017c. Beata Karpiuk<\/div><br>\r\n\r\n\r\n\t\t\t<p><a href=\"mailto:beata_karpiuk@uksw.edu.pl\">beata_karpiuk@uksw.edu.pl<\/a><br \/>\ntel. 22 561 89 07, wew. 307<\/p>\n<p>ul. W\u00f3ycickiego 1\/3, bud. 21, pok. 313<\/p>\n\t\t\t<\/div>\r\n    <\/div>\r\n\r\n\t\r\n\r\n\r\n     <div class=\"col-xl-4 col-lg-6 col-md-12 col-sm-12 project\">\r\n\t\t\t<div class=\"contact_box project_box\">\r\n\t\t\t<div class=\"headingh2\">regulaminy  jednostek CWD <\/div>\r\n\t\t\t<div class=\"headingh3\">BKS i BIK<\/div><br>\r\n\r\n\r\n\t\t\t<p>Regulamin Organizacyjny UKSW (za\u0142\u0105cznik 4 \u00a7 18) &#8211; <a href=\"https:\/\/monitor.uksw.edu.pl\/docs\/7923\" target=\"_blank\" rel=\"noopener\">link<\/a><\/p>\n<ul>\n<li>o CWD &#8211; <a href=\"https:\/\/ksztalcenie.uksw.edu.pl\/wp-content\/uploads\/sites\/22\/2022\/11\/reg.-CWD.pdf\" target=\"_blank\" rel=\"noopener\">pobierz<\/a> [pdf]<\/li>\n<li>regulamin BKS &#8211; <a href=\"https:\/\/monitor.uksw.edu.pl\/docs\/download\/75790539e9aaa1e3207ee07c4bb64b91\" target=\"_blank\" rel=\"noopener\">pobierz <\/a>[pdf]<\/li>\n<li>regulamin BID &#8211; <a href=\"https:\/\/monitor.uksw.edu.pl\/docs\/download\/3d21dacf37d7752dc3f28db42d3ebd08\" target=\"_blank\" rel=\"noopener\">pobierz<\/a> [pdf]<\/li>\n<\/ul>\n\t\t\t<\/div>\r\n    <\/div>\r\n\r\n\t\r\n\t \r\n\r\n\r\n<\/div>\r\n  \r\n<\/div>\r\n\n\n\n<div style=\"height:64px\" aria-hidden=\"true\" class=\"wp-block-spacer\"><\/div>\n\n\n\n<h2 style=\"background-color:#163A7D;color:#f2f2f2;width:85%;border-radius:20px;margin:auto;padding:15px;text-align:center\">Biuro Kszta\u0142cenia<\/h2>\n\n\n\n<div style=\"height:29px\" aria-hidden=\"true\" class=\"wp-block-spacer\"><\/div>\n\n\n\r\n<div class=\"\">\r\n\r\n<div class=\"row\">\r\n\r\n  \r\n\r\n\r\n     <div class=\"col-xl-4 col-lg-6 col-md-12 col-sm-12 project\">\r\n\t\t\t<div class=\"contact_box project_box\">\r\n\t\t\t<div class=\"headingh2\"><\/div>\r\n\t\t\t<div class=\"headingh3\">Kontakt og\u00f3lny<\/div><br>\r\n\r\n\r\n\t\t\t<p><a href=\"mailto:ksztalcenie@uksw.edu.pl\" target=\"_blank\" rel=\"noopener\">ksztalcenie@uksw.edu.pl<\/a><\/p>\n<p>8.00 \u2013 15.00<br \/>\nponiedzia\u0142ek \u2013 pi\u0105tek<\/p>\n<p>zapraszamy do nowej lokalizacji:<br \/>\nul. W\u00f3ycickiego 1\/3, bud. 12,<br \/>\npok. 1223 i 1229<\/p>\n\t\t\t<\/div>\r\n    <\/div>\r\n\r\n\t\r\n\r\n\r\n     <div class=\"col-xl-4 col-lg-6 col-md-12 col-sm-12 project\">\r\n\t\t\t<div class=\"contact_box project_box\">\r\n\t\t\t<div class=\"headingh2\">g\u0142\u00f3wne zadania BKS<\/div>\r\n\t\t\t<div class=\"headingh3\"><\/div><br>\r\n\r\n\r\n\t\t\t<p>[<a href=\"https:\/\/ksztalcenie.uksw.edu.pl\/wp-content\/uploads\/sites\/22\/2024\/10\/BKs.png\" target=\"_blank\" rel=\"noopener\">pobierz pdf<\/a>]<br \/>\n&#8211; opracowywanie sprawozdawczo\u015bci dotycz\u0105cej studi\u00f3w, student\u00f3w i s\u0142uchaczy<br \/>\n&#8211; przygotowanie projekt\u00f3w akt\u00f3w prawnych dotycz\u0105cych dydaktyki i toku studi\u00f3w<br \/>\n&#8211; wsparcie kierownik\u00f3w kierunku przy projektowaniu program\u00f3w studi\u00f3w i efekt\u00f3w uczenia si\u0119<br \/>\n&#8211; zbieranie i rozpowszechnianie informacji dotycz\u0105cych wymog\u00f3w jako\u015bci kszta\u0142cenia<br \/>\n&#8211; gromadzenie rocznych plan\u00f3w obci\u0105\u017ce\u0144 dydaktycznych<br \/>\n&#8211; rozliczanie pensum i godzin ponadwymiarowych nauczycieli akademickich<br \/>\n&#8211; wsp\u00f3\u0142praca z dziekanatami w zakresie organizacji toku studi\u00f3w, st. podyplomowych i innych form kszta\u0142cenia<br \/>\n&#8211; opracowanie projektu harmonogramu roku akademickiego<br \/>\n&#8211; koordynowanie dzia\u0142a\u0144 zwi\u0105zanych z ofert\u0105 zaj\u0119\u0107 og\u00f3lnouczelnianych<br \/>\n&#8211; nadz\u00f3r nad post\u0119powaniem nostryfikacji dyplom\u00f3w uko\u0144czenia studi\u00f3w za granic\u0105<\/p>\n\t\t\t<\/div>\r\n    <\/div>\r\n\r\n\t\r\n\r\n\r\n     <div class=\"col-xl-4 col-lg-6 col-md-12 col-sm-12 project\">\r\n\t\t\t<div class=\"contact_box project_box\">\r\n\t\t\t<div class=\"headingh2\">Kierownik Biura Kszta\u0142cenia<\/div>\r\n\t\t\t<div class=\"headingh3\">mgr Joanna Korzeniewska<\/div><br>\r\n\r\n\r\n\t\t\t<p><a href=\"mailto:j.korzeniewska@uksw.edu.pl\" target=\"_blank\" rel=\"noopener\">j.korzeniewska@uksw.edu.pl<\/a><br \/>\ntel. 22 561 89 96, wew. 396<\/p>\n<p>administrator strony www BKS<\/p>\n\t\t\t<\/div>\r\n    <\/div>\r\n\r\n\t\r\n\t \r\n\r\n\r\n<\/div>\r\n  \r\n<\/div>\r\n\n\n\r\n<div class=\"\">\r\n\r\n<div class=\"row\">\r\n\r\n  \r\n\r\n\r\n     <div class=\"col-xl-4 col-lg-6 col-md-12 col-sm-12 project\">\r\n\t\t\t<div class=\"contact_box project_box\">\r\n\t\t\t<div class=\"headingh2\"><\/div>\r\n\t\t\t<div class=\"headingh3\">mgr Ma\u0142gorzata Chaj\u0119cka<\/div><br>\r\n\r\n\r\n\t\t\t<p><a href=\"mailto:m.chajecka@uksw.edu.pl\">m.chajecka@uksw.edu.pl<\/a><br \/>\ntel. 22 561 89 95, wew. 395<\/p>\n<p>Wydzia\u0142 Nauk Pedagogicznych<br \/>\nWydzia\u0142 Matematyczno-Przyrodniczy<br \/>\nWydzia\u0142 Biologii i Nauk o \u015arodowisku<br \/>\nWydzia\u0142 Medyczny<br \/>\noraz<br \/>\nSenacka Komisja Dydaktyczna<\/p>\n\t\t\t<\/div>\r\n    <\/div>\r\n\r\n\t\r\n\r\n\r\n     <div class=\"col-xl-4 col-lg-6 col-md-12 col-sm-12 project\">\r\n\t\t\t<div class=\"contact_box project_box\">\r\n\t\t\t<div class=\"headingh2\"><\/div>\r\n\t\t\t<div class=\"headingh3\">mgr Agnieszka Wo\u0142osiewicz<\/div><br>\r\n\r\n\r\n\t\t\t<p><a href=\"mailto:a.smykiewicz@uksw.edu.pl\">a.smykiewicz@uksw.edu.pl<\/a><br \/>\ntel. 22 561 90 07, wew. 407<\/p>\n<p>Wydzia\u0142 Spo\u0142eczno-Ekonomiczny<br \/>\nWydzia\u0142 Prawa Kanonicznego<\/p>\n<p>Nostryfikacje<br \/>\ndruki \u015bcis\u0142ego zarachowania<\/p>\n\t\t\t<\/div>\r\n    <\/div>\r\n\r\n\t\r\n\r\n\r\n     <div class=\"col-xl-4 col-lg-6 col-md-12 col-sm-12 project\">\r\n\t\t\t<div class=\"contact_box project_box\">\r\n\t\t\t<div class=\"headingh2\"><\/div>\r\n\t\t\t<div class=\"headingh3\">mgr Marta Laskowska &#8211; urlop<\/div><br>\r\n\r\n\r\n\t\t\t<p><a href=\"mailto:j.korzeniewska@uksw.edu.pl\">marta.laskowska@uksw.edu.pl<\/a><br \/>\ntel. 22 380 97 15<\/p>\n<p>Wydzia\u0142 Prawa i Administracji<br \/>\nWydzia\u0142 Studi\u00f3w nad Rodzin\u0105<\/p>\n\t\t\t<\/div>\r\n    <\/div>\r\n\r\n\t\r\n\r\n\r\n     <div class=\"col-xl-4 col-lg-6 col-md-12 col-sm-12 project\">\r\n\t\t\t<div class=\"contact_box project_box\">\r\n\t\t\t<div class=\"headingh2\"><\/div>\r\n\t\t\t<div class=\"headingh3\">lic. Mateusz Konkol <\/div><br>\r\n\r\n\r\n\t\t\t<p><a href=\"mailto:m.konkol@uksw.edu.pl\">m.konkol@uksw.edu.pl<\/a><br \/>\ntel. 22 561 89 94, wew. 394<\/p>\n<p>Wydzia\u0142 Teologiczny<br \/>\nWydzia\u0142 Nauk Humanistycznych<\/p>\n\t\t\t<\/div>\r\n    <\/div>\r\n\r\n\t\r\n\r\n\r\n     <div class=\"col-xl-4 col-lg-6 col-md-12 col-sm-12 project\">\r\n\t\t\t<div class=\"contact_box project_box\">\r\n\t\t\t<div class=\"headingh2\"><\/div>\r\n\t\t\t<div class=\"headingh3\">Anna Maciejewicz<\/div><br>\r\n\r\n\r\n\t\t\t<p>a.maciejewicz@uksw.edu.pl<br \/>\ntel. 22 569 68 06, wew. 806<\/p>\n<p>Wydzia\u0142 Filozofii Chrze\u015bcija\u0144skiej<br \/>\nWydzia\u0142 Nauk Historycznych<\/p>\n\t\t\t<\/div>\r\n    <\/div>\r\n\r\n\t\r\n\r\n\r\n     <div class=\"col-xl-4 col-lg-6 col-md-12 col-sm-12 project\">\r\n\t\t\t<div class=\"contact_box project_box\">\r\n\t\t\t<div class=\"headingh2\"><\/div>\r\n\t\t\t<div class=\"headingh3\">Aleksandra Pacholak<\/div><br>\r\n\r\n\r\n\t\t\t<p>a.pacholak@uksw.edu.pl<br \/>\ntel. 22 380 97 15<\/p>\n<p>&nbsp;<\/p>\n\t\t\t<\/div>\r\n    <\/div>\r\n\r\n\t\r\n\t \r\n\r\n\r\n<\/div>\r\n  \r\n<\/div>\r\n\n\n\n<h2 style=\"background-color:#163A7D;color:#f2f2f2;width:85%;border-radius:20px;margin:auto;padding:15px;text-align:center\">Biuro innowacji dydaktycznych, szkole\u0144 i jako\u015bci kszta\u0142cenia<\/h2>\n\n\n\n<div style=\"height:64px\" aria-hidden=\"true\" class=\"wp-block-spacer\"><\/div>\n\n\n\r\n<div class=\"\">\r\n\r\n<div class=\"row\">\r\n\r\n  \r\n\r\n\r\n     <div class=\"col-xl-4 col-lg-6 col-md-12 col-sm-12 project\">\r\n\t\t\t<div class=\"contact_box project_box\">\r\n\t\t\t<div class=\"headingh2\"><\/div>\r\n\t\t\t<div class=\"headingh3\">Kontakt og\u00f3lny<\/div><br>\r\n\r\n\r\n\t\t\t<p><a href=\"mailto:jakosc@uksw.edu.pl\">jakosc@uksw.edu.pl<\/a><\/p>\n<p><a href=\"https:\/\/jakosc.uksw.edu.pl\/pl\/\">www.jakosc.uksw.edu.pl<\/a><br \/>\nul. W\u00f3ycickiego 1\/3, bud. 21, pok. 313<\/p>\n\t\t\t<\/div>\r\n    <\/div>\r\n\r\n\t\r\n\r\n\r\n     <div class=\"col-xl-4 col-lg-6 col-md-12 col-sm-12 project\">\r\n\t\t\t<div class=\"contact_box project_box\">\r\n\t\t\t<div class=\"headingh2\"><\/div>\r\n\t\t\t<div class=\"headingh3\">mgr Agnieszka Chodkowska<\/div><br>\r\n\r\n\r\n\t\t\t<p><a class=\"\" href=\"mailto:a.chodkowska@uksw.edu.pl\">a.chodkowska@uksw.edu.pl<\/a><br \/>\ntel. 22 561 88 61, wew. 261<\/p>\n\t\t\t<\/div>\r\n    <\/div>\r\n\r\n\t\r\n\r\n\r\n     <div class=\"col-xl-4 col-lg-6 col-md-12 col-sm-12 project\">\r\n\t\t\t<div class=\"contact_box project_box\">\r\n\t\t\t<div class=\"headingh2\">Kierownik BID<\/div>\r\n\t\t\t<div class=\"headingh3\">mgr Mariola Pirek<\/div><br>\r\n\r\n\r\n\t\t\t<p><a href=\"mailto:m.pirek@uksw.edu.pl\">m.pirek@uksw.edu.pl<\/a><br \/>\ntel. 22 561 89 59, wew. 359<\/p>\n<p>uczelniany koordynator ds. kontakt\u00f3w z PKA<\/p>\n\t\t\t<\/div>\r\n    <\/div>\r\n\r\n\t\r\n\r\n\r\n     <div class=\"col-xl-4 col-lg-6 col-md-12 col-sm-12 project\">\r\n\t\t\t<div class=\"contact_box project_box\">\r\n\t\t\t<div class=\"headingh2\">zesp\u00f3\u0142 roboczy<\/div>\r\n\t\t\t<div class=\"headingh3\">ds. bada\u0144 jako\u015bci kszta\u0142cenia<\/div><br>\r\n\r\n\r\n\t\t\t<p><strong>zadania<\/strong> &#8211; <a href=\"https:\/\/monitor.uksw.edu.pl\/docs\/download\/3f2adbdc4761c4485ee820a036bb742f\">link<\/a><br \/>\nsk\u0142ad od 2024 r. &#8211; <a href=\"https:\/\/monitor.uksw.edu.pl\/docs\/download\/7650c1eabd5bb84bed075611b8a813bb\" target=\"_blank\" rel=\"noopener\">link<\/a><\/p>\n\t\t\t<\/div>\r\n    <\/div>\r\n\r\n\t\r\n\r\n\r\n     <div class=\"col-xl-4 col-lg-6 col-md-12 col-sm-12 project\">\r\n\t\t\t<div class=\"contact_box project_box\">\r\n\t\t\t<div class=\"headingh2\">zesp\u00f3\u0142 roboczy<\/div>\r\n\t\t\t<div class=\"headingh3\"> ds. e-learningu i otwartych zasob\u00f3w edukacyjnych<\/div><br>\r\n\r\n\r\n\t\t\t<p>koordynator zespo\u0142u<br \/>\nmgr Monika Nowosielska<br \/>\n<a href=\"mailto:m.nowosielska@uksw.edu.pl\">m.nowosielska@uksw.edu.pl<\/a><br \/>\ntel. 791 159 357 ;<br \/>\nW\u00f3ycickiego 1\/3, bud. 4, pok\u00f3j 416<\/p>\n<p>&nbsp;<\/p>\n<p>g\u0142\u00f3wne zadania:<br \/>\n&#8211; wspieranie pracownik\u00f3w w obs\u0142udze system\u00f3w cyfrowych (Moodle, MS Teams),<br \/>\n&#8211; rozw\u00f3j i gromadzenie otwartych zasob\u00f3w edukacyjnych,<br \/>\n&#8211; promowanie wykorzystania nowych technologii w dydaktyce.<\/p>\n\t\t\t<\/div>\r\n    <\/div>\r\n\r\n\t\r\n\r\n\r\n     <div class=\"col-xl-4 col-lg-6 col-md-12 col-sm-12 project\">\r\n\t\t\t<div class=\"contact_box project_box\">\r\n\t\t\t<div class=\"headingh2\">zesp\u00f3\u0142 roboczy<\/div>\r\n\t\t\t<div class=\"headingh3\">ds. szkole\u0144 i innowacji dydaktycznych<\/div><br>\r\n\r\n\r\n\t\t\t<p>zadania:<em><br \/>\n&#8211; <\/em>organizacja i prowadzenie szkole\u0144, warsztat\u00f3w i konferencji w zakresie dydaktyki akademickiej i jako\u015bci kszta\u0142cenia, w tym \u201eDzie\u0144 szkoleniowy dla nowozatrudnionych nauczycieli akademickich\u201d<br \/>\n&#8211; przygotowywanie i publikowanie materia\u0142\u00f3w dydaktycznych i informacyjnych, w tym poradnik\u00f3w, infografik i materia\u0142\u00f3w promuj\u0105cych innowacje dydaktyczne, udost\u0119pnianych na stronie internetowej Biura<br \/>\n&#8211; redakcja i publikacja \u201eBiuletynu Dydaktycznego\u201d<br \/>\n&#8211; organizacja og\u00f3lnouczelnianych wydarze\u0144 na rzecz jako\u015bci kszta\u0142cenia, w tym Tygodnia Jako\u015bci Kszta\u0142cenia<\/p>\n\t\t\t<\/div>\r\n    <\/div>\r\n\r\n\t\r\n\r\n\r\n     <div class=\"col-xl-4 col-lg-6 col-md-12 col-sm-12 project\">\r\n\t\t\t<div class=\"contact_box project_box\">\r\n\t\t\t<div class=\"headingh2\">g\u0142\u00f3wne zadania BID<\/div>\r\n\t\t\t<div class=\"headingh3\"><\/div><br>\r\n\r\n\r\n\t\t\t<p>[pobierz: <a href=\"https:\/\/ksztalcenie.uksw.edu.pl\/wp-content\/uploads\/sites\/22\/2024\/10\/BIK1.png\" target=\"_blank\" rel=\"noopener\">pdf 1<\/a>, <a href=\"https:\/\/ksztalcenie.uksw.edu.pl\/wp-content\/uploads\/sites\/22\/2024\/10\/BIK2.png\" target=\"_blank\" rel=\"noopener\">pdf 2<\/a>]<br \/>\n&#8211; upowszechnianie wiedzy i dobrych praktyk z zakresu nowoczesnej dydaktyki<br \/>\n&#8211; projektowanie, organizowanie i prowadzenie zaj\u0119\u0107 wspieraj\u0105cych kszta\u0142cenie nauczycieli akademickich<br \/>\n&#8211; organizacja warsztat\u00f3w, szkole\u0144 i konferencji po\u015bwi\u0119conych podnoszeniu kompetencji dydaktycznych kadry akademickiej UKSW<br \/>\n&#8211; wsp\u00f3\u0142praca z jednostkami uczelni w zakresie dzia\u0142a\u0144 jako\u015bciowych w obszarze dydaktyki<br \/>\n&#8211; prowadzenie analizy wynik\u00f3w bada\u0144 z zakresu dydaktyki oraz tworzenie narz\u0119dzi edukacyjnych<br \/>\n&#8211; organizacja i rozw\u00f3j uczelnianej oferty dydaktycznej w trybie e-learningu (e-UKSW)<\/p>\n\t\t\t<\/div>\r\n    <\/div>\r\n\r\n\t\r\n\r\n\r\n     <div class=\"col-xl-4 col-lg-6 col-md-12 col-sm-12 project\">\r\n\t\t\t<div class=\"contact_box project_box\">\r\n\t\t\t<div class=\"headingh2\"><\/div>\r\n\t\t\t<div class=\"headingh3\"><\/div><br>\r\n\r\n\r\n\t\t\t<p>&#8211; wsparcie pracownik\u00f3w UKSW w zakresie umiej\u0119tno\u015bci pracy w systemie e-UKSW<br \/>\n&#8211; wsparcie pracownik\u00f3w dydaktycznych UKSW w zakresie wykorzystywania nowych form i metod kszta\u0142cenia w procesie dydaktycznym<br \/>\n&#8211; koordynowanie oferty st. podyplomowych i wsp\u00f3\u0142praca z jednostkami merytorycznymi w zakresie prowadzonych studi\u00f3w<br \/>\n&#8211; organizacja cyklicznych wydarze\u0144 zwi\u0105zanych z upowszechnianiem dzia\u0142a\u0144 jako\u015bciowych w obszarze dydaktyki w UKSW<br \/>\n&#8211; wsp\u00f3\u0142praca z UKJK i zespo\u0142ami ds.jako\u015bci kszta\u0142cenia na wydzia\u0142ach<br \/>\n&#8211; wsp\u00f3\u0142praca z zespo\u0142ami przygotowuj\u0105cymi raporty do PKA<\/p>\n\t\t\t<\/div>\r\n    <\/div>\r\n\r\n\t\r\n\t \r\n\r\n\r\n<\/div>\r\n  \r\n<\/div>\r\n\n\n\n<div style=\"height:35px\" aria-hidden=\"true\" class=\"wp-block-spacer\"><\/div>\n","protected":false},"excerpt":{"rendered":"<p>Centrum Wsparcia Dydaktyki Biuro Kszta\u0142cenia Biuro innowacji dydaktycznych, szkole\u0144 i jako\u015bci kszta\u0142cenia<\/p>\n","protected":false},"author":7,"featured_media":5503,"parent":0,"menu_order":0,"comment_status":"closed","ping_status":"closed","template":"page-templates\/template-standerd-page.php","meta":{"_acf_changed":false,"inline_featured_image":false,"footnotes":"","_links_to":"","_links_to_target":""},"class_list":["post-3365","page","type-page","status-publish","has-post-thumbnail","hentry"],"acf":[],"_links":{"self":[{"href":"https:\/\/ksztalcenie.uksw.edu.pl\/pl\/wp-json\/wp\/v2\/pages\/3365","targetHints":{"allow":["GET"]}}],"collection":[{"href":"https:\/\/ksztalcenie.uksw.edu.pl\/pl\/wp-json\/wp\/v2\/pages"}],"about":[{"href":"https:\/\/ksztalcenie.uksw.edu.pl\/pl\/wp-json\/wp\/v2\/types\/page"}],"author":[{"embeddable":true,"href":"https:\/\/ksztalcenie.uksw.edu.pl\/pl\/wp-json\/wp\/v2\/users\/7"}],"replies":[{"embeddable":true,"href":"https:\/\/ksztalcenie.uksw.edu.pl\/pl\/wp-json\/wp\/v2\/comments?post=3365"}],"version-history":[{"count":120,"href":"https:\/\/ksztalcenie.uksw.edu.pl\/pl\/wp-json\/wp\/v2\/pages\/3365\/revisions"}],"predecessor-version":[{"id":6851,"href":"https:\/\/ksztalcenie.uksw.edu.pl\/pl\/wp-json\/wp\/v2\/pages\/3365\/revisions\/6851"}],"wp:featuredmedia":[{"embeddable":true,"href":"https:\/\/ksztalcenie.uksw.edu.pl\/pl\/wp-json\/wp\/v2\/media\/5503"}],"wp:attachment":[{"href":"https:\/\/ksztalcenie.uksw.edu.pl\/pl\/wp-json\/wp\/v2\/media?parent=3365"}],"curies":[{"name":"wp","href":"https:\/\/api.w.org\/{rel}","templated":true}]}}