{"id":3668,"date":"2022-10-14T15:06:07","date_gmt":"2022-10-14T13:06:07","guid":{"rendered":"https:\/\/jednostki.uksw.edu.pl\/bbn\/badania-naukowe\/"},"modified":"2022-12-20T11:33:47","modified_gmt":"2022-12-20T10:33:47","slug":"organiazcja-studiow","status":"publish","type":"page","link":"https:\/\/ksztalcenie.uksw.edu.pl\/organiazcja-studiow\/","title":{"rendered":"Organizacja studi\u00f3w"},"content":{"rendered":"\r\n<div class=\"\">\r\n\r\n<div class=\"page_heading\"> <img decoding=\"async\" src=\"https:\/\/ksztalcenie.uksw.edu.pl\/wp-content\/themes\/uksw\/images\/note-2_white.svg\" alt=\"\"> Wybierz interesuj\u0105cy Ci\u0119 dzia\u0142:<\/div>\r\n<div class=\"candidate_box_sec\">\r\n<div class=\"row\">\r\n\r\n    \r\n                                \r\n                            <div class=\"col-xl-6 col-lg-6 col-md-12 col-sm-12 project\">\r\n                                <a href=\"https:\/\/ksztalcenie.uksw.edu.pl\/?post_type=page&#038;p=3767\" class=\"project_box\">\r\n                                    <div class=\"candidate_box project_box\">\r\n                                        <div class=\"candidate_box_title\">Prawo<\/div>\r\n                                                                                <div class=\"candidate_box_sub_title\">dla szkolnictwa wy\u017cszego i nauki<\/div>\r\n                                                                                <img decoding=\"async\" src=\"https:\/\/ksztalcenie.uksw.edu.pl\/wp-content\/themes\/uksw\/images\/arrow_more1.svg\" alt=\"\">  \r\n                                    <\/div>\r\n                                <\/a>\r\n                            <\/div>\r\n                      \r\n                        \r\n                            \r\n                                \r\n                            <div class=\"col-xl-6 col-lg-6 col-md-12 col-sm-12 project\">\r\n                                <a href=\"https:\/\/ksztalcenie.uksw.edu.pl\/?post_type=page&#038;p=3768\" class=\"project_box\">\r\n                                    <div class=\"candidate_box project_box\">\r\n                                        <div class=\"candidate_box_title\">Projektowanie<\/div>\r\n                                                                                <div class=\"candidate_box_sub_title\">i zmiana program\u00f3w studi\u00f3w<\/div>\r\n                                                                                <img decoding=\"async\" src=\"https:\/\/ksztalcenie.uksw.edu.pl\/wp-content\/themes\/uksw\/images\/arrow_more1.svg\" alt=\"\">  \r\n                                    <\/div>\r\n                                <\/a>\r\n                            <\/div>\r\n                      \r\n                        \r\n                            \r\n                                \r\n                            <div class=\"col-xl-6 col-lg-6 col-md-12 col-sm-12 project\">\r\n                                <a href=\"https:\/\/ksztalcenie.uksw.edu.pl\/?post_type=page&#038;p=3769\" class=\"project_box\">\r\n                                    <div class=\"candidate_box project_box\">\r\n                                        <div class=\"candidate_box_title\">Planowanie<\/div>\r\n                                                                                <div class=\"candidate_box_sub_title\">zaj\u0119\u0107<\/div>\r\n                                                                                <img decoding=\"async\" src=\"https:\/\/ksztalcenie.uksw.edu.pl\/wp-content\/themes\/uksw\/images\/arrow_more1.svg\" alt=\"\">  \r\n                                    <\/div>\r\n                                <\/a>\r\n                            <\/div>\r\n                      \r\n                        \r\n                            \r\n                                \r\n                            <div class=\"col-xl-6 col-lg-6 col-md-12 col-sm-12 project\">\r\n                                <a href=\"https:\/\/ksztalcenie.uksw.edu.pl\/?post_type=page&#038;p=3770\" class=\"project_box\">\r\n                                    <div class=\"candidate_box project_box\">\r\n                                        <div class=\"candidate_box_title\">Dokumentacja<\/div>\r\n                                                                                <div class=\"candidate_box_sub_title\">przebiegu studi\u00f3w<\/div>\r\n                                                                                <img decoding=\"async\" src=\"https:\/\/ksztalcenie.uksw.edu.pl\/wp-content\/themes\/uksw\/images\/arrow_more1.svg\" alt=\"\">  \r\n                                    <\/div>\r\n                                <\/a>\r\n                            <\/div>\r\n                      \r\n                        \r\n                            \r\n                                \r\n                            <div class=\"col-xl-6 col-lg-6 col-md-12 col-sm-12 project\">\r\n                                <a href=\"https:\/\/ksztalcenie.uksw.edu.pl\/?post_type=page&#038;p=3771\" class=\"project_box\">\r\n                                    <div class=\"candidate_box project_box\">\r\n                                        <div class=\"candidate_box_title\">Nostryfikacje<\/div>\r\n                                                                                <div class=\"candidate_box_sub_title\">UKSW<\/div>\r\n                                                                                <img decoding=\"async\" src=\"https:\/\/ksztalcenie.uksw.edu.pl\/wp-content\/themes\/uksw\/images\/arrow_more1.svg\" alt=\"\">  \r\n                                    <\/div>\r\n                                <\/a>\r\n                            <\/div>\r\n                      \r\n                        \r\n                            \r\n                                \r\n                            <div class=\"col-xl-6 col-lg-6 col-md-12 col-sm-12 project\">\r\n                                <a href=\"https:\/\/ksztalcenie.uksw.edu.pl\/?post_type=page&#038;p=3772\" class=\"project_box\">\r\n                                    <div class=\"candidate_box project_box\">\r\n                                        <div class=\"candidate_box_title\">Harmonogram<\/div>\r\n                                                                                <div class=\"candidate_box_sub_title\">roku akademickiego<\/div>\r\n                                                                                <img decoding=\"async\" src=\"https:\/\/ksztalcenie.uksw.edu.pl\/wp-content\/themes\/uksw\/images\/arrow_more1.svg\" alt=\"\">  \r\n                                    <\/div>\r\n                                <\/a>\r\n                            <\/div>\r\n                      \r\n                        \r\n                            \r\n                                \r\n                            <div class=\"col-xl-6 col-lg-6 col-md-12 col-sm-12 project\">\r\n                                <a href=\"https:\/\/ksztalcenie.uksw.edu.pl\/?post_type=page&#038;p=3773\" class=\"project_box\">\r\n                                    <div class=\"candidate_box project_box\">\r\n                                        <div class=\"candidate_box_title\">Kalendarz<\/div>\r\n                                                                                <div class=\"candidate_box_sub_title\">z liczb\u0105 dni<\/div>\r\n                                                                                <img decoding=\"async\" src=\"https:\/\/ksztalcenie.uksw.edu.pl\/wp-content\/themes\/uksw\/images\/arrow_more1.svg\" alt=\"\">  \r\n                                    <\/div>\r\n                                <\/a>\r\n                            <\/div>\r\n                      \r\n                        \r\n                            \r\n                                \r\n                            <div class=\"col-xl-6 col-lg-6 col-md-12 col-sm-12 project\">\r\n                                <a href=\"https:\/\/ksztalcenie.uksw.edu.pl\/?post_type=page&#038;p=3774\" class=\"project_box\">\r\n                                    <div class=\"candidate_box project_box\">\r\n                                        <div class=\"candidate_box_title\">Kalendarz<\/div>\r\n                                                                                <div class=\"candidate_box_sub_title\">zjazd\u00f3w<\/div>\r\n                                                                                <img decoding=\"async\" src=\"https:\/\/ksztalcenie.uksw.edu.pl\/wp-content\/themes\/uksw\/images\/arrow_more1.svg\" alt=\"\">  \r\n                                    <\/div>\r\n                                <\/a>\r\n                            <\/div>\r\n                      \r\n                        \r\n                            \r\n                                \r\n                            <div class=\"col-xl-6 col-lg-6 col-md-12 col-sm-12 project\">\r\n                                <a href=\"https:\/\/ksztalcenie.uksw.edu.pl\/?post_type=page&#038;p=3775\" class=\"project_box\">\r\n                                    <div class=\"candidate_box project_box\">\r\n                                        <div class=\"candidate_box_title\">Rezerwacja<\/div>\r\n                                                                                <div class=\"candidate_box_sub_title\">sal<\/div>\r\n                                                                                <img decoding=\"async\" src=\"https:\/\/ksztalcenie.uksw.edu.pl\/wp-content\/themes\/uksw\/images\/arrow_more1.svg\" alt=\"\">  \r\n                                    <\/div>\r\n                                <\/a>\r\n                            <\/div>\r\n                      \r\n                        \r\n                            <\/div>\r\n<\/div>\r\n\r\n<\/div>","protected":false},"excerpt":{"rendered":"","protected":false},"author":7,"featured_media":5150,"parent":0,"menu_order":1,"comment_status":"closed","ping_status":"closed","template":"page-templates\/template-sub-page.php","meta":{"_acf_changed":false,"inline_featured_image":false,"footnotes":"","_links_to":"","_links_to_target":""},"class_list":["post-3668","page","type-page","status-publish","has-post-thumbnail","hentry"],"acf":[],"_links":{"self":[{"href":"https:\/\/ksztalcenie.uksw.edu.pl\/pl\/wp-json\/wp\/v2\/pages\/3668","targetHints":{"allow":["GET"]}}],"collection":[{"href":"https:\/\/ksztalcenie.uksw.edu.pl\/pl\/wp-json\/wp\/v2\/pages"}],"about":[{"href":"https:\/\/ksztalcenie.uksw.edu.pl\/pl\/wp-json\/wp\/v2\/types\/page"}],"author":[{"embeddable":true,"href":"https:\/\/ksztalcenie.uksw.edu.pl\/pl\/wp-json\/wp\/v2\/users\/7"}],"replies":[{"embeddable":true,"href":"https:\/\/ksztalcenie.uksw.edu.pl\/pl\/wp-json\/wp\/v2\/comments?post=3668"}],"version-history":[{"count":11,"href":"https:\/\/ksztalcenie.uksw.edu.pl\/pl\/wp-json\/wp\/v2\/pages\/3668\/revisions"}],"predecessor-version":[{"id":6820,"href":"https:\/\/ksztalcenie.uksw.edu.pl\/pl\/wp-json\/wp\/v2\/pages\/3668\/revisions\/6820"}],"wp:featuredmedia":[{"embeddable":true,"href":"https:\/\/ksztalcenie.uksw.edu.pl\/pl\/wp-json\/wp\/v2\/media\/5150"}],"wp:attachment":[{"href":"https:\/\/ksztalcenie.uksw.edu.pl\/pl\/wp-json\/wp\/v2\/media?parent=3668"}],"curies":[{"name":"wp","href":"https:\/\/api.w.org\/{rel}","templated":true}]}}