{"id":3767,"date":"2022-11-17T15:33:32","date_gmt":"2022-11-17T14:33:32","guid":{"rendered":"https:\/\/jednostki.uksw.edu.pl\/ksztalcenie\/organiazcja-studiow\/prawo-dla-szkolnictwa-wyzszego-i-nauki\/"},"modified":"2026-02-18T12:30:06","modified_gmt":"2026-02-18T11:30:06","slug":"prawo-dla-szkolnictwa-wyzszego-i-nauki","status":"publish","type":"page","link":"https:\/\/ksztalcenie.uksw.edu.pl\/organiazcja-studiow\/prawo-dla-szkolnictwa-wyzszego-i-nauki\/","title":{"rendered":"Prawo dla szkolnictwa wy\u017cszego i nauki"},"content":{"rendered":"\n<h2 class=\"wp-block-heading\">1. Ustawy<\/h2>\n\n\n\n<ul class=\"wp-block-list\">\n<li>Ustawa o <strong>utworzeniu UKSW<\/strong>, po 2 zmianach, obwieszczono tekst jednolity:<br><a rel=\"noreferrer noopener\" href=\"https:\/\/dziennikustaw.gov.pl\/DU\/rok\/2019\/pozycja\/1012\" target=\"_blank\">Dz.U.2019.1012 t.j.&nbsp;<\/a>z dn. 30.05.2019<br><\/li>\n\n\n\n<li>USTAWA 2.0<br>Ustawa&nbsp;<strong>Prawo&nbsp;<\/strong>o szkolnictwie wy\u017cszym i nauce,<br><a href=\"https:\/\/isap.sejm.gov.pl\/isap.nsf\/DocDetails.xsp?id=WDU20240001571\" target=\"_blank\" rel=\"noreferrer noopener\">Dz.U.2024.1571 t.j.<\/a> z dnia 2024.09.11<\/li>\n\n\n\n<li>Ustawa o&nbsp;<strong>stopniach&nbsp;<\/strong>naukowych&nbsp;i&nbsp;<strong>tytule&nbsp;<\/strong>naukowym oraz stopniach i tytule w zakresie sztuki,<br><a href=\"https:\/\/isap.sejm.gov.pl\/isap.nsf\/DocDetails.xsp?id=WDU20170000859\" target=\"_blank\" rel=\"noreferrer noopener\">Dz.U.2017.1789<\/a><\/li>\n\n\n\n<li>Ustawa o Zintegrowanym Systemie Kwalifikacji, <strong>ZSK<\/strong>,<br><a href=\"https:\/\/isap.sejm.gov.pl\/isap.nsf\/DocDetails.xsp?id=WDU20200000226\" target=\"_blank\" rel=\"noreferrer noopener\">Dz.U.2020.226<\/a><\/li>\n\n\n\n<li>Ustawa o zawodach&nbsp;<strong>piel\u0119gniarki&nbsp;<\/strong>i po\u0142o\u017cnej,<br><a href=\"https:\/\/isap.sejm.gov.pl\/isap.nsf\/DocDetails.xsp?id=WDU20240000814\" target=\"_blank\" rel=\"noreferrer noopener\">Dz.U.2024.814<\/a><\/li>\n\n\n\n<li>Ustawa o&nbsp;<strong>dokumentach&nbsp;<\/strong>publicznych,<br><a href=\"https:\/\/isap.sejm.gov.pl\/isap.nsf\/DocDetails.xsp?id=WDU20240001669\" target=\"_blank\" rel=\"noreferrer noopener\">Dz.U.2024.1669<\/a><\/li>\n<\/ul>\n\n\n\n<h2 class=\"wp-block-heading\">2. Rozporz\u0105dzenia<\/h2>\n\n\n\r\n<div class=\"container ui_kit\">\r\n\r\n<div class=\"row justify-content-center my-5 tab\">\r\n      <ul id=\"tabs\" class=\"nav\">\r\n                        <li class=\"nav-item\">\r\n            <a class=\"nav-link link-secondary active \" id=\"block_256dd9c45c1be5204b80a6bbe0344de70\" data-bs-toggle=\"tab\" data-bs-target=\"#Tabblock_256dd9c45c1be5204b80a6bbe0344de70\" href=\"#\">Studia i standardy<\/a>\r\n            <\/li>\r\n\r\n                    <li class=\"nav-item\">\r\n            <a class=\"nav-link link-secondary \" id=\"block_256dd9c45c1be5204b80a6bbe0344de71\" data-bs-toggle=\"tab\" data-bs-target=\"#Tabblock_256dd9c45c1be5204b80a6bbe0344de71\" href=\"#\">Dokumenty<\/a>\r\n            <\/li>\r\n\r\n                    <li class=\"nav-item\">\r\n            <a class=\"nav-link link-secondary \" id=\"block_256dd9c45c1be5204b80a6bbe0344de72\" data-bs-toggle=\"tab\" data-bs-target=\"#Tabblock_256dd9c45c1be5204b80a6bbe0344de72\" href=\"#\">Inne<\/a>\r\n            <\/li>\r\n\r\n               \r\n      <\/ul>\r\n      <div class=\"tab_con_grey\">\r\n            <div class=\"tab-content\" id=\"tabContent\">\r\n      \r\n                <div class=\"tab-pane fade   show active \" id=\"Tabblock_256dd9c45c1be5204b80a6bbe0344de70\" role=\"tabpanel\" aria-labelledby=\"block_256dd9c45c1be5204b80a6bbe0344de70\">\r\n                                    <div class=\"headingh4\"><\/div>\r\n               \r\n\r\n                    <ul>\n<li><a href=\"https:\/\/isap.sejm.gov.pl\/isap.nsf\/DocDetails.xsp?id=WDU20230002787\">Rozporz\u0105dzenie<\/a> (t.j.) MEiN z dn.23.11.2023 ws. STUDI\u00d3W, Dz.U.2023.2787;\n<ul>\n<li>tekst ujednolicony r\u0119cznie na potrzeby w\u0142asne [<a href=\"https:\/\/ksztalcenie.uksw.edu.pl\/wp-content\/uploads\/sites\/22\/2023\/10\/ROZ.Dz_.U.2018.poz_.1861_ws_studiow-tekst-ujednolicony-recznie_po_9_zmianach.docx\">pobierz<\/a>]<\/li>\n<\/ul>\n<\/li>\n<li>Rozporz\u0105dzenie MNiSW z dn. 28.11.2018 ws.<br \/>\ncharakterystyk drugiego stopnia efekt\u00f3w uczenia si\u0119 dla kwalifikacji na poziomach 6\u20138 Polskiej Ramy Kwalifikacji, Dz.U.2018.2218<\/p>\n<ul>\n<li>za\u0142\u0105cznik to\u00a0<a href=\"http:\/\/kwalifikacje.gov.pl\/images\/downloads\/materia%C5%82y_do_serwisu_ZSK\/tabele_PRK\/PRK_tab1.pdf\" target=\"_blank\" rel=\"noreferrer noopener\">uniwer<\/a><a href=\"http:\/\/kwalifikacje.gov.pl\/images\/downloads\/materia%C5%82y_do_serwisu_ZSK\/tabele_PRK\/PRK_tab1.pdf\" target=\"_blank\" rel=\"noreferrer noopener\">salne<\/a><a href=\"http:\/\/kwalifikacje.gov.pl\/images\/downloads\/materia%C5%82y_do_serwisu_ZSK\/tabele_PRK\/PRK_tab1.pdf\" target=\"_blank\" rel=\"noreferrer noopener\"> charakterystyki<\/a>\u00a0i\u00a0<a href=\"http:\/\/kwalifikacje.gov.pl\/images\/downloads\/materia%C5%82y_do_serwisu_ZSK\/tabele_PRK\/PRK_tab5.pdf\" target=\"_blank\" rel=\"noreferrer noopener\">charakterystyki drugiego stopnia<\/a>\u00a0\u2013<em> stanowi\u0105ce baz\u0119 do opisu efekt\u00f3w uczenia si\u0119<\/em><\/li>\n<li>wi\u0119cej na\u00a0<a href=\"http:\/\/kwalifikacje.gov.pl\/o-zsk\/polska-rama-kwalifikacji\" target=\"_blank\" rel=\"noreferrer noopener\">kwalifikacje.gov.pl<\/a><\/li>\n<\/ul>\n<\/li>\n<li><a href=\"https:\/\/isap.sejm.gov.pl\/isap.nsf\/DocDetails.xsp?id=WDU20250000211\" target=\"_blank\" rel=\"noreferrer noopener\">Rozporz\u0105dzenie<\/a> MEIN z dn. 12.02.2025 ws.<br \/>\n<strong>dziedzin\u00a0<\/strong>nauki i\u00a0<strong>dyscyplin\u00a0<\/strong>naukowych oraz dyscyplin artystycznych &#8211; [<a href=\"https:\/\/ksztalcenie.uksw.edu.pl\/wp-content\/uploads\/sites\/22\/2024\/10\/lex-dz-u-2022-2202-dziedziny-nauki-i-dyscypliny.docx\" target=\"_blank\" rel=\"noopener\">pobierz doc<\/a>]<\/li>\n<\/ul>\n<p>STANDARDY<\/p>\n<ul>\n<li><a href=\"https:\/\/isap.sejm.gov.pl\/isap.nsf\/DocDetails.xsp?id=WDU20240000453\" target=\"_blank\" rel=\"noreferrer noopener\">Rozporz\u0105dzenie<\/a> (Dz.U.2024.453 t.j.) MNiSW ws.<br \/>\nstandardu kszta\u0142cenia przygotowuj\u0105cego do wykonywania zawodu\u00a0<strong>nauczyciela<\/strong>,<br \/>\n<a href=\"https:\/\/isap.sejm.gov.pl\/isap.nsf\/DocDetails.xsp?id=WDU20230002102\">Rozporz\u0105dzenie<\/a> (Dz.U.2023.2102) MEIN z dn. 14 wrze\u015bnia 2023 ws.<br \/>\nszczeg\u00f3\u0142owych kwalifikacji wymaganych od <strong>nauczycieli<\/strong>.<\/li>\n<li><a href=\"https:\/\/isap.sejm.gov.pl\/isap.nsf\/DocDetails.xsp?id=WDU20210000755\" target=\"_blank\" rel=\"noreferrer noopener\">Rozporz\u0105dzenie<\/a> (Dz.U.2021.755 t.j.) MNiSW ws.<br \/>\nstandard\u00f3w kszta\u0142cenia przygotowuj\u0105cego do wykonywania zawodu\u00a0<strong>lekarza<\/strong>, lekarza dentysty, farmaceuty,\u00a0<strong>piel\u0119gniarki<\/strong>, po\u0142o\u017cnej, diagnosty laboratoryjnego, fizjoterapeuty i ratownika medycznego,<br \/>\nzm. Dz.U.2022.<a href=\"https:\/\/isap.sejm.gov.pl\/isap.nsf\/DocDetails.xsp?id=WDU20220000157\">157<\/a> i <a href=\"https:\/\/isap.sejm.gov.pl\/isap.nsf\/DocDetails.xsp?id=WDU20220001742\">1742<\/a>, 2023.<a href=\"https:\/\/isap.sejm.gov.pl\/isap.nsf\/DocDetails.xsp?id=WDU20230002152\">2152<\/a>, 2024.<a href=\"https:\/\/isap.sejm.gov.pl\/isap.nsf\/DocDetails.xsp?id=WDU20240001514\">1514<\/a>, 2025.<a href=\"https:\/\/isap.sejm.gov.pl\/isap.nsf\/DocDetails.xsp?id=WDU20250001133\">1133<\/a><\/li>\n<li><a href=\"https:\/\/isap.sejm.gov.pl\/isap.nsf\/DocDetails.xsp?id=WDU20080270158\">Rozporz\u0105dzenie<\/a> MRPIPS z dn. 25.01.2008 ws.<br \/>\nspecjalno\u015bci przygotowuj\u0105cej do zawodu\u00a0<strong>pracownika socjalnego<\/strong>\u00a0realizowanej w szko\u0142ach wy\u017cszych<\/li>\n<li>Obwieszczenie (<a href=\"https:\/\/isap.sejm.gov.pl\/isap.nsf\/DocDetails.xsp?id=WDU20190000056\">Dz.U. 2019 poz. 56<\/a>) MRPIPS z dn. 07.12.2017 ws. (tj) sta\u017cu adaptacyjnego oraz testu umiej\u0119tno\u015bci w toku post\u0119powania w sprawie uznania kwalifikacji zawodowych do wykonywania zawodu<strong> pracownika socjalnego<\/strong><\/li>\n<\/ul>\n                <\/div>\r\n\r\n        \r\n                <div class=\"tab-pane fade  \" id=\"Tabblock_256dd9c45c1be5204b80a6bbe0344de71\" role=\"tabpanel\" aria-labelledby=\"block_256dd9c45c1be5204b80a6bbe0344de71\">\r\n                                    <div class=\"headingh4\"><\/div>\r\n               \r\n\r\n                    <ul>\n<li><a href=\"https:\/\/isap.sejm.gov.pl\/isap.nsf\/DocDetails.xsp?id=WDU20230002329\" target=\"_blank\" rel=\"noreferrer noopener\">Rozporz\u0105dzenie<\/a> Rady Ministr\u00f3w z dn. 27.10.2023 ws.<br \/>\nwykazu\u00a0<strong>dokument\u00f3w publicznych<\/strong>, Dz.U.2023.2329<\/li>\n<li><a href=\"https:\/\/isap.sejm.gov.pl\/isap.nsf\/DocDetails.xsp?id=WDU20220001456\" target=\"_blank\" rel=\"noreferrer noopener\">Rozporz\u0105dzenie<\/a> MSWiA z dn. 11.07.2022 ws.<br \/>\nwykazu minimalnych\u00a0<strong>zabezpiecze\u0144\u00a0<\/strong>dokument\u00f3w publicznych przed fa\u0142szerstwem, Dz.U.2022.1456<\/li>\n<li><a href=\"https:\/\/isap.sejm.gov.pl\/isap.nsf\/DocDetails.xsp?id=WDU20230001422\" target=\"_blank\" rel=\"noopener\">Rozporz\u0105dzenie<\/a> MEiN z dn. 05.07.2023 ws.<br \/>\n<strong>dyplom\u00f3w doktorskich<\/strong>, dyplom\u00f3w habilitacyjnych i legitymacji doktoranta, Dz.U.2023.1422<\/li>\n<li>\u00a0<a href=\"https:\/\/isap.sejm.gov.pl\/isap.nsf\/DocDetails.xsp?id=WDU20250001464\" target=\"_blank\" rel=\"noreferrer noopener\">Rozporz\u0105dzenie <\/a>MNiSW z dn. 24.10.2025 ws.<br \/>\ndokument\u00f3w wydawanych w zwi\u0105zku z przebiegiem lub uko\u0144czeniem\u00a0<strong>studi\u00f3w podyplomowych<\/strong> i kszta\u0142cenia specjalistycznego, Dz.U.2025.1464.t.j.<\/li>\n<li>\u00a0<a href=\"https:\/\/isap.sejm.gov.pl\/isap.nsf\/DocDetails.xsp?id=WDU20180001881\" target=\"_blank\" rel=\"noreferrer noopener\">Rozporz\u0105dzenie<\/a> MNiSW z dn. 28.09.2018 ws.<br \/>\n<strong>nostryfikacji dyplom\u00f3w\u00a0<\/strong>uko\u0144czenia studi\u00f3w za granic\u0105 oraz potwierdzania uko\u0144czenia studi\u00f3w na okre\u015blonym poziomie, Dz.U.2018.1881<\/li>\n<li><a href=\"https:\/\/isap.sejm.gov.pl\/isap.nsf\/DocDetails.xsp?id=WDU20180001877\" target=\"_blank\" rel=\"noreferrer noopener\">Rozporz\u0105dzenie<\/a> MNiSW z dn. 28.09.2018 ws.<br \/>\n<strong>nostryfikacji stopni\u00a0<\/strong>naukowych i stopni w zakresie sztuki nadanych za granic\u0105,<br \/>\nDz.U.2018.1877<\/li>\n<li><a href=\"http:\/\/isap.sejm.gov.pl\/isap.nsf\/DocDetails.xsp?id=WDU20190001847\" target=\"_blank\" rel=\"noreferrer noopener\">Rozporz\u0105dzenie<\/a> MNiSW z dn. 23.09.2019\u00a0 ws.<br \/>\n<strong>wzoru za\u015bwiadczenia<\/strong>\u00a0jednostki prowadz\u0105cej studia lub kszta\u0142cenie w szkole doktorskiej o przyj\u0119ciu\u00a0<strong>cudzoziemca\u00a0<\/strong>na studia stacjonarne lub kszta\u0142cenie w szkole doktorskiej lub o kontynuacji przez niego studi\u00f3w stacjonarnych lub kszta\u0142cenia w szkole doktorskiej, Dz.U.2018.1847<\/li>\n<\/ul>\n                <\/div>\r\n\r\n        \r\n                <div class=\"tab-pane fade  \" id=\"Tabblock_256dd9c45c1be5204b80a6bbe0344de72\" role=\"tabpanel\" aria-labelledby=\"block_256dd9c45c1be5204b80a6bbe0344de72\">\r\n                                    <div class=\"headingh4\"><\/div>\r\n               \r\n\r\n                    <ul>\n<li><a href=\"http:\/\/dziennikustaw.gov.pl\/DU\/rok\/2018\/pozycja\/1787\" target=\"_blank\" rel=\"noreferrer noopener\">Rozporz\u0105dzenie<\/a> MNiSW z dn. 12.09.2018 ws.<br \/>\n<strong>kryteri\u00f3w oceny\u00a0<\/strong>programowej, Dz.U.2018.1787<\/li>\n<li><a href=\"https:\/\/isap.sejm.gov.pl\/isap.nsf\/DocDetails.xsp?id=WDU20240000525\" target=\"_blank\" rel=\"noreferrer noopener\">Rozporz\u0105dzenie<\/a> MNiSW z dn. 09.04.2024 ws.<br \/>\nwsp\u00f3\u0142czynnik\u00f3w\u00a0<strong>kosztoch\u0142onno\u015bci<\/strong>, <a href=\"http:\/\/polon.nauka.gov.pl\/pomoc\/knowledge-base-category\/materialy-instruktaz\/\">Dz.U.2024.525<\/a><\/li>\n<li><a href=\"https:\/\/isap.sejm.gov.pl\/isap.nsf\/DocDetails.xsp?id=WDU20220000428\" target=\"_blank\" rel=\"noreferrer noopener\">Rozporz\u0105dzenie<\/a> MNiSW z dn. 21.02.2022 ws.<br \/>\n<strong>stypendi\u00f3w ministra<\/strong> w\u0142a\u015bciwego do spraw szkolnictwa wy\u017cszego i nauki dla student\u00f3w i wybitnych m\u0142odych naukowc\u00f3w, Dz.U.2022.428<\/li>\n<li><a href=\"https:\/\/isap.sejm.gov.pl\/isap.nsf\/DocDetails.xsp?id=WDU20240001403\" target=\"_blank\" rel=\"noreferrer noopener\">Rozporz\u0105dzenie<\/a> MNiSW z dn. 24.09.2024 ws.<br \/>\ndanych przetwarzanych w Zintegrowanym Systemie Informacji o Szkolnictwie Wy\u017cszym i Nauce\u00a0<strong>POL-on<\/strong>, Dz.U.2024.1403<\/p>\n<ul>\n<li><a href=\"http:\/\/polon.nauka.gov.pl\/pomoc\/knowledge-base-category\/materialy-instruktaz\/\">materia\u0142y instrukta\u017cowe ze szkole\u0144 i webinar\u00f3w<\/a><\/li>\n<\/ul>\n<\/li>\n<\/ul>\n                <\/div>\r\n\r\n        \r\n        \r\n        \r\n        \r\n      <\/div>\r\n      \r\n      <\/div>\r\n  <\/div>\r\n\r\n<\/div>  \r\n\r\n      \n\n\n<h2 class=\"wp-block-heading\">3. Polecane strony w zakresie legislacji:<\/h2>\n\n\n\n<ul class=\"wp-block-list\">\n<li><a href=\"https:\/\/www.gov.pl\/web\/nauka\/prawo-i-legislacja2\" target=\"_blank\" rel=\"noreferrer noopener\">MNiSW \u2013 BIP<\/a>&nbsp;\u2013 akty prawne MNiSW obwieszczone i w procedurze legislacyjnej<\/li>\n\n\n\n<li><a href=\"https:\/\/www.gov.pl\/web\/nauka\/wiadomosci\" target=\"_blank\" rel=\"noreferrer noopener\">MNiSW&nbsp;<\/a>\u2013 aktualno\u015bci<\/li>\n\n\n\n<li><a href=\"https:\/\/lex.uksw.edu.pl\/\" target=\"_blank\" rel=\"noreferrer noopener\">Lex dla UKSW<\/a>&nbsp;\u2013 dost\u0119p po zalogowaniu do akt\u00f3w prawnych<\/li>\n\n\n\n<li><a href=\"http:\/\/isap.sejm.gov.pl\/isap.nsf\/home.xsp\" target=\"_blank\" rel=\"noreferrer noopener\">ISAP&nbsp;<\/a>\u2013 internetowy system akt\u00f3w prawnych<\/li>\n\n\n\n<li><a href=\"http:\/\/dziennikustaw.gov.pl\/szukaj\" target=\"_blank\" rel=\"noreferrer noopener\">Dziennik Ustaw<\/a>&nbsp;\u2013 rz\u0105dowa wyszukiwarka akt\u00f3w prawnych<\/li>\n\n\n\n<li><a href=\"https:\/\/legislacja.gov.pl\/lista?_typeId=1&amp;title=&amp;createDateFrom=&amp;createDateTo=&amp;progress=&amp;applicantId=31&amp;number=&amp;_isUEAct=on&amp;_isTKAct=on&amp;_isActEstablishingNumber=on&amp;_isSeparateMode=on&amp;_isDU=on&amp;_isNumerSejm=on#list\" target=\"_blank\" rel=\"noreferrer noopener\">RCL \u2013 rz\u0105dowe centrum legislacji<\/a>&nbsp;\u2013 co tam w prawie piszczy?<\/li>\n\n\n\n<li><a href=\"https:\/\/legislacja.rcl.gov.pl\/szukaj\" target=\"_blank\" rel=\"noreferrer noopener\">RPL \u2013 rz\u0105dowy proces legislacji<\/a>&nbsp;\u2013 projekty i uzasadnienia akt\u00f3w prawnych<br>RPL umo\u017cliwia wys\u0142anie opinii do projektu oraz subskrybowanie wiadomo\u015bci o projekcie:\n<ul class=\"wp-block-list\">\n<li>aby wys\u0142a\u0107 opini\u0119 nale\u017cy skorzysta\u0107 z ikony koperty umieszczonej przy tytule projektu; nie jest konieczne logowanie do Systemu<\/li>\n\n\n\n<li>aby otrzymywa\u0107 powiadomienia o poszczeg\u00f3lnych projektach\/dokumentach przez e-mail, konieczne jest zalogowanie do Systemu; po zalogowaniu przy ka\u017cdym tytule pojawi si\u0119 mo\u017cliwo\u015b\u0107 zaznaczenia\/odznaczenia danego projektu<\/li>\n<\/ul>\n<\/li>\n\n\n\n<li><a rel=\"noreferrer noopener\" href=\"https:\/\/eur-lex.europa.eu\/homepage.html\" target=\"_blank\">EUR-le<\/a><a rel=\"noreferrer noopener\" href=\"https:\/\/eur-lex.europa.eu\/homepage.html?locale=pl\" target=\"_blank\">x<\/a> &#8211; &nbsp;\u2013 baza akt\u00f3w prawnych UE<\/li>\n<\/ul>\n","protected":false},"excerpt":{"rendered":"<p>1. Ustawy 2. Rozporz\u0105dzenia 3. Polecane strony w zakresie legislacji:<\/p>\n","protected":false},"author":1,"featured_media":0,"parent":3668,"menu_order":2,"comment_status":"closed","ping_status":"closed","template":"page-templates\/template-sub-page.php","meta":{"_acf_changed":false,"inline_featured_image":false,"footnotes":"","_links_to":"","_links_to_target":""},"class_list":["post-3767","page","type-page","status-publish","hentry"],"acf":[],"_links":{"self":[{"href":"https:\/\/ksztalcenie.uksw.edu.pl\/pl\/wp-json\/wp\/v2\/pages\/3767","targetHints":{"allow":["GET"]}}],"collection":[{"href":"https:\/\/ksztalcenie.uksw.edu.pl\/pl\/wp-json\/wp\/v2\/pages"}],"about":[{"href":"https:\/\/ksztalcenie.uksw.edu.pl\/pl\/wp-json\/wp\/v2\/types\/page"}],"author":[{"embeddable":true,"href":"https:\/\/ksztalcenie.uksw.edu.pl\/pl\/wp-json\/wp\/v2\/users\/1"}],"replies":[{"embeddable":true,"href":"https:\/\/ksztalcenie.uksw.edu.pl\/pl\/wp-json\/wp\/v2\/comments?post=3767"}],"version-history":[{"count":61,"href":"https:\/\/ksztalcenie.uksw.edu.pl\/pl\/wp-json\/wp\/v2\/pages\/3767\/revisions"}],"predecessor-version":[{"id":7154,"href":"https:\/\/ksztalcenie.uksw.edu.pl\/pl\/wp-json\/wp\/v2\/pages\/3767\/revisions\/7154"}],"up":[{"embeddable":true,"href":"https:\/\/ksztalcenie.uksw.edu.pl\/pl\/wp-json\/wp\/v2\/pages\/3668"}],"wp:attachment":[{"href":"https:\/\/ksztalcenie.uksw.edu.pl\/pl\/wp-json\/wp\/v2\/media?parent=3767"}],"curies":[{"name":"wp","href":"https:\/\/api.w.org\/{rel}","templated":true}]}}