{"id":3768,"date":"2022-11-17T15:33:33","date_gmt":"2022-11-17T14:33:33","guid":{"rendered":"https:\/\/jednostki.uksw.edu.pl\/ksztalcenie\/organiazcja-studiow\/projektowanie-i-zmiana-programow-studiow\/"},"modified":"2026-04-02T11:21:13","modified_gmt":"2026-04-02T09:21:13","slug":"projektowanie-i-zmiana-programow-studiow","status":"publish","type":"page","link":"https:\/\/ksztalcenie.uksw.edu.pl\/organiazcja-studiow\/projektowanie-i-zmiana-programow-studiow\/","title":{"rendered":"Projektowanie i zmiana program\u00f3w studi\u00f3w"},"content":{"rendered":"\n<h2 class=\"wp-block-heading\">1. Uprawnienia<\/h2>\n\n\n\r\n<div class=\"\">\r\n\r\n<div class=\"row\">\r\n\r\n                       <div class=\"col-xl-12 col-lg-6 col-md-12 col-sm-12\">\r\n\r\n                            <div class=\"con_blue_box\">\r\n\r\n                            <div class=\"headingh2\"><\/div>\r\n                            <strong>Je\u015bli uczelnia NIE MA uprawnie\u0144<\/strong> do nadawania stopnia doktora i doktora habilitowanego w dyscyplinie wiod\u0105cej nowego kierunku lub kierunku, kt\u00f3remu chce zmodyfikowa\u0107 powy\u017cej 30% programu, to musi wyst\u0105pi\u0107 o pozwolenie do MNiSW.                            <\/div>\r\n                            <div class=\"space_20\"><\/div>\r\n                <\/div>\r\n                \r\n                \r\n<\/div>\r\n\r\n<\/div>\r\n\r\n\n\n\n<p>UWAGA! JE\u015aLI DYSCYPLINA WIOD\u0104CA PROJEKTOWANYCH STUDI\u00d3W NIE BY\u0141A U NAS WCZE\u015aNIEJ EWALUOWANA, TO JEDYNY MO\u017bLIWY PROFIL TYCH STUDI\u00d3W TO&nbsp;<strong>PRAKTYCZNY<\/strong>.<br>&#8211; <a href=\"https:\/\/www.pka.edu.pl\/ocena\/wzory-recenzji-i-wnioskow\/\" target=\"_blank\" rel=\"noreferrer noopener\">wz\u00f3r wniosku o pozwolenie na utworzenie studi\u00f3w<\/a><br>Od 2026 roku powy\u017csze wnioski sk\u0142adane s\u0105 <strong><span style=\"text-decoration: underline\">wy\u0142\u0105cznie poprzez system <a href=\"https:\/\/osf.opi.org.pl\/\" target=\"_blank\" rel=\"noreferrer noopener\">OSF<\/a><\/span><\/strong><a href=\"https:\/\/osf.opi.org.pl\/\" target=\"_blank\" rel=\"noreferrer noopener\"> &#8211; Obs\u0142uga Strumieni Finansowania <\/a>(Zintegrowany System Us\u0142ug dla Nauki) &#8211; przedstawiciel wydzia\u0142u powinien za\u0142o\u017cy\u0107 konto w OSF i sukcesywnie uzupe\u0142nia\u0107 wszystkie dane w celu ostatecznego z\u0142o\u017cenia wniosku.<\/p>\n\n\n\n<p>Materia\u0142y przygotowane przez IRSW:<br>&#8211; <strong>czeklista <\/strong>zawarto\u015bci i za\u0142\u0105cznik\u00f3w wniosku o pozwolenie na utworzenie studi\u00f3w [<a href=\"https:\/\/irsw.pl\/wp-content\/uploads\/2021\/11\/Check-lista.pdf\" target=\"_blank\" rel=\"noreferrer noopener\">pobierz<\/a>]<br>&#8211; najcz\u0119stsze b\u0142\u0119dy przy sk\u0142adaniu wniosku do ministra &#8211; [<a href=\"https:\/\/ksztalcenie.uksw.edu.pl\/wp-content\/uploads\/sites\/22\/2023\/10\/IRSW_bledy_przy_wniosku_o_utworzeniu_kierunku.jpg\" target=\"_blank\" rel=\"noreferrer noopener\">pobierz<\/a>], wi\u0119cej na [<a href=\"https:\/\/irsw.pl\/najczesciej-wystepujace-bledy-we-wnioskach-o-pozwolenie-na-utworzenie-studiow-tks\/\" target=\"_blank\" rel=\"noreferrer noopener\">link<\/a>]<\/p>\n\n\n\r\n<div class=\"\">\r\n\r\n<div class=\"row\">\r\n\r\n                       <div class=\"col-xl-12 col-lg-6 col-md-12 col-sm-12\">\r\n\r\n                            <div class=\"con_blue_box\">\r\n\r\n                            <div class=\"headingh2\"><\/div>\r\n                            <strong>Je\u015bli uczelnia MA uprawnienia<\/strong>  do nadawania stopnia doktora i doktora habilitowanego  w dyscyplinie wiod\u0105cej nowego kierunku lub kierunku, na kt\u00f3rym planowana jest zmiana programu, to nie potrzebna jest zgoda ministra.<br><br \/>\r\nPost\u0119pujemy zgodnie z poni\u017cszymi procedurami.                            <\/div>\r\n                            <div class=\"space_20\"><\/div>\r\n                <\/div>\r\n                \r\n                \r\n<\/div>\r\n\r\n<\/div>\r\n\r\n\n\n\n<h2 class=\"wp-block-heading\">2. Procedury<\/h2>\n\n\n\n<p>Poni\u017csza Uchwa\u0142a Senatu zawiera procedury dotycz\u0105ce zar\u00f3wno nowych program\u00f3w studi\u00f3w na kierunku, jak i zmian w programach istniej\u0105cych studi\u00f3w.<\/p>\n\n\n\n<p><a href=\"https:\/\/monitor.uksw.edu.pl\/docs\/8372\" target=\"_blank\" rel=\"noreferrer noopener\">Uchwa\u0142a Senatu UKSW Nr 110\/2025<\/a>\u00a0z dn. 26.06.2025 r. ws. ustalenia wytycznych dotycz\u0105cych projektowania program\u00f3w studi\u00f3w, studi\u00f3w podyplomowych i innych form kszta\u0142cenia, zm.<strong> <\/strong><a href=\"https:\/\/monitor.uksw.edu.pl\/docs\/8651\" target=\"_blank\" rel=\"noreferrer noopener\">Uchwa\u0142\u0105 Nr 28\/2026<\/a>:<br><strong>tre\u015b\u0107 ujednolicona\u00a0<\/strong>[<strong><span style=\"text-decoration: underline\"><a href=\"https:\/\/ksztalcenie.uksw.edu.pl\/wp-content\/uploads\/sites\/22\/2026\/03\/t.j._uchwala_110.pdf\" target=\"_blank\" rel=\"noreferrer noopener\">pobierz<\/a><\/span><\/strong>] oraz za\u0142\u0105czniki:<br>&#8211; za\u0142. 1 &#8211; metadane, cele kszta\u0142cenia i efekty uczenia si\u0119 dla <strong>studi\u00f3w<\/strong> <em>(do pobrania poni\u017cej)<\/em><br>&#8211; za\u0142. 2 &#8211; szczeg\u00f3\u0142owy program <strong>studi\u00f3w <\/strong>&#8211; wska\u017aniki i przedmioty w podziale na semestry <em>(do pobrania poni\u017cej)<\/em><br>&#8211; za\u0142. 3 &#8211; szablon programu studenckich praktyk zawodowych (studia i studia podyplomowe) &#8211; [<a href=\"https:\/\/ksztalcenie.uksw.edu.pl\/wp-content\/uploads\/sites\/22\/2026\/04\/Zalacznik__3_szablon_programu_praktyk_popr.docx\" data-type=\"link\" data-id=\"https:\/\/ksztalcenie.uksw.edu.pl\/wp-content\/uploads\/sites\/22\/2026\/04\/Zalacznik__3_szablon_programu_praktyk_popr.docx\">pobierz<\/a>]<br>&#8211; za\u0142. 4 &#8211; efekty uczenia si\u0119 zebrane w zestawy dla st. <strong>podyplomowych<\/strong> <em>(do pobrania poni\u017cej)<\/em><br>&#8211; za\u0142. 5 &#8211; metadane, cele kszta\u0142cenia, efekty uczenia si\u0119 i szczeg\u00f3\u0142owy program st. <strong>podyplomowych<\/strong> <em>(do pobrania poni\u017cej)<\/em><br>&#8211; za\u0142. 6 &#8211; metadane, cele kszta\u0142cenia, efekty uczenia si\u0119 i szczeg\u00f3\u0142owy program innej formy kszta\u0142cenia [<a href=\"https:\/\/ksztalcenie.uksw.edu.pl\/wp-content\/uploads\/sites\/22\/2025\/07\/Zalacznik__6_inna-forma-ksztalcenia_calosc.docx\" target=\"_blank\" rel=\"noreferrer noopener\">pobierz<\/a>]<br>&#8211; za\u0142. 7 &#8211; wniosek o rozpocz\u0119cie procedury utworzenia studi\u00f3w &#8211; <a href=\"https:\/\/forms.office.com\/Pages\/ResponsePage.aspx?id=MIRXEhvFFkiBY8coEDW5s0mMGQIhU1hAq4rWoIxILiBUM1ZLNklCTlBZM00xV1BIV0lKV1BMRU5ENS4u\" target=\"_blank\" rel=\"noreferrer noopener\">link <\/a>do formularza; plik edytowalny dost\u0119pny u opiekuna wydzia\u0142u w BKS<br>&#8211; za\u0142. 8 &#8211; matryca programu <strong>studi\u00f3w<\/strong> <em>(do pobrania poni\u017cej)<\/em><br>&#8211; za\u0142. 9 &#8211; skr\u00f3cone opisy kart przedmiot\u00f3w na <strong>studiach<\/strong> <em>(do pobrania poni\u017cej)<\/em><br>&#8211; za\u0142. 10 &#8211; karta opinii Zespo\u0142u ekspert\u00f3w ws. przypisania kierunku do dyscypliny wiod\u0105cej [<a href=\"https:\/\/ksztalcenie.uksw.edu.pl\/wp-content\/uploads\/sites\/22\/2026\/03\/Zalacznik_10_Opinia_Zespolu_ekspertow_popr.docx\">pobierz<\/a>]<br>&#8211; za\u0142. 11 &#8211; matryca programu st. <strong>podyplomowych <\/strong><em>(do pobrania poni\u017cej)<\/em><br>&#8211; za\u0142. 12 &#8211; formularz planu realizacji zalece\u0144 po wizytacji PKA na studiach &#8211; <a href=\"https:\/\/forms.office.com\/Pages\/ResponsePage.aspx?id=MIRXEhvFFkiBY8coEDW5s0mMGQIhU1hAq4rWoIxILiBURUs4VEg4NDFSQjlXMENSUVlXQlVMRUxZMi4u\" target=\"_blank\" rel=\"noreferrer noopener\">link<\/a> do formularza; plik edytowalny dost\u0119pny u opiekuna wydzia\u0142u w BKS<\/p>\n\n\n\n<p>zbiorcze pliki <strong>EDYTOWALNE:<\/strong><\/p>\n\n\n\n<div class=\"wp-block-file\"><a id=\"wp-block-file--media-9611daf3-3874-44ff-adcc-b0d2cc23dd60\" href=\"https:\/\/ksztalcenie.uksw.edu.pl\/wp-content\/uploads\/sites\/22\/2025\/07\/Zalacznik__1-28-9_efekty-program-studiow-matryca-sylabusy.xlsx\">STUDIA_zal_1,2,8,9_efekty-program-matryca-sylabusy<\/a><\/div>\n\n\n\n<div class=\"wp-block-file\"><a id=\"wp-block-file--media-3ebe7ae7-5668-46e6-92ba-3bc7391ec46c\" href=\"https:\/\/ksztalcenie.uksw.edu.pl\/wp-content\/uploads\/sites\/22\/2025\/07\/Zalacznik__4-511_efekty-program-studiow-podypl-matryca.xlsx\">PODYPLOMOWE_zal_4,5,11_efekty-program-matryca<\/a><\/div>\n\n\n\n<div style=\"height:58px\" aria-hidden=\"true\" class=\"wp-block-spacer\"><\/div>\n\n\n\n<p>Pomoce przy tworzeniu programu<\/p>\n\n\n\n<div class=\"wp-block-file\"><a id=\"wp-block-file--media-db8e1b42-2cbd-4245-8df8-8692eba04cc4\" href=\"https:\/\/ksztalcenie.uksw.edu.pl\/wp-content\/uploads\/sites\/22\/2023\/02\/opis_efektow_PRK-6-7.xlsx\" target=\"_blank\" rel=\"noreferrer noopener\">opis_efektow_PRK-6-7.xls<\/a><\/div>\n\n\n\n<div class=\"wp-block-file\"><a id=\"wp-block-file--media-bab3c633-f342-435a-8f20-9496b582155a\" href=\"https:\/\/ksztalcenie.uksw.edu.pl\/wp-content\/uploads\/sites\/22\/2023\/05\/PRK_tab5.pdf\" target=\"_blank\" rel=\"noreferrer noopener\">PRK_6-8.pdf<\/a><\/div>\n\n\n\n<div class=\"wp-block-file\"><a id=\"wp-block-file--media-f015109b-90ca-4b6d-8dbd-b3889a6cf240\" href=\"https:\/\/ksztalcenie.uksw.edu.pl\/wp-content\/uploads\/sites\/22\/2023\/03\/jak-opisywac-efekty.jpg\" target=\"_blank\" rel=\"noreferrer noopener\">jak opisywa\u0107 efekty<\/a><\/div>\n\n\n\n\n\n<div style=\"height:58px\" aria-hidden=\"true\" class=\"wp-block-spacer\"><\/div>\n\n\n\n\n\n<h2 class=\"wp-block-heading\">3. Terminy sk\u0142adania dokument\u00f3w<\/h2>\n\n\n\n<p><span style=\"text-decoration: underline\">Wykres wspieraj\u0105cy <strong>terminowe rozpocz\u0119cie prac <\/strong>nad programem w roku 2025\/26 &#8211; <\/span><a href=\"https:\/\/office365uksw-my.sharepoint.com\/:x:\/g\/personal\/j_korzeniewska_uksw_edu_pl\/EcHDEclFPQBEhy54LDkiHqgBa1_bAyiAYNYl8ResP3M8BA?e=hLgY2t\" target=\"_blank\" rel=\"noreferrer noopener\"><strong>[Pobierz]<\/strong><\/a><\/p>\n\n\n\n<p><span style=\"text-decoration: underline\"><strong>Ostateczne <\/strong><\/span>terminy wp\u0142ywu kompletu dokument\u00f3w <strong>psik@uksw.edu.pl<\/strong>:<\/p>\n\n\n\n<div class=\"wp-block-columns\">\n<div class=\"wp-block-column\">\n<figure class=\"wp-block-table\"><table class=\"has-fixed-layout\"><thead><tr><th><strong>semestr zimowy<\/strong><\/th><th><strong>semestr letni<\/strong><\/th><\/tr><\/thead><tbody><tr><td>8 X 2025<\/td><td>9 II 2026<\/td><\/tr><tr><td>7 XI 2025<\/td><td>9 III 2026<\/td><\/tr><tr><td>1 XII 2025<\/td><td>8 IV 2026<\/td><\/tr><tr><td>12 I 2026<\/td><td>4 V 2026<\/td><\/tr><tr><td><\/td><td>8 VI 2026<\/td><\/tr><tr><td><\/td><td>7 IX 2026<\/td><\/tr><\/tbody><\/table><\/figure>\n<\/div>\n\n\n\n<div class=\"wp-block-column\"><\/div>\n<\/div>\n\n\n\n<div style=\"height:16px\" aria-hidden=\"true\" class=\"wp-block-spacer\"><\/div>\n\n\n\n<h2 class=\"wp-block-heading\">4. Kalkulacje<\/h2>\n\n\n\n<ul class=\"wp-block-list\">\n<li><a href=\"https:\/\/monitor.uksw.edu.pl\/docs\/6767\" target=\"_blank\" rel=\"noreferrer noopener\">Zarz\u0105dzeniem Nr 103\/2022<\/a>&nbsp;Rektora UKSW z dn. 10.11.2022<br>ws. ustalenia wzor\u00f3w, procedur sporz\u0105dzania, zatwierdzania i rozliczania kalkulacji finansowych dla <strong>studi\u00f3w podyplomowych i innych form kszta\u0142cenia <\/strong>oraz zasad ustalania wysoko\u015bci op\u0142at za studia podyplomowe i inne formy kszta\u0142cenia, zm. <a href=\"https:\/\/monitor.uksw.edu.pl\/docs\/8123\" target=\"_blank\" rel=\"noreferrer noopener\">Zarz. Nr 8\/2025<\/a> (zmieniono wzory za\u0142\u0105cznik\u00f3w 2.1-2.3)<br>&#8211; za\u0142.1 \u2013 Kalkulacja_pe\u0142en_cykl<br>&#8211; za\u0142.1.1 &#8211; 1_rok_Kalkulacja<br>&#8211; za\u0142.1.2 &#8211; 2_rok_Kalkulacja<br>&#8211; za\u0142.1.3 &#8211; 3 rok_ Kalkulacja<br>&#8211; za\u0142.1.4 &#8211; 4_rok_ Kalkulacja<br>&#8211; za\u0142.1.5 &#8211; 5_rok_ Kalkulacja<br>&#8211; za\u0142.2.1 &#8211; Wykaz dodatk\u00f3w specjalnych dla kierownik\u00f3w i pracownik\u00f3w st. podyplomowych i kurs\u00f3w<br>&#8211; za\u0142.2.2 &#8211; Wniosek o przyznanie dodatku spec. dla pracownik\u00f3w UKSW za realizacj\u0119 zaj\u0119\u0107 dyd.<br>&#8211; za\u0142.2.3 &#8211; Plan zaj\u0119\u0107 dyd. w ramach um\u00f3w cywilno-prawnych<br>&#8211; za\u0142.3 &#8211; Rachunek za wykonanie zaj\u0119\u0107 dyd. w ramach um\u00f3w cywilno-prawnych<br>&#8211; za\u0142.4 &#8211; Wykaz wykonanych zaj\u0119\u0107 dyd. przez pracownik\u00f3w etatowych UKSW<\/li>\n\n\n\n<li>edytowalne wersje powy\u017cszych za\u0142\u0105cznik\u00f3w dost\u0119pne s\u0105 na stronie&nbsp;<a href=\"http:\/\/forum.uksw.edu.pl\/index.php\">Forum UKSW<\/a>&nbsp;-&gt; nale\u017cy si\u0119 zalogowa\u0107, klikn\u0105\u0107 &#8222;wr\u00f3ci\u0107 do indeksu witryny&#8221;, wej\u015b\u0107 w temat \u201cInformacje, druki, formularze dla pracownik\u00f3w \u2013 KALKULACJE dla odp\u0142atnych form kszta\u0142cenia\u201d<\/li>\n<\/ul>\n\n\n","protected":false},"excerpt":{"rendered":"<p>1. Uprawnienia UWAGA! JE\u015aLI DYSCYPLINA WIOD\u0104CA PROJEKTOWANYCH STUDI\u00d3W NIE BY\u0141A U NAS WCZE\u015aNIEJ EWALUOWANA, TO JEDYNY MO\u017bLIWY PROFIL TYCH STUDI\u00d3W TO&nbsp;PRAKTYCZNY.&#8211; wz\u00f3r wniosku o pozwolenie na utworzenie studi\u00f3wOd 2026 roku powy\u017csze wnioski sk\u0142adane s\u0105 wy\u0142\u0105cznie poprzez system OSF &#8211; Obs\u0142uga Strumieni Finansowania (Zintegrowany System Us\u0142ug dla Nauki) &#8211; przedstawiciel wydzia\u0142u powinien za\u0142o\u017cy\u0107 konto w OSF [&hellip;]<\/p>\n","protected":false},"author":1,"featured_media":0,"parent":3668,"menu_order":3,"comment_status":"closed","ping_status":"closed","template":"page-templates\/template-sub-page.php","meta":{"_acf_changed":false,"inline_featured_image":false,"footnotes":"","_links_to":"","_links_to_target":""},"class_list":["post-3768","page","type-page","status-publish","hentry"],"acf":[],"_links":{"self":[{"href":"https:\/\/ksztalcenie.uksw.edu.pl\/pl\/wp-json\/wp\/v2\/pages\/3768","targetHints":{"allow":["GET"]}}],"collection":[{"href":"https:\/\/ksztalcenie.uksw.edu.pl\/pl\/wp-json\/wp\/v2\/pages"}],"about":[{"href":"https:\/\/ksztalcenie.uksw.edu.pl\/pl\/wp-json\/wp\/v2\/types\/page"}],"author":[{"embeddable":true,"href":"https:\/\/ksztalcenie.uksw.edu.pl\/pl\/wp-json\/wp\/v2\/users\/1"}],"replies":[{"embeddable":true,"href":"https:\/\/ksztalcenie.uksw.edu.pl\/pl\/wp-json\/wp\/v2\/comments?post=3768"}],"version-history":[{"count":83,"href":"https:\/\/ksztalcenie.uksw.edu.pl\/pl\/wp-json\/wp\/v2\/pages\/3768\/revisions"}],"predecessor-version":[{"id":7274,"href":"https:\/\/ksztalcenie.uksw.edu.pl\/pl\/wp-json\/wp\/v2\/pages\/3768\/revisions\/7274"}],"up":[{"embeddable":true,"href":"https:\/\/ksztalcenie.uksw.edu.pl\/pl\/wp-json\/wp\/v2\/pages\/3668"}],"wp:attachment":[{"href":"https:\/\/ksztalcenie.uksw.edu.pl\/pl\/wp-json\/wp\/v2\/media?parent=3768"}],"curies":[{"name":"wp","href":"https:\/\/api.w.org\/{rel}","templated":true}]}}