{"id":3769,"date":"2022-11-17T15:33:33","date_gmt":"2022-11-17T14:33:33","guid":{"rendered":"https:\/\/jednostki.uksw.edu.pl\/ksztalcenie\/organiazcja-studiow\/planowanie-zajec\/"},"modified":"2024-06-24T16:01:37","modified_gmt":"2024-06-24T14:01:37","slug":"planowanie-zajec","status":"publish","type":"page","link":"https:\/\/ksztalcenie.uksw.edu.pl\/organiazcja-studiow\/planowanie-zajec\/","title":{"rendered":"Planowanie zaj\u0119\u0107"},"content":{"rendered":"\n<p>Planuj\u0105c zaj\u0119cia, a tym samym obsad\u0119 dydaktyczn\u0105, na przysz\u0142y rok akademicki nale\u017cy wzi\u0105\u0107 pod uwag\u0119:<\/p>\n\n\n\n<ul class=\"wp-block-list\" id=\"block-e70efcd9-8975-49bc-b6ba-f4737d9ef84e\">\n<li><strong>Regulamin&nbsp;<\/strong>pracy i inne akty prawne rozpisane w zak\u0142adce&nbsp;<a href=\"https:\/\/ksztalcenie.uksw.edu.pl\/pracownicy\/pensum-i-stawki\/\" data-type=\"page\" data-id=\"3777\" target=\"_blank\" rel=\"noreferrer noopener\"><strong>Pensum<\/strong><\/a><\/li>\n<\/ul>\n\n\n\n<ul class=\"wp-block-list\">\n<li><a href=\"https:\/\/monitor.uksw.edu.pl\/docs\/7556\" target=\"_blank\" rel=\"noreferrer noopener\">Zarz\u0105dzenie Nr 32\/2024<\/a>\u00a0Rektora UKSW z dn. 21.06.2024 ws. zasad planowania zaj\u0119\u0107 i dy\u017cur\u00f3w dydaktycznych oraz ustalania liczebno\u015bci grup na zaj\u0119ciach dydaktycznych w USW.<\/li>\n<\/ul>\n\n\n\n<h2 class=\"wp-block-heading\">Liczebno\u015b\u0107 grup<\/h2>\n\n\n\n<h3 class=\"wp-block-heading\">\u00a7 2 <a href=\"https:\/\/monitor.uksw.edu.pl\/docs\/7556\" target=\"_blank\" rel=\"noreferrer noopener\">Zarz\u0105dzenia <\/a>\u2013 liczebno\u015b\u0107<\/h3>\n\n\n\n<ol class=\"wp-block-list\"><\/ol>\n\n\n\n<p>1) Zaj\u0119cia do wyboru (wyk\u0142ad lub konwersatorium) \u2013 od 25 os\u00f3b;<br>2) konwersatorium \u2013 od 25 os\u00f3b;<br>3) seminarium na kierunku piel\u0119gniarstwo i lekarskim \u2013 od 15 os\u00f3b;<br>4) seminarium dyplomowe \u2013 od 6 os\u00f3b;<br>5) lektorat j\u0119zyka obcego nowo\u017cytnego, staro\u017cytnego, translatoria \u2013 od 15 do 25 os\u00f3b;<br>6) \u0107wiczenia laboratoryjne \u2013 od 8 do 15 os\u00f3b, zgodnie z przepisami BHP danego laboratorium;<br>7) \u0107wiczenia audytoryjne, komputerowe, terenowe, warsztatowe \u2013 od 15 do 30 os\u00f3b;<br>8) \u0107wiczenia praktyczne piel\u0119gniarskie przy pacjencie \u2013 do liczby os\u00f3b ustalonej w porozumieniu z podmiotem przyjmuj\u0105cym;<br>9) \u0107wiczenia w pracowni piel\u0119gniarskiej \u2013 od 8 os\u00f3b;<br>10) \u0107wiczenia og\u00f3lnorozwojowe i rehabilitacyjne wychowania fizycznego \u2013 od 20 os\u00f3b, chyba \u017ce regulamin obiektu sportowego okre\u015bla mniejsz\u0105 liczebno\u015b\u0107 grup;<br>11) zaj\u0119cia w j\u0119zyku obcym nowo\u017cytnym (poza lektoratem, zaj\u0119ciami praktycznej nauki j\u0119zyka i translatorium) \u2013 od 5 os\u00f3b.<\/p>\n\n\n\n<h2 class=\"wp-block-heading\">Zaj\u0119cia zdalne<\/h2>\n\n\n\n<ul class=\"wp-block-list\" id=\"block-e70efcd9-8975-49bc-b6ba-f4737d9ef84e\">\n<li><strong>Regulamin&nbsp;<\/strong>kszta\u0142cenia zdalnego \u2013 zob. zak\u0142adka&nbsp;<a href=\"https:\/\/ksztalcenie.uksw.edu.pl\/pracownicy-2\/ksztalcenie-na-odleglosc\/\" target=\"_blank\" data-type=\"page\" data-id=\"3779\" rel=\"noreferrer noopener\"><strong>Kszta\u0142cenie na odleg\u0142o\u015b\u0107<\/strong><\/a><br><\/li>\n\n\n\n<li>oraz<strong>\u00a0\u00a7 9-11. <\/strong><a href=\"https:\/\/monitor.uksw.edu.pl\/docs\/7556\" target=\"_blank\" rel=\"noreferrer noopener\">Zarz\u0105dzenia<\/a>, w szczeg\u00f3lno\u015bci:<\/li>\n<\/ul>\n\n\n\n<ol class=\"wp-block-list\">\n<li>Udzia\u0142 zaj\u0119\u0107 prowadzonych metod\u0105 kszta\u0142cenia na odleg\u0142o\u015b\u0107 w programach studi\u00f3w nie mo\u017ce by\u0107 wi\u0119kszy ni\u017c:<br>1) na studiach o profilu og\u00f3lnoakademickim \u2013 75% liczby punkt\u00f3w ECTS koniecznych do uko\u0144czenia studi\u00f3w;<br>2) na studiach o profilu praktycznym \u2013 50% liczby punkt\u00f3w ECTS koniecznych do uko\u0144czenia studi\u00f3w.<\/li>\n<\/ol>\n\n\n\n<p><\/p>\n\n\n\n<h2 class=\"wp-block-heading\">Tutoring<\/h2>\n\n\n\n<h4 class=\"wp-block-heading\">\u00a7 3  Zarz\u0105dzenia Nr 32\/2024\u00a0ws. planowania zaj\u0119\u0107, dy\u017cur\u00f3w i liczebno\u015bci grup<\/h4>\n\n\n\n<ol class=\"wp-block-list\">\n<li>W przypadku, gdy na roku studi\u00f3w lub specjalno\u015bci lub zaj\u0119ciach fakultatywnych liczba student\u00f3w jest mniejsza ni\u017c 15 os\u00f3b, to Dziekan jest zobowi\u0105zany do organizacji zaj\u0119\u0107 metod\u0105 tutoringu na zasadach opisanych w modelu nr 3 w <a href=\"https:\/\/monitor.uksw.edu.pl\/docs\/6644\" target=\"_blank\" rel=\"noreferrer noopener\">Zarz\u0105dzeniu Nr 93\/2022<\/a>\u00a0ws. wdro\u017cenia <strong>tutoringu\u00a0<\/strong> akademickiego do praktyki uczelnianej w UKSW<\/li>\n\n\n\n<li>Zaj\u0119cia fakultatywne, o kt\u00f3rych mowa w ust.1, nie mog\u0105 generowa\u0107 godzin ponadwymiarowych.<\/li>\n<\/ol>\n\n\n\n<h2 class=\"wp-block-heading\">Dy\u017cur dydaktyczny<\/h2>\n\n\n\n<p>\u00a7 15.<br>Nauczyciele akademiccy oraz inne osoby prowadz\u0105ce zaj\u0119cia s\u0105 zobowi\u0105zani do zapewnienia studentom konsultacji indywidualnych (dy\u017cur dydaktycznych) w okresie zaj\u0119\u0107 dydaktycznych i w sesji egzaminacyjnej w wymiarze nie mniejszym ni\u017c \u015brednio 2 godziny tygodniowo.<\/p>\n","protected":false},"excerpt":{"rendered":"<p>Planuj\u0105c zaj\u0119cia, a tym samym obsad\u0119 dydaktyczn\u0105, na przysz\u0142y rok akademicki nale\u017cy wzi\u0105\u0107 pod uwag\u0119: Liczebno\u015b\u0107 grup \u00a7 2 Zarz\u0105dzenia \u2013 liczebno\u015b\u0107 1) Zaj\u0119cia do wyboru (wyk\u0142ad lub konwersatorium) \u2013 od 25 os\u00f3b;2) konwersatorium \u2013 od 25 os\u00f3b;3) seminarium na kierunku piel\u0119gniarstwo i lekarskim \u2013 od 15 os\u00f3b;4) seminarium dyplomowe \u2013 od 6 os\u00f3b;5) lektorat [&hellip;]<\/p>\n","protected":false},"author":1,"featured_media":0,"parent":3668,"menu_order":4,"comment_status":"closed","ping_status":"closed","template":"page-templates\/template-sub-page.php","meta":{"_acf_changed":false,"inline_featured_image":false,"footnotes":"","_links_to":"","_links_to_target":""},"class_list":["post-3769","page","type-page","status-publish","hentry"],"acf":[],"_links":{"self":[{"href":"https:\/\/ksztalcenie.uksw.edu.pl\/pl\/wp-json\/wp\/v2\/pages\/3769","targetHints":{"allow":["GET"]}}],"collection":[{"href":"https:\/\/ksztalcenie.uksw.edu.pl\/pl\/wp-json\/wp\/v2\/pages"}],"about":[{"href":"https:\/\/ksztalcenie.uksw.edu.pl\/pl\/wp-json\/wp\/v2\/types\/page"}],"author":[{"embeddable":true,"href":"https:\/\/ksztalcenie.uksw.edu.pl\/pl\/wp-json\/wp\/v2\/users\/1"}],"replies":[{"embeddable":true,"href":"https:\/\/ksztalcenie.uksw.edu.pl\/pl\/wp-json\/wp\/v2\/comments?post=3769"}],"version-history":[{"count":15,"href":"https:\/\/ksztalcenie.uksw.edu.pl\/pl\/wp-json\/wp\/v2\/pages\/3769\/revisions"}],"predecessor-version":[{"id":6129,"href":"https:\/\/ksztalcenie.uksw.edu.pl\/pl\/wp-json\/wp\/v2\/pages\/3769\/revisions\/6129"}],"up":[{"embeddable":true,"href":"https:\/\/ksztalcenie.uksw.edu.pl\/pl\/wp-json\/wp\/v2\/pages\/3668"}],"wp:attachment":[{"href":"https:\/\/ksztalcenie.uksw.edu.pl\/pl\/wp-json\/wp\/v2\/media?parent=3769"}],"curies":[{"name":"wp","href":"https:\/\/api.w.org\/{rel}","templated":true}]}}