{"id":3770,"date":"2022-11-17T15:33:34","date_gmt":"2022-11-17T14:33:34","guid":{"rendered":"https:\/\/jednostki.uksw.edu.pl\/ksztalcenie\/organiazcja-studiow\/dokumentacja-przebiegu-studiow\/"},"modified":"2026-02-13T13:11:11","modified_gmt":"2026-02-13T12:11:11","slug":"dokumentacja-przebiegu-studiow","status":"publish","type":"page","link":"https:\/\/ksztalcenie.uksw.edu.pl\/organiazcja-studiow\/dokumentacja-przebiegu-studiow\/","title":{"rendered":"Dokumentacja przebiegu studi\u00f3w"},"content":{"rendered":"\n<h2 class=\"wp-block-heading\">1. Umowy i wysoko\u015bci op\u0142at<\/h2>\n\n\n\n<p>Wzory um\u00f3w i aneks\u00f3w z nowoprzyj\u0119tymi studentami oraz aktualne Zarz\u0105dzenie ws. wysoko\u015bci op\u0142at za us\u0142ugi edukacyjne \u015bwiadczone w danym roku akademickim dost\u0119pne s\u0105 w zak\u0142adce <em>Op\u0142aty w punkcie trzecim &#8211; <a href=\"https:\/\/ksztalcenie.uksw.edu.pl\/studenci-i-doktoranci\/oplaty\/\" target=\"_blank\" rel=\"noreferrer noopener\">link<\/a><\/em><\/p>\n\n\n\n<h2 class=\"wp-block-heading\">2. Ewidencja druk\u00f3w<\/h2>\n\n\n\n<ul class=\"wp-block-list\">\n<li><a href=\"https:\/\/monitor.uksw.edu.pl\/docs\/8353\">Zarz\u0105dzenie 57\/2025<\/a>&nbsp;Rektora UKSW z dn. 01.07.2025 ws.<br>w sprawie ewidencjonowania, pobierania i rozliczania druk\u00f3w \u015bcis\u0142ego zarachowania zwi\u0105zanych z tokiem studi\u00f3w lub uzyskaniem stopnia naukowego oraz prawid\u0142owego przechowywania druk\u00f3w b\u0119d\u0105cych dokumentami publicznymi lub blankietami dokument\u00f3w publicznych\n\n\n\n\n\n\n\n\n<ul class=\"wp-block-list\">\n<li>za\u0142. 1. \u2013 Zam\u00f3wienie na druki \u015b.z. [<a href=\"https:\/\/ksztalcenie.uksw.edu.pl\/wp-content\/uploads\/sites\/22\/2025\/07\/zal_1_zamowienie-na-druki.docx\">pobierz<\/a>]<\/li>\n<\/ul>\n\n\n\n<ul class=\"wp-block-list\">\n<li>za\u0142. 2. \u2013 Rozliczenie pobranych druk\u00f3w \u015b.z. [<a href=\"https:\/\/ksztalcenie.uksw.edu.pl\/wp-content\/uploads\/sites\/22\/2025\/07\/zal_2_rozliczenie-czastkowe-drukow.docx\">pobierz<\/a>]<\/li>\n\n\n\n<li>za\u0142. 3. \u2013 Rozliczenie roczne druk\u00f3w \u015b.z. [<a href=\"https:\/\/ksztalcenie.uksw.edu.pl\/wp-content\/uploads\/sites\/22\/2025\/07\/zal_3_rozliczenie-roczne-drukow.docx\">pobierz<\/a>]<\/li>\n\n\n\n<li>za\u0142. 4. \u2013 Protok\u00f3\u0142 zwrotu druk\u00f3w \u015b.z. [<a href=\"https:\/\/ksztalcenie.uksw.edu.pl\/wp-content\/uploads\/sites\/22\/2025\/07\/zal_4_protokol-zwrotu-drukow.docx\">pobierz<\/a>]<\/li>\n\n\n\n<li>za\u0142. 5. \u2013 Wykaz pomieszcze\u0144 do przechowywania oraz personalizowania druk\u00f3w \u015b.z.<\/li>\n<\/ul>\n<\/li>\n<\/ul>\n\n\n\n<ul class=\"wp-block-list\">\n<li><a href=\"https:\/\/monitor.uksw.edu.pl\/docs\/8551\">Decyzja Nr 75\/2025<\/a> Kanclerza UKSW z dn. 09.12.2025 ws.<br>wprowadzenia wniosku o nadanie upowa\u017cnienia do gospodarowania drukami \u015bcis\u0142ego zarachowania\n<ul class=\"wp-block-list\">\n<li>wniosek &#8211; <a href=\"https:\/\/monitor.uksw.edu.pl\/docs\/download\/d1a5b0b394ecc8a759d52beb9314a67e\">link<\/a><\/li>\n\n\n\n<li>obieg wniosku &#8211; <a href=\"https:\/\/monitor.uksw.edu.pl\/docs\/download\/d87037e6f294fa50a8081f239bf4b84f\">link<\/a><\/li>\n<\/ul>\n<\/li>\n<\/ul>\n\n\n\n<h2 class=\"wp-block-heading\">3. Zasady wydawania dokument\u00f3w<\/h2>\n\n\n\n<div class=\" ui_kit_all_newblue\">\n\n<div class=\"accordion accordion-flush\" id=\"acc-block_55dbbe144b125022ffb349b18e003c66\">\n\n                    \n                            <div class=\"accordion-item\">\n            <H2 class=\"accordion-header\" id=\"flush-headingacc-block_55dbbe144b125022ffb349b18e003c660\">\n            <button class=\"accordion-button collapsed\" type=\"button\" data-bs-toggle=\"collapse\" data-bs-target=\"#flush-collapseacc-block_55dbbe144b125022ffb349b18e003c660\" aria-expanded=\"false\" aria-controls=\"flush-collapseacc-block_55dbbe144b125022ffb349b18e003c660\">\n            Indeks i legitymacja studencka            <\/button>\n            <\/H2>\n            <div id=\"flush-collapseacc-block_55dbbe144b125022ffb349b18e003c660\" class=\"accordion-collapse collapse\" aria-labelledby=\"flush-headingacc-block_55dbbe144b125022ffb349b18e003c660\" data-bs-parent=\"#acc-block_55dbbe144b125022ffb349b18e003c66\">\n            <div class=\"accordion-body\"><ul>\n<li><a href=\"https:\/\/monitor.uksw.edu.pl\/docs\/673\" target=\"_blank\" rel=\"noreferrer noopener\" aria-label=\" (otwiera si\u0119 na nowej zak\u0142adce)\">Zarz\u0105dzenie nr 29\/2012<\/a>\u00a0Rektora UKSW z dn. 18.05.2012 ws.<br \/>\nElektronicznej Legitymacji Studenta i Elektronicznej Legitymacji Doktoranta zmienione\u00a0<a href=\"https:\/\/monitor.uksw.edu.pl\/docs\/648\">Zarz\u0105dzeniem 42\/2012<\/a>\u00a0z dn. 23.07.2012<\/p>\n<ul>\n<li>za\u0142. nr 1 \u2013 Zasady post\u0119powania w przypadkach szczeg\u00f3lnych<\/li>\n<li>za\u0142. nr 2 \u2013 Protok\u00f3\u0142 przekazania ELS<\/li>\n<\/ul>\n<\/li>\n<li>\u00a0Po immatrykulacji i z\u0142o\u017ceniu \u015blubowania<br \/>\nUczelnia wydaje studentowi indeks i elektroniczn\u0105 legitymacj\u0119 studenck\u0105.<\/li>\n<li>W przypadku przej\u015bcia studenta z jednej jednostki UKSW do innej jednostki UKSW po pobraniu ELS:\n<ul>\n<li>Pracownik dziekanatu, z kt\u00f3rej student odchodzi przekazuje ELS do dziekanatu jednostki, do kt\u00f3rej student przechodzi. Odbywa si\u0119 to poprzez sporz\u0105dzenie protoko\u0142u przekazania ELS przez pracownika dziekanatu jednostki, z kt\u00f3rej student odchodzi. Pracownik przyjmujacy ELS kwituje jej odbi\u00f3r na protokole.<\/li>\n<li>Konieczne jest przeniesienie danych studenta przez Sekcj\u0119 Obs\u0142ugi Studi\u00f3w w Centrum System\u00f3w Informatycznych do nowej jednostki w systemie USOS.<\/li>\n<\/ul>\n<\/li>\n<li>\u00a0W przypadku wznowienia studi\u00f3w, podj\u0119cia kolejnych studi\u00f3w studentowi nieposiadaj\u0105cemu ELS, wydaje si\u0119 za op\u0142at\u0105 now\u0105 legitymacj\u0119.<\/li>\n<\/ul>\n<\/div>\n            <\/div>\n        <\/div>\n                      \n                            <div class=\"accordion-item\">\n            <H2 class=\"accordion-header\" id=\"flush-headingacc-block_55dbbe144b125022ffb349b18e003c661\">\n            <button class=\"accordion-button collapsed\" type=\"button\" data-bs-toggle=\"collapse\" data-bs-target=\"#flush-collapseacc-block_55dbbe144b125022ffb349b18e003c661\" aria-expanded=\"false\" aria-controls=\"flush-collapseacc-block_55dbbe144b125022ffb349b18e003c661\">\n            Dyplom            <\/button>\n            <\/H2>\n            <div id=\"flush-collapseacc-block_55dbbe144b125022ffb349b18e003c661\" class=\"accordion-collapse collapse\" aria-labelledby=\"flush-headingacc-block_55dbbe144b125022ffb349b18e003c661\" data-bs-parent=\"#acc-block_55dbbe144b125022ffb349b18e003c66\">\n            <div class=\"accordion-body\"><ul>\n<li>\u00a7 3 Zarz. ws. APD zm. Zarz. Nr 53\/2023 z dn. 27 wrze\u015bnia 2023 r. <strong>(<a href=\"https:\/\/ksztalcenie.uksw.edu.pl\/wp-content\/uploads\/sites\/22\/2023\/10\/tekst-ujednolicony-Zarzadzenia-o-APD.pdf\">link do tre\u015bci ujednoliconej<\/a>)<\/strong><br \/>\n<em>1. Na podstawie danych zawartych w Elektronicznej Ksi\u0119dze Dyplom\u00f3w pracownik dziekanatu w terminie 30 dni od dnia pozytywnego z\u0142o\u017cenia egzaminu dyplomowego wystawia dyplom uko\u0144czenia studi\u00f3w wraz z jego odpisami i suplementem do dyplomu.<\/em><em>2. Potwierdzenie odbioru dyplomu drukowane jest z systemu USOS i przechowywane w teczce akt osobowych studenta.<\/em><em>3. Potwierdzenie, o kt\u00f3rym mowa w ust. 2, zawiera dat\u0119 odbioru dyplomu oraz podpis posiadacza dyplomu lub osoby przez niego upowa\u017cnionej do odbioru dyplomu.<\/em><em><em>4. <strong>Upowa\u017cnienie<\/strong>, o kt\u00f3rym mowa w ust. 3, powinno zawiera\u0107 imi\u0119 i nazwisko oraz nr PESEL osoby upowa\u017cnionej oraz <strong>by\u0107 potwierdzone notarialnie lub spisane w obecno\u015bci pracownika<\/strong> w\u0142a\u015bciwego dziekanatu z jego adnotacj\u0105 \u201ePotwierdzam zgodno\u015b\u0107 podpisu osoby upowa\u017cniaj\u0105cej.&#8221;.<\/em><\/em><\/li>\n<li>Absolwentom UKSW uczelnia wydaje bezp\u0142atnie dyplom uko\u0144czenia studi\u00f3w<br \/>\nwraz z odpisami i suplementami (od rekrutacji w 2019\/2020 \u2013 w razie w\u0105tpliwo\u015bci zob. umowa ze studentem).<br \/>\nNa komplet sk\u0142ada si\u0119: 1 orygina\u0142 + 2 odpisy + 1 odpis przeznaczony do akt<br \/>\n\u2013 wszystkie z suplementami[kompletem dla Studenta mo\u017ce by\u0107 np.: *komplet w j.polskim lub<br \/>\n*orygina\u0142 w j.polskim + 1 odpis w j.polskim + 1 odpis w j.obcym]<br \/>\nStudent, je\u015bli chce bezp\u0142atny odpis w j\u0119z. ang w komplecie jak powy\u017cej, powinien jeszcze przed obron\u0105 z\u0142o\u017cy\u0107 wniosek o taki odpis i we wniosku o egzamin dyplomowy zaznaczy\u0107, \u017ce do\u0142\u0105cza wniosek o odpis w j.obcym i ew. suplementu w j.angielskim.[Uwaga! Wed\u0142ug prawa polskiego w odpisach w j\u0119zyku obcym tytu\u0142 zawodowy, ocena ko\u0144cowa studi\u00f3w i nazwa uczelni s\u0105 w j\u0119zyku polskim]<\/li>\n<\/ul>\n<ul>\n<li>Wymiana czy odpis dyplomu &#8211; najnowsze info na stronie gov.pl &#8211; <a href=\"https:\/\/www.gov.pl\/web\/nauka\/informacje-dotyczace-sporzadzania-dyplomu-ukonczenia-studiow-w-procedurze-wymiany-oraz-odpisu-dyplomu-ukonczenia-studiow\" target=\"_blank\" rel=\"noopener\">link<\/a><br \/>\nUWAGA! Gdy wymieniamy dyplom ze wzgl\u0119du na omy\u0142ki lub zmian\u0119 imion, nazwisk, musimy wstawi\u0107 znak PRK nawet dawnym absolwentom.<\/li>\n<li>Odpis a duplikat &#8211; czytaj dalej na Forum Administracji Akademickiej &#8211; <a href=\"https:\/\/faa.org.pl\/artykuly\/odpis-dyplomu-dodatkowy-odpis-dyplomu-a-duplikat-dyplomu-81.html\" target=\"_blank\" rel=\"noopener\">link<\/a><\/li>\n<li>Prawna historia dyplom\u00f3w spisano na Forum Administracji Akademickiej &#8211; <a href=\"https:\/\/faa.org.pl\/artykuly\/o-ostatnim-kroku-w-toku-studiow-sporzadzanie-i-wydawanie-dyplomu-ukonczenia-studiow-jak-bylo-209.html\" target=\"_blank\" rel=\"noopener\">link<\/a>.<\/li>\n<li>Uwaga &#8211; nale\u017cy pami\u0119ta\u0107 o okresach przej\u015bciowych wydawania dyplom\u00f3w na starych drukach, mimo obowi\u0105zywania nowych, np. w 2011 roku, kiedy wesz\u0142y w obieg pionowe, druki dyplom\u00f3w uko\u0144czenia studi\u00f3w, mo\u017cna by\u0142o jeszcze wydawa\u0107 dyplomy w formie ksi\u0105\u017ceczkowej do wyczerpania zapas\u00f3w.<\/li>\n<\/ul>\n<\/div>\n            <\/div>\n        <\/div>\n                      \n                            <div class=\"accordion-item\">\n            <H2 class=\"accordion-header\" id=\"flush-headingacc-block_55dbbe144b125022ffb349b18e003c662\">\n            <button class=\"accordion-button collapsed\" type=\"button\" data-bs-toggle=\"collapse\" data-bs-target=\"#flush-collapseacc-block_55dbbe144b125022ffb349b18e003c662\" aria-expanded=\"false\" aria-controls=\"flush-collapseacc-block_55dbbe144b125022ffb349b18e003c662\">\n            Suplement do dyplomu            <\/button>\n            <\/H2>\n            <div id=\"flush-collapseacc-block_55dbbe144b125022ffb349b18e003c662\" class=\"accordion-collapse collapse\" aria-labelledby=\"flush-headingacc-block_55dbbe144b125022ffb349b18e003c662\" data-bs-parent=\"#acc-block_55dbbe144b125022ffb349b18e003c66\">\n            <div class=\"accordion-body\"><ul>\n<li><a href=\"https:\/\/monitor.uksw.edu.pl\/docs\/5633\" target=\"_blank\" rel=\"noreferrer noopener\" aria-label=\" (otwiera si\u0119 na nowej zak\u0142adce)\">Zarz\u0105dzenie Nr 71\/2020<\/a>\u00a0Rektora UKSW z dn. 18.11.2020 ws.<br \/>\nwydawania suplementu do dyplomu uko\u0144czenia studi\u00f3w<\/p>\n<ul>\n<li>za\u0142.1 &#8211; wniosek o bezp\u0142atny odpis w j\u0119z. angielskim [<a href=\"https:\/\/ksztalcenie.uksw.edu.pl\/wp-content\/uploads\/sites\/22\/2024\/02\/wniosek-o-wydanie-odpisu-supl.-po-angielsku.docx\">pobierz<\/a> plik edytowalny]<\/li>\n<li>za\u0142.2 &#8211; wz\u00f3r odpisu w j\u0119z.angielskim<\/li>\n<li>za\u0142.3 &#8211; instrukcja wypisywania suplementu do dyplomu [<a href=\"https:\/\/monitor.uksw.edu.pl\/docs\/download\/7f4c6480e483c82693fc577a78db45d9\">link<\/a>] zmieniony <a href=\"https:\/\/monitor.uksw.edu.pl\/docs\/download\/83fa93ae12079009825da8059201aea4\">Zarz. 94\/2022<\/a> (tytu\u0142y zawodowe zmienione Rozporz\u0105dzeniem)\n<ul>\n<li>&#8222;\u017byciorys zawodowy&#8221; &#8211; [<a href=\"https:\/\/ksztalcenie.uksw.edu.pl\/wp-content\/uploads\/sites\/22\/2024\/02\/zyciorys.docx\" target=\"_blank\" rel=\"noopener\">pobierz <\/a>plik edytowalny]<\/li>\n<\/ul>\n<\/li>\n<\/ul>\n<\/li>\n<\/ul>\n<\/div>\n            <\/div>\n        <\/div>\n                      \n                            <div class=\"accordion-item\">\n            <H2 class=\"accordion-header\" id=\"flush-headingacc-block_55dbbe144b125022ffb349b18e003c663\">\n            <button class=\"accordion-button collapsed\" type=\"button\" data-bs-toggle=\"collapse\" data-bs-target=\"#flush-collapseacc-block_55dbbe144b125022ffb349b18e003c663\" aria-expanded=\"false\" aria-controls=\"flush-collapseacc-block_55dbbe144b125022ffb349b18e003c663\">\n            Dyplom z wyr\u00f3\u017cnieniem            <\/button>\n            <\/H2>\n            <div id=\"flush-collapseacc-block_55dbbe144b125022ffb349b18e003c663\" class=\"accordion-collapse collapse\" aria-labelledby=\"flush-headingacc-block_55dbbe144b125022ffb349b18e003c663\" data-bs-parent=\"#acc-block_55dbbe144b125022ffb349b18e003c66\">\n            <div class=\"accordion-body\"><ul>\n<li>Dyplom z wyr\u00f3\u017cnieniem\n<ul>\n<li>nowy wz\u00f3r\u00a0\u2013 (<a href=\"https:\/\/monitor.uksw.edu.pl\/docs\/6611\">Zarz. 81\/2022<\/a>) \u2013\u00a0<a href=\"https:\/\/office365uksw.sharepoint.com\/:f:\/t\/testowydozada\/Et4pakO-d9NPl7MNwS3kv80BmeF0FTQqmnCQvf5h1CMa9g?e=lX8s7w\" target=\"_blank\" rel=\"noreferrer noopener\">formatki pol. i ang<\/a>.<br \/>\ndrukuje si\u0119 na papierze A4 w kolorze bia\u0142ym o gramaturze min. 100 g\/m\u00b2<\/li>\n<li>stary wz\u00f3r\u00a0\u2013 (<a href=\"https:\/\/monitor.uksw.edu.pl\/docs\/4443\">Zarz. 45\/2019<\/a>) \u2013\u00a0<a href=\"https:\/\/ksztalcenie.uksw.edu.pl\/wp-content\/uploads\/sites\/22\/2022\/11\/DYPLOM-wyroznienie-formatka.docx\">formatka pol<\/a>.,\u00a0<a href=\"https:\/\/ksztalcenie.uksw.edu.pl\/wp-content\/uploads\/sites\/22\/2022\/11\/DYPLOM-wyroznienie-formatka_ang.docx\">formatka ang<\/a>.<br \/>\nstosuje si\u0119 do wyczerpania zapas\u00f3w starych poddruk\u00f3w (bez nr seryjnego)<br \/>\n[<em>dyplom nale\u017cy drukowa\u0107 na drukarce KONIKA MINOLTA<\/em>]<\/li>\n<\/ul>\n<\/li>\n<li>\u00a0Dyplom uko\u0144czenia studi\u00f3w z wyr\u00f3\u017cnieniem\u00a0<strong>przyznaje\u00a0<\/strong>na wniosek komisji egzaminacyjnej Dziekan,<br \/>\na otrzymuj\u0105 go absolwenci, kt\u00f3rzy \u0142\u0105cznie spe\u0142niaj\u0105 nast\u0119puj\u0105ce warunki:<\/p>\n<ul>\n<li>uko\u0144czyli studia w terminie okre\u015blonym planem studi\u00f3w;<\/li>\n<li>uzyskali \u015bredni\u0105 ocen nie ni\u017csz\u0105 ni\u017c 4,50;<\/li>\n<li>uzyskali ocen\u0119 bardzo dobr\u0105 z egzaminu dyplomowego;<\/li>\n<li>nie naruszyli zasad zawartych w \u015blubowaniu;<\/li>\n<li>uzyskali ocen\u0119 bardzo dobr\u0105 z pracy dyplomowej.<\/li>\n<\/ul>\n<\/li>\n<\/ul>\n<\/div>\n            <\/div>\n        <\/div>\n  <\/div>\n\n<\/div>\n\n \n\n\n\n\n<script>\n\njQuery(document).ready(function() {\t\n\nvar width = screen.width;\n\n$('.collapse').on('shown.bs.collapse', function(e) {\n   var card = $(this).closest('.card');\n  $('html,body').animate({\n    scrollTop: card.offset().top - 100\n    \n  }, 500);\n \n});\n\n});\n<\/script>\n\n\n<h2 class=\"wp-block-heading\">4. Archiwum Prac Dyplomowych &#8211; APD<\/h2>\n\n\n\n<ul class=\"wp-block-list\">\n<li>Zarz\u0105dzenie Nr&nbsp;<a href=\"https:\/\/monitor.uksw.edu.pl\/docs\/5132\">43\/2020<\/a>&nbsp;Rektora UKSW z dn. 17.06.2020 ws.<br>prowadzenia albumu studenta, ksi\u0119gi dyplom\u00f3w i archiwizacji prac dyplomowych; <br>(zm. Zarz. <a href=\"https:\/\/monitor.uksw.edu.pl\/docs\/5759\">5\/2021<\/a>; zm. Zarz.&nbsp;<a href=\"https:\/\/monitor.uksw.edu.pl\/docs\/6528\">51\/2022<\/a>; zm. Zarz. <a href=\"https:\/\/monitor.uksw.edu.pl\/docs\/7208\">53\/2023<\/a>) &#8211;<strong> tekst ujednolicony<\/strong> <strong>[<a href=\"https:\/\/ksztalcenie.uksw.edu.pl\/wp-content\/uploads\/sites\/22\/2023\/10\/tekst-ujednolicony-Zarzadzenia-o-APD.pdf\">pobierz<\/a>]<\/strong>\n<ul class=\"wp-block-list\">\n<li>za\u0142.1 \u2013 strona tytu\u0142owa pracy dypl.<br>za\u0142.2 \u2013 o\u015bwiadczanie studenta o samodzielno\u015bci pracy i prawach autorskich<br>za\u0142.3 \u2013 Instrukcja archiwizacji prac dyplomowych w APD<br>za\u0142.4 \u2013 o\u015bwiadczenie promotora<\/li>\n<\/ul>\n<\/li>\n\n\n\n<li><a rel=\"noreferrer noopener\" href=\"https:\/\/monitor.uksw.edu.pl\/docs\/4439\" target=\"_blank\">Zarz\u0105dzenie Nr 43\/2019 <\/a>Rektora UKSW z dn. 27.09.2019 ws. wzoru protoko\u0142u egzaminu dyplomowego\n<ul class=\"wp-block-list\">\n<li>za\u0142. 1 [<a rel=\"noreferrer noopener\" href=\"https:\/\/monitor.uksw.edu.pl\/docs\/download\/0ca90d3bcf58ceef2c8c570287989c35\" target=\"_blank\">link<\/a>]<\/li>\n<\/ul>\n<\/li>\n<\/ul>\n\n\n\n<h2 class=\"wp-block-heading\">5. Wzory dokument\u00f3w uko\u0144czenia kszta\u0142cenia w UKSW<\/h2>\n\n\n\r\n<div class=\"container ui_kit\">\r\n\r\n<div class=\"row justify-content-center my-5 tab\">\r\n      <ul id=\"tabs\" class=\"nav\">\r\n                        <li class=\"nav-item\">\r\n            <a class=\"nav-link link-secondary active \" id=\"block_384f3d6e61e9cb5dfadd2567350955580\" data-bs-toggle=\"tab\" data-bs-target=\"#Tabblock_384f3d6e61e9cb5dfadd2567350955580\" href=\"#\">od 2017 do dzi\u015b<\/a>\r\n            <\/li>\r\n\r\n                    <li class=\"nav-item\">\r\n            <a class=\"nav-link link-secondary \" id=\"block_384f3d6e61e9cb5dfadd2567350955581\" data-bs-toggle=\"tab\" data-bs-target=\"#Tabblock_384f3d6e61e9cb5dfadd2567350955581\" href=\"#\">przed 2017<\/a>\r\n            <\/li>\r\n\r\n               \r\n      <\/ul>\r\n      <div class=\"tab_con_grey\">\r\n            <div class=\"tab-content\" id=\"tabContent\">\r\n      \r\n                <div class=\"tab-pane fade   show active \" id=\"Tabblock_384f3d6e61e9cb5dfadd2567350955580\" role=\"tabpanel\" aria-labelledby=\"block_384f3d6e61e9cb5dfadd2567350955580\">\r\n                                    <div class=\"headingh4\"><\/div>\r\n               \r\n\r\n                    <ul>\r\n \t<li role=\"textbox\" aria-label=\"Tre\u015b\u0107 listy\">od 30.01.2025 <strong>do obecnie<\/strong>\r\n<ul>\r\n \t<li><a href=\"https:\/\/monitor.uksw.edu.pl\/docs\/8149\" target=\"_blank\" rel=\"noopener\">US 7\/2025<\/a> (st.podyplomowe)<\/li>\r\n<\/ul>\r\n<\/li>\r\n \t<li role=\"textbox\" aria-label=\"Tre\u015b\u0107 listy\">od 01.10.2024 do wyczerpania zapas\u00f3w starych blankiet\u00f3w\r\n<ul>\r\n \t<li role=\"textbox\" aria-label=\"Tre\u015b\u0107 listy\"><a href=\"https:\/\/monitor.uksw.edu.pl\/docs\/8033\" target=\"_blank\" rel=\"noopener\">US 281\/2024<\/a> (st.podyplomowe)<\/li>\r\n<\/ul>\r\n<\/li>\r\n \t<li class=\"block-editor-rich-text__editable rich-text\" role=\"textbox\" aria-label=\"Tre\u015b\u0107 listy\">od 01.05.2020<strong> do obecnie<\/strong>\r\n<ul>\r\n \t<li class=\"block-editor-rich-text__editable rich-text\" role=\"textbox\" aria-label=\"Tre\u015b\u0107 listy\"><a href=\"https:\/\/monitor.uksw.edu.pl\/docs\/5013\" target=\"_blank\" rel=\"noreferrer noopener\">US 43\/2020<\/a> (st I, II i jednolite),<\/li>\r\n \t<li class=\"block-editor-rich-text__editable rich-text\" role=\"textbox\" aria-label=\"Tre\u015b\u0107 listy\"><a href=\"https:\/\/monitor.uksw.edu.pl\/docs\/5012\" target=\"_blank\" rel=\"noreferrer noopener\">US 42\/2020<\/a>\u00a0(dr i dr hab.) \u2013\u00a0<a href=\"https:\/\/monitor.uksw.edu.pl\/docs\/5865\" target=\"_blank\" rel=\"noreferrer noopener\">zm.US 16\/2021<\/a>\r\n(mo\u017cliwo\u015b\u0107 podpisu przewodnicz\u0105cego rady dyscypliny zamiast promotora)<\/li>\r\n<\/ul>\r\n<\/li>\r\n<\/ul>\r\n<div class=\"block-editor-rich-text__editable rich-text\" role=\"textbox\" aria-label=\"Tre\u015b\u0107 listy\">\r\n\r\n\r\n<ul>\r\n \t<li>od 30.09.2019 do 30.04.2020\r\n<ul>\r\n \t<li><a href=\"https:\/\/monitor.uksw.edu.pl\/docs\/4465\">US 170\/2019<\/a>\u00a0(st I, II i jednolite)\u00a0\r\n<ul class=\"wp-block-list\">\r\n \t<li style=\"list-style-type: none\">\r\n<ul><\/ul>\r\n<\/li>\r\n<\/ul>\r\n\r\n\r\n<\/li>\r\n<\/ul>\r\n<\/li>\r\n<\/ul>\r\n \r\n<ul>\r\n \t<li>od 1.10.2017 do 30.09.2019\r\n<ul>\r\n \t<li><a href=\"https:\/\/monitor.uksw.edu.pl\/docs\/3623\">US 70\/2017<\/a> (st. I, II i jednolite)<\/li>\r\n \t<li><a href=\"https:\/\/monitor.uksw.edu.pl\/docs\/3621\">US 68\/2017<\/a> (dr i dr hab)<\/li>\r\n \t<li><a href=\"https:\/\/monitor.uksw.edu.pl\/docs\/3622\">US 69\/2017<\/a> (st.podyplomowe &#8211; do 30.09.2024)\u00a0\r\n<ul class=\"wp-block-list\">\r\n \t<li style=\"list-style-type: none\">\r\n<ul><\/ul>\r\n<\/li>\r\n<\/ul>\r\n\r\n\r\n<\/li>\r\n<\/ul>\r\n<\/li>\r\n<\/ul>\r\n\r\n<hr \/>\r\n\r\n<a href=\"https:\/\/monitor.uksw.edu.pl\/docs\/5873\">Zarz\u0105dzenie Nr 26\/2021<\/a>\u00a0Rektora UKSW z dn. 9.04.2021 r.<br data-rich-text-line-break=\"true\" \/>ws. okre\u015blenia wzoru i zasad sporz\u0105dzania oraz wydawania absolwentom za\u015bwiadczenia uko\u0144czenia\u00a0<strong>innej formy kszta\u0142cenia<\/strong>\u00a0lub realizowanego\u00a0<strong>trzeciego cyklu\u00a0<\/strong>studi\u00f3w na wydziale ko\u015bcielnym w Uniwersytecie Kardyna\u0142a Stefana Wyszy\u0144skiego w Warszawie<br data-rich-text-line-break=\"true\" \/>{sprostowano b\u0142\u0105d\u00a0<a href=\"https:\/\/monitor.uksw.edu.pl\/docs\/6094\" target=\"_blank\" rel=\"noreferrer noopener\">Obwieszczeniem<\/a> Nr 9\/2021}\r\n\r\n\r\n\r\n<\/div>                <\/div>\r\n\r\n        \r\n                <div class=\"tab-pane fade  \" id=\"Tabblock_384f3d6e61e9cb5dfadd2567350955581\" role=\"tabpanel\" aria-labelledby=\"block_384f3d6e61e9cb5dfadd2567350955581\">\r\n                                    <div class=\"headingh4\"><\/div>\r\n               \r\n\r\n                    wcze\u015bniej obowi\u0105zywa\u0142y:\r\n<ul>\r\n \t<li><a href=\"https:\/\/monitor.uksw.edu.pl\/docs\/968\" target=\"_blank\" rel=\"noreferrer noopener\">US 38\/2013<\/a>\u00a0(st I, II i jednolite),\u00a0<a href=\"https:\/\/monitor.uksw.edu.pl\/docs\/969\" target=\"_blank\" rel=\"noreferrer noopener\">US 39\/2013\u00a0<\/a>(dr i dr hab.),\u00a0<a href=\"https:\/\/monitor.uksw.edu.pl\/docs\/680\" target=\"_blank\" rel=\"noreferrer noopener\">Zarz. 22\/2012<\/a>\u00a0(st.podyplomowe)<\/li>\r\n \t<li>Rozporz\u0105dzenie MNiSW z dn. 01.09.2011 ws. tytu\u0142\u00f3w zawodowych nadawanych absolwentom studi\u00f3w, warunk\u00f3w wydawania oraz niezb\u0119dnych element\u00f3w dyplom\u00f3w uko\u0144czenia studi\u00f3w i \u015bwiadectw uko\u0144czenia studi\u00f3w podyplomowych oraz wzoru suplementu do dyplomu (<a href=\"http:\/\/isap.sejm.gov.pl\/isap.nsf\/DocDetails.xsp?id=WDU20111961167\" target=\"_blank\" rel=\"noreferrer noopener\">Dz.U. 2011 nr 196 poz. 1167\u00a0<\/a>z p\u00f3\u017an. zm.)\r\n\u2013\u00a0<strong>pionowy\u00a0<\/strong>\u2013 obowi\u0105zuje od 01.10.2011.<\/li>\r\n \t<li>Rozporz\u0105dzenie MNiSW z dn. 19.12.2008 ws. rodzaj\u00f3w tytu\u0142\u00f3w zawodowych nadawanych absolwentom studi\u00f3w i wzor\u00f3w dyplom\u00f3w oraz \u015bwiadectw wydawanych przez uczelnie (<a href=\"http:\/\/isap.sejm.gov.pl\/isap.nsf\/DocDetails.xsp?id=WDU20090110061\" target=\"_blank\" rel=\"noreferrer noopener\">Dz.U. 2009 nr 11 poz. 61 z p\u00f3\u017an.zm.<\/a>)\r\n\u2013\u00a0<strong>ksi\u0105\u017ceczkowy<\/strong>\u00a0\u2013 obowi\u0105zuje od 01.01.2009 do ko\u0144ca wrze\u015bnia 2011.<\/li>\r\n \t<li>Rozporz\u0105dzenie MENiS z dn. 23.07.2004 ws. rodzaj\u00f3w dyplom\u00f3w i tytu\u0142\u00f3w zawodowych oraz wzor\u00f3w dyplom\u00f3w wydawanych przez uczelnie (<a href=\"http:\/\/isap.sejm.gov.pl\/isap.nsf\/DocDetails.xsp?id=WDU20041821881\" target=\"_blank\" rel=\"noreferrer noopener\">Dz.U. 2004 nr 182 poz. 1881<\/a>)\r\n\u2013 <strong>ksi\u0105\u017ceczkowy\u00a0<\/strong>\u2013 obowi\u0105zuje od 05.08.2004, a podzia\u0142 na cz\u0119\u015b\u0107 A i B od 01.01.2005 do ko\u0144ca 2008 roku.<\/li>\r\n \t<li>\r\n<ul class=\"wp-block-list\"> <\/ul>\r\nZarz\u0105dzenie MEN z dn. 09.04.1992 ws. okre\u015blenia rodzaj\u00f3w dyplom\u00f3w i tytu\u0142\u00f3w zawodowych oraz wzoru dyplomu wydawanego przez uczelnie (<a href=\"http:\/\/isap.sejm.gov.pl\/isap.nsf\/DocDetails.xsp?id=WMP19920120085\" target=\"_blank\" rel=\"noreferrer noopener\">M.P. 1992 nr 12 poz. 85<\/a>\u00a0z p\u00f3\u017an. zm.)\r\n\u2013\u00a0<strong>ksi\u0105\u017ceczkowy\u00a0<\/strong>\u2013 obowi\u0105zuje\u00a0do\u00a004.08.2004.<\/li>\r\n<\/ul>                <\/div>\r\n\r\n        \r\n        \r\n        \r\n        \r\n      <\/div>\r\n      \r\n      <\/div>\r\n  <\/div>\r\n\r\n<\/div>  \r\n\r\n      \n\n\n<h2 class=\"wp-block-heading\">6. Mikropo\u015bwiadczenia<\/h2>\n\n\n\n<ul class=\"wp-block-list\">\n<li>ZALECENIE RADY UE z dnia 22 czerwca 2022 r. w sprawie europejskiego podej\u015bcia do mikropo\u015bwiadcze\u0144 na potrzeby uczenia si\u0119 przez ca\u0142e \u017cycie i zatrudnialno\u015bci &#8211; <a href=\"https:\/\/eur-lex.europa.eu\/legal-content\/PL\/TXT\/PDF\/?uri=CELEX:32022H0627(02)\" target=\"_blank\" rel=\"noreferrer noopener\">pobierz [PDF]<\/a><\/li>\n<\/ul>\n","protected":false},"excerpt":{"rendered":"<p>1. Umowy i wysoko\u015bci op\u0142at Wzory um\u00f3w i aneks\u00f3w z nowoprzyj\u0119tymi studentami oraz aktualne Zarz\u0105dzenie ws. wysoko\u015bci op\u0142at za us\u0142ugi edukacyjne \u015bwiadczone w danym roku akademickim dost\u0119pne s\u0105 w zak\u0142adce Op\u0142aty w punkcie trzecim &#8211; link 2. Ewidencja druk\u00f3w 3. Zasady wydawania dokument\u00f3w 4. Archiwum Prac Dyplomowych &#8211; APD 5. Wzory dokument\u00f3w uko\u0144czenia kszta\u0142cenia w [&hellip;]<\/p>\n","protected":false},"author":1,"featured_media":0,"parent":3668,"menu_order":5,"comment_status":"closed","ping_status":"closed","template":"page-templates\/template-sub-page.php","meta":{"_acf_changed":false,"inline_featured_image":false,"footnotes":"","_links_to":"","_links_to_target":""},"class_list":["post-3770","page","type-page","status-publish","hentry"],"acf":[],"_links":{"self":[{"href":"https:\/\/ksztalcenie.uksw.edu.pl\/pl\/wp-json\/wp\/v2\/pages\/3770","targetHints":{"allow":["GET"]}}],"collection":[{"href":"https:\/\/ksztalcenie.uksw.edu.pl\/pl\/wp-json\/wp\/v2\/pages"}],"about":[{"href":"https:\/\/ksztalcenie.uksw.edu.pl\/pl\/wp-json\/wp\/v2\/types\/page"}],"author":[{"embeddable":true,"href":"https:\/\/ksztalcenie.uksw.edu.pl\/pl\/wp-json\/wp\/v2\/users\/1"}],"replies":[{"embeddable":true,"href":"https:\/\/ksztalcenie.uksw.edu.pl\/pl\/wp-json\/wp\/v2\/comments?post=3770"}],"version-history":[{"count":41,"href":"https:\/\/ksztalcenie.uksw.edu.pl\/pl\/wp-json\/wp\/v2\/pages\/3770\/revisions"}],"predecessor-version":[{"id":7140,"href":"https:\/\/ksztalcenie.uksw.edu.pl\/pl\/wp-json\/wp\/v2\/pages\/3770\/revisions\/7140"}],"up":[{"embeddable":true,"href":"https:\/\/ksztalcenie.uksw.edu.pl\/pl\/wp-json\/wp\/v2\/pages\/3668"}],"wp:attachment":[{"href":"https:\/\/ksztalcenie.uksw.edu.pl\/pl\/wp-json\/wp\/v2\/media?parent=3770"}],"curies":[{"name":"wp","href":"https:\/\/api.w.org\/{rel}","templated":true}]}}