{"id":3772,"date":"2022-11-17T15:33:35","date_gmt":"2022-11-17T14:33:35","guid":{"rendered":"https:\/\/jednostki.uksw.edu.pl\/ksztalcenie\/organiazcja-studiow\/harmonogram-roku-akademickiego\/"},"modified":"2025-09-16T09:38:07","modified_gmt":"2025-09-16T07:38:07","slug":"harmonogram-roku-akademickiego","status":"publish","type":"page","link":"https:\/\/ksztalcenie.uksw.edu.pl\/organiazcja-studiow\/harmonogram-roku-akademickiego\/","title":{"rendered":"Harmonogram roku akademickiego"},"content":{"rendered":"\n<h2 class=\"wp-block-heading\">2025\/2026<\/h2>\n\n\n\n<h3 class=\"wp-block-heading has-text-align-left\">Semestr zimowy<\/h3>\n\n\n\n<figure class=\"wp-block-table\"><table><tbody><tr><td>Sesja poprawkowa semestru letniego <br>r.a. 2024\/2025<\/td><td>1\u201314 wrze\u015bnia 2025<\/td><\/tr><tr><td>Rejestracja na przedmioty og\u00f3lnouczelniane <br>w sem. zimowym (studenci powy\u017cej 1 roku studi\u00f3w)<\/td><td>od 22 wrze\u015bnia 2025<\/td><\/tr><tr><td>Dni Organizacyjne dla student\u00f3w 1 roku <br>st. stac. I stopnia, II stopnia i jednolitych&nbsp; magisterskich:<\/td><td>23\u201330 wrze\u015bnia 2025<\/td><\/tr><tr><td>\u2013 WNHIS<br>\u2013 WNH<br>\u2013 WPIA, WMP, WSE<br>\u2013 WMCM, WFCH, WBNS, WNP, WSR, WT, WPK<\/td><td>23 wrze\u015bnia 2025<br>25 wrze\u015bnia 2025<br>29 wrze\u015bnia 2025<br>30 wrze\u015bnia 2025<\/td><\/tr><tr><td>Pierwszy dzie\u0144 na studiach stacjonarnych i w Szkole Doktorskiej<\/td><td>1 pa\u017adziernika 2025<\/td><\/tr><tr><td><em>Uroczysta inauguracja roku akademickiego<\/em><\/td><td><em>9 pa\u017adziernika 202<\/em>5<br><em>(wolny od zaj\u0119\u0107 dyd.)<\/em><\/td><\/tr><tr><td>VI Tydzie\u0144 Jako\u015bci Kszta\u0142cenia<\/td><td>20\u201324 pa\u017adziernika 2025<\/td><\/tr><tr><td><em>Dzie\u0144 wolny od zaj\u0119\u0107 dydaktycznych na st. stac.<\/em><\/td><td><em>10 listopada 202<\/em>5<\/td><\/tr><tr><td>Zaj. dyd. na st. stac. odbywaj\u0105 si\u0119 wg planu poniedzia\u0142kowego<\/td><td>12 listopada 2025<br>(<strong>\u015br\u2013&gt; pon<\/strong>)<\/td><\/tr><tr><td>Dzie\u0144 Dost\u0119pno\u015bci w UKSW<\/td><td>25 listopada 2025<\/td><\/tr><tr><td>\u015ar\u00f3dsemestralna sesja egzam. w trakcie zaj\u0119\u0107 dyd.<strong>*<\/strong><\/td><td>1-5 grudnia 2025<\/td><\/tr><tr><td>Op\u0142atek uniwersytecki<\/td><td>18 grudnia 2025<\/td><\/tr><tr><td><em>Przerwa \u015bwi\u0105teczna<\/em><\/td><td><em>22 grudnia 2025<br>\u2013 6 stycznia 2026<\/em><\/td><\/tr><tr><td>Zaj. dyd. na st. stac. odbywaj\u0105 si\u0119 wg planu wtorkowego<\/td><td>9 stycznia 2026<br>(<strong>pt\u2013&gt; wt<\/strong>)<\/td><\/tr><tr><td>Ostatni dzie\u0144 zaj\u0119\u0107 w semestrze zimowym na studiach stac.<\/td><td>3 lutego 2026<\/td><\/tr><tr><td>Egzamin centralny z j\u0119zyka obcego nowo\u017cytnego<\/td><td>4 lutego 2026<\/td><\/tr><tr><td>Sesja egzaminacyjna na studiach stacjonarnych<strong> **<\/strong><\/td><td>4\u201313 lutego 2026<\/td><\/tr><tr><td>Rejestracja na przedmioty og\u00f3lnouczelniane w sem. letnim<\/td><td>od 9 lutego 2026<\/td><\/tr><tr><td>Sesja egzaminacyjna na studiach niestacjonarnych<\/td><td>wg plan\u00f3w zjazd\u00f3w<\/td><\/tr><tr><td>Przerwa semestralna dla studi\u00f3w stacjonarnych<\/td><td>14\u201322 lutego 2026<\/td><\/tr><\/tbody><\/table><figcaption class=\"wp-element-caption\">semestr zimowy 2025\/2026<\/figcaption><\/figure>\n\n\n\n<p>* W okresie 1-5 grudnia 2025 r. egzaminy i zaliczenia mog\u0105 by\u0107 przeprowadzane pod warunkiem:<br> 1) zrealizowania do dnia planowanego egzaminu lub zaliczenia ko\u0144cowego w ca\u0142o\u015bci tre\u015bci programowych danego przedmiotu okre\u015blonych w programie studi\u00f3w;<br> 2) uzyskania przez osob\u0119 przeprowadzaj\u0105c\u0105 egzamin lub zaliczenie ko\u0144cowe zgody dziekana na przeprowadzenie egzaminu lub zaliczenia w tym okresie;<br> 3) uzyskania pozytywnej opinii wydzia\u0142owej rady samorz\u0105du student\u00f3w albo wydzia\u0142owej rady doktorant\u00f3w w sprawie przeprowadzenia egzaminu lub zaliczenia w tym okresie.<\/p>\n\n\n\n<p>** Pierwszy dzie\u0144 sesji zimowej &#8211; 04 lutego 2026 r. jest w pierwszej kolejno\u015bci zarezerwowany na zaliczenia ko\u0144cowe przedmiot\u00f3w z oferty og\u00f3lnouczelnianej (tj. wszystkie przedmioty z grupami student\u00f3w z r\u00f3\u017cnych wydzia\u0142\u00f3w).<\/p>\n\n\n\n<h3 class=\"wp-block-heading has-text-align-left\">Semestr letni<\/h3>\n\n\n\n<figure class=\"wp-block-table\"><table><tbody><tr><td>Pierwszy dzie\u0144 zaj\u0119\u0107 na studiach stacjonarnych<\/td><td>23 lutego 2026<\/td><\/tr><tr><td>Sesja poprawkowa semestru zimowego<\/td><td>2-6 marca 2026<\/td><\/tr><tr><td>Zaj. dyd. na st. stac. odbywaj\u0105 si\u0119 wg planu czwartkowego<\/td><td>1 kwietnia 2026<br>(<strong>\u015br\u2013&gt;czw<\/strong>)<\/td><\/tr><tr><td><em>Przerwa \u015bwi\u0105teczna<\/em><\/td><td><em>2-7 kwietnia 202<\/em>6<\/td><\/tr><tr><td>Dzie\u0144 Otwarty dla kandydat\u00f3w (sobota)<\/td><td>11 kwietnia 2026<\/td><\/tr><tr><td>\u015ar\u00f3dsemestralna sesja egzam. w trakcie zaj\u0119\u0107 dyd<strong>*<\/strong><\/td><td>20-24 kwietnia 2026<\/td><\/tr><tr><td>Promocje doktorskie i habilitacyjne<\/td><td>21 maja 2026<\/td><\/tr><tr><td><em>\u015awi\u0119to UKSW<\/em><\/td><td><em>28 maja 2026<br>(wolny od zaj. dyd.)<\/em><\/td><\/tr><tr><td>Zaj. dyd. na st. stac. odbywaj\u0105 si\u0119 wg planu czwartkowego*<\/td><td>15 czerwca 2026<br>(<strong>pon\u2013&gt;czw<\/strong>)<\/td><\/tr><tr><td>Ostatni dzie\u0144 zaj. sem. letniego na st. stac.<br>Zaj. dyd. na st. stac. odbywaj\u0105 si\u0119 wg planu pi\u0105tkowego<\/td><td>16 czerwca 2026<br>(<strong>wt\u2013&gt;pt<\/strong>)<\/td><\/tr><tr><td>Egzamin centralny z j\u0119zyka obcego nowo\u017cytnego<\/td><td>17 czerwca 2026<\/td><\/tr><tr><td>Sesja egzaminacyjna na studiach stac.**<\/td><td>17\u201330 czerwca 2026<\/td><\/tr><tr><td>Sesja egzaminacyjna na studiach niestacjonarnych<\/td><td>wg plan\u00f3w zjazd\u00f3w,<br>nie d\u0142u\u017cej ni\u017c do<br>28 czerwca 2026<\/td><\/tr><tr><td>Sesja poprawkowa semestru letniego<\/td><td>1\u201314 wrze\u015bnia 2026<\/td><\/tr><\/tbody><\/table><figcaption class=\"wp-element-caption\">semestr letni 2025\/2026<\/figcaption><\/figure>\n\n\n\n<p>* W okresie 20-24 kwietnia 2026 r. egzaminy i zaliczenia mog\u0105 by\u0107 przeprowadzane pod warunkiem:<br> 1) zrealizowania do dnia planowanego egzaminu lub zaliczenia ko\u0144cowego w ca\u0142o\u015bci tre\u015bci programowych danego przedmiotu okre\u015blonych w programie studi\u00f3w;<br> 2) uzyskania przez osob\u0119 przeprowadzaj\u0105c\u0105 egzamin lub zaliczenie ko\u0144cowe zgody dziekana na przeprowadzenie egzaminu lub zaliczenia w tym okresie;<br> 3) uzyskania pozytywnej opinii wydzia\u0142owej rady samorz\u0105du student\u00f3w albo wydzia\u0142owej rady doktorant\u00f3w w sprawie przeprowadzenia egzaminu lub zaliczenia w tym okresie.<\/p>\n\n\n\n<p>** Pierwszy dzie\u0144 sesji letniej &#8211; 17 czerwca 2026 r. jest w pierwszej kolejno\u015bci zarezerwowany na zaliczenia ko\u0144cowe przedmiot\u00f3w z oferty og\u00f3lnouczelnianej (tj. wszystkie przedmioty z grupami student\u00f3w z r\u00f3\u017cnych wydzia\u0142\u00f3w).<\/p>\n\n\n\n<div style=\"height:63px\" aria-hidden=\"true\" class=\"wp-block-spacer\"><\/div>\n\n\n\n<h2 class=\"wp-block-heading\">Harmonogramy z ubieg\u0142ych lat:<\/h2>\n\n\n\n<ul class=\"wp-block-list\">\n<li>harmonogram \u2013 2025\/2026 &#8211; <a href=\"https:\/\/ksztalcenie.uksw.edu.pl\/wp-content\/uploads\/sites\/22\/2025\/06\/Harmonogram-2025-26_zarz-24-2025-zm.-zarz_28-2025.pdf\" target=\"_blank\" rel=\"noreferrer noopener\">tekst ujednolicony [pdf]<\/a><\/li>\n\n\n\n<li>harmonogram \u2013 2024\/2025 &#8211; <a href=\"https:\/\/monitor.uksw.edu.pl\/docs\/7826\" target=\"_blank\" rel=\"noreferrer noopener\">link do Obwieszczenia ws. tekstu jednolitego<\/a><\/li>\n\n\n\n<li>harmonogram \u2013 2023\/2024 \u2013 <a href=\"https:\/\/monitor.uksw.edu.pl\/docs\/6999\">link do&nbsp;Zarz\u0105dzenia<\/a>; zm. Zarz\u0105dzeniem 8\/2024 &#8211; t. ujednolicony [<a href=\"https:\/\/ksztalcenie.uksw.edu.pl\/wp-content\/uploads\/sites\/22\/2024\/02\/tj.harmonogramu_2023-24.pdf\">pdf<\/a>]<\/li>\n\n\n\n<li>harmonogram \u2013 2022\/2023 \u2013 <a href=\"https:\/\/ksztalcenie.uksw.edu.pl\/wp-content\/uploads\/sites\/22\/2023\/02\/tekst-jednolity_Harmonogram_2022-23.pdf\">tekst ujednolicony [pdf]<\/a><\/li>\n\n\n\n<li>harmonogram \u2013 2021\/2022 \u2013 <a href=\"https:\/\/monitor.uksw.edu.pl\/docs\/6006\">link do&nbsp;Zarz\u0105dzenia<\/a>, zm. Zarz\u0105dzeniami: 14\/2021, 28\/2021<\/li>\n<\/ul>\n\n\n\r\n<div class=\"\">\r\n\r\n\r\n<div class=\"row\">\r\n\r\n  \r\n<div class=\"col-xl-12 col-lg-12 col-md-12 col-sm-12 \">\r\n\t\t<div class=\"download_detils\">\r\n\t\t\t<a href=\"https:\/\/ksztalcenie.uksw.edu.pl\/wp-content\/uploads\/sites\/22\/2022\/11\/harmonogram-2020-2021_t.j.pdf\"  target=\"_blank\" >\r\n\t\t\t<img decoding=\"async\" src=\"https:\/\/ksztalcenie.uksw.edu.pl\/wp-content\/themes\/uksw\/images\/import.svg\" alt=\"\"> harmonogram \u2013 2020-2021 \u2013 tekst ujednolicony [PDF,  0.12 MB]<\/a>\r\n\t\t<\/div>\r\n<\/div>\r\n\r\n\r\n\t\t\r\n<div class=\"col-xl-12 col-lg-12 col-md-12 col-sm-12 \">\r\n\t\t<div class=\"download_detils\">\r\n\t\t\t<a href=\"https:\/\/ksztalcenie.uksw.edu.pl\/wp-content\/uploads\/sites\/22\/2022\/11\/Harmonogram_19_20_jednolity.pdf\"  target=\"_blank\" >\r\n\t\t\t<img decoding=\"async\" src=\"https:\/\/ksztalcenie.uksw.edu.pl\/wp-content\/themes\/uksw\/images\/import.svg\" alt=\"\"> harmonogram \u2013 2019-2020 \u2013 tekst ujednolicony [PDF,  0.12 MB]<\/a>\r\n\t\t<\/div>\r\n<\/div>\r\n\r\n\r\n\t\t\r\n<div class=\"col-xl-12 col-lg-12 col-md-12 col-sm-12 \">\r\n\t\t<div class=\"download_detils\">\r\n\t\t\t<a href=\"https:\/\/ksztalcenie.uksw.edu.pl\/wp-content\/uploads\/sites\/22\/2022\/11\/harmonogram-2018-2019_t.j..pdf\"  target=\"_blank\" >\r\n\t\t\t<img decoding=\"async\" src=\"https:\/\/ksztalcenie.uksw.edu.pl\/wp-content\/themes\/uksw\/images\/import.svg\" alt=\"\"> harmonogram \u2013 2018-2019 \u2013 tekst ujednolicony [PDF,  0.54 MB]<\/a>\r\n\t\t<\/div>\r\n<\/div>\r\n\r\n\r\n\t\t\r\n<div class=\"col-xl-12 col-lg-12 col-md-12 col-sm-12 \">\r\n\t\t<div class=\"download_detils\">\r\n\t\t\t<a href=\"https:\/\/ksztalcenie.uksw.edu.pl\/wp-content\/uploads\/sites\/22\/2022\/11\/harmonogram-2017-2018_t.j..pdf\"  target=\"_blank\" >\r\n\t\t\t<img decoding=\"async\" src=\"https:\/\/ksztalcenie.uksw.edu.pl\/wp-content\/themes\/uksw\/images\/import.svg\" alt=\"\"> harmonogram \u2013 2017-2018 \u2013 tekst ujednolicony [PDF,  0.54 MB]<\/a>\r\n\t\t<\/div>\r\n<\/div>\r\n\r\n\r\n\t\t\r\n<div class=\"col-xl-12 col-lg-12 col-md-12 col-sm-12 \">\r\n\t\t<div class=\"download_detils\">\r\n\t\t\t<a href=\"https:\/\/ksztalcenie.uksw.edu.pl\/wp-content\/uploads\/sites\/22\/2022\/11\/harmonogram-2016-2017_t.j..pdf\"  target=\"_blank\" >\r\n\t\t\t<img decoding=\"async\" src=\"https:\/\/ksztalcenie.uksw.edu.pl\/wp-content\/themes\/uksw\/images\/import.svg\" alt=\"\"> harmonogram \u2013 2016-2017 \u2013 tekst ujednolicony [PDF,  0.17 MB]<\/a>\r\n\t\t<\/div>\r\n<\/div>\r\n\r\n\r\n\t\t\r\n<div class=\"col-xl-12 col-lg-12 col-md-12 col-sm-12 \">\r\n\t\t<div class=\"download_detils\">\r\n\t\t\t<a href=\"https:\/\/ksztalcenie.uksw.edu.pl\/wp-content\/uploads\/sites\/22\/2022\/11\/harmonogram-2015-2016.pdf\"  target=\"_blank\" >\r\n\t\t\t<img decoding=\"async\" src=\"https:\/\/ksztalcenie.uksw.edu.pl\/wp-content\/themes\/uksw\/images\/import.svg\" alt=\"\"> harmonogram \u2013 2015-2016 \u2013 tekst ujednolicony [PDF,  0.19 MB]<\/a>\r\n\t\t<\/div>\r\n<\/div>\r\n\r\n\r\n\t\t\r\n<div class=\"col-xl-12 col-lg-12 col-md-12 col-sm-12 \">\r\n\t\t<div class=\"download_detils\">\r\n\t\t\t<a href=\"https:\/\/ksztalcenie.uksw.edu.pl\/wp-content\/uploads\/sites\/22\/2022\/11\/harmonogram-2014-2015_t.j..pdf\"  target=\"_blank\" >\r\n\t\t\t<img decoding=\"async\" src=\"https:\/\/ksztalcenie.uksw.edu.pl\/wp-content\/themes\/uksw\/images\/import.svg\" alt=\"\"> harmonogram \u2013 2014-2015 \u2013 tekst ujednolicony [PDF,  0.19 MB]<\/a>\r\n\t\t<\/div>\r\n<\/div>\r\n\r\n\r\n\t\t\r\n<div class=\"col-xl-12 col-lg-12 col-md-12 col-sm-12 \">\r\n\t\t<div class=\"download_detils\">\r\n\t\t\t<a href=\"https:\/\/ksztalcenie.uksw.edu.pl\/wp-content\/uploads\/sites\/22\/2022\/11\/harmonogram-2013-2014_t.j..pdf\"  target=\"_blank\" >\r\n\t\t\t<img decoding=\"async\" src=\"https:\/\/ksztalcenie.uksw.edu.pl\/wp-content\/themes\/uksw\/images\/import.svg\" alt=\"\"> harmonogram \u2013 2013-2014 \u2013 tekst ujednolicony [PDF,  0.14 MB]<\/a>\r\n\t\t<\/div>\r\n<\/div>\r\n\r\n\r\n\t\t\r\n<div class=\"col-xl-12 col-lg-12 col-md-12 col-sm-12 \">\r\n\t\t<div class=\"download_detils\">\r\n\t\t\t<a href=\"https:\/\/ksztalcenie.uksw.edu.pl\/wp-content\/uploads\/sites\/22\/2022\/11\/harmonogram-2012-2013.pdf\"  target=\"_blank\" >\r\n\t\t\t<img decoding=\"async\" src=\"https:\/\/ksztalcenie.uksw.edu.pl\/wp-content\/themes\/uksw\/images\/import.svg\" alt=\"\"> harmonogram \u2013 2012-2013 \u2013 tekst ujednolicony [PDF,  0.11 MB]<\/a>\r\n\t\t<\/div>\r\n<\/div>\r\n\r\n\r\n\t\t\r\n\t\t \r\n\r\n<\/div>\r\n<\/div>\r\n<div class=\"space20\"><\/div>\r\n\r\n","protected":false},"excerpt":{"rendered":"<p>2025\/2026 Semestr zimowy Sesja poprawkowa semestru letniego r.a. 2024\/2025 1\u201314 wrze\u015bnia 2025 Rejestracja na przedmioty og\u00f3lnouczelniane w sem. zimowym (studenci powy\u017cej 1 roku studi\u00f3w) od 22 wrze\u015bnia 2025 Dni Organizacyjne dla student\u00f3w 1 roku st. stac. I stopnia, II stopnia i jednolitych&nbsp; magisterskich: 23\u201330 wrze\u015bnia 2025 \u2013 WNHIS\u2013 WNH\u2013 WPIA, WMP, WSE\u2013 WMCM, WFCH, WBNS, [&hellip;]<\/p>\n","protected":false},"author":1,"featured_media":0,"parent":3668,"menu_order":7,"comment_status":"closed","ping_status":"closed","template":"page-templates\/template-sub-page.php","meta":{"_acf_changed":false,"inline_featured_image":false,"footnotes":"","_links_to":"","_links_to_target":""},"class_list":["post-3772","page","type-page","status-publish","hentry"],"acf":[],"_links":{"self":[{"href":"https:\/\/ksztalcenie.uksw.edu.pl\/pl\/wp-json\/wp\/v2\/pages\/3772","targetHints":{"allow":["GET"]}}],"collection":[{"href":"https:\/\/ksztalcenie.uksw.edu.pl\/pl\/wp-json\/wp\/v2\/pages"}],"about":[{"href":"https:\/\/ksztalcenie.uksw.edu.pl\/pl\/wp-json\/wp\/v2\/types\/page"}],"author":[{"embeddable":true,"href":"https:\/\/ksztalcenie.uksw.edu.pl\/pl\/wp-json\/wp\/v2\/users\/1"}],"replies":[{"embeddable":true,"href":"https:\/\/ksztalcenie.uksw.edu.pl\/pl\/wp-json\/wp\/v2\/comments?post=3772"}],"version-history":[{"count":74,"href":"https:\/\/ksztalcenie.uksw.edu.pl\/pl\/wp-json\/wp\/v2\/pages\/3772\/revisions"}],"predecessor-version":[{"id":6779,"href":"https:\/\/ksztalcenie.uksw.edu.pl\/pl\/wp-json\/wp\/v2\/pages\/3772\/revisions\/6779"}],"up":[{"embeddable":true,"href":"https:\/\/ksztalcenie.uksw.edu.pl\/pl\/wp-json\/wp\/v2\/pages\/3668"}],"wp:attachment":[{"href":"https:\/\/ksztalcenie.uksw.edu.pl\/pl\/wp-json\/wp\/v2\/media?parent=3772"}],"curies":[{"name":"wp","href":"https:\/\/api.w.org\/{rel}","templated":true}]}}