{"id":3774,"date":"2022-11-17T15:33:36","date_gmt":"2022-11-17T14:33:36","guid":{"rendered":"https:\/\/jednostki.uksw.edu.pl\/ksztalcenie\/organiazcja-studiow\/kalendarz-zjazdow\/"},"modified":"2025-09-16T09:47:44","modified_gmt":"2025-09-16T07:47:44","slug":"kalendarz-zjazdow","status":"publish","type":"page","link":"https:\/\/ksztalcenie.uksw.edu.pl\/organiazcja-studiow\/kalendarz-zjazdow\/","title":{"rendered":"Kalendarz zjazd\u00f3w"},"content":{"rendered":"\n<div class=\"wp-block-columns\">\n<div class=\"wp-block-column\" style=\"flex-basis:100%\">\n<h2 class=\"wp-block-heading has-text-align-center\"><strong>2025\/2026<\/strong><\/h2>\n\n\n\n<h3 class=\"wp-block-heading has-text-align-center\"><strong>Kampus W\u00f3ycickiego<\/strong><\/h3>\n\n\n\n<figure class=\"wp-block-image size-large\"><a href=\"https:\/\/ksztalcenie.uksw.edu.pl\/wp-content\/uploads\/sites\/22\/2025\/07\/Woycickiego-zjazdy-2025-2026_popr-scaled.jpg\" target=\"_blank\" rel=\" noreferrer noopener\"><img decoding=\"async\" width=\"1024\" height=\"695\" src=\"https:\/\/ksztalcenie.uksw.edu.pl\/wp-content\/uploads\/sites\/22\/2025\/07\/Woycickiego-zjazdy-2025-2026_popr-1024x695.jpg\" alt=\"\" class=\"wp-image-6717\" srcset=\"https:\/\/ksztalcenie.uksw.edu.pl\/wp-content\/uploads\/sites\/22\/2025\/07\/Woycickiego-zjazdy-2025-2026_popr-1024x695.jpg 1024w, https:\/\/ksztalcenie.uksw.edu.pl\/wp-content\/uploads\/sites\/22\/2025\/07\/Woycickiego-zjazdy-2025-2026_popr-300x204.jpg 300w, https:\/\/ksztalcenie.uksw.edu.pl\/wp-content\/uploads\/sites\/22\/2025\/07\/Woycickiego-zjazdy-2025-2026_popr-768x521.jpg 768w, https:\/\/ksztalcenie.uksw.edu.pl\/wp-content\/uploads\/sites\/22\/2025\/07\/Woycickiego-zjazdy-2025-2026_popr-1536x1043.jpg 1536w, https:\/\/ksztalcenie.uksw.edu.pl\/wp-content\/uploads\/sites\/22\/2025\/07\/Woycickiego-zjazdy-2025-2026_popr-2048x1391.jpg 2048w\" sizes=\"(max-width: 1024px) 100vw, 1024px\" \/><\/a><\/figure>\n\n\n\n<p><span style=\"text-decoration: underline\">SKR\u00d3TY:<\/span><br>&#8211; WFCH &#8211; Wydzia\u0142 Filozofii Chrze\u015bcija\u0144skiej<br>&#8211; WMP &#8211; Wydzia\u0142 Matematyczno-Przyrodniczy. Szko\u0142a Nauk \u015acis\u0142ych<br>&#8211; WNP &#8211; Wydzia\u0142 Nauk Pedagogicznych<br>&#8211; WPiA &#8211; Wydzia\u0142 Prawa i Administracji<br>&#8211; WSE &#8211; Wydzia\u0142 Spo\u0142eczno-Ekonomiczny &#8211; E+BW<br>&#8211; WSE-e &#8211; Wydzia\u0142 Spo\u0142eczno-Ekonomiczny &#8211; Ekonomia<br>&#8211; WSE-bw &#8211; Wydzia\u0142 Spo\u0142eczno-Ekonomiczny &#8211; Bezpiecze\u0144stwo Wewn\u0119trzne<br>&#8211; WSR &#8211; Wydzia\u0142 Studi\u00f3w nad Rodzin\u0105<\/p>\n\n\n\n<h3 class=\"wp-block-heading has-text-align-center\"><strong>Kampus Dewajtis<\/strong><\/h3>\n\n\n\n<figure class=\"wp-block-image size-large\"><a href=\"https:\/\/ksztalcenie.uksw.edu.pl\/wp-content\/uploads\/sites\/22\/2025\/06\/Dewajtis-zjazdy-2025-26-scaled.jpg\" target=\"_blank\" rel=\" noreferrer noopener\"><img decoding=\"async\" width=\"1024\" height=\"479\" src=\"https:\/\/ksztalcenie.uksw.edu.pl\/wp-content\/uploads\/sites\/22\/2025\/06\/Dewajtis-zjazdy-2025-26-1024x479.jpg\" alt=\"tabela z wskazuj\u0105ca, kt\u00f3re wydzia\u0142y na Dewajtis kiedy maj\u0105 zjazd w ci\u0105gu ca\u0142ego roku akademickiego z zaznaczeniem zjazd\u00f3w zdalnych i egzaminacyjnych\" class=\"wp-image-6611\" srcset=\"https:\/\/ksztalcenie.uksw.edu.pl\/wp-content\/uploads\/sites\/22\/2025\/06\/Dewajtis-zjazdy-2025-26-1024x479.jpg 1024w, https:\/\/ksztalcenie.uksw.edu.pl\/wp-content\/uploads\/sites\/22\/2025\/06\/Dewajtis-zjazdy-2025-26-300x140.jpg 300w, https:\/\/ksztalcenie.uksw.edu.pl\/wp-content\/uploads\/sites\/22\/2025\/06\/Dewajtis-zjazdy-2025-26-768x359.jpg 768w, https:\/\/ksztalcenie.uksw.edu.pl\/wp-content\/uploads\/sites\/22\/2025\/06\/Dewajtis-zjazdy-2025-26-1536x718.jpg 1536w, https:\/\/ksztalcenie.uksw.edu.pl\/wp-content\/uploads\/sites\/22\/2025\/06\/Dewajtis-zjazdy-2025-26-2048x958.jpg 2048w\" sizes=\"(max-width: 1024px) 100vw, 1024px\" \/><\/a><\/figure>\n\n\n\n<p><span style=\"text-decoration: underline\">SKR\u00d3TY:<\/span><br>&#8211; WNH &#8211; Wydzia\u0142 Nauk Humanistycznych<br>&#8211; WPK &#8211; Wydzia\u0142 Prawa Kanonicznego<br>&#8211; WT &#8211; Wydzia\u0142 Teologiczny<\/p>\n\n\n\n<div style=\"height:81px\" aria-hidden=\"true\" class=\"wp-block-spacer\"><\/div>\n\n\n<\/div>\n<\/div>\n\n\n\n<div class=\"wp-block-columns\">\n<div class=\"wp-block-column\" style=\"flex-basis:25%\"><\/div>\n\n\n\n<div class=\"wp-block-column\" style=\"flex-basis:50%\"><\/div>\n\n\n\n<div class=\"wp-block-column\" style=\"flex-basis:25%\"><\/div>\n<\/div>\n\n\n\n\n\n<div style=\"height:57px\" aria-hidden=\"true\" class=\"wp-block-spacer\"><\/div>\n\n\n\n<div class=\"wp-block-columns\">\n<div class=\"wp-block-column\" style=\"flex-basis:25%\"><\/div>\n\n\n\n<div class=\"wp-block-column\" style=\"flex-basis:50%\"><\/div>\n\n\n\n<div class=\"wp-block-column\" style=\"flex-basis:25%\"><\/div>\n<\/div>\n\n\n","protected":false},"excerpt":{"rendered":"<p>2025\/2026 Kampus W\u00f3ycickiego SKR\u00d3TY:&#8211; WFCH &#8211; Wydzia\u0142 Filozofii Chrze\u015bcija\u0144skiej&#8211; WMP &#8211; Wydzia\u0142 Matematyczno-Przyrodniczy. Szko\u0142a Nauk \u015acis\u0142ych&#8211; WNP &#8211; Wydzia\u0142 Nauk Pedagogicznych&#8211; WPiA &#8211; Wydzia\u0142 Prawa i Administracji&#8211; WSE &#8211; Wydzia\u0142 Spo\u0142eczno-Ekonomiczny &#8211; E+BW&#8211; WSE-e &#8211; Wydzia\u0142 Spo\u0142eczno-Ekonomiczny &#8211; Ekonomia&#8211; WSE-bw &#8211; Wydzia\u0142 Spo\u0142eczno-Ekonomiczny &#8211; Bezpiecze\u0144stwo Wewn\u0119trzne&#8211; WSR &#8211; Wydzia\u0142 Studi\u00f3w nad Rodzin\u0105 Kampus Dewajtis SKR\u00d3TY:&#8211; [&hellip;]<\/p>\n","protected":false},"author":1,"featured_media":0,"parent":3668,"menu_order":9,"comment_status":"closed","ping_status":"closed","template":"page-templates\/template-sub-page.php","meta":{"_acf_changed":false,"inline_featured_image":false,"footnotes":"","_links_to":"","_links_to_target":""},"class_list":["post-3774","page","type-page","status-publish","hentry"],"acf":[],"_links":{"self":[{"href":"https:\/\/ksztalcenie.uksw.edu.pl\/pl\/wp-json\/wp\/v2\/pages\/3774","targetHints":{"allow":["GET"]}}],"collection":[{"href":"https:\/\/ksztalcenie.uksw.edu.pl\/pl\/wp-json\/wp\/v2\/pages"}],"about":[{"href":"https:\/\/ksztalcenie.uksw.edu.pl\/pl\/wp-json\/wp\/v2\/types\/page"}],"author":[{"embeddable":true,"href":"https:\/\/ksztalcenie.uksw.edu.pl\/pl\/wp-json\/wp\/v2\/users\/1"}],"replies":[{"embeddable":true,"href":"https:\/\/ksztalcenie.uksw.edu.pl\/pl\/wp-json\/wp\/v2\/comments?post=3774"}],"version-history":[{"count":92,"href":"https:\/\/ksztalcenie.uksw.edu.pl\/pl\/wp-json\/wp\/v2\/pages\/3774\/revisions"}],"predecessor-version":[{"id":6785,"href":"https:\/\/ksztalcenie.uksw.edu.pl\/pl\/wp-json\/wp\/v2\/pages\/3774\/revisions\/6785"}],"up":[{"embeddable":true,"href":"https:\/\/ksztalcenie.uksw.edu.pl\/pl\/wp-json\/wp\/v2\/pages\/3668"}],"wp:attachment":[{"href":"https:\/\/ksztalcenie.uksw.edu.pl\/pl\/wp-json\/wp\/v2\/media?parent=3774"}],"curies":[{"name":"wp","href":"https:\/\/api.w.org\/{rel}","templated":true}]}}