{"id":3775,"date":"2022-11-17T15:33:36","date_gmt":"2022-11-17T14:33:36","guid":{"rendered":"https:\/\/jednostki.uksw.edu.pl\/ksztalcenie\/organiazcja-studiow\/rezerwacja-sal\/"},"modified":"2025-11-06T09:49:16","modified_gmt":"2025-11-06T08:49:16","slug":"rezerwacja-sal","status":"publish","type":"page","link":"https:\/\/ksztalcenie.uksw.edu.pl\/organiazcja-studiow\/rezerwacja-sal\/","title":{"rendered":"Rezerwacja sal"},"content":{"rendered":"\n<p>Piecz\u0119 nad salami dydaktycznymi i konferencyjnymi w UKSW sprawuje Dzia\u0142 Gospodarczo-Administracyjny \u2013 wi\u0119cej na\u00a0<a href=\"https:\/\/dag.uksw.edu.pl\/wynajem\/rezerwacja-sal-dydaktycznych-i-konferencyjnych\/\">stronie <\/a><a href=\"https:\/\/dag.uksw.edu.pl\/wynajem\/rezerwacja-sal-dydaktycznych-i-konferencyjnych\/\" target=\"_blank\" rel=\"noreferrer noopener\">DAGu<\/a>.<\/p>\n\n\n\n<p><strong>Kanclerz UKSW wydaje decyzje dotycz\u0105ce udost\u0119pnienia sal w obiektach UKSW<\/strong>.<br>Wszystkie decyzje dost\u0119pne s\u0105&nbsp;po zalogowaniu&nbsp;na Monitorze UKSW.<\/p>\n\n\n\n<h2 class=\"wp-block-heading\">Sale dydaktyczne<\/h2>\n\n\n\n<p>Rezerwacj\u0105&nbsp;<strong>sal dydaktycznych<\/strong>&nbsp;na zaj\u0119cia zajmuj\u0105 si\u0119&nbsp;<strong>Plani\u015bci<\/strong>&nbsp;lub Dziekanaty poszczeg\u00f3lnych Wydzia\u0142\u00f3w UKSW.<\/p>\n\n\n\n<p><a href=\"http:\/\/sale.srs.uksw.edu.pl\/\" target=\"_blank\" rel=\"noreferrer noopener\">Podgl\u0105d zaj\u0119to\u015bci sal<\/a><\/p>\n\n\n\n<h2 class=\"wp-block-heading\">Sale konferencyjne<\/h2>\n\n\n\n<p>Sale&nbsp;<strong>konferencyjne&nbsp;<\/strong>rezerwuje si\u0119 poprzez system&nbsp;<a rel=\"noreferrer noopener\" href=\"http:\/\/wydarzenia.uksw.edu.pl\/\" target=\"_blank\">http:\/\/wydarzenia.uksw.edu.pl\/<\/a><br>kt\u00f3rego obs\u0142ug\u0105 zajmuje si\u0119 DAG.<\/p>\n","protected":false},"excerpt":{"rendered":"<p>Piecz\u0119 nad salami dydaktycznymi i konferencyjnymi w UKSW sprawuje Dzia\u0142 Gospodarczo-Administracyjny \u2013 wi\u0119cej na\u00a0stronie DAGu. Kanclerz UKSW wydaje decyzje dotycz\u0105ce udost\u0119pnienia sal w obiektach UKSW.Wszystkie decyzje dost\u0119pne s\u0105&nbsp;po zalogowaniu&nbsp;na Monitorze UKSW. Sale dydaktyczne Rezerwacj\u0105&nbsp;sal dydaktycznych&nbsp;na zaj\u0119cia zajmuj\u0105 si\u0119&nbsp;Plani\u015bci&nbsp;lub Dziekanaty poszczeg\u00f3lnych Wydzia\u0142\u00f3w UKSW. Podgl\u0105d zaj\u0119to\u015bci sal Sale konferencyjne Sale&nbsp;konferencyjne&nbsp;rezerwuje si\u0119 poprzez system&nbsp;http:\/\/wydarzenia.uksw.edu.pl\/kt\u00f3rego obs\u0142ug\u0105 zajmuje si\u0119 DAG.<\/p>\n","protected":false},"author":1,"featured_media":0,"parent":3668,"menu_order":10,"comment_status":"closed","ping_status":"closed","template":"page-templates\/template-sub-page.php","meta":{"_acf_changed":false,"inline_featured_image":false,"footnotes":"","_links_to":"","_links_to_target":""},"class_list":["post-3775","page","type-page","status-publish","hentry"],"acf":[],"_links":{"self":[{"href":"https:\/\/ksztalcenie.uksw.edu.pl\/pl\/wp-json\/wp\/v2\/pages\/3775","targetHints":{"allow":["GET"]}}],"collection":[{"href":"https:\/\/ksztalcenie.uksw.edu.pl\/pl\/wp-json\/wp\/v2\/pages"}],"about":[{"href":"https:\/\/ksztalcenie.uksw.edu.pl\/pl\/wp-json\/wp\/v2\/types\/page"}],"author":[{"embeddable":true,"href":"https:\/\/ksztalcenie.uksw.edu.pl\/pl\/wp-json\/wp\/v2\/users\/1"}],"replies":[{"embeddable":true,"href":"https:\/\/ksztalcenie.uksw.edu.pl\/pl\/wp-json\/wp\/v2\/comments?post=3775"}],"version-history":[{"count":7,"href":"https:\/\/ksztalcenie.uksw.edu.pl\/pl\/wp-json\/wp\/v2\/pages\/3775\/revisions"}],"predecessor-version":[{"id":6922,"href":"https:\/\/ksztalcenie.uksw.edu.pl\/pl\/wp-json\/wp\/v2\/pages\/3775\/revisions\/6922"}],"up":[{"embeddable":true,"href":"https:\/\/ksztalcenie.uksw.edu.pl\/pl\/wp-json\/wp\/v2\/pages\/3668"}],"wp:attachment":[{"href":"https:\/\/ksztalcenie.uksw.edu.pl\/pl\/wp-json\/wp\/v2\/media?parent=3775"}],"curies":[{"name":"wp","href":"https:\/\/api.w.org\/{rel}","templated":true}]}}