{"id":3776,"date":"2022-11-17T15:33:37","date_gmt":"2022-11-17T14:33:37","guid":{"rendered":"https:\/\/jednostki.uksw.edu.pl\/ksztalcenie\/pracownicy-2\/obowiazki-nauczycieli\/"},"modified":"2026-03-03T11:26:06","modified_gmt":"2026-03-03T10:26:06","slug":"obowiazki-nauczycieli","status":"publish","type":"page","link":"https:\/\/ksztalcenie.uksw.edu.pl\/pracownicy\/obowiazki-nauczycieli\/","title":{"rendered":"Obowi\u0105zki Nauczycieli"},"content":{"rendered":"\n<h2 class=\"wp-block-heading\">Cytaty z akt\u00f3w prawnych<\/h2>\n\n\n\n<h3 class=\"wp-block-heading\">w Ustawie<\/h3>\n\n\n\n<blockquote class=\"wp-block-quote is-layout-flow wp-block-quote-is-layout-flow\">\n<p><a href=\"https:\/\/isap.sejm.gov.pl\/isap.nsf\/DocDetails.xsp?id=WDU20240001571\">Ustawa PSWiN Art. 115<\/a><\/p>\n\n\n\n<p><em>1. Do podstawowych obowi\u0105zk\u00f3w nauczyciela akademickiego b\u0119d\u0105cego pracownikiem:<br>1.1. dydaktycznym \u2013 nale\u017cy kszta\u0142cenie i wychowywanie student\u00f3w lub uczestniczenie w kszta\u0142ceniu doktorant\u00f3w;<br>1.2. badawczym \u2013 nale\u017cy prowadzenie dzia\u0142alno\u015bci naukowej lub uczestniczenie w kszta\u0142ceniu doktorant\u00f3w;<br>1.3. badawczo-dydaktycznym&nbsp;\u2013 nale\u017cy prowadzenie dzia\u0142alno\u015bci naukowej, kszta\u0142cenie i wychowywanie student\u00f3w lub uczestniczenie w kszta\u0142ceniu doktorant\u00f3w.<br>2. <strong>Nauczyciel akademicki jest obowi\u0105zany do uczestniczenia w pracach organizacyjnych na rzecz uczelni oraz sta\u0142ego podnoszenia kompetencji zawodowych<\/strong>.<\/em><\/p>\n\n\n\n<p><a href=\"https:\/\/isap.sejm.gov.pl\/isap.nsf\/DocDetails.xsp?id=WDU20240001571\" target=\"_blank\" rel=\"noreferrer noopener\">Ustawa PSWiN Art. 127<\/a><\/p>\n<cite>1. Nauczyciela akademickiego obowi\u0105zuje <strong>system zadaniowego czasu pracy<\/strong>. [&#8230;]<br>6. W szczeg\u00f3lnych przypadkach, uzasadnionych konieczno\u015bci\u0105 realizacji programu studi\u00f3w, nauczyciel akademicki mo\u017ce by\u0107 obowi\u0105zany do prowadzenia zaj\u0119\u0107 dydaktycznych w godzinach ponadwymiarowych, w wymiarze nieprzekraczaj\u0105cym:<br>1) 1\/4 rocznego wymiaru zaj\u0119\u0107 dydaktycznych \u2013 dla pracownika badawczo-dydaktycznego;<br>2) 1\/2 rocznego wymiaru zaj\u0119\u0107 dydaktycznych \u2013 dla pracownika dydaktycznego.<br>7. Nauczycielowi akademickiemu, za jego zgod\u0105, mo\u017ce by\u0107 powierzone prowadzenie zaj\u0119\u0107 dydaktycznych w godzinach ponadwymiarowych w wymiarze <strong>nieprzekraczaj\u0105cym dwukrotno\u015bci rocznego wymiaru <\/strong>zaj\u0119\u0107 dydaktycznych.<\/cite><\/blockquote>\n\n\n\n<h3 class=\"wp-block-heading\">w Regulaminie studi\u00f3w UKSW<\/h3>\n\n\n\n<blockquote class=\"wp-block-quote is-layout-flow wp-block-quote-is-layout-flow\">\n<p><a href=\"https:\/\/monitor.uksw.edu.pl\/docs\/8259\" target=\"_blank\" rel=\"noreferrer noopener\">Regulamin studi\u00f3w UKSW \u00a7 25 ust. 8<\/a><\/p>\n<cite><em>Wszyscy nauczyciele akademiccy s\u0105 zobowi\u0105zani do dokumentowania wynik\u00f3w egzamin\u00f3w i zalicze\u0144 w protoko\u0142ach przedmiot\u00f3w w formie elektronicznej w systemie USOSweb oraz w postaci wydruku komputerowego z tego systemu po\u015bwiadczonego w\u0142asnor\u0119cznym podpisem.<\/em> <em>Termin sk\u0142adania protoko\u0142\u00f3w w postaci wydruku z systemu okre\u015bla dziekan, jednak\u017ce nie p\u00f3\u017aniej ni\u017c w okresie siedmiu dni od ostatniego dnia poprawkowej sesji egzaminacyjnej danego semestru (trymestru).<\/em><\/cite><\/blockquote>\n\n\n\n<h2 class=\"wp-block-heading\">Zakres obowi\u0105zk\u00f3w<\/h2>\n\n\n\n<p>Zakresy obowi\u0105zk\u00f3w nauczycieli akademickich UKSW s\u0105 wymienione w \u00a7 42 Regulaminu pracy UKSW.<\/p>\n\n\n\n<div class=\"wp-block-file\"><a id=\"wp-block-file--media-31bbfb91-31db-459b-b57e-5a7b2937251e\" href=\"https:\/\/ksztalcenie.uksw.edu.pl\/wp-content\/uploads\/sites\/22\/2025\/07\/zadania-badawcze.png\">zadania-badawcze<\/a><\/div>\n\n\n\n<div style=\"height:11px\" aria-hidden=\"true\" class=\"wp-block-spacer\"><\/div>\n\n\n\n<div class=\"wp-block-file\"><a id=\"wp-block-file--media-588c8d35-ffe2-4b22-bfaf-7024f6ada862\" href=\"https:\/\/ksztalcenie.uksw.edu.pl\/wp-content\/uploads\/sites\/22\/2025\/07\/zadania-dydaktyczne.png\">zadania-dydaktyczne<\/a><\/div>\n\n\n\n<div style=\"height:10px\" aria-hidden=\"true\" class=\"wp-block-spacer\"><\/div>\n\n\n\n<div class=\"wp-block-file\"><a id=\"wp-block-file--media-19f3cb1f-96a8-4c03-8699-92e03aca230a\" href=\"https:\/\/ksztalcenie.uksw.edu.pl\/wp-content\/uploads\/sites\/22\/2025\/07\/zadania-organizacyjne.png\">zadania-organizacyjne<\/a><\/div>\n\n\n\n<div style=\"height:20px\" aria-hidden=\"true\" class=\"wp-block-spacer\"><\/div>\n\n\n\n<ul class=\"wp-block-list\">\n<li><a href=\"https:\/\/monitor.uksw.edu.pl\/docs\/8435\">Decyzja Nr 16\/2025<\/a> Prorektora ds. Studenckich i Kszta\u0142cenia UKSW z dn. 23.09.2025 r. ws.<br>ustalenia Procedury post\u0119powania w sprawie <strong>sp\u00f3\u017anienia na zaj\u0119cia i odwo\u0142ania zaj\u0119\u0107<\/strong> dydaktycznych przez osob\u0119 prowadz\u0105c\u0105 zaj\u0119cia<\/li>\n\n\n\n<li><a href=\"https:\/\/monitor.uksw.edu.pl\/docs\/8456\">Decyzja Nr 18\/2025<\/a> Prorektora ds. Studenckich i Kszta\u0142cenia UKSW z dn. 30.09.2025 r. ws.<br>wprowadzenia procedury <strong>zg\u0142aszania przez nauczycieli akademickich do dziekanatu nieobecno\u015bci student\u00f3w pierwszego roku <\/strong>studi\u00f3w na obowi\u0105zkowych zaj\u0119ciach na studiach stacjonarnych<\/li>\n\n\n\n<li><a href=\"https:\/\/monitor.uksw.edu.pl\/docs\/8473\">Decyzja Nr 19\/2025<\/a> Prorektora ds. Studenckich i Kszta\u0142cenia UKSW z dn. 15.10.2025 r. ws.<br>zasad <strong>zawierania um\u00f3w cywilnoprawnych<\/strong> na prowadzenie zaj\u0119\u0107 dydaktycznych<\/li>\n\n\n\n<li>Korzystanie z narz\u0119dzi opartych na AI [<a href=\"https:\/\/ksztalcenie.uksw.edu.pl\/2024\/11\/12\/zasady-korzystania-z-narzedzi-opartych-na-ai\/\" target=\"_blank\" rel=\"noreferrer noopener\">link<\/a>]<\/li>\n<\/ul>\n\n\n\n<h2 class=\"wp-block-heading\">USOS i sylabus<\/h2>\n\n\n\n<ul class=\"wp-block-list\">\n<li><a href=\"https:\/\/monitor.uksw.edu.pl\/docs\/212\" target=\"_blank\" rel=\"noreferrer noopener\">Zarz\u0105dzenie Nr 48\/2014&nbsp;<\/a>Rektora UKSW z dn. 16.07.2014 ws. <strong>obowi\u0105zk\u00f3w&nbsp;<\/strong>zwi\u0105zanych z przeprowadzaniem egzamin\u00f3w i zalicze\u0144 oraz dokumentowaniem ich wynik\u00f3w w systemie USOS <\/li>\n<\/ul>\n\n\n\n<ul class=\"wp-block-list\">\n<li>Zarz\u0105dzenie <a href=\"https:\/\/monitor.uksw.edu.pl\/docs\/6354\" target=\"_blank\" rel=\"noreferrer noopener\">Nr 10\/2022<\/a>&nbsp;Rektora UKSW z dn. 24.02.2022, (zmienione. Zarz. Nr <a href=\"https:\/\/monitor.uksw.edu.pl\/docs\/7519\" target=\"_blank\" rel=\"noreferrer noopener\">25\/2024<\/a> i Zarz. Nr <a href=\"https:\/\/monitor.uksw.edu.pl\/docs\/8287\" target=\"_blank\" rel=\"noreferrer noopener\">37\/2025<\/a>) ws. zasad przygotowania i publikowania kart opisu przedmiotu (sylabusa)<\/li>\n<\/ul>\n\n\n\n<p>&#8211; tekst jednolity zarz\u0105dzenia &#8211; [pobierz <a href=\"https:\/\/monitor.uksw.edu.pl\/docs\/download\/d2e4bf1eecc23defeb790578e4171a2e\">pdf<\/a>]<br>&#8211; za\u0142. nr 1. obja\u015bnienia&nbsp;poszczeg\u00f3lnych p\u00f3l sylabusa w USOSweb &#8211; [pobierz <a href=\"https:\/\/monitor.uksw.edu.pl\/docs\/download\/9b3566794eeca8f53013481f0c2495c2\">pdf<\/a>]<br>&#8211; za\u0142. nr 2. wz\u00f3r sylabusa na stron\u0119 www wydzia\u0142u &#8211; [plik Word do pobrania poni\u017cej]<\/p>\n\n\n\n<div class=\"wp-block-file\"><a id=\"wp-block-file--media-86ababf2-923f-4888-9172-bab0b925c8e4\" href=\"https:\/\/ksztalcenie.uksw.edu.pl\/wp-content\/uploads\/sites\/22\/2025\/06\/sylabus_na_strone_www.docx\" target=\"_blank\" rel=\"noreferrer noopener\">sylabus na stron\u0119 www<\/a><\/div>\n\n\n\n<p><br>&#8211; instrukcja&nbsp;techniczno-merytoryczna&nbsp;wype\u0142niania poszczeg\u00f3lnych p\u00f3l sylabusa &#8211; [<a href=\"https:\/\/office365uksw.sharepoint.com\/:b:\/t\/DziaKsztacenia\/EZHJwTNkZppIokyzLfz8FnIBWODoZ9CmE9j2OANtmqzIlA?e=5Nl4oL\" target=\"_blank\" rel=\"noreferrer noopener\">link<\/a>]<\/p>\n\n\n\n<ul class=\"wp-block-list\">\n<li>Materia\u0142y ze szkolenia dotycz\u0105cego obowi\u0105zk\u00f3w Nauczycieli Akademickich przeprowadzonego dla WMCM w dniu 01.10.2021 dost\u0119pne s\u0105&nbsp;<strong>w punkcie 6 zak\u0142adki&nbsp;<a href=\"https:\/\/ksztalcenie.uksw.edu.pl\/pracownicy\/materialy-szkoleniowe\/\" data-type=\"page\" data-id=\"3781\">Materia\u0142y szkoleniowe<\/a>.<\/strong><\/li>\n<\/ul>\n\n\n\n<h2 class=\"wp-block-heading\">Rozw\u00f3j<\/h2>\n\n\n\n<ul class=\"wp-block-list\">\n<li><a href=\"https:\/\/monitor.uksw.edu.pl\/docs\/8434\">Decyzja Nr 15\/2025<\/a> Prorektora ds. Studenckich i Kszta\u0142cenia UKSW z dn. 23.09.2025 ws.<br>zasad <strong>doskonalenia umiej\u0119tno\u015bci dydaktycznych<\/strong> nauczycieli akademickich zatrudnionych w Uniwersytecie Kardyna\u0142a Stefana Wyszy\u0144skiego w Warszawie<\/li>\n<\/ul>\n\n\n\n<h2 class=\"wp-block-heading\">Ocena okresowa<\/h2>\n\n\n\n<ul class=\"wp-block-list\">\n<li><a href=\"https:\/\/monitor.uksw.edu.pl\/docs\/8652\" target=\"_blank\" rel=\"noreferrer noopener\">Zarz\u0105dzenie Nr 13\/2026 <\/a>Rektora Uniwersytetu Kardyna\u0142a Stefana Wyszy\u0144skiego w Warszawie z dnia 26 lutego 2026 r. w sprawie <strong>szczeg\u00f3\u0142owego zakresu oceny okresowej nauczycieli<\/strong> akademickich\n<ul class=\"wp-block-list\">\n<li class=\"has-small-font-size\">poprzedni akt w tej sprawie:<br><a href=\"https:\/\/monitor.uksw.edu.pl\/docs\/8616\" target=\"_blank\" rel=\"noreferrer noopener\">Obwieszczenie Nr 1\/2026<\/a> Rektora Uniwersytetu Kardyna\u0142a Stefana Wyszy\u0144skiego w Warszawie z dnia 5 lutego 2026 r. w sprawie og\u0142oszenia tekstu jednolitego <a href=\"https:\/\/monitor.uksw.edu.pl\/docs\/4690\" target=\"_blank\" rel=\"noreferrer noopener\">Zarz\u0105dzenie Nr 64\/2019<\/a> Rektora Uniwersytetu Kardyna\u0142a Stefana Wyszy\u0144skiego w Warszawie z dnia 23 grudnia 2019 r. w sprawie szczeg\u00f3\u0142owego zakresu oceny okresowej nauczycieli akademickich.<\/li>\n<\/ul>\n<\/li>\n<\/ul>\n\n\n\n<h2 class=\"wp-block-heading\">Hospitacje<\/h2>\n\n\n\n<ul class=\"wp-block-list\">\n<li><a href=\"https:\/\/monitor.uksw.edu.pl\/docs\/6335\" target=\"_blank\" rel=\"noreferrer noopener\">Zarz\u0105dzenie Nr 6\/2022<\/a>&nbsp;Rektora UKSW z dn. 03.02.2022 ws.&nbsp;<strong>procedury hospitacji&nbsp;<\/strong>zaj\u0119\u0107 dydaktycznych w UKSW, edytowalne za\u0142\u0105czniki:<\/li>\n<\/ul>\n\n\n\n<div class=\"wp-block-file\"><a id=\"wp-block-file--media-f72d221b-7c93-4469-bd9a-0ebcc74774d3\" href=\"https:\/\/ksztalcenie.uksw.edu.pl\/wp-content\/uploads\/sites\/22\/2022\/11\/procedury_hospitacji_zajec_zal_1_harmonogram.docx\" target=\"_blank\" rel=\"noreferrer noopener\">procedury hospitacji zaj\u0119\u0107 &#8211; zal. 1. harmonogram<\/a><\/div>\n\n\n\n<div class=\"wp-block-file\"><a id=\"wp-block-file--media-b4fc2b35-ff81-4923-90b3-759e0e15ea71\" href=\"https:\/\/ksztalcenie.uksw.edu.pl\/wp-content\/uploads\/sites\/22\/2022\/11\/procedury_hospitacji_zajec_zal_2_protokol.docx\" target=\"_blank\" rel=\"noreferrer noopener\">procedury hospitacji zaj\u0119\u0107 &#8211; zal. 2. protok\u00f3\u0142<\/a><\/div>\n\n\n\n<div class=\"wp-block-file\"><a id=\"wp-block-file--media-d7a676e0-d6a3-4020-84c1-e0e6bbd967a0\" href=\"https:\/\/ksztalcenie.uksw.edu.pl\/wp-content\/uploads\/sites\/22\/2022\/11\/procedury_hospitacji_zajec_zal_3_protokol-zbiorczy.docx\" target=\"_blank\" rel=\"noreferrer noopener\">procedury hospitacji zaj\u0119\u0107 &#8211; zal. 3. protok\u00f3\u0142 zbiorczy<\/a><\/div>\n","protected":false},"excerpt":{"rendered":"<p>Cytaty z akt\u00f3w prawnych w Ustawie Ustawa PSWiN Art. 115 1. Do podstawowych obowi\u0105zk\u00f3w nauczyciela akademickiego b\u0119d\u0105cego pracownikiem:1.1. dydaktycznym \u2013 nale\u017cy kszta\u0142cenie i wychowywanie student\u00f3w lub uczestniczenie w kszta\u0142ceniu doktorant\u00f3w;1.2. badawczym \u2013 nale\u017cy prowadzenie dzia\u0142alno\u015bci naukowej lub uczestniczenie w kszta\u0142ceniu doktorant\u00f3w;1.3. badawczo-dydaktycznym&nbsp;\u2013 nale\u017cy prowadzenie dzia\u0142alno\u015bci naukowej, kszta\u0142cenie i wychowywanie student\u00f3w lub uczestniczenie w kszta\u0142ceniu doktorant\u00f3w.2. [&hellip;]<\/p>\n","protected":false},"author":1,"featured_media":0,"parent":3714,"menu_order":11,"comment_status":"closed","ping_status":"closed","template":"page-templates\/template-sub-page.php","meta":{"_acf_changed":false,"inline_featured_image":false,"footnotes":"","_links_to":"","_links_to_target":""},"class_list":["post-3776","page","type-page","status-publish","hentry"],"acf":[],"_links":{"self":[{"href":"https:\/\/ksztalcenie.uksw.edu.pl\/pl\/wp-json\/wp\/v2\/pages\/3776","targetHints":{"allow":["GET"]}}],"collection":[{"href":"https:\/\/ksztalcenie.uksw.edu.pl\/pl\/wp-json\/wp\/v2\/pages"}],"about":[{"href":"https:\/\/ksztalcenie.uksw.edu.pl\/pl\/wp-json\/wp\/v2\/types\/page"}],"author":[{"embeddable":true,"href":"https:\/\/ksztalcenie.uksw.edu.pl\/pl\/wp-json\/wp\/v2\/users\/1"}],"replies":[{"embeddable":true,"href":"https:\/\/ksztalcenie.uksw.edu.pl\/pl\/wp-json\/wp\/v2\/comments?post=3776"}],"version-history":[{"count":29,"href":"https:\/\/ksztalcenie.uksw.edu.pl\/pl\/wp-json\/wp\/v2\/pages\/3776\/revisions"}],"predecessor-version":[{"id":7223,"href":"https:\/\/ksztalcenie.uksw.edu.pl\/pl\/wp-json\/wp\/v2\/pages\/3776\/revisions\/7223"}],"up":[{"embeddable":true,"href":"https:\/\/ksztalcenie.uksw.edu.pl\/pl\/wp-json\/wp\/v2\/pages\/3714"}],"wp:attachment":[{"href":"https:\/\/ksztalcenie.uksw.edu.pl\/pl\/wp-json\/wp\/v2\/media?parent=3776"}],"curies":[{"name":"wp","href":"https:\/\/api.w.org\/{rel}","templated":true}]}}