{"id":3777,"date":"2022-11-17T15:33:37","date_gmt":"2022-11-17T14:33:37","guid":{"rendered":"https:\/\/jednostki.uksw.edu.pl\/ksztalcenie\/pracownicy-2\/pensum-i-stawki-jsa-jednolity-system-antyplagiatowy\/"},"modified":"2025-11-28T11:11:45","modified_gmt":"2025-11-28T10:11:45","slug":"pensum-i-stawki","status":"publish","type":"page","link":"https:\/\/ksztalcenie.uksw.edu.pl\/pracownicy\/pensum-i-stawki\/","title":{"rendered":"Pensum i stawki"},"content":{"rendered":"\n<h2 class=\"wp-block-heading\">1. Pensum \u2013 Regulamin&nbsp;Pracy<\/h2>\n\n\n\n<div class=\"wp-block-file\"><a id=\"wp-block-file--media-cd5a7911-6dec-42bc-8b86-bc33cecb2f2d\" href=\"https:\/\/ksztalcenie.uksw.edu.pl\/wp-content\/uploads\/sites\/22\/2022\/11\/fragment_regulaminu_pracy_uksw_po_3_zmianach.pdf\" target=\"_blank\" rel=\"noreferrer noopener\">STARE_fragment_regulaminu_pracy_uksw_po_3_zmianach<\/a><\/div>\n\n\n\n<p>stary Regulamin pracy Zarz\u0105dzenie <a href=\"https:\/\/monitor.uksw.edu.pl\/docs\/4416\" target=\"_blank\" rel=\"noreferrer noopener\">38\/2019<\/a>, zm. Z <a href=\"https:\/\/monitor.uksw.edu.pl\/docs\/5032\" target=\"_blank\" rel=\"noreferrer noopener\">32\/2020<\/a>, Z <a href=\"https:\/\/monitor.uksw.edu.pl\/docs\/5669\" target=\"_blank\" rel=\"noreferrer noopener\">82\/2020<\/a>, Z <a href=\"https:\/\/monitor.uksw.edu.pl\/docs\/6015\" target=\"_blank\" rel=\"noreferrer noopener\">85\/2021<\/a>, Z <a href=\"https:\/\/monitor.uksw.edu.pl\/docs\/6073\" target=\"_blank\" rel=\"noreferrer noopener\">96\/2021<\/a>.<\/p>\n\n\n\n<p>NOWY Regulamin pracy UKSW stanowi za\u0142. do <a href=\"https:\/\/monitor.uksw.edu.pl\/docs\/8345\">Zarz\u0105dzenia Nr 52\/2025<\/a> Rektora UKSW z dn. 25.06.2025.<\/p>\n\n\n\n<h3 class=\"wp-block-heading\">Wymiar<\/h3>\n\n\n\n<p><strong>Regulamin pracy \u00a7 44 ust. 1-3<\/strong><\/p>\n\n\n\n<p>1. Przez roczny wymiar zaj\u0119\u0107 dydaktycznych nauczyciela akademickiego, zwany dalej \u201epensum dydaktycznym\u201d, nale\u017cy rozumie\u0107 obowi\u0105zkowy wymiar zaj\u0119\u0107 dydaktycznych wynikaj\u0105cy z zajmowanego stanowiska w danej grupie pracownik\u00f3w.<\/p>\n\n\n\n<div class=\"wp-block-columns\">\n<div class=\"wp-block-column\" style=\"flex-basis:50%\">\n<p>2. Wymiar pensum dla pe\u0142nego etatu wynosi:<\/p>\n\n\n\n<p>1) dla pracownik\u00f3w w grupie <span style=\"text-decoration: underline\">badawczo-dydaktycznej<\/span> zatrudnionych na stanowiskach:<br>a) profesora &#8211; 180 godz. dydaktycznych<br>b) profesora uczelni &#8211; 210 godz. dydaktycznych<br>c) adiunkta &#8211; 240 godz. dydaktycznych<br>d) asystenta &#8211; 240 godz. dydaktycznych<\/p>\n<\/div>\n\n\n\n<div class=\"wp-block-column\" style=\"flex-basis:50%\">\n<p>2) dla pracownik\u00f3w w grupie <span style=\"text-decoration: underline\">dydaktycznej <\/span>zatrudnionych na stanowiskach:<br>a) profesora &#8211; 240 godz. dydaktycznych<br>b) profesora uczelni &#8211; 270 godz. dydaktycznych<br>c) adiunkta &#8211; 360 godz. dydaktycznych<br>d) asystenta &#8211; 360 godz. dydaktycznych<br>e) starszego wyk\u0142adowcy \u2013 360 godz. dydaktycznych<br>f) wyk\u0142adowcy \u2013 360 godz. dydaktycznych<br>g) lektora, instruktora &#8211; 540 godz. dydaktycznych<\/p>\n<\/div>\n<\/div>\n\n\n\n<p>3. Jedna godzina dydaktyczna wynosi 45 minut.<\/p>\n\n\n\n<h3 class=\"wp-block-heading\">Obni\u017cki<\/h3>\n\n\n\n<p><strong>Regulamin pracy \u00a7 44 ust. 4-5<\/strong> i <strong>\u00a7 45<\/strong> i <strong>\u00a7 48<\/strong><\/p>\n\n\n\n<p><strong>\u00a7 44<\/strong>. <strong>5.<\/strong> Wymiar pensum ulega proporcjonalnie obni\u017ceniu w przypadku:<br>1) nauczyciela akademickiego zatrudnionego po rozpocz\u0119ciu roku akademickiego<br>2) nauczyciela akademickiego, kt\u00f3rego stosunek pracy ustaje przed zako\u0144czeniem roku akademickiego<\/p>\n\n\n\n<p><strong>\u00a7 45<\/strong>.<strong> 4.<\/strong> Obni\u017cenie wymiaru zaj\u0119\u0107 dydaktycznych nie mo\u017ce przekroczy\u0107 1\/3 obowi\u0105zuj\u0105cego wymiaru pensum, z zastrze\u017ceniem ust. 1, z wyj\u0105tkiem zasad wynikaj\u0105cych z zawartych um\u00f3w dotycz\u0105cych realizacji projekt\u00f3w finansowanych ze \u017ar\u00f3de\u0142 zewn\u0119trznych (grant\u00f3w).<br><strong>5.<\/strong> Obni\u017cenie pensum mo\u017ce uzyska\u0107 nauczyciel akademicki, dla kt\u00f3rego UKSW jest podstawowym miejscem pracy.<br><strong>6.<\/strong> Podstaw\u0105 obni\u017cenia pensum na wniosek, mo\u017ce by\u0107 (jedno z poni\u017cszych):<br>1) pe\u0142nienie innych ni\u017c wskazanych w ust. 1 wa\u017cnych zada\u0144 lub funkcji (w uczelni lub poza uczelni\u0105), je\u017celi maj\u0105 istotne znaczenie dla UKSW i wymagaj\u0105 znacznego nak\u0142adu pracy;<br>2) udzia\u0142 nauczyciela akademickiego w realizacji projektu o istotnym znaczeniu dla UKSW; wysoko\u015b\u0107 obni\u017cenia pensum powinna odzwierciedla\u0107 poziom zaanga\u017cowania w realizacj\u0119 projektu;<br>3) uzyskanie stopnia doktora habilitowanego lub tytu\u0142u naukowego;<br>4) inne szczeg\u00f3lne przypadki &#8211; uzasadnione interesem Uniwersytetu.<\/p>\n\n\n\n<p><strong>9.<\/strong> Nauczycielowi akademickiemu korzystaj\u0105cemu z obni\u017cenia pensum dydaktycznego:<br>1) nie powierza si\u0119 zaj\u0119\u0107 dydaktycznych w liczbie przekraczaj\u0105cej wymiar obni\u017conego pensum, chyba \u017ce decyzja w sprawie obni\u017cenia zostanie zmieniona lub uchylona przez Prorektora w\u0142a\u015bciwego ds. kszta\u0142cenia, za zgod\u0105 nauczyciela wyra\u017con\u0105 na pi\u015bmie;<br>2) nie powierza si\u0119 innych zaj\u0119\u0107 o charakterze dydaktycznym (w szczeg\u00f3lno\u015bci na studiach podyplomowych i innych formach kszta\u0142cenia).<\/p>\n\n\n\n<p><strong>\u00a7 48.<\/strong> Je\u017celi, z przyczyn niezale\u017cnych od nauczyciela akademickiego, nie ma mo\u017cliwo\u015bci powierzenia mu zaj\u0119\u0107 dydaktycznych w liczbie odpowiadaj\u0105cej pensum dydaktycznemu, o kt\u00f3rym mowa w \u00a7 44 ust. 2, z uwzgl\u0119dnieniem godzin, o kt\u00f3rych mowa w \u00a7 47, rektor na wniosek dziekana mo\u017ce powierzy\u0107 w ramach obci\u0105\u017cenia dydaktycznego tego nauczyciela, zaj\u0119cia wynikaj\u0105ce z aktualnych potrzeb Uniwersytetu w innych jednostkach organizacyjnych. Je\u015bli nauczyciel nie wyrazi zgody na realizacj\u0119 proponowanych zaj\u0119\u0107 rektor mo\u017ce podj\u0105\u0107 decyzj\u0119 o obni\u017ceniu wymiaru etatu.<\/p>\n\n\n\n<h3 class=\"wp-block-heading\">Przeliczniki<\/h3>\n\n\n\n<p><strong>Regulamin pracy \u00a7 47<\/strong><\/p>\n\n\n\n<p><strong>1.<\/strong> Ustala si\u0119 wsp\u00f3\u0142czynnik przeliczeniowy r\u00f3wny 1,0 dla wszystkich form zaj\u0119\u0107, chyba, \u017ce w Regulaminie postanowiono inaczej.<br><strong>2.<\/strong> Do zaj\u0119\u0107 dydaktycznych, wliczanych w obowi\u0105zuj\u0105cy wymiar pensum zalicza si\u0119 dodatkowo:<br>1) ca\u0142odzienne \u0107wiczenia terenowe realizowane poza siedzib\u0105 UKSW tj. objazdy naukowe i wykopaliska \u20138 godzin za ka\u017cdy dzie\u0144 takich zaj\u0119\u0107, niezale\u017cnie od okresu, w kt\u00f3rym si\u0119 odbywaj\u0105;<br>2) opiek\u0119 nad studentami studiuj\u0105cymi wed\u0142ug indywidualnej organizacji studi\u00f3w w wymiarze 4 godziny za ka\u017cdego studenta, nie wi\u0119cej jednak ni\u017c 20 godzin rocznie;<br>3) tutoring z wybitnie uzdolnionymi studentami lub osi\u0105gaj\u0105cymi wysokie wyniki w nauce lub wymagaj\u0105cymi wsparcia z powodu do\u015bwiadczanych trudno\u015bci w nauce \u2013 nie wi\u0119cej ni\u017c 15 godzin na studenta w semestrze;<br>4) seminaria doktoranckie w szkole doktorskiej w grupach licz\u0105cych mniej ni\u017c 4 osoby \u2013 15 godzin na ka\u017cdego doktoranta rocznie;<br>5) seminarium dyplomowe w grupach licz\u0105cych mniej ni\u017c 6 os\u00f3b &#8211; 5 godzin za ka\u017cdego studenta w semestrze, prowadzonych w kontakcie bezpo\u015brednim. W grupach licz\u0105cych 6 i wi\u0119cej os\u00f3b, maksymalna liczba godzin okre\u015blona jest w programie studi\u00f3w a zaj\u0119cia odbywaj\u0105 si\u0119 zgodnie z kart\u0105 przedmiotu;<br>6) opiek\u0119 nad studentami realizuj\u0105cymi prace dyplomowe o charakterze do\u015bwiadczalnym w laboratorium specjalistycznym na kierunkach: biologia, chemia, fizyka, informatyka, in\u017cynieria \u015brodowiska, ochrona \u015brodowiska &#8211; 10 godzin za ka\u017cdego studenta w semestrze, nie wi\u0119cej ni\u017c do wysoko\u015bci liczby godzin okre\u015blonej w programie studi\u00f3w;<br>7) konsultacje w j\u0119zyku obcym wraz z przeprowadzeniem zaliczenia przedmiotu wyk\u0142adanego w j\u0119zyku polskim ze studentami zagranicznymi studiuj\u0105cymi w ramach programu mobilno\u015bci student\u00f3w. Maksymalny wymiar godzin zaliczonych do pensum nie mo\u017ce przekroczy\u0107 5 godzin za jednego studenta.<br>8) opiek\u0119 nad pracami dyplomowymi student\u00f3w, gdzie do \u0142\u0105cznego pensum z tego tytu\u0142u nie mo\u017ce by\u0107 wliczane wi\u0119cej ni\u017c 60 godzin rocznie (\u0142\u0105cznie na studiach pierwszego, drugiego stopnia oraz jednolitych magisterskich);<br>9) do pensum dydaktycznego zaliczane s\u0105 zaj\u0119cia dydaktyczne obj\u0119te programem studi\u00f3w stacjonarnych i niestacjonarnych oraz czas przeznaczony na kszta\u0142cenie doktorant\u00f3w;<br>10) dla zaj\u0119\u0107 prowadzonych w ca\u0142o\u015bci w j\u0119zykach obcych (nie dotyczy lektorat\u00f3w, translatori\u00f3w) przez nauczycieli akademickich, dla kt\u00f3rych j\u0119zyk zaj\u0119\u0107 nie jest j\u0119zykiem ojczystym ustala si\u0119 przelicznik o warto\u015bci 2,0.<\/p>\n\n\n\n<h3 class=\"wp-block-heading\">Kszta\u0142cenie na odleg\u0142o\u015b\u0107<\/h3>\n\n\n\n<p><strong>Rozporz\u0105dzenie ws. studi\u00f3w \u00a7 12 ust. 1<\/strong><\/p>\n\n\n\n<ol class=\"wp-block-list\">\n<li>Zaj\u0119cia mog\u0105 by\u0107 prowadzone z wykorzystaniem metod i technik kszta\u0142cenia na odleg\u0142o\u015b\u0107, je\u017celi spe\u0142niono&nbsp;\u0142\u0105cznie&nbsp;nast\u0119puj\u0105ce wymagania:\n<ol class=\"wp-block-list\">\n<li>nauczyciele akademiccy i inne osoby prowadz\u0105ce zaj\u0119cia&nbsp;<strong>s\u0105 przygotowani<\/strong>&nbsp;do ich realizacji z wykorzystaniem metod i technik kszta\u0142cenia na odleg\u0142o\u015b\u0107, a realizacja zaj\u0119\u0107 jest na bie\u017c\u0105co kontrolowana przez uczelni\u0119;<\/li>\n\n\n\n<li><strong>dost\u0119p do infrastruktury<\/strong>&nbsp;informatycznej i oprogramowania umo\u017cliwia synchroniczn\u0105 i asynchroniczn\u0105 interakcj\u0119 mi\u0119dzy studentami a nauczycielami akademickimi i innymi osobami prowadz\u0105cymi zaj\u0119cia;<\/li>\n\n\n\n<li>zapewniono&nbsp;<strong>materia\u0142y dydaktyczne<\/strong>&nbsp;opracowane w formie elektronicznej;<\/li>\n\n\n\n<li>studenci maj\u0105&nbsp;<strong>mo\u017cliwo\u015b\u0107 osobistych konsultacji<\/strong>&nbsp;z nauczycielami akademickimi i innymi osobami prowadz\u0105cymi zaj\u0119cia w siedzibie uczelni lub w jej filii;<\/li>\n\n\n\n<li>weryfikacja osi\u0105gni\u0119cia przez student\u00f3w efekt\u00f3w uczenia si\u0119 odbywa si\u0119 przez&nbsp;<strong>bie\u017c\u0105c\u0105 kontrol\u0119&nbsp;<\/strong>post\u0119p\u00f3w w nauce;<\/li>\n\n\n\n<li>studenci odbyli&nbsp;<strong>szkolenia<\/strong>&nbsp;przygotowuj\u0105ce do udzia\u0142u w tych zaj\u0119ciach.<\/li>\n<\/ol>\n<\/li>\n<\/ol>\n\n\n\n<p><strong>Regulamin pracy \u00a7 44 ust. 8 <\/strong><\/p>\n\n\n\n<p>Nauczyciel akademicki mo\u017ce prowadzi\u0107 zaj\u0119cia dydaktyczne technikami i metodami kszta\u0142cenia na odleg\u0142o\u015b\u0107, kt\u00f3re mog\u0105 by\u0107 wliczane w obowi\u0105zuj\u0105cy wymiar pensum o ile program studi\u00f3w to umo\u017cliwia, ale nie mog\u0105 stanowi\u0107 po przeliczeniu wi\u0119cej ni\u017c 40% ca\u0142kowitego wymiaru pensum dydaktycznego, o kt\u00f3rym mowa w ust. 2 niniejszego paragrafu.<\/p>\n\n\n\n<h3 class=\"wp-block-heading\">Zmiana stanowiska<\/h3>\n\n\n\n<p><strong>\u00a7 44. ust. 7. <\/strong>W przypadku zmiany w trakcie roku akademickiego stanowiska pracy lub grupy pracownik\u00f3w, do kt\u00f3rej jest przypisany nauczyciel akademicki, wymiar pensum nie ulega zmianie do ko\u0144ca roku akademickiego, chyba, \u017ce dziekan zdecyduje o ponownym przeliczeniu pensum.<\/p>\n\n\n\n<h3 class=\"wp-block-heading\">Rozliczenie<\/h3>\n\n\n\n<p><strong>\u00a7 54. <\/strong>6. Podstaw\u0105 rozliczenia pensum jest \u201eKarta indywidualnego rozliczenia zaj\u0119\u0107\u201d, wygenerowana z systemu USOS, kt\u00f3r\u0105 nauczyciel akademicki zobowi\u0105zany jest podpisa\u0107, w terminie do 30 czerwca.<\/p>\n\n\n\n<p>8. Po ostatnim dniu zaj\u0119\u0107 dydaktycznych w roku akademickim dziekan w\u0142a\u015bciwego wydzia\u0142u, uwzgl\u0119dniaj\u0105c odpowiednie wagi pensum, przedk\u0142ada nauczycielowi akademickiemu do podpisu formularz, wygenerowany z USOS.<\/p>\n\n\n\n<p><strong>\u00a7 55. <\/strong>1.3. Dziekan wydzia\u0142u zobowi\u0105zany jest do dostarczenia do Dzia\u0142u Personalnego sprawozdania wykonania zaj\u0119\u0107 przez poszczeg\u00f3lnych pracownik\u00f3w wydzia\u0142u w oparciu o terminarz zaj\u0119\u0107 w terminie 30 dni od zako\u0144czenia zaj\u0119\u0107 dydaktycznych w danym roku akademickim.<\/p>\n\n\n\n<p><strong>Indywidualne Karty <\/strong>obci\u0105\u017ce\u0144 zar\u00f3wno w wersji planu obci\u0105\u017ce\u0144 jak i sprawozdania z wykonania\u00a0zaj\u0119\u0107 generowane s\u0105 w postaci raport\u00f3w poprzez \u015bcie\u017ck\u0119 w\u00a0<strong>USOS<\/strong>:<br><em>\/Pracownicy\/ -&gt; \/Rozliczenie godzin\/ -&gt;\u00a0<\/em>wyb\u00f3r roku akademickiego i wydzia\u0142u<em>\u00a0-&gt;<\/em> \/Filtruj pracownik\u00f3w\/ -&gt; pracownicy etatowi jednostki lub podjednostki<em>\u00a0-&gt;<\/em>\u00a0<em>\/Raporty\/ -&gt; <em>\/sprawozdanie z dzia\u0142alno\u015bci dydaktycznej\/ <\/em><\/em>-&gt; wydruk -&gt; wyb\u00f3r tytu\u0142u raportu i element\u00f3w do druku -&gt; generuj do pliku .pdf<\/p>\n\n\n\n<p><strong>\u0141\u0105czne zestawienia <\/strong>planu obci\u0105\u017ce\u0144 dydaktycznych i sprawozdania wykonania zaj\u0119\u0107 generowane s\u0105 w postaci raport\u00f3w poprzez \u015bcie\u017ck\u0119 w\u00a0<strong>USOS<\/strong>:<br><em>\/Pracownicy\/ -&gt; \/Rozliczenie godzin\/ -&gt;\u00a0<\/em>wyb\u00f3r roku akademickiego i wydzia\u0142u<em>\u00a0-&gt;<\/em> \/Filtruj pracownik\u00f3w\/ -&gt; pracownicy etatowi jednostki lub podjednostki<em>\u00a0-&gt;<\/em>\u00a0<em>\/Rap.lokal.BIRT\/ -&gt;<\/em> \/<em><em>Plan obci\u0105\u017ce\u0144 oraz sprawozdanie z dzia\u0142alno\u015bci dydaktycznej\/ <\/em><\/em>-&gt; wyb\u00f3r parametru plan lub sprawozdanie -&gt; generuj do pliku .pdf<\/p>\n\n\n\n<h2 class=\"wp-block-heading\">2. Stawki<\/h2>\n\n\n\n<ul class=\"wp-block-list\">\n<li>dla pracownik\u00f3w&nbsp;<strong>etatowych<\/strong>&nbsp;zawarte s\u0105 w<br>Regulaminie wynagradzania \u2013 stanowi\u0105cym za\u0142. do&nbsp;<a href=\"https:\/\/monitor.uksw.edu.pl\/docs\/4994\" target=\"_blank\" rel=\"noreferrer noopener\">Zarz. Nr 30\/2020<\/a><\/li>\n\n\n\n<li>dla nauczycieli spoza UKSW zawarte s\u0105 w <a href=\"https:\/\/monitor.uksw.edu.pl\/docs\/7606\" target=\"_blank\" rel=\"noreferrer noopener\">Zarz\u0105dzeniu Nr 39\/2024<\/a>&nbsp;Rektora UKSW z dn. 08.07.2024<br>ws. stawek wynagrodzenia za przeprowadzenie zaj\u0119\u0107 na studiach stacjonarnych i niestacjonarnych przez nauczycieli akademickich&nbsp;<strong>nieb\u0119d\u0105cych pracownikami<\/strong>&nbsp;UKSW, na podstawie um\u00f3w cywilnoprawnych, zm.&nbsp;Zarz. Nr 40\/2024&nbsp;(zestawienie wszyscy bez wyj\u0105tku z USOSa), zm. Zarz. Nr <a href=\"https:\/\/monitor.uksw.edu.pl\/docs\/8124\">9\/2025<\/a> (wz\u00f3r za\u0142\u0105cznika dost\u0119pny po zalogowaniu na Forum UKSW &#8211; <a href=\"https:\/\/forum.uksw.edu.pl\/viewtopic.php?f=10&amp;t=51\">link<\/a>)\n<ul class=\"wp-block-list\">\n<li>Za\u0142. nr 1 \u2013&nbsp;Planowane zatrudnienie w ramach um\u00f3w cywilnoprawnych<\/li>\n<\/ul>\n<\/li>\n<\/ul>\n\n\n\n<ul class=\"wp-block-list\"><\/ul>\n\n\n\n<h2 class=\"wp-block-heading\">3. Godziny ponadwymiarowe<\/h2>\n\n\n\n<p>STAWKI za godziny ponadwymiarowe wg stanowisk:<br>&#8211; 120 z\u0142\/godz. &#8211; profesor<br>&#8211; 100 z\u0142\/godz. &#8211; profesor uczelni<br>&#8211; 85 z\u0142\/godz. &#8211; adiunkt lub starszy wyk\u0142adowca posiadaj\u0105cy stopie\u0144 naukowy doktora<br>&#8211; 65 z\u0142\/godz. &#8211; asystent, starszy wyk\u0142adowca, wyk\u0142adowca, lektor, instruktor<\/p>\n\n\n\n<p><strong>Wykaz godzin ponadwymiarowych <\/strong>do wyp\u0142aty generowany jest poprzez \u015bcie\u017ck\u0119 w\u00a0<strong>USOS<\/strong>:<br><em>\/Pracownicy\/ -&gt; \/Rozliczenie godzin\/ -&gt;\u00a0<\/em>wyb\u00f3r roku akademickiego i wydzia\u0142u<em>\u00a0-&gt;<\/em> \/Filtruj pracownik\u00f3w\/ -&gt; pracownicy etatowi jednostki lub podjednostki<em>\u00a0-&gt;<\/em>\u00a0<em>\/Rap.lokal.BIRT\/ -&gt;<\/em> \/<em><em>Wykaz godzin ponadwymiarowych do wyp\u0142aty\/ <\/em><\/em>-&gt; generuj do pliku .XLS<\/p>\n\n\n\n<p><strong>Regulamin pracy \u00a7 52 i \u00a7<\/strong> <strong>53<\/strong><\/p>\n\n\n\n<ol class=\"wp-block-list\">\n<li>Powierzenie pracownikowi godzin ponadwymiarowych na studiach stacjonarnych i niestacjonarnych jest mo\u017cliwe tylko wtedy, gdy pozostali nauczyciele z odpowiednimi kwalifikacjami maj\u0105 zapewnione pe\u0142ne pensum.<\/li>\n\n\n\n<li>Je\u017celi realizacja programu kszta\u0142cenia wymaga przekroczenia wymiaru, o kt\u00f3rym mowa w ust. 2, dziekan mo\u017ce zwr\u00f3ci\u0107 si\u0119 do pracownika o zgod\u0119 na zwi\u0119kszenie liczby godzin, nie wi\u0119cej jednak ni\u017c do dwukrotno\u015bci rocznego wymiaru zaj\u0119\u0107 dydaktycznych.<\/li>\n\n\n\n<li>Liczb\u0119 godzin ponadwymiarowych stanowi r\u00f3\u017cnica mi\u0119dzy faktycznie przepracowanymi godzinami dydaktycznymi a wymiarem pensum okre\u015blonym w \u00a7 44. W przypadku nauczycieli, o kt\u00f3rych mowa w \u00a7 45 ust. 1, r\u00f3\u017cnic\u0119 t\u0119 oblicza si\u0119 wzgl\u0119dem obni\u017conego pensum.<\/li>\n\n\n\n<li>Godziny ponadwymiarowe mog\u0105 by\u0107 realizowane tylko wtedy, gdy wszystkim nauczycielom danego wydzia\u0142u zapewniono pensum, o kt\u00f3rym mowa w \u00a7 44 ust. 2, a ich przyznanie jest uzasadnione potrzeb\u0105 realizacji programu studi\u00f3w oraz zgodne z zasadami \u00a7 44 ust. 4.<\/li>\n\n\n\n<li>Wymiar godzin ponadwymiarowych ustala si\u0119 na podstawie rozliczenia faktycznie przepracowanych godzin, z uwzgl\u0119dnieniem zasad proporcjonalno\u015bci okre\u015blonych w \u00a7 49.<\/li>\n<\/ol>\n\n\n\n\n\n<h2 class=\"wp-block-heading\">4. Zaj\u0119cia terenowe<\/h2>\n\n\n\n<ul class=\"wp-block-list\">\n<li><a href=\"https:\/\/monitor.uksw.edu.pl\/docs\/3724\" target=\"_blank\" rel=\"noreferrer noopener\">Zarz\u0105dzenie nr 83\/2017<\/a>&nbsp;Rektora UKSW z dn. 08.11.2017<br>ws. zasad finansowania zaj\u0119\u0107 terenowych student\u00f3w i doktorant\u00f3w,<br>zmienione <a href=\"https:\/\/monitor.uksw.edu.pl\/docs\/8016\" target=\"_blank\" rel=\"noreferrer noopener\">Zarz. nr 67\/2024<\/a> \n<ul class=\"wp-block-list\">\n<li>nowy za\u0142\u0105cznik&nbsp;\u2013 kalkulacje<\/li>\n<\/ul>\n<\/li>\n<\/ul>\n","protected":false},"excerpt":{"rendered":"<p>1. Pensum \u2013 Regulamin&nbsp;Pracy stary Regulamin pracy Zarz\u0105dzenie 38\/2019, zm. Z 32\/2020, Z 82\/2020, Z 85\/2021, Z 96\/2021. NOWY Regulamin pracy UKSW stanowi za\u0142. do Zarz\u0105dzenia Nr 52\/2025 Rektora UKSW z dn. 25.06.2025. Wymiar Regulamin pracy \u00a7 44 ust. 1-3 1. Przez roczny wymiar zaj\u0119\u0107 dydaktycznych nauczyciela akademickiego, zwany dalej \u201epensum dydaktycznym\u201d, nale\u017cy rozumie\u0107 obowi\u0105zkowy [&hellip;]<\/p>\n","protected":false},"author":1,"featured_media":0,"parent":3714,"menu_order":12,"comment_status":"closed","ping_status":"closed","template":"page-templates\/template-sub-page.php","meta":{"_acf_changed":false,"inline_featured_image":false,"footnotes":"","_links_to":"","_links_to_target":""},"class_list":["post-3777","page","type-page","status-publish","hentry"],"acf":[],"_links":{"self":[{"href":"https:\/\/ksztalcenie.uksw.edu.pl\/pl\/wp-json\/wp\/v2\/pages\/3777","targetHints":{"allow":["GET"]}}],"collection":[{"href":"https:\/\/ksztalcenie.uksw.edu.pl\/pl\/wp-json\/wp\/v2\/pages"}],"about":[{"href":"https:\/\/ksztalcenie.uksw.edu.pl\/pl\/wp-json\/wp\/v2\/types\/page"}],"author":[{"embeddable":true,"href":"https:\/\/ksztalcenie.uksw.edu.pl\/pl\/wp-json\/wp\/v2\/users\/1"}],"replies":[{"embeddable":true,"href":"https:\/\/ksztalcenie.uksw.edu.pl\/pl\/wp-json\/wp\/v2\/comments?post=3777"}],"version-history":[{"count":28,"href":"https:\/\/ksztalcenie.uksw.edu.pl\/pl\/wp-json\/wp\/v2\/pages\/3777\/revisions"}],"predecessor-version":[{"id":7007,"href":"https:\/\/ksztalcenie.uksw.edu.pl\/pl\/wp-json\/wp\/v2\/pages\/3777\/revisions\/7007"}],"up":[{"embeddable":true,"href":"https:\/\/ksztalcenie.uksw.edu.pl\/pl\/wp-json\/wp\/v2\/pages\/3714"}],"wp:attachment":[{"href":"https:\/\/ksztalcenie.uksw.edu.pl\/pl\/wp-json\/wp\/v2\/media?parent=3777"}],"curies":[{"name":"wp","href":"https:\/\/api.w.org\/{rel}","templated":true}]}}