{"id":3779,"date":"2022-11-17T15:33:38","date_gmt":"2022-11-17T14:33:38","guid":{"rendered":"https:\/\/jednostki.uksw.edu.pl\/ksztalcenie\/pracownicy-2\/ksztalcenie-na-odleglosc\/"},"modified":"2025-06-05T10:26:22","modified_gmt":"2025-06-05T08:26:22","slug":"ksztalcenie-na-odleglosc","status":"publish","type":"page","link":"https:\/\/ksztalcenie.uksw.edu.pl\/pracownicy\/ksztalcenie-na-odleglosc\/","title":{"rendered":"Kszta\u0142cenie na odleg\u0142o\u015b\u0107"},"content":{"rendered":"\n<h2 class=\"wp-block-heading\">1. przepisy na sta\u0142e<\/h2>\n\n\n\n<ul class=\"wp-block-list\">\n<li>zalecane narz\u0119dzia IT do pracy zdalnej \u2013&nbsp;<a rel=\"noreferrer noopener\" href=\"https:\/\/uksw.edu.pl\/pl\/uniwersytet\/uczelnia-dzis\/aktualnosci\/2088-wazne-informacje-dla-studentow\" target=\"_blank\"><em>link<\/em><\/a><\/li>\n<\/ul>\n\n\n\n<ul class=\"wp-block-list\">\n<li>\u00a7 11 Regulaminu Studi\u00f3w \u2013&nbsp;<a href=\"https:\/\/ksztalcenie.uksw.edu.pl\/wp-content\/uploads\/sites\/22\/2022\/11\/par.11_Regulaminu-studiow.jpg\" target=\"_blank\" data-type=\"URL\" data-id=\"https:\/\/ksztalcenie.uksw.edu.pl\/wp-content\/uploads\/sites\/22\/2022\/11\/par.11_Regulaminu-studiow.jpg\" rel=\"noreferrer noopener\">zob.<\/a><\/li>\n\n\n\n<li>\u00a7 12 Rozporz\u0105dzenia ws. studi\u00f3w \u2013 por. zak\u0142adka&nbsp;<a href=\"https:\/\/ksztalcenie.uksw.edu.pl\/pracownicy\/pensum-i-stawki\/\" data-type=\"page\" data-id=\"3777\"><em>Pensum<\/em><\/a><\/li>\n\n\n\n<li>\u00a7 57 Regulaminu pracy \u2013 por. zak\u0142adka&nbsp;<a href=\"https:\/\/ksztalcenie.uksw.edu.pl\/pracownicy\/pensum-i-stawki\/\" data-type=\"page\" data-id=\"3777\"><em>Pensum<\/em><\/a><br><\/li>\n\n\n\n<li><strong><a href=\"https:\/\/monitor.uksw.edu.pl\/docs\/download\/4347bc43face2c7cc83ec066b00657ef\">REGULAMIN KSZTA\u0141CENIA ZDALNEGO<\/a><\/strong>\n<ul class=\"wp-block-list\">\n<li>o\u015bwiadczenie o samodzielno\u015bci pracy\/zaliczenia \u2013&nbsp;<a href=\"https:\/\/monitor.uksw.edu.pl\/docs\/download\/5fa5b3dad21f8fb2237015d1ef444f52\"><\/a><a href=\"https:\/\/monitor.uksw.edu.pl\/docs\/download\/5fa5b3dad21f8fb2237015d1ef444f52\"><em>za\u0142. 1<\/em><\/a><\/li>\n\n\n\n<li>o\u015bwiadczenie o samodzielno\u015bci pracy dyplomowej \u2013&nbsp;<a href=\"https:\/\/monitor.uksw.edu.pl\/docs\/download\/fe60ba37e7a74651330076953ef1f0e5\"><em>za\u0142. 2<\/em><\/a><\/li>\n\n\n\n<li>klauzula informacyjna \u2013&nbsp;<a href=\"https:\/\/monitor.uksw.edu.pl\/docs\/download\/2770df1e9061a3bfc96a4a62380f7e75\"><em>za\u0142. 3<\/em><\/a><\/li>\n\n\n\n<li>wniosek o egzamin dyplomowy zdalny \u2013&nbsp;<a href=\"https:\/\/monitor.uksw.edu.pl\/docs\/download\/203f2753fc90162d5d4378d7c7afa4c6\"><em>za\u0142. 4<\/em><\/a><\/li>\n<\/ul>\n<\/li>\n<\/ul>\n\n\n\n<h2 class=\"wp-block-heading\">2. przepisy zwi\u0105zane z COVID-19<\/h2>\n\n\n\r\n<div class=\"container ui_kit\">\r\n\r\n<div class=\"row justify-content-center my-5 tab\">\r\n      <ul id=\"tabs\" class=\"nav\">\r\n                        <li class=\"nav-item\">\r\n            <a class=\"nav-link link-secondary active \" id=\"block_61ad57cb7e020e1c784b22007acac51f0\" data-bs-toggle=\"tab\" data-bs-target=\"#Tabblock_61ad57cb7e020e1c784b22007acac51f0\" href=\"#\">2021\/2022<\/a>\r\n            <\/li>\r\n\r\n                    <li class=\"nav-item\">\r\n            <a class=\"nav-link link-secondary \" id=\"block_61ad57cb7e020e1c784b22007acac51f1\" data-bs-toggle=\"tab\" data-bs-target=\"#Tabblock_61ad57cb7e020e1c784b22007acac51f1\" href=\"#\">2020\/2021<\/a>\r\n            <\/li>\r\n\r\n                    <li class=\"nav-item\">\r\n            <a class=\"nav-link link-secondary \" id=\"block_61ad57cb7e020e1c784b22007acac51f2\" data-bs-toggle=\"tab\" data-bs-target=\"#Tabblock_61ad57cb7e020e1c784b22007acac51f2\" href=\"#\">2019\/2020<\/a>\r\n            <\/li>\r\n\r\n               \r\n      <\/ul>\r\n      <div class=\"tab_con_grey\">\r\n            <div class=\"tab-content\" id=\"tabContent\">\r\n      \r\n                <div class=\"tab-pane fade   show active \" id=\"Tabblock_61ad57cb7e020e1c784b22007acac51f0\" role=\"tabpanel\" aria-labelledby=\"block_61ad57cb7e020e1c784b22007acac51f0\">\r\n                                    <div class=\"headingh4\"><\/div>\r\n               \r\n\r\n                    <ul>\n<li><a href=\"https:\/\/monitor.uksw.edu.pl\/docs\/6102\" target=\"_blank\" rel=\"noreferrer noopener\">Zarz\u0105dzenie 101\/2021<\/a>\u00a0Rektora UKSW z dn. 02.09.2021 ws. zasad\u00a0<strong>organizacji zaj\u0119\u0107 dydaktycznych\u00a0<\/strong>w UKSW w roku akademickim 2021\/2022 oraz<\/li>\n<li><a href=\"https:\/\/monitor.uksw.edu.pl\/docs\/download\/14f8041568139e08671481a174f6e415\" target=\"_blank\" rel=\"noreferrer noopener\">Zarz\u0105dzenie 121\/2021<\/a>\u00a0ws.\u00a0<strong>zasad funkcjonowania\u00a0<\/strong>uczelni w czasie pandemii.<\/li>\n<li>Wytyczne bezpiecznego funkcjonowania uczelni KRASP \u2013\u00a0<a href=\"https:\/\/ksztalcenie.uksw.edu.pl\/wp-content\/uploads\/sites\/22\/2022\/11\/20210930_Wytyczne_bezpiecznego_funkcjonowania_uczelni_i_innych_podmiotow_w_okresie_epidemii_-_po_akceptacji_GIS.docx\"><strong>POBIERZ<\/strong><\/a>,\u00a0<a href=\"https:\/\/www.gov.pl\/web\/edukacja-i-nauka\/wytyczne-bezpiecznego-funkcjonowania-uczelni-i-innych-podmiotow-systemu-szkolnictwa-wyzszego-i-nauki-w-okresie-epidemii\">link<\/a><\/li>\n<li>Wytyczne MEiN dla uczelni w sprawie organizacji roku akademickiego 2021\/2022 \u2013\u00a0<a href=\"https:\/\/www.gov.pl\/web\/edukacja-i-nauka\/wytyczne-dla-uczelni-w-sprawie-organizacji-roku-akademickiego-20212022\" target=\"_blank\" rel=\"noreferrer noopener\">link<\/a><\/li>\n<li><a href=\"https:\/\/monitor.uksw.edu.pl\/docs\/5944\" target=\"_blank\" rel=\"noreferrer noopener\">Decyzja 9\/2021<\/a>\u00a0ws.\u00a0<strong>procedury przygotowywania obci\u0105\u017ce\u0144 dydaktycznych<\/strong>\u00a0kadry akademickiej i planowania zaj\u0119\u0107 dla student\u00f3w prowadzonych metod\u0105 i technikami kszta\u0142cenia na odleg\u0142o\u015b\u0107 w roku akademickim 2021\/2022<\/li>\n<\/ul>\n                <\/div>\r\n\r\n        \r\n                <div class=\"tab-pane fade  \" id=\"Tabblock_61ad57cb7e020e1c784b22007acac51f1\" role=\"tabpanel\" aria-labelledby=\"block_61ad57cb7e020e1c784b22007acac51f1\">\r\n                                    <div class=\"headingh4\"><\/div>\r\n               \r\n\r\n                    <p>bie\u017c\u0105ce:<\/p>\n<ul>\n<li><a href=\"https:\/\/monitor.uksw.edu.pl\/docs\/5871\" target=\"_blank\" rel=\"noreferrer noopener\">Zarz\u0105dzenie Nr 24\/2021<\/a>\u00a0Rektora UKSW z dn. 08.04.2021 ws. prowadzenia zaj\u0119\u0107 dydaktycznych w UKSW w dniach\u00a0<strong>10-18.04.2021<\/strong>\u00a0r. \u2013 nie obowi\u0105zuje \u00a7 1 ust. 2 oraz \u00a7 4 Zarz\u0105dzenia 14\/2021<\/li>\n<li><a href=\"https:\/\/monitor.uksw.edu.pl\/docs\/5862\" target=\"_blank\" rel=\"noreferrer noopener\">Zarz\u0105dzenie Nr 22\/2021<\/a>\u00a0Rektora UKSW z dn. 26.03.2021 ws. prowadzenia zaj\u0119\u0107 dydaktycznych w UKSW w dniach\u00a0<strong>27.03 \u2013 9.04.2021<\/strong>\u00a0r. \u2013 nie obowi\u0105zuje \u00a7 1 ust. 2 oraz \u00a7 4 Zarz\u0105dzenia 14\/2021<\/li>\n<li><a href=\"https:\/\/monitor.uksw.edu.pl\/docs\/5840\" target=\"_blank\" rel=\"noreferrer noopener\">Zarz\u0105dzenie Nr 21\/2021<\/a>\u00a0Rektora UKSW z dn. 16.03.2021 ws. prowadzenia zaj\u0119\u0107 dydaktycznych w UKSW w dniach\u00a0<strong>15-26.03.2021<\/strong>\u00a0r. \u2013 nie obowi\u0105zuje \u00a7 1 ust. 2 oraz \u00a7 4 Zarz\u0105dzenia 14\/2021<\/li>\n<li><span class=\"has-inline-color has-black-color\"><a href=\"https:\/\/monitor.uksw.edu.pl\/docs\/5782\" target=\"_blank\" rel=\"noreferrer noopener\">Zarz\u0105dzenie 14\/2021<\/a><strong>\u00a0<\/strong>Rektora UKSW z dn. 03.02.2021 ws. organizacji zaj\u0119\u0107 dydaktycznych w UKSW\u00a0<strong>w semestrze letnim\u00a0<\/strong>w roku akademickim 2020\/2021<\/span>\n<ul>\n<li><span class=\"has-inline-color has-black-color\"><strong><a href=\"https:\/\/ksztalcenie.uksw.edu.pl\/wp-content\/uploads\/sites\/22\/2022\/11\/zal-1-do-zarz_14-2021_zasady_organizacji-i-zaliczania_zajec.pdf\">za\u0142. 1 \u2013 zasady realizacji zaj\u0119\u0107 zdalnych oraz zalicze\u0144 i egzamin\u00f3w<\/a>\u00a0<\/strong><\/span><\/li>\n<li><span class=\"has-inline-color has-black-color\"><strong><a href=\"https:\/\/ksztalcenie.uksw.edu.pl\/wp-content\/uploads\/sites\/22\/2022\/11\/ewidencja-zajec-zdalnych_lato.xlsx\">za\u0142. 2 \u2013 ewidencja zaj\u0119\u0107 zdalnych<\/a><\/strong><\/span>\u00a0\u2013<br \/>\nnale\u017cy przys\u0142a\u0107 do DKs do dn. 30.06.2020<\/li>\n<li><a href=\"https:\/\/ksztalcenie.uksw.edu.pl\/wp-content\/uploads\/sites\/22\/2022\/11\/wykaz-zajec-w-formie-tradycyjnej-tabela_lato.docx\"><span class=\"has-inline-color has-black-color\"><strong>za\u0142. 3 \u2013 wykaz zaj\u0119\u0107 w formie stacjonarnej <\/strong><\/span><\/a>\u2013<br \/>\nza zgod\u0105 prorektora wydane w formie Zarz\u0105dzenia Dziekana do dn. 12.02.2020<\/li>\n<\/ul>\n<\/li>\n<li><a href=\"http:\/\/monitor.uksw.edu.pl\/docs\/5475\" target=\"_blank\" rel=\"noreferrer noopener\" aria-label=\"Decyzja nr 15\/2020 (otwiera si\u0119 na nowej zak\u0142adce)\">Decyzja nr 15\/2020<\/a>\u00a0ws. zaj\u0119\u0107 zdalnych i przygotowywania materia\u0142\u00f3w\n<ul>\n<li><a href=\"https:\/\/ksztalcenie.uksw.edu.pl\/wp-content\/uploads\/sites\/22\/2022\/11\/zal_1_do_dec_15_2020_oswiadczenie.docx\">za\u0142. 1 \u2013 o\u015bwiadczenie<\/a><\/li>\n<li><a href=\"https:\/\/ksztalcenie.uksw.edu.pl\/wp-content\/uploads\/sites\/22\/2022\/11\/zal_2_do_dec_15_2020_klauzula.docx\">za\u0142. 2 \u2013 klauzula<\/a><\/li>\n<li><a href=\"https:\/\/ksztalcenie.uksw.edu.pl\/wp-content\/uploads\/sites\/22\/2022\/11\/zal_3_do_dec_15_2020_wniosek.docx\">za\u0142. 3 \u2013 wniosek z klauzul\u0105 i o\u015bwiadczeniem<\/a><\/li>\n<\/ul>\n<\/li>\n<li>Procedury\u00a0<strong>dyplomowania<\/strong> w czasie pandemii<\/li>\n<\/ul>\n<p>wcze\u015bniejsze:<\/p>\n<ul>\n<li><a href=\"https:\/\/monitor.uksw.edu.pl\/docs\/5657\">Zarz\u0105dzenie Rektora UKSW\u00a0Nr 81\/2020\u00a0<\/a>\u00a0ws. organizacji\u00a0 zaj\u0119\u0107 dydaktycznych\u00a0 w UKSW<br \/>\nw dniach<strong>\u00a030.11.-22.12.2020<\/strong>\u00a0\u2013 w tym czasie nie obowi\u0105zuje \u00a7 1 ust. 2 oraz \u00a7 4 Zarz\u0105dzenia 55\/2020,<br \/>\na Zarz. 66\/2020 traci moc<\/li>\n<li><a href=\"https:\/\/monitor.uksw.edu.pl\/docs\/5571\" target=\"_blank\" rel=\"noreferrer noopener\" aria-label=\"Zarz\u0105dzenie Nr 66\/2020 (otwiera si\u0119 na nowej zak\u0142adce)\">Zarz\u0105dzenie Nr 66\/2020<\/a>\u00a0Rektora UKSW z dn. 15.10.2020 ws.<br \/>\nprowadzenia zaj\u0119\u0107 dydaktycznych w UKSW w dniach\u00a0<strong>16.10.-29.11.2020\u00a0<\/strong>r. \u2013 nie obowi\u0105zuje \u00a7 1 ust. 2 oraz \u00a7 4 Zarz\u0105dzenia 55\/2020<\/li>\n<li>Zarz\u0105dzenie nr 55\/2020\u00a0Rektora UKSW ws. organizacji\u00a0 zaj\u0119\u0107 dydaktycznych\u00a0 w Uniwersytecie Kardyna\u0142a Stefana Wyszy\u0144skiego w\u00a0 Warszawie\u00a0\u00a0<strong>w semestrze zimowym<\/strong>\u00a0w roku akademickim 2020\/2021, zm. Zarz. nr 1\/2021 z dn. 05.01.2021 \u2013\u00a0<a href=\"https:\/\/ksztalcenie.uksw.edu.pl\/wp-content\/uploads\/sites\/22\/2022\/11\/tekst_ujednolicony_zarz-55-2020-organizacja-zajec.pdf\" target=\"_blank\" rel=\"noreferrer noopener\" aria-label=\"tekst ujednolicony (otwiera si\u0119 na nowej zak\u0142adce)\">tekst ujednolicony<\/a>\n<ul>\n<li>za\u0142. 1 \u2013 ewidencja zaj\u0119\u0107 zdalnych \u2013 nale\u017cy przys\u0142a\u0107 plik excel zbiorczy dla ca\u0142ego wydzia\u0142u do DKs do dn. 22.02.2021<\/li>\n<\/ul>\n<\/li>\n<\/ul>\n                <\/div>\r\n\r\n        \r\n                <div class=\"tab-pane fade  \" id=\"Tabblock_61ad57cb7e020e1c784b22007acac51f2\" role=\"tabpanel\" aria-labelledby=\"block_61ad57cb7e020e1c784b22007acac51f2\">\r\n                                    <div class=\"headingh4\"><\/div>\r\n               \r\n\r\n                    <ul>\n<li><a href=\"https:\/\/uksw.edu.pl\/pl\/praca-zdalna-odo\">Praca zdalna a ODO w UKSW<\/a><\/li>\n<li>Wskaz\u00f3wki IRSW:\n<ul>\n<li>ze\u00a0sprz\u0119tu s\u0142u\u017cbowego nale\u017cy korzysta\u0107 wy\u0142\u0105cznie w\u00a0celach zwi\u0105zanych z\u00a0wykonywan\u0105 prac\u0105,<\/li>\n<li>ka\u017cdy pracodawca powinien okre\u015bli\u0107 procedury zwi\u0105zane z\u00a0instalowaniem aplikacji i\u00a0program\u00f3w na\u00a0sprz\u0119cie s\u0142u\u017cbowym,<\/li>\n<li>wszyscy pracownicy powinni zwraca\u0107 uwag\u0119 na\u00a0dost\u0119pne aktualizacje oprogramowania,<\/li>\n<li>nale\u017cy si\u0119 zawsze upewni\u0107 czy\u00a0program antywirusowy dzia\u0142a poprawnie,<\/li>\n<li>po\u00a0zako\u0144czeniu pracy nale\u017cy pami\u0119ta\u0107 o\u00a0bezpiecznym wylogowaniu si\u0119 ze\u00a0wszystkich kont,<\/li>\n<li>w\u00a0przypadku konieczno\u015bci niszczenia dokument\u00f3w zawieraj\u0105cych dane osobowe nale\u017cy rozwa\u017cy\u0107 bezpieczne przechowanie takich dokument\u00f3w do\u00a0momentu powrotu do\u00a0biura i\u00a0zniszczenia ich w\u00a0niszczarce,<\/li>\n<li>pracownik powinien pami\u0119ta\u0107 o\u00a0zasadach dotycz\u0105cych zmiany has\u0142a, zgodnie z\u00a0przyj\u0119tymi na\u00a0uczelni, w\u00a0polityce przetwarzania danych osobowych, regu\u0142ami,<\/li>\n<li>podczas przesy\u0142ania danych osobowych poczt\u0105 elektroniczn\u0105 nale\u017cy rozwa\u017cy\u0107 konieczno\u015b\u0107 szyfrowania za\u0142\u0105cznik\u00f3w (zgodnie z\u00a0obowi\u0105zuj\u0105cymi procedurami na\u00a0uczelni), zwraca\u0107 szczeg\u00f3ln\u0105 uwag\u0119 na\u00a0poprawno\u015b\u0107 adresu odbiorcy oraz\u00a0w\u00a0uzasadnionych przypadkach u\u017cy\u0107 opcji UDW \u2013 Ukryte do\u00a0wiadomo\u015bci<\/li>\n<li>w\u00a0przypadku szyfrowania za\u0142\u0105cznik\u00f3w nigdy nie\u00a0przysy\u0142aj wiadomo\u015bci razem z\u00a0has\u0142em, has\u0142o powinno by\u0107 przekazane inn\u0105 metod\u0105 np.\u00a0sms lub telefonicznie.<\/li>\n<li>nigdy nie\u00a0nale\u017cy u\u017cywa\u0107 prywatnej poczty do\u00a0cel\u00f3w s\u0142u\u017cbowych ani s\u0142u\u017cbowej poczty do\u00a0cel\u00f3w prywatnych,<\/li>\n<li>w\u00a0przypadku otrzymania podejrzanej wiadomo\u015bci nie\u00a0nale\u017cy otwiera\u0107 \u017cadnych za\u0142\u0105cznik\u00f3w lub link\u00f3w,<\/li>\n<li>nie\u00a0nale\u017cy korzysta\u0107 z\u00a0komunikator\u00f3w internetowych w\u00a0celach s\u0142u\u017cbowych,<\/li>\n<li>nie\u00a0nale\u017cy korzysta\u0107 z\u00a0otwartych WIFI,<\/li>\n<li>nale\u017cy wykorzystywa\u0107 tylko\u00a0te platformy lub narz\u0119dzia do\u00a0e-learningu, przeprowadzania zalicze\u0144 i\u00a0egzamin\u00f3w, kt\u00f3re zosta\u0142y wdro\u017cone na\u00a0uczelni,<\/li>\n<\/ul>\n<\/li>\n<\/ul>\n<p><a href=\"https:\/\/irsw.pl\/ochrona-danych-osobowych-w-pracy-zdalnej\/\" target=\"_blank\" rel=\"noreferrer noopener\" aria-label=\" (otwiera si\u0119 na nowej zak\u0142adce)\"><em><strong>link do pe\u0142nego artyku\u0142u<\/strong><\/em><\/a><\/p>\n<p><em>Warto zachowa\u0107 czujno\u015b\u0107 aby nie dosz\u0142o do naruszenia ochrony danych osobowych, czyli naruszenia bezpiecze\u0144stwa prowadz\u0105cego do przypadkowego lub niezgodnego z prawem zniszczenia, utracenia, zmodyfikowania, nieuprawnionego ujawnienia lub nieuprawnionego dost\u0119pu do danych osobowych przesy\u0142anych, przechowywanych lub w inny spos\u00f3b przetwarzanych (art. 4 pkt 12. RODO).<\/em><\/p>\n<div class=\"su-quote su-quote-style-default\">\n<div class=\"su-quote-inner su-u-clearfix su-u-trim\">\n<p><em>Dane osobowe powinny by\u0107 przetwarzane w\u00a0spos\u00f3b zapewniaj\u0105cy im odpowiednie bezpiecze\u0144stwo i\u00a0odpowiedni\u0105\u00a0<strong>poufno\u015b\u0107<\/strong>, w\u00a0tym ochron\u0119 przed\u00a0nieuprawnionym dost\u0119pem do\u00a0nich i\u00a0do\u00a0sprz\u0119tu s\u0142u\u017c\u0105cego ich przetwarzaniu oraz\u00a0przed\u00a0nieuprawnionym korzystaniem z\u00a0tych danych i\u00a0z\u00a0tego sprz\u0119tu, np.\u00a0przez\u00a0wys\u0142anie danych osobowych studenta do\u00a0niew\u0142a\u015bciwego adresata, zainfekowanie komputera z\u0142o\u015bliwym oprogramowaniem.<br \/>\n<\/em><br \/>\n<em>Naruszenie\u00a0<strong>dost\u0119pno\u015bci<\/strong>, czyli utraty lub zniszczenia danych mo\u017ce polega\u0107 na\u00a0usuni\u0119ciu danych student\u00f3w, wynik\u00f3w ich zalicze\u0144, egzamin\u00f3w z\u00a0platformy. Natomiast z\u00a0naruszeniem integralno\u015bci danych, polegaj\u0105cym na\u00a0nieautoryzowanej modyfikacji tre\u015bci danych osobowych, mo\u017cemy mie\u0107 do\u00a0czynienia w\u00a0przypadku nieautoryzowanej zmiany danych student\u00f3w w\u00a0ramach grup, zamianie wynik\u00f3w zalicze\u0144 i\u00a0egzamin\u00f3w.<\/em><\/p>\n<\/div>\n<\/div>\n                <\/div>\r\n\r\n        \r\n        \r\n        \r\n        \r\n      <\/div>\r\n      \r\n      <\/div>\r\n  <\/div>\r\n\r\n<\/div>  \r\n\r\n      \n\n\n<h2 class=\"wp-block-heading\">3. zalecenia w zakresie bezpiecze\u0144stwa danych osobowych<\/h2>\n\n\n\n<ul class=\"wp-block-list\">\n<li><a href=\"https:\/\/uksw.edu.pl\/pl\/praca-zdalna-odo\">Praca zdalna a ODO w UKSW<\/a><\/li>\n<\/ul>\n\n\n\n<ul class=\"wp-block-list\">\n<li>Wskaz\u00f3wki IRSW:<\/li>\n<\/ul>\n\n\n\n<p>&#8211; ze\u00a0sprz\u0119tu s\u0142u\u017cbowego nale\u017cy korzysta\u0107 wy\u0142\u0105cznie w\u00a0celach zwi\u0105zanych z\u00a0wykonywan\u0105 prac\u0105,<br>&#8211; ka\u017cdy pracodawca powinien okre\u015bli\u0107 procedury zwi\u0105zane z\u00a0instalowaniem aplikacji i\u00a0program\u00f3w na\u00a0sprz\u0119cie s\u0142u\u017cbowym,<br>&#8211; wszyscy pracownicy powinni zwraca\u0107 uwag\u0119 na\u00a0dost\u0119pne aktualizacje oprogramowania,<br>&#8211; nale\u017cy si\u0119 zawsze upewni\u0107 czy\u00a0program antywirusowy dzia\u0142a poprawnie,<br>&#8211; po\u00a0zako\u0144czeniu pracy nale\u017cy pami\u0119ta\u0107 o\u00a0bezpiecznym wylogowaniu si\u0119 ze\u00a0wszystkich kont,<br>&#8211; w\u00a0przypadku konieczno\u015bci niszczenia dokument\u00f3w zawieraj\u0105cych dane osobowe nale\u017cy rozwa\u017cy\u0107 bezpieczne przechowanie takich dokument\u00f3w do\u00a0momentu powrotu do\u00a0biura i\u00a0zniszczenia ich w\u00a0niszczarce,<br>&#8211; pracownik powinien pami\u0119ta\u0107 o\u00a0zasadach dotycz\u0105cych zmiany has\u0142a, zgodnie z\u00a0przyj\u0119tymi na\u00a0uczelni, w\u00a0polityce przetwarzania danych osobowych, regu\u0142ami,<br>&#8211; podczas przesy\u0142ania danych osobowych poczt\u0105 elektroniczn\u0105 nale\u017cy rozwa\u017cy\u0107 konieczno\u015b\u0107 szyfrowania za\u0142\u0105cznik\u00f3w (zgodnie z\u00a0obowi\u0105zuj\u0105cymi procedurami na\u00a0uczelni), zwraca\u0107 szczeg\u00f3ln\u0105 uwag\u0119 na\u00a0poprawno\u015b\u0107 adresu odbiorcy oraz\u00a0w\u00a0uzasadnionych przypadkach u\u017cy\u0107 opcji UDW \u2013 Ukryte do\u00a0wiadomo\u015bci<br>&#8211; w\u00a0przypadku szyfrowania za\u0142\u0105cznik\u00f3w nigdy nie\u00a0przysy\u0142aj wiadomo\u015bci razem z\u00a0has\u0142em, has\u0142o powinno by\u0107 przekazane inn\u0105 metod\u0105 np.\u00a0sms lub telefonicznie.<br>&#8211; nigdy nie\u00a0nale\u017cy u\u017cywa\u0107 prywatnej poczty do\u00a0cel\u00f3w s\u0142u\u017cbowych ani s\u0142u\u017cbowej poczty do\u00a0cel\u00f3w prywatnych,<br>&#8211; w\u00a0przypadku otrzymania podejrzanej wiadomo\u015bci nie\u00a0nale\u017cy otwiera\u0107 \u017cadnych za\u0142\u0105cznik\u00f3w lub link\u00f3w,<br>&#8211; nie\u00a0nale\u017cy korzysta\u0107 z\u00a0komunikator\u00f3w internetowych w\u00a0celach s\u0142u\u017cbowych,<br>&#8211; nie\u00a0nale\u017cy korzysta\u0107 z\u00a0otwartych WIFI,<br>&#8211; nale\u017cy wykorzystywa\u0107 tylko\u00a0te platformy lub narz\u0119dzia do\u00a0e-learningu, przeprowadzania zalicze\u0144 i\u00a0egzamin\u00f3w, kt\u00f3re zosta\u0142y wdro\u017cone na\u00a0uczelni,<\/p>\n\n\n\n<p><a href=\"https:\/\/irsw.pl\/ochrona-danych-osobowych-w-pracy-zdalnej\/\" target=\"_blank\" rel=\"noreferrer noopener\"><strong>link do pe\u0142nego artyku\u0142u<\/strong><\/a><\/p>\n\n\n\n<p>Warto zachowa\u0107 czujno\u015b\u0107 aby nie&nbsp;dosz\u0142o do&nbsp;naruszenia ochrony danych osobowych, czyli naruszenia bezpiecze\u0144stwa prowadz\u0105cego do&nbsp;przypadkowego lub niezgodnego z&nbsp;prawem zniszczenia, utracenia, zmodyfikowania, nieuprawnionego ujawnienia lub nieuprawnionego dost\u0119pu do&nbsp;danych osobowych przesy\u0142anych, przechowywanych lub w&nbsp;inny spos\u00f3b przetwarzanych (art. 4&nbsp;pkt 12. RODO).<\/p>\n\n\n\n<p>Dane osobowe powinny by\u0107 przetwarzane w&nbsp;spos\u00f3b zapewniaj\u0105cy im odpowiednie bezpiecze\u0144stwo i&nbsp;odpowiedni\u0105&nbsp;<strong>poufno\u015b\u0107<\/strong>, w&nbsp;tym ochron\u0119 przed&nbsp;nieuprawnionym dost\u0119pem do&nbsp;nich i&nbsp;do&nbsp;sprz\u0119tu s\u0142u\u017c\u0105cego ich przetwarzaniu oraz&nbsp;przed&nbsp;nieuprawnionym korzystaniem z&nbsp;tych danych i&nbsp;z&nbsp;tego sprz\u0119tu, np.&nbsp;przez&nbsp;wys\u0142anie danych osobowych studenta do&nbsp;niew\u0142a\u015bciwego adresata, zainfekowanie komputera z\u0142o\u015bliwym oprogramowaniem.<\/p>\n\n\n\n<p>Naruszenie&nbsp;<strong>dost\u0119pno\u015bci<\/strong>, czyli utraty lub zniszczenia danych mo\u017ce polega\u0107 na&nbsp;usuni\u0119ciu danych student\u00f3w, wynik\u00f3w ich zalicze\u0144, egzamin\u00f3w z&nbsp;platformy. Natomiast z&nbsp;naruszeniem integralno\u015bci danych, polegaj\u0105cym na&nbsp;nieautoryzowanej modyfikacji tre\u015bci danych osobowych, mo\u017cemy mie\u0107 do&nbsp;czynienia w&nbsp;przypadku nieautoryzowanej zmiany danych student\u00f3w w&nbsp;ramach grup, zamianie wynik\u00f3w zalicze\u0144 i&nbsp;egzamin\u00f3w.<\/p>\n","protected":false},"excerpt":{"rendered":"<p>1. przepisy na sta\u0142e 2. przepisy zwi\u0105zane z COVID-19 3. zalecenia w zakresie bezpiecze\u0144stwa danych osobowych &#8211; ze\u00a0sprz\u0119tu s\u0142u\u017cbowego nale\u017cy korzysta\u0107 wy\u0142\u0105cznie w\u00a0celach zwi\u0105zanych z\u00a0wykonywan\u0105 prac\u0105,&#8211; ka\u017cdy pracodawca powinien okre\u015bli\u0107 procedury zwi\u0105zane z\u00a0instalowaniem aplikacji i\u00a0program\u00f3w na\u00a0sprz\u0119cie s\u0142u\u017cbowym,&#8211; wszyscy pracownicy powinni zwraca\u0107 uwag\u0119 na\u00a0dost\u0119pne aktualizacje oprogramowania,&#8211; nale\u017cy si\u0119 zawsze upewni\u0107 czy\u00a0program antywirusowy dzia\u0142a poprawnie,&#8211; po\u00a0zako\u0144czeniu pracy [&hellip;]<\/p>\n","protected":false},"author":1,"featured_media":0,"parent":3714,"menu_order":14,"comment_status":"closed","ping_status":"closed","template":"page-templates\/template-sub-page.php","meta":{"_acf_changed":false,"inline_featured_image":false,"footnotes":"","_links_to":"","_links_to_target":""},"class_list":["post-3779","page","type-page","status-publish","hentry"],"acf":[],"_links":{"self":[{"href":"https:\/\/ksztalcenie.uksw.edu.pl\/pl\/wp-json\/wp\/v2\/pages\/3779","targetHints":{"allow":["GET"]}}],"collection":[{"href":"https:\/\/ksztalcenie.uksw.edu.pl\/pl\/wp-json\/wp\/v2\/pages"}],"about":[{"href":"https:\/\/ksztalcenie.uksw.edu.pl\/pl\/wp-json\/wp\/v2\/types\/page"}],"author":[{"embeddable":true,"href":"https:\/\/ksztalcenie.uksw.edu.pl\/pl\/wp-json\/wp\/v2\/users\/1"}],"replies":[{"embeddable":true,"href":"https:\/\/ksztalcenie.uksw.edu.pl\/pl\/wp-json\/wp\/v2\/comments?post=3779"}],"version-history":[{"count":13,"href":"https:\/\/ksztalcenie.uksw.edu.pl\/pl\/wp-json\/wp\/v2\/pages\/3779\/revisions"}],"predecessor-version":[{"id":6630,"href":"https:\/\/ksztalcenie.uksw.edu.pl\/pl\/wp-json\/wp\/v2\/pages\/3779\/revisions\/6630"}],"up":[{"embeddable":true,"href":"https:\/\/ksztalcenie.uksw.edu.pl\/pl\/wp-json\/wp\/v2\/pages\/3714"}],"wp:attachment":[{"href":"https:\/\/ksztalcenie.uksw.edu.pl\/pl\/wp-json\/wp\/v2\/media?parent=3779"}],"curies":[{"name":"wp","href":"https:\/\/api.w.org\/{rel}","templated":true}]}}