{"id":3782,"date":"2022-11-10T15:33:00","date_gmt":"2022-11-10T14:33:00","guid":{"rendered":"https:\/\/jednostki.uksw.edu.pl\/ksztalcenie\/pracownicy-2\/projekty\/mistrzowie-dydaktyki-pilotaz-w-trakcie\/"},"modified":"2022-12-16T11:33:28","modified_gmt":"2022-12-16T10:33:28","slug":"mistrzowie-dydaktyki-pilotaz-w-trakcie","status":"publish","type":"page","link":"https:\/\/ksztalcenie.uksw.edu.pl\/pracownicy\/projekty\/mistrzowie-dydaktyki-pilotaz-w-trakcie\/","title":{"rendered":"Mistrzowie Dydaktyki \u2013 pilota\u017c \u2013 w trakcie"},"content":{"rendered":"\n<figure class=\"wp-block-image size-full\"><img decoding=\"async\" width=\"1024\" height=\"76\" src=\"https:\/\/ksztalcenie.uksw.edu.pl\/wp-content\/uploads\/sites\/22\/2022\/11\/image-1024x76-1.png\" alt=\"Logotypy UE\" class=\"wp-image-4173\" srcset=\"https:\/\/ksztalcenie.uksw.edu.pl\/wp-content\/uploads\/sites\/22\/2022\/11\/image-1024x76-1.png 1024w, https:\/\/ksztalcenie.uksw.edu.pl\/wp-content\/uploads\/sites\/22\/2022\/11\/image-1024x76-1-300x22.png 300w, https:\/\/ksztalcenie.uksw.edu.pl\/wp-content\/uploads\/sites\/22\/2022\/11\/image-1024x76-1-768x57.png 768w\" sizes=\"(max-width: 1024px) 100vw, 1024px\" \/><\/figure>\n\n\n\n<h2 class=\"wp-block-heading\">MNiSW\/2020\/115\/DIR\/WMT\/W02&nbsp;\u2013 cz\u0119\u015b\u0107 wdro\u017ceniowa<\/h2>\n\n\n\n<p>\u2013&nbsp;<a href=\"https:\/\/jakosc.uksw.edu.pl\/mistrzowie-dydaktyki-wdrozenie\/\">strona projektu<\/a>&nbsp;, baza&nbsp;<a href=\"https:\/\/jakosc.uksw.edu.pl\/mistrzowie-dydaktyki__trashed\/mistrzowie-dydaktyki\/\">tutor\u00f3w<\/a><\/p>\n\n\n\n<h2 class=\"wp-block-heading\">MNiSW\/2019\/254\/DIR\/KH&nbsp;oraz&nbsp;MNiSW\/2020\/145\/DIR\/KH&nbsp;\u2013 edycja 1 i 2<\/h2>\n\n\n\n<h5 class=\"wp-block-heading\">\u2013 poni\u017cej<\/h5>\n\n\n\n<p>Projekt pozakonkursowy o charakterze wdro\u017ceniowym pt. \u201eMistrzowie dydaktyki\u201d, wsp\u00f3\u0142finansowany ze \u015brodk\u00f3w Unii Europejskiej z Europejskiego Funduszu Spo\u0142ecznego w ramach Programu Operacyjnego Wiedza Edukacja Rozw\u00f3j 2014-2020.<\/p>\n\n\n\n<p>Na realizacj\u0119 przedsi\u0119wzi\u0119cia uczelni zosta\u0142y przyznane \u015brodki w wysoko\u015bci<strong>&nbsp;218 360,00 z\u0142.<\/strong>&nbsp;<\/p>\n\n\n\n<p>Projekt skierowany jest do nauczycieli akademickich Uniwersytetu Kardyna\u0142a Stefana Wyszy\u0144skiego w Warszawie, kt\u00f3rzy spe\u0142niaj\u0105 \u0142\u0105cznie nast\u0119puj\u0105ce warunki: &nbsp;<\/p>\n\n\n\n<ul class=\"wp-block-list\">\n<li>s\u0105 zatrudnieni na stanowisku: asystenta, adiunkta, starszego wyk\u0142adowcy, profesora nadzwyczajnego lub zwyczajnego w uczelni;<\/li>\n\n\n\n<li>posiadaj\u0105 udokumentowan\u0105 znajomo\u015b\u0107 j\u0119zyka angielskiego na poziomie nie ni\u017cszym ni\u017c C1 (po\u015bwiadczon\u0105 w szczeg\u00f3lno\u015bci za\u015bwiadczeniem lektora o poziomie znajomo\u015bci j\u0119zyka obcego lub certyfikatem potwierdzaj\u0105cym znajomo\u015b\u0107 j\u0119zyka obcego na danym poziomie);<\/li>\n\n\n\n<li>posiadaj\u0105 wiedz\u0119 w zakresie metody tutoringu.<\/li>\n<\/ul>\n\n\n\n<p>W projekcie bierze udzia\u0142 20 wy\u0142onionych w procesie rekrutacji nauczycieli akademickich UKSW.<br>Uczestnicy wezm\u0105 udzia\u0142 w szkoleniach podczas wizyt studyjnych na wybranych renomowanych uczelniach europejskich (m.in. Uniwersytecie w Groningen, Uniwersytecie w Gandawie, University of Oslo, University College London).<br>Po wizycie studyjnej ka\u017cdy nauczyciel akademicki poprowadzi zaj\u0119cia z wykorzystaniem metody tutoringu z wy\u0142onionymi do udzia\u0142u w projekcie studentami.<\/p>\n\n\n\n<p>Wi\u0119cej informacji dotycz\u0105cych Projektu mo\u017cna znale\u017a\u0107 na stronach MNiSW:<\/p>\n\n\n\n<ul class=\"wp-block-list\">\n<li><a href=\"http:\/\/www.bip.nauka.gov.pl\/mistrzowie-dydaktyki\/zaproszenie-do-skladania-ofert-w-ramach-projektu-pozakonkursowego-mistrzowie-dydaktyki.html\">http:\/\/www.bip.nauka.gov.pl\/mistrzowie-dydaktyki\/zaproszenie-do-skladania-ofert-w-ramach-projektu-pozakonkursowego-mistrzowie-dydaktyki.html<\/a><\/li>\n\n\n\n<li><a href=\"https:\/\/www.gov.pl\/web\/edukacja-i-nauka\/mistrzowie-dydaktyki-w-ramach-dzialania-43-wspolpraca-ponadnarodowa\" data-type=\"URL\" data-id=\"https:\/\/www.gov.pl\/web\/edukacja-i-nauka\/mistrzowie-dydaktyki-w-ramach-dzialania-43-wspolpraca-ponadnarodowa\">https:\/\/www.gov.pl\/web\/nauka\/mistrzowie-dydaktyki-w-ramach-dzialania-43-wspolpraca-ponadnarodowa<\/a><\/li>\n<\/ul>\n\n\n\n<h2 class=\"wp-block-heading\">Dokumenty i zasady<\/h2>\n\n\n\n<p><a rel=\"noreferrer noopener\" href=\"https:\/\/monitor.uksw.edu.pl\/docs\/5800\" target=\"_blank\">Decyzja Nr 4\/2021<\/a>&nbsp;Prorektora ds. Studenckich i Kszta\u0142cenia UKSW z dn. 23.02.2021 ws. aktualizacji Regulaminu uczestnictwa nauczycieli akademickich oraz Zasad rekrutacji i uczestnictwa student\u00f3w w projekcie pozakonkursowym \u201eMistrzowie dydaktyki\u201d \u2013&nbsp;na monitorze&nbsp;znajduj\u0105 si\u0119 nast. za\u0142\u0105czniki:<\/p>\n\n\n\n<ul class=\"wp-block-list\">\n<li>Zasady_rekrutacji_student\u00f3w\n<ul class=\"wp-block-list\">\n<li>zal_1_Deklaracja_studenta<\/li>\n\n\n\n<li>zal_ 2_do_zasad_wz\u00f3r_o\u015bwiadczenie_uczestnika projektu_RODO-1<\/li>\n\n\n\n<li>zal_3_zobowi\u0105zanie_do_uczestnictwa<\/li>\n\n\n\n<li>zal_4_do_zasad _osoba_pracuj\u0105ca<\/li>\n<\/ul>\n<\/li>\n\n\n\n<li>Regulamin uczestnictwa Mistrzowie dydaktyki\n<ul class=\"wp-block-list\">\n<li>zal_1_zg\u0142oszenie_do_projektu<\/li>\n\n\n\n<li>zal_2_wz\u00f3r_o\u015bwiadczenie_uczestnika_projektu_RODO-1<\/li>\n\n\n\n<li>zal_3_zobowi\u0105zanie_do_uczestnictwa<\/li>\n\n\n\n<li>zal_4_osoba_pracuj\u0105ca<\/li>\n<\/ul>\n<\/li>\n<\/ul>\n\n\n\n<h2 class=\"wp-block-heading\">Biuro projektu<\/h2>\n\n\n\n<p>Centrum Inicjatyw Rozwojowych UKSW<br>ul. W\u00f3ycickiego 1\/3, 01-938 Warszawa<br>bud. 19, pok. 1912<\/p>\n\n\n\n<p>tel. +(48) 22 561 90 21<br>Adam Nowakowski<br>e-mail:&nbsp;<a href=\"mailto:a.nowakowski@uksw.edu.pl\">a.nowakowski@uksw.edu.pl<\/a><\/p>\n\n\n\n<p><a href=\"http:\/\/crd.uksw.edu.pl\/kontakt\/\">Centrum Rozwoju Dydaktyki UKSW<\/a><br>Dzia\u0142 Innowacji Dydaktycznych, Szkole\u0144 i Jako\u015bci Kszta\u0142cenia<br>ul. W\u00f3ycickiego 1\/3, 01-938 Warszawa<br>bud. 12, pok\u00f3j 1223<br><br>tel.: +48 22 561 88 61, w. 261<br>Agnieszka Wasilewska<br>e-mail:&nbsp;<a href=\"mailto:a.wasilewska@uksw.edu.pl\">a.wasilewska@uksw.edu.pl<\/a><\/p>\n","protected":false},"excerpt":{"rendered":"<p>MNiSW\/2020\/115\/DIR\/WMT\/W02&nbsp;\u2013 cz\u0119\u015b\u0107 wdro\u017ceniowa \u2013&nbsp;strona projektu&nbsp;, baza&nbsp;tutor\u00f3w MNiSW\/2019\/254\/DIR\/KH&nbsp;oraz&nbsp;MNiSW\/2020\/145\/DIR\/KH&nbsp;\u2013 edycja 1 i 2 \u2013 poni\u017cej Projekt pozakonkursowy o charakterze wdro\u017ceniowym pt. \u201eMistrzowie dydaktyki\u201d, wsp\u00f3\u0142finansowany ze \u015brodk\u00f3w Unii Europejskiej z Europejskiego Funduszu Spo\u0142ecznego w ramach Programu Operacyjnego Wiedza Edukacja Rozw\u00f3j 2014-2020. Na realizacj\u0119 przedsi\u0119wzi\u0119cia uczelni zosta\u0142y przyznane \u015brodki w wysoko\u015bci&nbsp;218 360,00 z\u0142.&nbsp; Projekt skierowany jest do nauczycieli akademickich [&hellip;]<\/p>\n","protected":false},"author":1,"featured_media":0,"parent":3780,"menu_order":51,"comment_status":"closed","ping_status":"closed","template":"page-templates\/template-sub-page.php","meta":{"_acf_changed":false,"inline_featured_image":false,"footnotes":"","_links_to":"","_links_to_target":""},"class_list":["post-3782","page","type-page","status-publish","hentry"],"acf":[],"_links":{"self":[{"href":"https:\/\/ksztalcenie.uksw.edu.pl\/pl\/wp-json\/wp\/v2\/pages\/3782","targetHints":{"allow":["GET"]}}],"collection":[{"href":"https:\/\/ksztalcenie.uksw.edu.pl\/pl\/wp-json\/wp\/v2\/pages"}],"about":[{"href":"https:\/\/ksztalcenie.uksw.edu.pl\/pl\/wp-json\/wp\/v2\/types\/page"}],"author":[{"embeddable":true,"href":"https:\/\/ksztalcenie.uksw.edu.pl\/pl\/wp-json\/wp\/v2\/users\/1"}],"replies":[{"embeddable":true,"href":"https:\/\/ksztalcenie.uksw.edu.pl\/pl\/wp-json\/wp\/v2\/comments?post=3782"}],"version-history":[{"count":3,"href":"https:\/\/ksztalcenie.uksw.edu.pl\/pl\/wp-json\/wp\/v2\/pages\/3782\/revisions"}],"predecessor-version":[{"id":4871,"href":"https:\/\/ksztalcenie.uksw.edu.pl\/pl\/wp-json\/wp\/v2\/pages\/3782\/revisions\/4871"}],"up":[{"embeddable":true,"href":"https:\/\/ksztalcenie.uksw.edu.pl\/pl\/wp-json\/wp\/v2\/pages\/3780"}],"wp:attachment":[{"href":"https:\/\/ksztalcenie.uksw.edu.pl\/pl\/wp-json\/wp\/v2\/media?parent=3782"}],"curies":[{"name":"wp","href":"https:\/\/api.w.org\/{rel}","templated":true}]}}