{"id":3783,"date":"2022-11-17T15:33:40","date_gmt":"2022-11-17T14:33:40","guid":{"rendered":"https:\/\/jednostki.uksw.edu.pl\/ksztalcenie\/pracownicy-2\/projekty\/lepsza-kadra-lepszy-student-lkls-zakonczony\/"},"modified":"2022-12-16T11:34:03","modified_gmt":"2022-12-16T10:34:03","slug":"lepsza-kadra-lepszy-student-lkls-zakonczony","status":"publish","type":"page","link":"https:\/\/ksztalcenie.uksw.edu.pl\/pracownicy\/projekty\/lepsza-kadra-lepszy-student-lkls-zakonczony\/","title":{"rendered":"Lepsza Kadra = Lepszy Student \u2013 LKLS \u2013 zako\u0144czony"},"content":{"rendered":"\n<figure class=\"wp-block-image size-full\"><img decoding=\"async\" width=\"1024\" height=\"76\" src=\"https:\/\/ksztalcenie.uksw.edu.pl\/wp-content\/uploads\/sites\/22\/2022\/11\/image-1024x76-1.png\" alt=\"Logotypy UE\" class=\"wp-image-4173\" srcset=\"https:\/\/ksztalcenie.uksw.edu.pl\/wp-content\/uploads\/sites\/22\/2022\/11\/image-1024x76-1.png 1024w, https:\/\/ksztalcenie.uksw.edu.pl\/wp-content\/uploads\/sites\/22\/2022\/11\/image-1024x76-1-300x22.png 300w, https:\/\/ksztalcenie.uksw.edu.pl\/wp-content\/uploads\/sites\/22\/2022\/11\/image-1024x76-1-768x57.png 768w\" sizes=\"(max-width: 1024px) 100vw, 1024px\" \/><\/figure>\n\n\n\n<p>Kierownik Projektu \u201cLepsza Kadra=Lepszy Student\u201d nr POWR.03.04.00-00-D051\/16, Pani prof. UKSW dr hab. Anna Fidelus, zaprasza kadr\u0119 akademick\u0105 Uniwersytetu Kardyna\u0142a Stefana Wyszy\u0144skiego w Warszawie do wzi\u0119cia udzia\u0142u w bezp\u0142atnych kursach podnosz\u0105cych kompetencje zawodowe realizowanych w ramach Dzia\u0142ania 3.4 Zarz\u0105dzanie w instytucjach szkolnictwa wy\u017cszego, Osi III Szkolnictwo wy\u017csze dla gospodarki i rozwoju Programu Operacyjnego Wiedza Edukacja Rozw\u00f3j 2014-2020.<\/p>\n\n\n\n<p>Kursy b\u0119d\u0105 prowadzone w zakresie:<\/p>\n\n\n\n<ul class=\"wp-block-list\">\n<li>Innowacyjnych umiej\u0119tno\u015bci dydaktycznych<\/li>\n\n\n\n<li>Prowadzenia dydaktyki w j\u0119zyku obcym<\/li>\n\n\n\n<li>Umiej\u0119tno\u015bci informatycznych, w tym pos\u0142ugiwanie si\u0119 profesjonalnymi bazami danych<\/li>\n\n\n\n<li>Kluczowych umiej\u0119tno\u015bci dydaktycznych<\/li>\n<\/ul>\n\n\n\n<p>Rekrutacja rusza 1 lipca 2017r., a pierwsze kursy rozpoczn\u0105 si\u0119 ju\u017c w listopadzie 2017 r.<\/p>\n\n\n\n<p><strong>CA\u0141KOWITA WARTO\u015a\u0106 PROJEKTU: 107 359,49 z\u0142.<br>KWOTA DOFINANSOWANIA: 104 138,69 z\u0142.<\/strong><\/p>\n\n\n\n<p>Ska\u0142ad zespo\u0142u realizujacego projekt powo\u0142any zosta\u0142 poprzez:<br><a href=\"https:\/\/ksztalcenie.uksw.edu.pl\/sites\/default\/files\/10-2017-d-1.pdf\">Decyzj\u0119 Nr 10\/2017&nbsp;<\/a>Prorektora ds. Og\u00f3lnych i Rozwoju UKSW z dnia 12 czerwca 2017 r. w sprawie powo\u0142ania zespo\u0142u do spraw realizacji projektu \u201cLepsza Kadra=Lepszy Student\u201d nr POWR.03.04.00-00-D051\/16<\/p>\n\n\n\n<p><a href=\"https:\/\/ksztalcenie.uksw.edu.pl\/sites\/default\/files\/d_11-2017-powolanie-komitetu-monitorujacego.pdf\">Decyzja Nr 11\/2017<\/a>&nbsp;Rektora UKSW z dnia 22 czerwca 2017 r.<br>w sprawie powo\u0142ania Komitetu Monitoruj\u0105cego ds. realizacji projektu pn.: \u201cLepsza Kadra = Lepszy Student\u201d<\/p>\n\n\n\n<h2 class=\"wp-block-heading\">Cel projektu<\/h2>\n\n\n\n<p>Cel projektu wpisuje si\u0119 w cel szczeg\u00f3\u0142owy POWER dotycz\u0105cy wsparcia zmian organizacyjnych i podniesienia kompetencji kadr w systemie szkolnictwa wy\u017cszego wzmacniaj\u0105c kompetencje kadry dydaktycznej w nastepuj\u0105cy spos\u00f3b:<\/p>\n\n\n\n<ul class=\"wp-block-list\">\n<li>poprzez uczenie innowacyjnych metod w pracy ze studentem. wnisokdawca b\u0119dzie rozwija\u0142 umiej\u0119tno\u015bci autoprezentacji, wps\u00f3\u0142pracy z grup\u0105 i pracy w grupie, my\u015blenia projektowego, uczenia przez dzia\u0142anie;<\/li>\n\n\n\n<li>zwi\u0119kszenie \u015bwiadomo\u015bci dotycz\u0105cej poziomu posiadanych kompetencji oraz podejmowanie dzia\u0142a\u0144 rozwojowych (szkolenia, warsztaty) ukierunkowanych na rozw\u00f3j kompetencji kluczowych w zawodzie nauczyciela akademickiego;<\/li>\n\n\n\n<li>rozwijanie umiej\u0119tno\u015bci istotnych w cyberprzestrzeni;<\/li>\n\n\n\n<li>wykorzystywanie profesjonalnych baz danych w procesie ksztalcenia<\/li>\n\n\n\n<li>rozijanie bieg\u0142o\u015bci j\u0119zykowej do poziomu co najmniej C1.<\/li>\n<\/ul>\n\n\n\n<p>W efekcie realizacji projektu zostanie opracowany i wdro\u017cony w okresie od 01.07.2017 r. do 30.06.2019 r. (KD3) kompleksowy system wsparcia w w\/w zakresie, a zdobyte umiej\u0119tno\u015bci uczestnicy b\u0119d\u0105 mogli wykorzysta\u0107 w praktyce w kolejnych semstrach zaj\u0119\u0107 po uko\u0144czonych kursach. Niniejszy system b\u0119dzie wzbogacony o szkolenia z zakresu umiej\u0119tno\u015bci pedagogicznych (autoprezentacja, wyst\u0105pienia publiczne, emisja g\u0142osu) niezb\u0119dnych do stowrzeia w\u0142asnego i prawidlowego warsztatu przekazywania wiedzy. umiej\u0119tno\u015bci pedagogiczne i psychologiczne ani przeszkolenie z tego zakresu nie s\u0105 wymagane ustawowo wymagane w rakcie wykonywania pracy m\u0142odych dydaktyk\u00f3w akademickich, tak jak w przypadku nauczycieli w szko\u0142ach.<\/p>\n\n\n\n<h2 class=\"wp-block-heading\">Biuro projektu<\/h2>\n\n\n\n<p><strong>Kierownik Projektu:<\/strong><br>Pani prof. UKSW dr hab. Anna Fidelus \u2013&nbsp;<a href=\"mailto:a.fidelus@uksw.edu.pl?subject=projekt%20LK%3DLS\">a.fidelus@uksw.edu.pl<\/a><\/p>\n\n\n\n<p><strong>Specjalista ds. administracyjnych:<\/strong><br>mgr in\u017c. Beata Karpiuk \u2013&nbsp;<a href=\"mailto:beata_karpiuk@uksw.edu.pl\">beata_karpiuk@uksw.edu.pl<\/a><br>tel. 22 561 89 07<\/p>\n\n\n\n<p><strong>Specjalista ds. administracyjnych:<\/strong><br>mgr Joanna Korzeniewska \u2013&nbsp;<a href=\"mailto:j.korzeniewska@uksw.edu.pl\">j.korzeniewska@uksw.edu.pl<\/a><br>tel. 22 561 89 96<\/p>\n\n\n\n<p><strong>Adres:<\/strong><br>ul. Dewajtis 5, 01-815 Warszawa,<br>pok. 96 (stary gmach, 1 pi\u0119tro)<\/p>\n","protected":false},"excerpt":{"rendered":"<p>Kierownik Projektu \u201cLepsza Kadra=Lepszy Student\u201d nr POWR.03.04.00-00-D051\/16, Pani prof. UKSW dr hab. Anna Fidelus, zaprasza kadr\u0119 akademick\u0105 Uniwersytetu Kardyna\u0142a Stefana Wyszy\u0144skiego w Warszawie do wzi\u0119cia udzia\u0142u w bezp\u0142atnych kursach podnosz\u0105cych kompetencje zawodowe realizowanych w ramach Dzia\u0142ania 3.4 Zarz\u0105dzanie w instytucjach szkolnictwa wy\u017cszego, Osi III Szkolnictwo wy\u017csze dla gospodarki i rozwoju Programu Operacyjnego Wiedza Edukacja Rozw\u00f3j [&hellip;]<\/p>\n","protected":false},"author":1,"featured_media":0,"parent":3780,"menu_order":53,"comment_status":"closed","ping_status":"closed","template":"page-templates\/template-sub-page.php","meta":{"_acf_changed":false,"inline_featured_image":false,"footnotes":"","_links_to":"","_links_to_target":""},"class_list":["post-3783","page","type-page","status-publish","hentry"],"acf":[],"_links":{"self":[{"href":"https:\/\/ksztalcenie.uksw.edu.pl\/pl\/wp-json\/wp\/v2\/pages\/3783","targetHints":{"allow":["GET"]}}],"collection":[{"href":"https:\/\/ksztalcenie.uksw.edu.pl\/pl\/wp-json\/wp\/v2\/pages"}],"about":[{"href":"https:\/\/ksztalcenie.uksw.edu.pl\/pl\/wp-json\/wp\/v2\/types\/page"}],"author":[{"embeddable":true,"href":"https:\/\/ksztalcenie.uksw.edu.pl\/pl\/wp-json\/wp\/v2\/users\/1"}],"replies":[{"embeddable":true,"href":"https:\/\/ksztalcenie.uksw.edu.pl\/pl\/wp-json\/wp\/v2\/comments?post=3783"}],"version-history":[{"count":2,"href":"https:\/\/ksztalcenie.uksw.edu.pl\/pl\/wp-json\/wp\/v2\/pages\/3783\/revisions"}],"predecessor-version":[{"id":5120,"href":"https:\/\/ksztalcenie.uksw.edu.pl\/pl\/wp-json\/wp\/v2\/pages\/3783\/revisions\/5120"}],"up":[{"embeddable":true,"href":"https:\/\/ksztalcenie.uksw.edu.pl\/pl\/wp-json\/wp\/v2\/pages\/3780"}],"wp:attachment":[{"href":"https:\/\/ksztalcenie.uksw.edu.pl\/pl\/wp-json\/wp\/v2\/media?parent=3783"}],"curies":[{"name":"wp","href":"https:\/\/api.w.org\/{rel}","templated":true}]}}