{"id":3784,"date":"2022-11-17T15:33:41","date_gmt":"2022-11-17T14:33:41","guid":{"rendered":"https:\/\/jednostki.uksw.edu.pl\/ksztalcenie\/pracownicy-2\/projekty\/mlody-dydaktyk-w-uniwersytecie-mdu-zakonczony\/"},"modified":"2022-12-16T11:34:15","modified_gmt":"2022-12-16T10:34:15","slug":"mlody-dydaktyk-w-uniwersytecie-mdu-zakonczony","status":"publish","type":"page","link":"https:\/\/ksztalcenie.uksw.edu.pl\/pracownicy\/projekty\/mlody-dydaktyk-w-uniwersytecie-mdu-zakonczony\/","title":{"rendered":"M\u0142ody Dydaktyk w Uniwersytecie \u2013 MDU \u2013 zako\u0144czony"},"content":{"rendered":"\n<figure class=\"wp-block-image size-full\"><img decoding=\"async\" width=\"1024\" height=\"76\" src=\"https:\/\/ksztalcenie.uksw.edu.pl\/wp-content\/uploads\/sites\/22\/2022\/11\/image-1024x76-1.png\" alt=\"Logotypy UE\" class=\"wp-image-4173\" srcset=\"https:\/\/ksztalcenie.uksw.edu.pl\/wp-content\/uploads\/sites\/22\/2022\/11\/image-1024x76-1.png 1024w, https:\/\/ksztalcenie.uksw.edu.pl\/wp-content\/uploads\/sites\/22\/2022\/11\/image-1024x76-1-300x22.png 300w, https:\/\/ksztalcenie.uksw.edu.pl\/wp-content\/uploads\/sites\/22\/2022\/11\/image-1024x76-1-768x57.png 768w\" sizes=\"(max-width: 1024px) 100vw, 1024px\" \/><\/figure>\n\n\n\n<p>Kierownik Projektu \u201cM\u0142ody Dydaktyk w Uniwersytecie\u201d nr POWR.03.04.00-00-D003\/17 Pani mgr in\u017c Beata Karpiuk, zaprasza kadr\u0119 akademick\u0105 Uniwersytetu Kardyna\u0142a Stefana Wyszy\u0144skiego w Warszawie do wzi\u0119cia udzia\u0142u w bezp\u0142atnych kursach podnosz\u0105cych kompetencje zawodowe realizowanych w ramach Dzia\u0142ania 3.4 Zarz\u0105dzanie w instytucjach szkolnictwa wy\u017cszego, Osi III Szkolnictwo wy\u017csze dla gospodarki i rozwoju Programu Operacyjnego Wiedza Edukacja Rozw\u00f3j 2014-2020.<\/p>\n\n\n\n<p>Kursy b\u0119d\u0105 prowadzone w zakresie:<\/p>\n\n\n\n<ul class=\"wp-block-list\">\n<li>Innowacyjnych umiej\u0119tno\u015bci dydaktycznych<\/li>\n\n\n\n<li>Prowadzenia dydaktyki w j\u0119zyku obcym<\/li>\n\n\n\n<li>Umiej\u0119tno\u015bci informatycznych, w tym pos\u0142ugiwanie si\u0119 profesjonalnymi bazami danych<\/li>\n\n\n\n<li>Uprawnie\u0144 VLOS<\/li>\n<\/ul>\n\n\n\n<p>Rekrutacja rusza 1 marca 2018 r., a pierwsze kursy&nbsp; rozpoczn\u0105 si\u0119 ju\u017c we wrze\u015bniu 2018 r.<\/p>\n\n\n\n<p><strong>CA\u0141KOWITA WARTO\u015a\u0106 PROJEKTU: 131 838,40 z\u0142.<br>KWOTA DOFINANSOWANIA: 127 881,25 z\u0142.<\/strong><\/p>\n\n\n\n<p>Ska\u0142ad zespo\u0142u realizuj\u0105cego projekt powo\u0142any zosta\u0142 poprzez:<br>Decyzj\u0119 Nr 5\/2018&nbsp;Prorektora ds. studenckich i kszta\u0142cenia UKSW z dnia 17 stycznia 2018 r. w sprawie powo\u0142ania zespo\u0142u do spraw realizacji projektu \u201cM\u0142ody Dydaktyk w Uniwersytecie\u201d nr POWR.03.04.00-00-D003\/17., zmieniona&nbsp;Decyzj\u0105 Nr 6\/2018&nbsp;z dn. 2 lutego 2018 (dodano cz\u0142onka zespo\u0142u)<\/p>\n\n\n\n<p>Decyzja Nr 1\/2018&nbsp;Rektora UKSW z dnia 19 stycznia 2018 r.<br>w sprawie powo\u0142ania Komitetu Monitoruj\u0105cego ds. realizacji projektu pn.: \u201cM\u0142ody Dydaktyk w Uniwersytecie\u201d<\/p>\n\n\n\n<h2 class=\"wp-block-heading\">Cel projektu<\/h2>\n\n\n\n<p>Cel projektu wpisuje si\u0119 w cel szczeg\u00f3\u0142owy POWER, dotycz\u0105cy wsparcia zmian organizacyjnych i podniesienia kompetencji kadr w systemie szkolnictwa wy\u017cszego, wzmacniaj\u0105c kompetencje kadry dydaktycznej w nastepuj\u0105cy spos\u00f3b:<\/p>\n\n\n\n<ul class=\"wp-block-list\">\n<li>poprzez uczenie innowacyjnych metod w pracy ze studentem, m.in. rozw\u00f3j umiej\u0119tno\u015bci autoprezentacji, wsp\u00f3\u0142pracy z grup\u0105 i pracy w grupie, my\u015blenia projektowego, uczenia przez dzia\u0142anie<\/li>\n\n\n\n<li>zwi\u0119kszenie \u015bwiadomo\u015bci dotycz\u0105cej poziomu posiadanych kompetencji oraz podejmowanie dzia\u0142a\u0144 rozwojowych (szkolenia, warsztaty) ukierunkowanych na rozw\u00f3j kompetencji kluczowych w zawodzie nauczyciela akademickiego<\/li>\n\n\n\n<li>rozwijanie umiej\u0119tno\u015bci istotnych w cyberprzestrzeni<\/li>\n\n\n\n<li>rozwijanie bieg\u0142o\u015bci j\u0119zykowej do poziomu co najmniej C1<\/li>\n<\/ul>\n\n\n\n<p>W efekcie realizacji projektu zostanie opracowany i wdro\u017cony w okresie od 01.02.2018 r. do 30.01.2020 r. (KD3) kompleksowy system wsparcia w w\/w zakresie, a zdobyte umiej\u0119tno\u015bci uczestnicy b\u0119d\u0105 mogli wykorzysta\u0107 w praktyce ju\u017c w trakcie trwania projektu. Niniejszy system b\u0119dzie wzbogacony o tematy zaj\u0119\u0107 z zakresu umiej\u0119tno\u015bci pedagogicznych niezb\u0119dnych do stowrzenia w\u0142asnego i prawid\u0142owego warsztatu przekazywania wiedzy. Zar\u00f3wno umiej\u0119tno\u015bci pedagogiczne i psychologiczne, jak i przeszkolenie z tego zakresu nie s\u0105 ustawowo wymagane w trakcie wykonywania pracy m\u0142odych dydaktyk\u00f3w akademickich, tak jak w przypadku nauczycieli w szko\u0142ach.<\/p>\n\n\n\n<h2 class=\"wp-block-heading\">Biuro projektu<\/h2>\n\n\n\n<p><strong>Kierownik Projektu<\/strong>:<br>mgr in\u017c. Beata Karpiuk<br><a href=\"mailto:beata_karpiuk@uksw.edu.pl\">beata_karpiuk@uksw.edu.pl<\/a><\/p>\n\n\n\n<p><strong>Specjalista ds. administracyjnych:<\/strong><br>mgr Ma\u0142gorzata Chaj\u0119cka<br><a href=\"mailto:m.chajecka@uksw.edu.pl?subject=projekt%20MDwU\">m.chajecka@uksw.edu.pl<\/a><br>tel. <a href=\"tel:22 561 89 95\">22 561 89 95<\/a><\/p>\n\n\n\n<p><strong>Adres:<\/strong><br>ul. Dewajtis 5, 01-815 Warszawa,<br>pok. 93 (stary gmach, 1 pi\u0119tro)<\/p>\n\n\n\n<p><strong>Specjalista ds. informacji i promocji:<\/strong><br>mgr Joanna Korzeniewska<br><a href=\"mailto:j.korzeniewska@uksw.edu.pl\">j.korzeniewska@uksw.edu.pl<\/a><br>tel. <a href=\"tel:22 561 89 96\">22 561 89 96<\/a><\/p>\n\n\n\n<div style=\"height:32px\" aria-hidden=\"true\" class=\"wp-block-spacer\"><\/div>\n\n\n\r\n<div class=\"\">\r\n\r\n<div class=\"page_heading\"> <img decoding=\"async\" src=\"https:\/\/ksztalcenie.uksw.edu.pl\/wp-content\/themes\/uksw\/images\/note-2_white.svg\" alt=\"\"> Wybierz interesuj\u0105cy Ci\u0119 dzia\u0142:<\/div>\r\n<div class=\"candidate_box_sec\">\r\n<div class=\"row\">\r\n\r\n    \r\n                                \r\n                            <div class=\"col-xl-4 col-lg-6 col-md-12 col-sm-12 project\">\r\n                                <a href=\"https:\/\/ksztalcenie.uksw.edu.pl\/?post_type=page&#038;p=4855\" class=\"project_box\">\r\n                                    <div class=\"candidate_box project_box\">\r\n                                        <div class=\"candidate_box_title\">Harmonogram<\/div>\r\n                                                                                <div class=\"candidate_box_sub_title\">kurs\u00f3w MDU<\/div>\r\n                                                                                <img decoding=\"async\" src=\"https:\/\/ksztalcenie.uksw.edu.pl\/wp-content\/themes\/uksw\/images\/arrow_more1.svg\" alt=\"\">  \r\n                                    <\/div>\r\n                                <\/a>\r\n                            <\/div>\r\n                      \r\n                        \r\n                            \r\n                                \r\n                            <div class=\"col-xl-4 col-lg-6 col-md-12 col-sm-12 project\">\r\n                                <a href=\"https:\/\/ksztalcenie.uksw.edu.pl\/?post_type=page&#038;p=4856\" class=\"project_box\">\r\n                                    <div class=\"candidate_box project_box\">\r\n                                        <div class=\"candidate_box_title\">Kursy<\/div>\r\n                                                                                <div class=\"candidate_box_sub_title\">MDU<\/div>\r\n                                                                                <img decoding=\"async\" src=\"https:\/\/ksztalcenie.uksw.edu.pl\/wp-content\/themes\/uksw\/images\/arrow_more1.svg\" alt=\"\">  \r\n                                    <\/div>\r\n                                <\/a>\r\n                            <\/div>\r\n                      \r\n                        \r\n                            \r\n                                \r\n                            <div class=\"col-xl-4 col-lg-6 col-md-12 col-sm-12 project\">\r\n                                <a href=\"https:\/\/ksztalcenie.uksw.edu.pl\/?post_type=page&#038;p=4857\" class=\"project_box\">\r\n                                    <div class=\"candidate_box project_box\">\r\n                                        <div class=\"candidate_box_title\">Zapytania<\/div>\r\n                                                                                <div class=\"candidate_box_sub_title\">Ofertowe MDU<\/div>\r\n                                                                                <img decoding=\"async\" src=\"https:\/\/ksztalcenie.uksw.edu.pl\/wp-content\/themes\/uksw\/images\/arrow_more1.svg\" alt=\"\">  \r\n                                    <\/div>\r\n                                <\/a>\r\n                            <\/div>\r\n                      \r\n                        \r\n                            <\/div>\r\n<\/div>\r\n\r\n<\/div>","protected":false},"excerpt":{"rendered":"<p>Kierownik Projektu \u201cM\u0142ody Dydaktyk w Uniwersytecie\u201d nr POWR.03.04.00-00-D003\/17 Pani mgr in\u017c Beata Karpiuk, zaprasza kadr\u0119 akademick\u0105 Uniwersytetu Kardyna\u0142a Stefana Wyszy\u0144skiego w Warszawie do wzi\u0119cia udzia\u0142u w bezp\u0142atnych kursach podnosz\u0105cych kompetencje zawodowe realizowanych w ramach Dzia\u0142ania 3.4 Zarz\u0105dzanie w instytucjach szkolnictwa wy\u017cszego, Osi III Szkolnictwo wy\u017csze dla gospodarki i rozwoju Programu Operacyjnego Wiedza Edukacja Rozw\u00f3j 2014-2020. [&hellip;]<\/p>\n","protected":false},"author":1,"featured_media":0,"parent":3780,"menu_order":54,"comment_status":"closed","ping_status":"closed","template":"page-templates\/template-sub-page.php","meta":{"_acf_changed":false,"inline_featured_image":false,"footnotes":"","_links_to":"","_links_to_target":""},"class_list":["post-3784","page","type-page","status-publish","hentry"],"acf":[],"_links":{"self":[{"href":"https:\/\/ksztalcenie.uksw.edu.pl\/pl\/wp-json\/wp\/v2\/pages\/3784","targetHints":{"allow":["GET"]}}],"collection":[{"href":"https:\/\/ksztalcenie.uksw.edu.pl\/pl\/wp-json\/wp\/v2\/pages"}],"about":[{"href":"https:\/\/ksztalcenie.uksw.edu.pl\/pl\/wp-json\/wp\/v2\/types\/page"}],"author":[{"embeddable":true,"href":"https:\/\/ksztalcenie.uksw.edu.pl\/pl\/wp-json\/wp\/v2\/users\/1"}],"replies":[{"embeddable":true,"href":"https:\/\/ksztalcenie.uksw.edu.pl\/pl\/wp-json\/wp\/v2\/comments?post=3784"}],"version-history":[{"count":5,"href":"https:\/\/ksztalcenie.uksw.edu.pl\/pl\/wp-json\/wp\/v2\/pages\/3784\/revisions"}],"predecessor-version":[{"id":4861,"href":"https:\/\/ksztalcenie.uksw.edu.pl\/pl\/wp-json\/wp\/v2\/pages\/3784\/revisions\/4861"}],"up":[{"embeddable":true,"href":"https:\/\/ksztalcenie.uksw.edu.pl\/pl\/wp-json\/wp\/v2\/pages\/3780"}],"wp:attachment":[{"href":"https:\/\/ksztalcenie.uksw.edu.pl\/pl\/wp-json\/wp\/v2\/media?parent=3784"}],"curies":[{"name":"wp","href":"https:\/\/api.w.org\/{rel}","templated":true}]}}