{"id":3785,"date":"2022-11-17T15:33:41","date_gmt":"2022-11-17T14:33:41","guid":{"rendered":"https:\/\/jednostki.uksw.edu.pl\/ksztalcenie\/pracownicy-2\/projekty\/kwalifikacja-jakosci-w-uniwersytecie-zakonczony\/"},"modified":"2023-02-28T14:36:59","modified_gmt":"2023-02-28T13:36:59","slug":"kwalifikacja-jakosci-w-uniwersytecie-zakonczony","status":"publish","type":"page","link":"https:\/\/ksztalcenie.uksw.edu.pl\/pracownicy\/projekty\/kwalifikacja-jakosci-w-uniwersytecie-zakonczony\/","title":{"rendered":"Kwalifikacja jako\u015bci w Uniwersytecie \u2013 zako\u0144czony"},"content":{"rendered":"\n<h2 class=\"has-text-align-left wp-block-heading\">Projekt \u201eKwalifikacja jako\u015bci w Uniwersytecie\u201d <br>Nr POKL. 04.01.01-00-155\/11<\/h2>\n\n\n\n<p class=\"has-text-align-left\">Projekt wsp\u00f3\u0142finansowany przez Unie Europejska ze \u015brodk\u00f3w Europejskiego Funduszu Spo\u0142ecznego<\/p>\n\n\n\n<h5 class=\"has-text-align-center wp-block-heading\"><span style=\"text-decoration: underline\"><a href=\"https:\/\/www.google.com\/url?sa=t&amp;rct=j&amp;q=&amp;esrc=s&amp;source=web&amp;cd=&amp;ved=2ahUKEwjhrO3MpLj9AhXRK3cKHX_NDtcQFnoECAcQAQ&amp;url=https%3A%2F%2Fmonitor.uksw.edu.pl%2Fdocs%2Fdownload%2F3a8fc959bb8e61f3a5c1c5c0dad6dc9f&amp;usg=AOvVaw1PKI_sxYgD-4xDwUAaFOOm\">Decyzja Nr 7\/2013<\/a> <\/span><br>Rektora Uniwersytetu Kardyna\u0142a Stefana Wyszy\u0144skiego w Warszawie <\/h5>\n\n\n\n<p class=\"has-text-align-left\">z dnia 27 lutego 2013 r. w sprawie powo\u0142ania Komitetu Steruj\u0105cego ds. realizacji projektu <br>pn.: \u201eKwalifikacja jako\u015bci w Uniwersytecie\u201d<br><br><em>Na podstawie \u00a7 38 ust. 4 oraz \u00a7 39 ust. 1 pkt 7 Statutu Uniwersytetu Kardyna\u0142a Stefana Wyszy\u0144skiego w Warszawie postanawiam, co nast\u0119puje:<br>\u00a7 1<br>W celu zapewnienia efektywnego zarz\u0105dzania projektem, powo\u0142uje si\u0119 Komitet Steruj\u0105cy ds. realizacji projektu pn.: \u201eKwalifikacja jako\u015bci w Uniwersytecie\u201d.<br>\u00a7 2<br>W sk\u0142ad Komitet Steruj\u0105cego wchodz\u0105:<br>1) prof. UKSW dr hab. Jerzy Cytowski &#8211; Prorektor ds. finansowych i infrastruktury;<br>2) ks. prof. UKSW dr hab. Maciej Ba\u0142a &#8211; Prorektor ds. studenckich i kszta\u0142cenia;<br>3) prof. dr hab. Cezary Mik &#8211; Prorektor ds. nauki i rozwoju;<br>4) mgr Mariusz Wielec \u2013 Kanclerz;<br>5) mgr Anna Ko\u0142cz \u2013 Kwestor.<br>\u00a7 3<br>1. Nadz\u00f3r nad Komitetem Steruj\u0105cym sprawuje Rektor.<br>2. Na pierwszym posiedzeniu Komitetu Steruj\u0105cego zostanie wybrany Przewodnicz\u0105cy.<br>3. Komitet Steruj\u0105cy dzia\u0142a na posiedzeniach w sk\u0142adzie, co najmniej czteroosobowym.<br>4. Na kadym posiedzeniu Komitet Steruj\u0105cy ustala termin kolejnego spotkania.<br>5. Spotkania Komitetu Steruj\u0105cego b\u0119d\u0105 si\u0119 odbywa\u0107 nie rzadziej ni raz na kwarta\u0142.<br>\u00a7 4<br>Komitet Steruj\u0105cy, o kt\u00f3rym mowa w \u00a7 1, odpowiedzialny jest za podejmowanie strategicznych decyzji dotycz\u0105cych realizacji projektu.<br>\u00a7 5<br>Decyzja wchodzi w \u017cycie z dniem podj\u0119cia.<br>R e k t o r U K S W<br>Ks. dr hab. Stanis\u0142aw Dzieko\u0144ski, prof. UKSW<\/em><\/p>\n\n\n\n<h5 class=\"has-text-align-center wp-block-heading\"><a href=\"https:\/\/www.google.com\/url?sa=t&amp;rct=j&amp;q=&amp;esrc=s&amp;source=web&amp;cd=&amp;cad=rja&amp;uact=8&amp;ved=2ahUKEwjhrO3MpLj9AhXRK3cKHX_NDtcQFnoECAgQAQ&amp;url=https%3A%2F%2Fwww.monitor.uksw.edu.pl%2Fdocs%2Fdownload%2F60daec145c7c57826fb1532569a8acea&amp;usg=AOvVaw2N5h6pJ2mDmuBJdeiHXUgw\"><span style=\"text-decoration: underline\">Decyzja Nr 4\/2014<\/span><\/a> <br>Rektora Uniwersytetu Kardyna\u0142a Stefana Wyszy\u0144skiego w Warszawie <\/h5>\n\n\n\n<p class=\"has-text-align-left\">z dnia 18 marca 2014 r. w sprawie powo\u0142ania Komisji Konkursowej do oceny i wyboru najkorzystniejszej oferty na \u201eUs\u0142ugi doradcze w zakresie modelowania wybranych proces\u00f3w w uczelni wraz z rekomendacj\u0105 dla operacyjnej warstwy proces\u00f3w biznesowych dla Uniwersytetu Kardyna\u0142a Stefana Wyszy\u0144skiego w Warszawie\u201d<br><br><em>Powo\u0142uj\u0119 Komisj\u0119 Konkursow\u0105 do dokonania oceny z\u0142o\u017conych ofert i wyboru najkorzystniejszej oferty w trybie \u00a7 11 Regulaminu udzielania zam\u00f3wie\u0144 publicznych UKSW na \u201eUs\u0142ugi doradcze w zakresie modelowania wybranych proces\u00f3w w uczelni wraz z rekomendacja dla operacyjnej warstwy proces\u00f3w biznesowych dla Uniwersytetu Kardyna\u0142a Stefana Wyszy\u0144skiego w Warszawie\u201d w sk\u0142adzie:<br>1. Przemys\u0142aw Koj\u0142o \u2013 przewodnicz\u0105cy<br>2. Ryszard Stasiak \u2013 cz\u0142onek,<br>3. Anna Wegner \u2013 cz\u0142onek,<br>4. Liliana Paw\u0142owicz\u2013 sekretarz.<br><br>Do zada\u0144 Komisji nale\u017cy:<br>1. Publiczne otwarcie z\u0142oonych ofert, dokonanie oceny i wyboru najkorzystniejszej oferty,<br>2. Sporz\u0105dzenie dokumentacji post\u0119powania i przed\u0142o\u017cenie jej do zatwierdzenia kierownikowi<br>jednostki Zamawiaj\u0105cego,<br>3. Dokonanie wyboru nowego Wykonawcy w przypadku uchylania si\u0119 od podpisania umowy<br>Wykonawcy, kt\u00f3rego ofert\u0119 wybrano jako najkorzystniejsza.<br><br>Komisja Konkursowa rozpocznie prace z dniem powo\u0142ania.<br>Komisja Konkursowa zako\u0144czy prace z chwila podpisania umowy z Wykonawca, kt\u00f3ry z\u0142o\u017cy\u0142 najkorzystniejsza ofert\u0119.<br>R e k t o r U K S W<br>Ks. dr hab. Stanis\u0142aw Dzieko\u0144ski, prof. UKSW<\/em><\/p>\n","protected":false},"excerpt":{"rendered":"<p>Projekt \u201eKwalifikacja jako\u015bci w Uniwersytecie\u201d Nr POKL. 04.01.01-00-155\/11 Projekt wsp\u00f3\u0142finansowany przez Unie Europejska ze \u015brodk\u00f3w Europejskiego Funduszu Spo\u0142ecznego Decyzja Nr 7\/2013 Rektora Uniwersytetu Kardyna\u0142a Stefana Wyszy\u0144skiego w Warszawie z dnia 27 lutego 2013 r. w sprawie powo\u0142ania Komitetu Steruj\u0105cego ds. realizacji projektu pn.: \u201eKwalifikacja jako\u015bci w Uniwersytecie\u201d Na podstawie \u00a7 38 ust. 4 oraz \u00a7 [&hellip;]<\/p>\n","protected":false},"author":1,"featured_media":0,"parent":3780,"menu_order":55,"comment_status":"closed","ping_status":"closed","template":"page-templates\/template-sub-page.php","meta":{"_acf_changed":false,"inline_featured_image":false,"footnotes":"","_links_to":"","_links_to_target":""},"class_list":["post-3785","page","type-page","status-publish","hentry"],"acf":[],"_links":{"self":[{"href":"https:\/\/ksztalcenie.uksw.edu.pl\/pl\/wp-json\/wp\/v2\/pages\/3785","targetHints":{"allow":["GET"]}}],"collection":[{"href":"https:\/\/ksztalcenie.uksw.edu.pl\/pl\/wp-json\/wp\/v2\/pages"}],"about":[{"href":"https:\/\/ksztalcenie.uksw.edu.pl\/pl\/wp-json\/wp\/v2\/types\/page"}],"author":[{"embeddable":true,"href":"https:\/\/ksztalcenie.uksw.edu.pl\/pl\/wp-json\/wp\/v2\/users\/1"}],"replies":[{"embeddable":true,"href":"https:\/\/ksztalcenie.uksw.edu.pl\/pl\/wp-json\/wp\/v2\/comments?post=3785"}],"version-history":[{"count":2,"href":"https:\/\/ksztalcenie.uksw.edu.pl\/pl\/wp-json\/wp\/v2\/pages\/3785\/revisions"}],"predecessor-version":[{"id":5376,"href":"https:\/\/ksztalcenie.uksw.edu.pl\/pl\/wp-json\/wp\/v2\/pages\/3785\/revisions\/5376"}],"up":[{"embeddable":true,"href":"https:\/\/ksztalcenie.uksw.edu.pl\/pl\/wp-json\/wp\/v2\/pages\/3780"}],"wp:attachment":[{"href":"https:\/\/ksztalcenie.uksw.edu.pl\/pl\/wp-json\/wp\/v2\/media?parent=3785"}],"curies":[{"name":"wp","href":"https:\/\/api.w.org\/{rel}","templated":true}]}}