{"id":3786,"date":"2022-11-17T15:33:42","date_gmt":"2022-11-17T14:33:42","guid":{"rendered":"https:\/\/jednostki.uksw.edu.pl\/ksztalcenie\/studenci-i-doktoranci\/statut-i-regulaminy-studiow\/"},"modified":"2025-08-07T14:09:58","modified_gmt":"2025-08-07T12:09:58","slug":"statut-i-regulaminy","status":"publish","type":"page","link":"https:\/\/ksztalcenie.uksw.edu.pl\/studenci-i-doktoranci\/statut-i-regulaminy\/","title":{"rendered":"Statut i Regulaminy"},"content":{"rendered":"\n<div class=\" ui_kit_all_newblue\">\n\n<div class=\"accordion accordion-flush\" id=\"acc-block_14fba56997af460b56ff07cf6b710121\">\n\n                    \n                            <div class=\"accordion-item\">\n            <H2 class=\"accordion-header\" id=\"flush-headingacc-block_14fba56997af460b56ff07cf6b7101210\">\n            <button class=\"accordion-button collapsed\" type=\"button\" data-bs-toggle=\"collapse\" data-bs-target=\"#flush-collapseacc-block_14fba56997af460b56ff07cf6b7101210\" aria-expanded=\"false\" aria-controls=\"flush-collapseacc-block_14fba56997af460b56ff07cf6b7101210\">\n            Statut UKSW            <\/button>\n            <\/H2>\n            <div id=\"flush-collapseacc-block_14fba56997af460b56ff07cf6b7101210\" class=\"accordion-collapse collapse\" aria-labelledby=\"flush-headingacc-block_14fba56997af460b56ff07cf6b7101210\" data-bs-parent=\"#acc-block_14fba56997af460b56ff07cf6b710121\">\n            <div class=\"accordion-body\"><p><a href=\"https:\/\/monitor.uksw.edu.pl\/docs\/8219\" target=\"_blank\" rel=\"noreferrer noopener\" data-type=\"URL\">Obwieszczenie Nr 5\/2025 <\/a>Rektora Uniwersytetu Kardyna\u0142a Stefana Wyszy\u0144skiego w Warszawie z dnia 4 kwietnia 2025 r. w sprawie og\u0142oszenia tekstu jednolitego Uchwa\u0142y Nr 127\/2019 Senatu Uniwersytetu Kardyna\u0142a Stefana Wyszy\u0144skiego w Warszawie z dnia 27 czerwca 2019 r. w sprawie uchwalenia Statutu Uniwersytetu Kardyna\u0142a Stefana Wyszy\u0144skiego w Warszawie.<\/p>\n<\/div>\n            <\/div>\n        <\/div>\n                      \n                            <div class=\"accordion-item\">\n            <H2 class=\"accordion-header\" id=\"flush-headingacc-block_14fba56997af460b56ff07cf6b7101211\">\n            <button class=\"accordion-button collapsed\" type=\"button\" data-bs-toggle=\"collapse\" data-bs-target=\"#flush-collapseacc-block_14fba56997af460b56ff07cf6b7101211\" aria-expanded=\"false\" aria-controls=\"flush-collapseacc-block_14fba56997af460b56ff07cf6b7101211\">\n            Studenci            <\/button>\n            <\/H2>\n            <div id=\"flush-collapseacc-block_14fba56997af460b56ff07cf6b7101211\" class=\"accordion-collapse collapse\" aria-labelledby=\"flush-headingacc-block_14fba56997af460b56ff07cf6b7101211\" data-bs-parent=\"#acc-block_14fba56997af460b56ff07cf6b710121\">\n            <div class=\"accordion-body\"><ul>\n<li><strong><a href=\"https:\/\/monitor.uksw.edu.pl\/docs\/8259\" target=\"_blank\" rel=\"noopener\">Regulamin studi\u00f3w<\/a> <\/strong>obowi\u0105zuj\u0105cy od 01.10.2025 -&gt;<strong> 2025\/2026<br \/>\n<\/strong>&#8211; <a href=\"https:\/\/ksztalcenie.uksw.edu.pl\/wp-content\/uploads\/sites\/22\/2022\/11\/slubowanie-akademickie.pdf\">\u015alubowanie akademickie UKSW<\/a><\/li>\n<\/ul>\n<ul>\n<li style=\"list-style-type: none\">\n<ul>\n<li><strong>Poprzednie regulaminy:<\/strong><br \/>\n&#8211; <a href=\"https:\/\/monitor.uksw.edu.pl\/docs\/6987\">Regulamin studi\u00f3w<\/a> obowi\u0105zuj\u0105cy od 01.10.2023 -&gt; <strong>2023\/2024 \u2013 2024\/2025<\/strong><br \/>\n&#8211; <a href=\"https:\/\/monitor.uksw.edu.pl\/docs\/6166\" target=\"_blank\" rel=\"noreferrer noopener\">Regulamin studi\u00f3w<\/a>\u00a0obowi\u0105zuj\u0105cy od 01.10.2019 -&gt;\u00a0<strong>2019\/2020 \u2013 2022\/2023<br \/>\n<\/strong>&#8211; <a href=\"https:\/\/monitor.uksw.edu.pl\/docs\/3529\" target=\"_blank\" rel=\"noreferrer noopener\" aria-label=\"Regulamin studi\u00f3w (otwiera si\u0119 na nowej zak\u0142adce)\">Regulamin studi\u00f3w<\/a>\u00a0obowi\u0105zuj\u0105cy od 01.10.2017 -&gt;\u00a0<strong>2017\/2018 \u2013 2018\/2019<\/strong><br \/>\n&#8211; <a href=\"https:\/\/monitor.uksw.edu.pl\/docs\/2776\" target=\"_blank\" rel=\"noreferrer noopener\" aria-label=\"Regulamin studi\u00f3w (otwiera si\u0119 na nowej zak\u0142adce)\">Regulamin studi\u00f3w<\/a>\u00a0obowi\u0105zuj\u0105cy od 01.10.2015 -&gt;\u00a0<strong>2015\/2016\u00a0\u2013 2016\/2017<\/strong><br \/>\n&#8211; <a href=\"https:\/\/monitor.uksw.edu.pl\/docs\/824\" target=\"_blank\" rel=\"noreferrer noopener\" aria-label=\"Regulamin studi\u00f3w (otwiera si\u0119 na nowej zak\u0142adce)\">Regulamin studi\u00f3w<\/a>\u00a0obowi\u0105zuj\u0105cy od 01.10.2014 -&gt;\u00a0<strong>2014\/2015<\/strong><br \/>\n&#8211; <a href=\"https:\/\/monitor.uksw.edu.pl\/docs\/1035\" target=\"_blank\" rel=\"noreferrer noopener\" aria-label=\"Regulamin studi\u00f3w (otwiera si\u0119 na nowej zak\u0142adce)\">Regulamin studi\u00f3w<\/a>\u00a0obowi\u0105zuj\u0105cy od 01.10.2013 -&gt;\u00a0<strong>2013\/2014<\/strong><br \/>\n&#8211; <a href=\"https:\/\/monitor.uksw.edu.pl\/docs\/1816\" target=\"_blank\" rel=\"noreferrer noopener\" aria-label=\"Regulamin studi\u00f3w (otwiera si\u0119 na nowej zak\u0142adce)\">Regulamin studi\u00f3w<\/a>\u00a0obowi\u0105zuj\u0105cy od 01.10.2012 -&gt;\u00a0<strong>2012\/2013<\/strong><br \/>\n&#8211; <a href=\"https:\/\/monitor.uksw.edu.pl\/docs\/1887\" target=\"_blank\" rel=\"noreferrer noopener\" aria-label=\"Regulamin studi\u00f3w (otwiera si\u0119 na nowej zak\u0142adce)\">Regulamin studi\u00f3w<\/a>\u00a0obowi\u0105zuj\u0105cy od 01.10.2010 -&gt;\u00a0<strong>2010\/2011 \u2013 2011\/2012<\/strong><br \/>\n&#8211;<a href=\"https:\/\/monitor.uksw.edu.pl\/docs\/2078\" target=\"_blank\" rel=\"noreferrer noopener\" aria-label=\"Regulamin studi\u00f3w (otwiera si\u0119 na nowej zak\u0142adce)\">Regulamin studi\u00f3w<\/a>\u00a0obowi\u0105zuj\u0105cy od 01.10.2009 -&gt;\u00a0<strong>2009\/2010<\/strong><br \/>\n&#8211; <a href=\"https:\/\/monitor.uksw.edu.pl\/docs\/1494\" target=\"_blank\" rel=\"noreferrer noopener\" aria-label=\"Regulamin studi\u00f3w (otwiera si\u0119 na nowej zak\u0142adce)\">Regulamin studi\u00f3w<\/a>\u00a0obowi\u0105zuj\u0105cy od 01.10.2007 -&gt;\u00a0<strong><strong><strong>2007\/2008 \u2013 2008\/2009<\/strong><\/strong><\/strong><\/li>\n<\/ul>\n<\/li>\n<li><strong>Przydatne linki:<\/strong><br \/>\n&#8211; ubezpieczenie studenckie &#8211; <a href=\"https:\/\/cws.uksw.edu.pl\/informacje\/ubezpieczenie-nnw\/\" target=\"_blank\" rel=\"noopener\">link<\/a><br \/>\n&#8211; pomoc psychologiczna <a href=\"https:\/\/cws.uksw.edu.pl\/informacje\/pomoc-psychologiczna\/\" target=\"_blank\" rel=\"noopener\">[link]<\/a><br \/>\n&#8211; pomoc prawna <a href=\"https:\/\/uksw.edu.pl\/studenci\/poradnie-prawne\/\" target=\"_blank\" rel=\"noopener\">[link]<\/a><br \/>\n&#8211; pomoc finansowa <a href=\"https:\/\/uksw.edu.pl\/studenci\/stypendia-i-pomoc-materialna\/\" target=\"_blank\" rel=\"noopener\">[link]<\/a><br \/>\n&#8211; wz\u00f3r Karty obiegowej studenta &#8211; <a href=\"https:\/\/ksztalcenie.uksw.edu.pl\/wp-content\/uploads\/sites\/22\/2022\/11\/karta-obiegowa-studenta.pdf\">pobierz pdf<\/a><br \/>\n&#8211; o kredytach studenckich \u2013\u00a0 <a href=\"https:\/\/www.gov.pl\/web\/nauka\/kredyty-studenckie\" target=\"_blank\" rel=\"noreferrer noopener\" aria-label=\"link (otwiera si\u0119 na nowej zak\u0142adce)\">link do gov.pl<\/a><br \/>\n&#8211; NOWO\u015a\u0106 kredyty na studia medyczne &#8211;<a href=\"https:\/\/www.gov.pl\/web\/zdrowie\/rzad-przyjal-projekt-ustawy-o-kredytach-na-studia-medyczne\"> link do gov.pl<\/a><br \/>\n&#8211; karta praw studenta &#8211; <a href=\"https:\/\/studia.gov.pl\/studenci\/prawa-i-obowiazki-studenta\/\">link do gov.pl<\/a><br \/>\n&#8211; Kodeks etyki studenta UKSW (2014) &#8211; <a href=\"https:\/\/ksztalcenie.uksw.edu.pl\/wp-content\/uploads\/sites\/22\/2022\/12\/Kodeks_Etyki_Studenta.pdf\">pobierz pdf<\/a><br \/>\n&#8211; r\u00f3\u017cne stypendia &#8211; <a href=\"https:\/\/studia.gov.pl\/studenci\/stypendia-programy-oraz-konkursy-grantowe\/\">link do gov.pl<\/a><\/li>\n<\/ul>\n<\/div>\n            <\/div>\n        <\/div>\n                      \n                            <div class=\"accordion-item\">\n            <H2 class=\"accordion-header\" id=\"flush-headingacc-block_14fba56997af460b56ff07cf6b7101212\">\n            <button class=\"accordion-button collapsed\" type=\"button\" data-bs-toggle=\"collapse\" data-bs-target=\"#flush-collapseacc-block_14fba56997af460b56ff07cf6b7101212\" aria-expanded=\"false\" aria-controls=\"flush-collapseacc-block_14fba56997af460b56ff07cf6b7101212\">\n            Doktoranci            <\/button>\n            <\/H2>\n            <div id=\"flush-collapseacc-block_14fba56997af460b56ff07cf6b7101212\" class=\"accordion-collapse collapse\" aria-labelledby=\"flush-headingacc-block_14fba56997af460b56ff07cf6b7101212\" data-bs-parent=\"#acc-block_14fba56997af460b56ff07cf6b710121\">\n            <div class=\"accordion-body\"><ul>\n<li>Regulamin studi\u00f3w doktoranckich obowi\u0105zuj\u0105cy od 01.10.2017 <a href=\"https:\/\/monitor.uksw.edu.pl\/docs\/3528\">[link]<\/a>\n<ul>\n<li><strong>Poprzednie regulaminy:<br \/>\n&#8211; <\/strong>Regulamin studi\u00f3w doktoranckich obowi\u0105zuj\u0105cy od 01.10.2013 <a href=\"https:\/\/monitor.uksw.edu.pl\/docs\/1206\">[link]<\/a><br \/>\n&#8211; Regulamin studi\u00f3w doktoranckich obowi\u0105zuj\u0105cy od 01.10.2007 <a href=\"https:\/\/monitor.uksw.edu.pl\/docs\/1463\">[link]<\/a><\/li>\n<\/ul>\n<\/li>\n<li><a href=\"https:\/\/monitor.uksw.edu.pl\/docs\/4524\">Uchwa\u0142a Nr 201\/2019<\/a> Senatu UKSW z dn. 23.10.019 ws. post\u0119powania o nadanie stopnia doktora w UKSW (<a href=\"https:\/\/monitor.uksw.edu.pl\/docs\/download\/0e862b7c521bac23f97bdcc16bc41190\">tekst jednolity<\/a>)<\/li>\n<li><a href=\"https:\/\/monitor.uksw.edu.pl\/docs\/4523\">Uchwa\u0142a Nr 200\/2019<\/a> Senatu UKSW z dn. 23.10.019 ws. sposobu post\u0119powania o nadanie stopnia doktora habilitowanego w UKSW (<a href=\"https:\/\/monitor.uksw.edu.pl\/docs\/download\/df674e7ab74b71c0a24f8a225d83b1bb\">tekst jednolity<\/a>);<br \/>\n&#8211; zm. US 304\/2020 (\u00a7 7 ust. 3. Uchwa\u0142y podj\u0119te przy u\u017cyciu \u015brodk\u00f3w komunikacji elektronicznej oraz protok\u00f3\u0142 z posiedzenia komisji podpisuje przewodnicz\u0105cy komisji.)<br \/>\n&#8211; zm. US 13\/2022 (\u00a7 7 ust. 1. Komisja habilitacyjna podejmuje uchwa\u0142y bezwzgl\u0119dn\u0105 wi\u0119kszo\u015bci\u0105 g\u0142os\u00f3w w obecno\u015bci co najmniej sze\u015bciu cz\u0142onk\u00f3w, w tym przewodnicz\u0105cego i sekretarza.)<\/li>\n<li><a href=\"https:\/\/monitor.uksw.edu.pl\/docs\/5049\">Zarz\u0105dzenie Nr 34\/2020<\/a> Rektora UKSW z dn. 12.05.2020 ws okre\u015blenia warunk\u00f3w zdalnego procedowania organ\u00f3w kolegialnych i komisji powo\u0142anych w post\u0119powaniach o nadanie stopni naukowych oraz tytu\u0142u naukowego w Uniwersytecie Kardyna\u0142a Stefana Wyszy\u0144skiego w Warszawie<\/li>\n<li>\u00a0Zarz\u0105dzenie ws. zasad ustalania i pobierania op\u0142at za przeprowadzanie w UKSW post\u0119powa\u0144 wraz ze wzorem umowy dost\u0119pne w zak\u0142adce <a href=\"https:\/\/ksztalcenie.uksw.edu.pl\/studenci-i-doktoranci\/oplaty\/\">Op\u0142aty za studia<\/a>, cz. III.3<\/li>\n<li>o kredytach studenckich (doktoranckich) \u2013 <a href=\"https:\/\/uksw.edu.pl\/pl\/kredyty-studenckie-i-doktoranckie\">link-uksw.edu.pl<\/a>, <a href=\"https:\/\/studia.gov.pl\/doktoranci\/kredyty-dla-doktorantow\/\">link-gov.pl<\/a><\/li>\n<li><a href=\"https:\/\/studia.gov.pl\/doktoranci\/prawa-i-obowiazki-doktorantow\/\">karta praw doktoranta<\/a><\/li>\n<li><a href=\"https:\/\/studia.gov.pl\/doktoranci\/stypendia-programy-i-konkursy-grantowe\/\">r\u00f3\u017cne stypendia<\/a><\/li>\n<li><a href=\"https:\/\/ksztalcenie.uksw.edu.pl\/wp-content\/uploads\/sites\/22\/2022\/11\/slubowanie-doktora.pdf\">\u015alubowanie doktora UKSW<\/a><\/li>\n<\/ul>\n<\/div>\n            <\/div>\n        <\/div>\n                      \n                            <div class=\"accordion-item\">\n            <H2 class=\"accordion-header\" id=\"flush-headingacc-block_14fba56997af460b56ff07cf6b7101213\">\n            <button class=\"accordion-button collapsed\" type=\"button\" data-bs-toggle=\"collapse\" data-bs-target=\"#flush-collapseacc-block_14fba56997af460b56ff07cf6b7101213\" aria-expanded=\"false\" aria-controls=\"flush-collapseacc-block_14fba56997af460b56ff07cf6b7101213\">\n            Studia podyplomowe            <\/button>\n            <\/H2>\n            <div id=\"flush-collapseacc-block_14fba56997af460b56ff07cf6b7101213\" class=\"accordion-collapse collapse\" aria-labelledby=\"flush-headingacc-block_14fba56997af460b56ff07cf6b7101213\" data-bs-parent=\"#acc-block_14fba56997af460b56ff07cf6b710121\">\n            <div class=\"accordion-body\"><ul>\n<li>OFERTA &#8211; [<a href=\"https:\/\/uksw.edu.pl\/kandydaci\/studia\/studia-podyplomowe\/\" target=\"_blank\" rel=\"noopener\">link<\/a>]<\/li>\n<li>Regulamin studi\u00f3w podyplomowych i innych form kszta\u0142cenia:<br \/>\n<a href=\"https:\/\/monitor.uksw.edu.pl\/docs\/4527\">Uchwa\u0142a Nr 204\/2019<\/a> Senatu UKSW z dn. 23.10.2019 ws. regulaminu studi\u00f3w podyplomowych i innych form kszta\u0142cenia na UKSW, zm. <a href=\"https:\/\/monitor.uksw.edu.pl\/docs\/6550\">US 85\/2022<\/a> z dn. 23.06.2022, zm. <a href=\"https:\/\/monitor.uksw.edu.pl\/docs\/7497\" target=\"_blank\" rel=\"noopener\">US 24\/2024<\/a> z dn. 25.04.2024.<\/p>\n<ul>\n<li>za\u0142.1 \u2013 <a href=\"https:\/\/ksztalcenie.uksw.edu.pl\/wp-content\/uploads\/sites\/22\/2024\/06\/tekst_ujednolicony_regulaminu_st_podyplomowych-2.docx\" target=\"_blank\" rel=\"noopener\">Regulamin<\/a><br \/>\nza\u0142.2 \u2013 Karta okresowych osi\u0105gni\u0119\u0107<br \/>\nza\u0142.3 \u2013 Potwierdzenie odbioru dokument\u00f3w<\/li>\n<\/ul>\n<\/li>\n<li><a href=\"https:\/\/monitor.uksw.edu.pl\/docs\/8205\">Uchwa\u0142a Nr 28\/2025<\/a> Senatu UKSW\u00a0 z dn. 27.03.2025 r. ws. regulaminu studi\u00f3w podyplomowych i innych form kszta\u0142cenia <span style=\"text-decoration: underline\">prowadzonych przez Centrum Kszta\u0142cenia Podyplomowego<\/span> UKSW<\/li>\n<\/ul>\n<p>&nbsp;<\/p>\n<p>Uchwa\u0142a Senatu w sprawie trybu zawierania i wzoru umowy o warunkach odp\u0142atno\u015bci za studia podyplomowe wraz ze wzorem umowy dost\u0119pna w zak\u0142adce <a href=\"https:\/\/ksztalcenie.uksw.edu.pl\/studenci-i-doktoranci\/oplaty\/\">Op\u0142aty za studia<\/a>, cz. III.1<\/p>\n<p><strong>Poprzednie regulaminy:<\/strong><\/p>\n<ul>\n<li>Regulaminu st. podyplomowych (U_72\/2017, zm. U_15\/2018) \u2013 od r.akad. 2017\/2018 <a href=\"https:\/\/ksztalcenie.uksw.edu.pl\/wp-content\/uploads\/sites\/22\/2022\/11\/regulamin-st-podyplom-us-72_2017_tekst-jednolity.doc\">[pobierz]<\/a><\/li>\n<li>Regulaminu st. podyplomowych (U_65\/2008, zm. U_28\/2009) \u2013 od r.akad. 2008\/2009 <a href=\"https:\/\/ksztalcenie.uksw.edu.pl\/wp-content\/uploads\/sites\/22\/2022\/11\/regulamin_st_podyplomowych_2008_tekst_jednolity.pdf\">[pobierz]<\/a><\/li>\n<\/ul>\n<\/div>\n            <\/div>\n        <\/div>\n  <\/div>\n\n<\/div>\n\n \n\n\n\n\n<script>\n\njQuery(document).ready(function() {\t\n\nvar width = screen.width;\n\n$('.collapse').on('shown.bs.collapse', function(e) {\n   var card = $(this).closest('.card');\n  $('html,body').animate({\n    scrollTop: card.offset().top - 100\n    \n  }, 500);\n \n});\n\n});\n<\/script>","protected":false},"excerpt":{"rendered":"","protected":false},"author":1,"featured_media":0,"parent":3359,"menu_order":21,"comment_status":"closed","ping_status":"closed","template":"page-templates\/template-sub-page.php","meta":{"_acf_changed":false,"inline_featured_image":false,"footnotes":"","_links_to":"","_links_to_target":""},"class_list":["post-3786","page","type-page","status-publish","hentry"],"acf":[],"_links":{"self":[{"href":"https:\/\/ksztalcenie.uksw.edu.pl\/pl\/wp-json\/wp\/v2\/pages\/3786","targetHints":{"allow":["GET"]}}],"collection":[{"href":"https:\/\/ksztalcenie.uksw.edu.pl\/pl\/wp-json\/wp\/v2\/pages"}],"about":[{"href":"https:\/\/ksztalcenie.uksw.edu.pl\/pl\/wp-json\/wp\/v2\/types\/page"}],"author":[{"embeddable":true,"href":"https:\/\/ksztalcenie.uksw.edu.pl\/pl\/wp-json\/wp\/v2\/users\/1"}],"replies":[{"embeddable":true,"href":"https:\/\/ksztalcenie.uksw.edu.pl\/pl\/wp-json\/wp\/v2\/comments?post=3786"}],"version-history":[{"count":56,"href":"https:\/\/ksztalcenie.uksw.edu.pl\/pl\/wp-json\/wp\/v2\/pages\/3786\/revisions"}],"predecessor-version":[{"id":6729,"href":"https:\/\/ksztalcenie.uksw.edu.pl\/pl\/wp-json\/wp\/v2\/pages\/3786\/revisions\/6729"}],"up":[{"embeddable":true,"href":"https:\/\/ksztalcenie.uksw.edu.pl\/pl\/wp-json\/wp\/v2\/pages\/3359"}],"wp:attachment":[{"href":"https:\/\/ksztalcenie.uksw.edu.pl\/pl\/wp-json\/wp\/v2\/media?parent=3786"}],"curies":[{"name":"wp","href":"https:\/\/api.w.org\/{rel}","templated":true}]}}