{"id":3789,"date":"2022-11-17T15:33:43","date_gmt":"2022-11-17T14:33:43","guid":{"rendered":"https:\/\/jednostki.uksw.edu.pl\/ksztalcenie\/studenci-i-doktoranci\/statystyki\/"},"modified":"2026-02-16T14:54:52","modified_gmt":"2026-02-16T13:54:52","slug":"statystyki","status":"publish","type":"page","link":"https:\/\/ksztalcenie.uksw.edu.pl\/studenci-i-doktoranci\/statystyki\/","title":{"rendered":"Statystyki"},"content":{"rendered":"\r\n<div class=\"\">\r\n\r\n\r\n<div class=\"row\">\r\n\r\n  \r\n<div class=\"col-xl-12 col-lg-12 col-md-12 col-sm-12 \">\r\n\t\t<div class=\"download_detils\">\r\n\t\t\t<a href=\"https:\/\/ksztalcenie.uksw.edu.pl\/wp-content\/uploads\/sites\/22\/2026\/02\/statystyka_1999-2025_studenci-dok-podypl.xlsx\"  title=\"og\u00f3lne liczby student\u00f3w, s\u0142uchaczy, wydzia\u0142\u00f3w w latach 1999-2025\" download >\r\n\t\t\t<img decoding=\"async\" src=\"https:\/\/ksztalcenie.uksw.edu.pl\/wp-content\/themes\/uksw\/images\/import.svg\" alt=\"\"> og\u00f3lne liczby student\u00f3w, s\u0142uchaczy, wydzia\u0142\u00f3w w latach 1999-2025 [XLSX,  0.01 MB]<\/a>\r\n\t\t<\/div>\r\n<\/div>\r\n\r\n\r\n\t\t\r\n\t\t \r\n\r\n<\/div>\r\n<\/div>\r\n<div class=\"space20\"><\/div>\r\n\r\n\n\n\n<hr class=\"wp-block-separator has-alpha-channel-opacity\" \/>\n\n\n\r\n<div class=\"\">\r\n\r\n\r\n<div class=\"row\">\r\n\r\n  \r\n<div class=\"col-xl-12 col-lg-12 col-md-12 col-sm-12 \">\r\n\t\t<div class=\"download_detils\">\r\n\t\t\t<a href=\"https:\/\/ksztalcenie.uksw.edu.pl\/wp-content\/uploads\/sites\/22\/2026\/02\/statystyki.studenckie_2025_2026.xlsx\"  title=\"2025\/2026 \u2013 statystyki studenckie z podzia\u0142em na wydzia\u0142y, poziom i formy wed\u0142ug sprawozdania GUS na dzie\u0144 31 XII 2025\" download >\r\n\t\t\t<img decoding=\"async\" src=\"https:\/\/ksztalcenie.uksw.edu.pl\/wp-content\/themes\/uksw\/images\/import.svg\" alt=\"\"> 2025\/2026 \u2013 statystyki studenckie z podzia\u0142em na wydzia\u0142y, poziom i formy\nwed\u0142ug sprawozdania GUS na dzie\u0144 31 XII 2025 [XLSX,  0.03 MB]<\/a>\r\n\t\t<\/div>\r\n<\/div>\r\n\r\n\r\n\t\t\r\n<div class=\"col-xl-12 col-lg-12 col-md-12 col-sm-12 \">\r\n\t\t<div class=\"download_detils\">\r\n\t\t\t<a href=\"https:\/\/ksztalcenie.uksw.edu.pl\/wp-content\/uploads\/sites\/22\/2025\/03\/statystyki.studenckie_2024_2025.xlsx\"  title=\"2024\/2025 \u2013 statystyki studenckie z podzia\u0142em na wydzia\u0142y, poziom i formy wed\u0142ug sprawozdania GUS na dzie\u0144 31 XII 2024\" download >\r\n\t\t\t<img decoding=\"async\" src=\"https:\/\/ksztalcenie.uksw.edu.pl\/wp-content\/themes\/uksw\/images\/import.svg\" alt=\"\"> 2024\/2025 \u2013 statystyki studenckie z podzia\u0142em na wydzia\u0142y, poziom i formy\nwed\u0142ug sprawozdania GUS na dzie\u0144 31 XII 2024 [XLSX,  0.03 MB]<\/a>\r\n\t\t<\/div>\r\n<\/div>\r\n\r\n\r\n\t\t\r\n<div class=\"col-xl-12 col-lg-12 col-md-12 col-sm-12 \">\r\n\t\t<div class=\"download_detils\">\r\n\t\t\t<a href=\"https:\/\/ksztalcenie.uksw.edu.pl\/wp-content\/uploads\/sites\/22\/2024\/02\/statystyki.studenckie_2023_2024.xlsx\"  title=\"2023\/2024 \u2013 statystyki studenckie z podzia\u0142em na wydzia\u0142y, poziom i formy wed\u0142ug sprawozdania GUS na dzie\u0144 31 XII 2023\" download >\r\n\t\t\t<img decoding=\"async\" src=\"https:\/\/ksztalcenie.uksw.edu.pl\/wp-content\/themes\/uksw\/images\/import.svg\" alt=\"\"> 2023\/2024 \u2013 statystyki studenckie z podzia\u0142em na wydzia\u0142y, poziom i formy\nwed\u0142ug sprawozdania GUS na dzie\u0144 31 XII 2023 [XLSX,  0.03 MB]<\/a>\r\n\t\t<\/div>\r\n<\/div>\r\n\r\n\r\n\t\t\r\n<div class=\"col-xl-12 col-lg-12 col-md-12 col-sm-12 \">\r\n\t\t<div class=\"download_detils\">\r\n\t\t\t<a href=\"https:\/\/ksztalcenie.uksw.edu.pl\/wp-content\/uploads\/sites\/22\/2023\/04\/statystyki.studenckie_2022_2023_popr.xlsx\"  title=\"2022\/2023 \u2013 statystyki studenckie z podzia\u0142em na wydzia\u0142y, poziom i formy wed\u0142ug sprawozdania GUS na dzie\u0144 31 XII 2022\" download >\r\n\t\t\t<img decoding=\"async\" src=\"https:\/\/ksztalcenie.uksw.edu.pl\/wp-content\/themes\/uksw\/images\/import.svg\" alt=\"\"> 2022\/2023 \u2013 statystyki studenckie z podzia\u0142em na wydzia\u0142y, poziom i formy\nwed\u0142ug sprawozdania GUS na dzie\u0144 31 XII 2022 [XLSX,  0.03 MB]<\/a>\r\n\t\t<\/div>\r\n<\/div>\r\n\r\n\r\n\t\t\r\n\t\t \r\n\r\n<\/div>\r\n<\/div>\r\n<div class=\"space20\"><\/div>\r\n\r\n\n\n\r\n<div class=\"\">\r\n\r\n\r\n<div class=\"row\">\r\n\r\n  \r\n<div class=\"col-xl-12 col-lg-12 col-md-12 col-sm-12 \">\r\n\t\t<div class=\"download_detils\">\r\n\t\t\t<a href=\"https:\/\/ksztalcenie.uksw.edu.pl\/wp-content\/uploads\/sites\/22\/2022\/11\/statystyki.studenckie_2021_2022.xlsx\"  title=\"2021\/2022 \u2013 statystyki studenckie z podzia\u0142em na wydzia\u0142y, poziom i formy wed\u0142ug sprawozdania GUS na dzie\u0144 31 XII 2021\" download >\r\n\t\t\t<img decoding=\"async\" src=\"https:\/\/ksztalcenie.uksw.edu.pl\/wp-content\/themes\/uksw\/images\/import.svg\" alt=\"\"> 2021\/2022 \u2013 statystyki studenckie z podzia\u0142em na wydzia\u0142y, poziom i formy\nwed\u0142ug sprawozdania GUS na dzie\u0144 31 XII 2021 [XLSX,  0.03 MB]<\/a>\r\n\t\t<\/div>\r\n<\/div>\r\n\r\n\r\n\t\t\r\n<div class=\"col-xl-12 col-lg-12 col-md-12 col-sm-12 \">\r\n\t\t<div class=\"download_detils\">\r\n\t\t\t<a href=\"https:\/\/ksztalcenie.uksw.edu.pl\/wp-content\/uploads\/sites\/22\/2022\/11\/statystyki.studenckie_2020_2021v2.xlsx\"  title=\"2020\/2021 \u2013 statystyki studenckie z podzia\u0142em na wydzia\u0142y, poziom i formy wed\u0142ug sprawozdania GUS na dzie\u0144 31 XII 2020\" download >\r\n\t\t\t<img decoding=\"async\" src=\"https:\/\/ksztalcenie.uksw.edu.pl\/wp-content\/themes\/uksw\/images\/import.svg\" alt=\"\"> 2020\/2021 \u2013 statystyki studenckie z podzia\u0142em na wydzia\u0142y, poziom i formy\nwed\u0142ug sprawozdania GUS na dzie\u0144 31 XII 2020 [XLSX,  0.02 MB]<\/a>\r\n\t\t<\/div>\r\n<\/div>\r\n\r\n\r\n\t\t\r\n<div class=\"col-xl-12 col-lg-12 col-md-12 col-sm-12 \">\r\n\t\t<div class=\"download_detils\">\r\n\t\t\t<a href=\"https:\/\/ksztalcenie.uksw.edu.pl\/wp-content\/uploads\/sites\/22\/2022\/11\/statystyki.studenckie.2019_2020.xlsx\"  title=\"2019\/2020 \u2013 statystyki studenckie z podzia\u0142em na wydzia\u0142y, poziom i formy wed\u0142ug sprawozdania GUS na dzie\u0144 31 XII 2019\" download >\r\n\t\t\t<img decoding=\"async\" src=\"https:\/\/ksztalcenie.uksw.edu.pl\/wp-content\/themes\/uksw\/images\/import.svg\" alt=\"\"> 2019\/2020 \u2013 statystyki studenckie z podzia\u0142em na wydzia\u0142y, poziom i formy\nwed\u0142ug sprawozdania GUS na dzie\u0144 31 XII 2019 [XLSX,  0.02 MB]<\/a>\r\n\t\t<\/div>\r\n<\/div>\r\n\r\n\r\n\t\t\r\n<div class=\"col-xl-12 col-lg-12 col-md-12 col-sm-12 \">\r\n\t\t<div class=\"download_detils\">\r\n\t\t\t<a href=\"https:\/\/ksztalcenie.uksw.edu.pl\/wp-content\/uploads\/sites\/22\/2022\/11\/statystyki.studenckie.2018_2019.xlsx\"  title=\"2018\/2019 \u2013 statystyki studenckie z podzia\u0142em na wydzia\u0142y, poziom i formy wed\u0142ug sprawozdania GUS na dzie\u0144 31 XII 2018\" download >\r\n\t\t\t<img decoding=\"async\" src=\"https:\/\/ksztalcenie.uksw.edu.pl\/wp-content\/themes\/uksw\/images\/import.svg\" alt=\"\"> 2018\/2019 \u2013 statystyki studenckie z podzia\u0142em na wydzia\u0142y, poziom i formy\nwed\u0142ug sprawozdania GUS na dzie\u0144 31 XII 2018 [XLSX,  0.02 MB]<\/a>\r\n\t\t<\/div>\r\n<\/div>\r\n\r\n\r\n\t\t\r\n<div class=\"col-xl-12 col-lg-12 col-md-12 col-sm-12 \">\r\n\t\t<div class=\"download_detils\">\r\n\t\t\t<a href=\"https:\/\/ksztalcenie.uksw.edu.pl\/wp-content\/uploads\/sites\/22\/2022\/11\/statystyki.studenckie.2017_2018.xlsx\"  title=\"2017\/2018 \u2013 statystyki studenckie z podzia\u0142em na wydzia\u0142y, poziomy i formy wed\u0142ug sprawozdania GUS na dzie\u0144 31 XI 2017\" download >\r\n\t\t\t<img decoding=\"async\" src=\"https:\/\/ksztalcenie.uksw.edu.pl\/wp-content\/themes\/uksw\/images\/import.svg\" alt=\"\"> 2017\/2018 \u2013 statystyki studenckie z podzia\u0142em na wydzia\u0142y, poziomy i formy\nwed\u0142ug sprawozdania GUS na dzie\u0144 31 XI 2017 [XLSX,  0.02 MB]<\/a>\r\n\t\t<\/div>\r\n<\/div>\r\n\r\n\r\n\t\t\r\n<div class=\"col-xl-12 col-lg-12 col-md-12 col-sm-12 \">\r\n\t\t<div class=\"download_detils\">\r\n\t\t\t<a href=\"https:\/\/ksztalcenie.uksw.edu.pl\/wp-content\/uploads\/sites\/22\/2022\/11\/Kopia-statystyki_2016-2017_podzial_na_kierunki-1.xlsx\"  title=\"2016\/2017 \u2013 statystyki studenckie z podzia\u0142em na wydzia\u0142y, poziomy i formy wed\u0142ug sprawozdania do GUS na dzie\u0144 31 XII 2016\" download >\r\n\t\t\t<img decoding=\"async\" src=\"https:\/\/ksztalcenie.uksw.edu.pl\/wp-content\/themes\/uksw\/images\/import.svg\" alt=\"\"> 2016\/2017 \u2013 statystyki studenckie z podzia\u0142em na wydzia\u0142y, poziomy i formy\nwed\u0142ug sprawozdania do GUS na dzie\u0144 31 XII 2016 [XLSX,  0.03 MB]<\/a>\r\n\t\t<\/div>\r\n<\/div>\r\n\r\n\r\n\t\t\r\n<div class=\"col-xl-12 col-lg-12 col-md-12 col-sm-12 \">\r\n\t\t<div class=\"download_detils\">\r\n\t\t\t<a href=\"https:\/\/ksztalcenie.uksw.edu.pl\/wp-content\/uploads\/sites\/22\/2022\/11\/Kopia-statystyki_2015-2016_podzial_na_kierunki_itd.xlsx\"  title=\"2015\/2016 \u2013 statystyki studenckie z podzia\u0142em na wydzia\u0142y, poziomy i formy wed\u0142ug sprawozdania do GUS na dzie\u0144 31 XII 2015\" download >\r\n\t\t\t<img decoding=\"async\" src=\"https:\/\/ksztalcenie.uksw.edu.pl\/wp-content\/themes\/uksw\/images\/import.svg\" alt=\"\"> 2015\/2016 \u2013 statystyki studenckie z podzia\u0142em na wydzia\u0142y, poziomy i formy\nwed\u0142ug sprawozdania do GUS na dzie\u0144 31 XII 2015 [XLSX,  0.03 MB]<\/a>\r\n\t\t<\/div>\r\n<\/div>\r\n\r\n\r\n\t\t\r\n<div class=\"col-xl-12 col-lg-12 col-md-12 col-sm-12 \">\r\n\t\t<div class=\"download_detils\">\r\n\t\t\t<a href=\"https:\/\/ksztalcenie.uksw.edu.pl\/wp-content\/uploads\/sites\/22\/2022\/11\/studiujacy_w_14-15_podzial_na_kierunki_stopnie_tryby.xlsx\"  title=\"2014\/2015 \u2013 statystyki studenckie wed\u0142ug Wydzia\u0142\u00f3w, poziom\u00f3w kszta\u0142cenia i form studi\u00f3w wed\u0142ug sprawozdania do GUS na dzie\u0144 31 XII 2014\" download >\r\n\t\t\t<img decoding=\"async\" src=\"https:\/\/ksztalcenie.uksw.edu.pl\/wp-content\/themes\/uksw\/images\/import.svg\" alt=\"\"> 2014\/2015 \u2013 statystyki studenckie wed\u0142ug Wydzia\u0142\u00f3w, poziom\u00f3w kszta\u0142cenia\ni form studi\u00f3w wed\u0142ug sprawozdania do GUS na dzie\u0144 31 XII 2014 [XLSX,  0.02 MB]<\/a>\r\n\t\t<\/div>\r\n<\/div>\r\n\r\n\r\n\t\t\r\n<div class=\"col-xl-12 col-lg-12 col-md-12 col-sm-12 \">\r\n\t\t<div class=\"download_detils\">\r\n\t\t\t<a href=\"https:\/\/ksztalcenie.uksw.edu.pl\/wp-content\/uploads\/sites\/22\/2022\/11\/Statystyka-za-13_14.pdf\"  title=\"2013\/2014 \u2013 liczba student\u00f3w i doktorant\u00f3w wed\u0142ug sprawozdania do GUS na dzie\u0144 31 XII 2013 z podzia\u0142em na WYDZIA\u0141Y\" download >\r\n\t\t\t<img decoding=\"async\" src=\"https:\/\/ksztalcenie.uksw.edu.pl\/wp-content\/themes\/uksw\/images\/import.svg\" alt=\"\"> 2013\/2014 \u2013 liczba student\u00f3w i doktorant\u00f3w wed\u0142ug sprawozdania do GUS na\ndzie\u0144 31 XII 2013 z podzia\u0142em na WYDZIA\u0141Y [PDF,  0.18 MB]<\/a>\r\n\t\t<\/div>\r\n<\/div>\r\n\r\n\r\n\t\t\r\n<div class=\"col-xl-12 col-lg-12 col-md-12 col-sm-12 \">\r\n\t\t<div class=\"download_detils\">\r\n\t\t\t<a href=\"https:\/\/ksztalcenie.uksw.edu.pl\/wp-content\/uploads\/sites\/22\/2025\/02\/dane_GUS_2011_12_13_porownanie.xls\"  title=\"2011\/2012, 2012\/2013, 2013\/2014 \u2013 statystyki studenckie z podzia\u0142em na wydzia\u0142y\" download >\r\n\t\t\t<img decoding=\"async\" src=\"https:\/\/ksztalcenie.uksw.edu.pl\/wp-content\/themes\/uksw\/images\/import.svg\" alt=\"\"> 2011\/2012, 2012\/2013, 2013\/2014 \u2013 statystyki studenckie z podzia\u0142em na\nwydzia\u0142y [XLS,  0.04 MB]<\/a>\r\n\t\t<\/div>\r\n<\/div>\r\n\r\n\r\n\t\t\r\n\t\t \r\n\r\n<\/div>\r\n<\/div>\r\n<div class=\"space20\"><\/div>\r\n\r\n\n\n\n<h2 class=\"wp-block-heading\">Poprzednie lata<\/h2>\n\n\n\n<p>Wi\u0119cej o historii UKSW w liczbach na stronie&nbsp;<a href=\"https:\/\/muzeumuksw.edu.pl\/exhibits\/show\/infrastruktura\/kierunki-i-wydzialy\" target=\"_blank\" rel=\"noreferrer noopener\"><strong>muzeum UKSW<\/strong><\/a><\/p>\n\n\n\n<p>Wszelkie dane statystyczne podawane do 2018 roku do informacji s\u0105 wed\u0142ug stanu na dzie\u0144:<br>\u2013 30 listopada \u2013 studenci<br>\u2013 31 grudnia \u2013 s\u0142uchacze podyplomowi i doktoranci<br>na podstawie raport\u00f3w sporz\u0105dzanych dla G\u0142\u00f3wnego Urz\u0119du Statystycznego;<br>natomiast&nbsp;<strong>od 2019<\/strong>&nbsp;roku wszystkie dane s\u0105 na&nbsp;<strong>ostatni dzie\u0144 roku kalendarzowego \u2013 31 XII<\/strong><\/p>\n\n\n\n<ul class=\"wp-block-list\">\n<li><a href=\"http:\/\/stat.gov.pl\/obszary-tematyczne\/edukacja\/edukacja\/szkoly-wyzsze-i-ich-finanse-w-2015-r-,2,12.html\" target=\"_blank\" rel=\"noreferrer noopener\">og\u00f3lnodost\u0119pne dane statystyczne GUS o uczelniach<\/a><br>\u2013 w zak\u0142adce&nbsp;<em>Archiwum<\/em>&nbsp;s\u0105 dost\u0119pne dane statystyczne od 2004 roku<\/li>\n<\/ul>\n","protected":false},"excerpt":{"rendered":"<p>Poprzednie lata Wi\u0119cej o historii UKSW w liczbach na stronie&nbsp;muzeum UKSW Wszelkie dane statystyczne podawane do 2018 roku do informacji s\u0105 wed\u0142ug stanu na dzie\u0144:\u2013 30 listopada \u2013 studenci\u2013 31 grudnia \u2013 s\u0142uchacze podyplomowi i doktorancina podstawie raport\u00f3w sporz\u0105dzanych dla G\u0142\u00f3wnego Urz\u0119du Statystycznego;natomiast&nbsp;od 2019&nbsp;roku wszystkie dane s\u0105 na&nbsp;ostatni dzie\u0144 roku kalendarzowego \u2013 31 XII<\/p>\n","protected":false},"author":1,"featured_media":0,"parent":3359,"menu_order":24,"comment_status":"closed","ping_status":"closed","template":"page-templates\/template-sub-page.php","meta":{"_acf_changed":false,"inline_featured_image":false,"footnotes":"","_links_to":"","_links_to_target":""},"class_list":["post-3789","page","type-page","status-publish","hentry"],"acf":[],"_links":{"self":[{"href":"https:\/\/ksztalcenie.uksw.edu.pl\/pl\/wp-json\/wp\/v2\/pages\/3789","targetHints":{"allow":["GET"]}}],"collection":[{"href":"https:\/\/ksztalcenie.uksw.edu.pl\/pl\/wp-json\/wp\/v2\/pages"}],"about":[{"href":"https:\/\/ksztalcenie.uksw.edu.pl\/pl\/wp-json\/wp\/v2\/types\/page"}],"author":[{"embeddable":true,"href":"https:\/\/ksztalcenie.uksw.edu.pl\/pl\/wp-json\/wp\/v2\/users\/1"}],"replies":[{"embeddable":true,"href":"https:\/\/ksztalcenie.uksw.edu.pl\/pl\/wp-json\/wp\/v2\/comments?post=3789"}],"version-history":[{"count":36,"href":"https:\/\/ksztalcenie.uksw.edu.pl\/pl\/wp-json\/wp\/v2\/pages\/3789\/revisions"}],"predecessor-version":[{"id":7146,"href":"https:\/\/ksztalcenie.uksw.edu.pl\/pl\/wp-json\/wp\/v2\/pages\/3789\/revisions\/7146"}],"up":[{"embeddable":true,"href":"https:\/\/ksztalcenie.uksw.edu.pl\/pl\/wp-json\/wp\/v2\/pages\/3359"}],"wp:attachment":[{"href":"https:\/\/ksztalcenie.uksw.edu.pl\/pl\/wp-json\/wp\/v2\/media?parent=3789"}],"curies":[{"name":"wp","href":"https:\/\/api.w.org\/{rel}","templated":true}]}}