{"id":3793,"date":"2022-11-17T15:35:41","date_gmt":"2022-11-17T14:35:41","guid":{"rendered":"https:\/\/jednostki.uksw.edu.pl\/ksztalcenie\/jakosc-ksztalcenia\/akredytacja\/"},"modified":"2026-03-03T09:06:51","modified_gmt":"2026-03-03T08:06:51","slug":"akredytacja","status":"publish","type":"page","link":"https:\/\/ksztalcenie.uksw.edu.pl\/jakosc-ksztalcenia\/akredytacja\/","title":{"rendered":"Akredytacja"},"content":{"rendered":"\n<h2 class=\"wp-block-heading\">PKA \u2013 Polska Komisja Akredytacyjna<\/h2>\n\n\n\n<p>Na stronach www PKA znajduj\u0105 si\u0119 procedury i kryteria oceny, wzory raport\u00f3w samooceny i raport\u00f3w wizytacji, harmonogram wizytacji, oceny po wizytacjach i in.<br>Szczeg\u00f3lnie polecamy&nbsp;<strong>baz\u0119 orzecznictwa PKA<\/strong> <a href=\"https:\/\/www.pka.edu.pl\/baza-orzecznictwa-pka\/\" target=\"_blank\" rel=\"noreferrer noopener\">[link]<\/a>, gdzie s\u0105 stanowiska interpretacyjne w zakresie konkretnych kryteri\u00f3w.<\/p>\n\n\n\n<h3 class=\"wp-block-heading\">do pobrania:<\/h3>\n\n\n\n<p>&#8211; <strong>wz\u00f3r<\/strong> raportu samooceny <a href=\"https:\/\/www.pka.edu.pl\/dla-uczelni\/wzory-raportow-samooceny\/\" target=\"_blank\" rel=\"noreferrer noopener\">[link]<\/a><br>&#8211; <strong>kryteria<\/strong> oceny programowej <a href=\"https:\/\/www.pka.edu.pl\/ocena\/kryteria-oceny-programowej\/\" target=\"_blank\" rel=\"noreferrer noopener\">[link]<\/a><br>&#8211; <strong>wska\u017aniki<\/strong> spe\u0142niania kryteri\u00f3w jako\u015bci kszta\u0142cenia dla obu profili <a href=\"https:\/\/www.pka.edu.pl\/dla-uczelni\/wzory-raportow-samooceny\/\" target=\"_blank\" rel=\"noreferrer noopener\">[link]<\/a><br>&#8211; link do <strong>ca\u0142o\u015bci procedury<\/strong> oceny programowej [<a href=\"https:\/\/pka.edu.pl\/standardy-i-procedury\/procedury\/ocena-programowa-ex-post\/\" target=\"_blank\" rel=\"noreferrer noopener\">link<\/a>]<br>&#8211; webinaria [<a href=\"https:\/\/pka.edu.pl\/webinaria\/\">link<\/a>]<br>&#8211; FAQ \u2013 ocena zdalna <a href=\"https:\/\/www.pka.edu.pl\/pytania-i-odpowiedzi\/\" target=\"_blank\" rel=\"noreferrer noopener\">[link]<\/a><\/p>\n\n\n\n<div class=\" ui_kit_all\">\n\n<div class=\"accordion accordion-flush\" id=\"acc-block_13b1bc41039002b6fcf7f4f614136954\">\n\n                    \n                            <div class=\"accordion-item\">\n            <H2 class=\"accordion-header\" id=\"flush-headingacc-block_13b1bc41039002b6fcf7f4f6141369540\">\n            <button class=\"accordion-button collapsed\" type=\"button\" data-bs-toggle=\"collapse\" data-bs-target=\"#flush-collapseacc-block_13b1bc41039002b6fcf7f4f6141369540\" aria-expanded=\"false\" aria-controls=\"flush-collapseacc-block_13b1bc41039002b6fcf7f4f6141369540\">\n            Kryterium 1            <\/button>\n            <\/H2>\n            <div id=\"flush-collapseacc-block_13b1bc41039002b6fcf7f4f6141369540\" class=\"accordion-collapse collapse\" aria-labelledby=\"flush-headingacc-block_13b1bc41039002b6fcf7f4f6141369540\" data-bs-parent=\"#acc-block_13b1bc41039002b6fcf7f4f614136954\">\n            <div class=\"accordion-body\"><p>Kryterium 1<\/p>\n<\/div>\n            <\/div>\n        <\/div>\n                      \n                            <div class=\"accordion-item\">\n            <H2 class=\"accordion-header\" id=\"flush-headingacc-block_13b1bc41039002b6fcf7f4f6141369541\">\n            <button class=\"accordion-button collapsed\" type=\"button\" data-bs-toggle=\"collapse\" data-bs-target=\"#flush-collapseacc-block_13b1bc41039002b6fcf7f4f6141369541\" aria-expanded=\"false\" aria-controls=\"flush-collapseacc-block_13b1bc41039002b6fcf7f4f6141369541\">\n            Kryterium 2            <\/button>\n            <\/H2>\n            <div id=\"flush-collapseacc-block_13b1bc41039002b6fcf7f4f6141369541\" class=\"accordion-collapse collapse\" aria-labelledby=\"flush-headingacc-block_13b1bc41039002b6fcf7f4f6141369541\" data-bs-parent=\"#acc-block_13b1bc41039002b6fcf7f4f614136954\">\n            <div class=\"accordion-body\"><p>Kryterium 2<\/p>\n<\/div>\n            <\/div>\n        <\/div>\n                      \n                            <div class=\"accordion-item\">\n            <H2 class=\"accordion-header\" id=\"flush-headingacc-block_13b1bc41039002b6fcf7f4f6141369542\">\n            <button class=\"accordion-button collapsed\" type=\"button\" data-bs-toggle=\"collapse\" data-bs-target=\"#flush-collapseacc-block_13b1bc41039002b6fcf7f4f6141369542\" aria-expanded=\"false\" aria-controls=\"flush-collapseacc-block_13b1bc41039002b6fcf7f4f6141369542\">\n            Kryterium 3            <\/button>\n            <\/H2>\n            <div id=\"flush-collapseacc-block_13b1bc41039002b6fcf7f4f6141369542\" class=\"accordion-collapse collapse\" aria-labelledby=\"flush-headingacc-block_13b1bc41039002b6fcf7f4f6141369542\" data-bs-parent=\"#acc-block_13b1bc41039002b6fcf7f4f614136954\">\n            <div class=\"accordion-body\"><p>Kryterium 3<\/p>\n<\/div>\n            <\/div>\n        <\/div>\n                      \n                            <div class=\"accordion-item\">\n            <H2 class=\"accordion-header\" id=\"flush-headingacc-block_13b1bc41039002b6fcf7f4f6141369543\">\n            <button class=\"accordion-button collapsed\" type=\"button\" data-bs-toggle=\"collapse\" data-bs-target=\"#flush-collapseacc-block_13b1bc41039002b6fcf7f4f6141369543\" aria-expanded=\"false\" aria-controls=\"flush-collapseacc-block_13b1bc41039002b6fcf7f4f6141369543\">\n            Kryterium 4            <\/button>\n            <\/H2>\n            <div id=\"flush-collapseacc-block_13b1bc41039002b6fcf7f4f6141369543\" class=\"accordion-collapse collapse\" aria-labelledby=\"flush-headingacc-block_13b1bc41039002b6fcf7f4f6141369543\" data-bs-parent=\"#acc-block_13b1bc41039002b6fcf7f4f614136954\">\n            <div class=\"accordion-body\"><p>Kryterium 4<\/p>\n<\/div>\n            <\/div>\n        <\/div>\n                      \n                            <div class=\"accordion-item\">\n            <H2 class=\"accordion-header\" id=\"flush-headingacc-block_13b1bc41039002b6fcf7f4f6141369544\">\n            <button class=\"accordion-button collapsed\" type=\"button\" data-bs-toggle=\"collapse\" data-bs-target=\"#flush-collapseacc-block_13b1bc41039002b6fcf7f4f6141369544\" aria-expanded=\"false\" aria-controls=\"flush-collapseacc-block_13b1bc41039002b6fcf7f4f6141369544\">\n            Kryterium 5            <\/button>\n            <\/H2>\n            <div id=\"flush-collapseacc-block_13b1bc41039002b6fcf7f4f6141369544\" class=\"accordion-collapse collapse\" aria-labelledby=\"flush-headingacc-block_13b1bc41039002b6fcf7f4f6141369544\" data-bs-parent=\"#acc-block_13b1bc41039002b6fcf7f4f614136954\">\n            <div class=\"accordion-body\"><p>Kryterium 5<\/p>\n<\/div>\n            <\/div>\n        <\/div>\n                      \n                            <div class=\"accordion-item\">\n            <H2 class=\"accordion-header\" id=\"flush-headingacc-block_13b1bc41039002b6fcf7f4f6141369545\">\n            <button class=\"accordion-button collapsed\" type=\"button\" data-bs-toggle=\"collapse\" data-bs-target=\"#flush-collapseacc-block_13b1bc41039002b6fcf7f4f6141369545\" aria-expanded=\"false\" aria-controls=\"flush-collapseacc-block_13b1bc41039002b6fcf7f4f6141369545\">\n            Kryterium 6            <\/button>\n            <\/H2>\n            <div id=\"flush-collapseacc-block_13b1bc41039002b6fcf7f4f6141369545\" class=\"accordion-collapse collapse\" aria-labelledby=\"flush-headingacc-block_13b1bc41039002b6fcf7f4f6141369545\" data-bs-parent=\"#acc-block_13b1bc41039002b6fcf7f4f614136954\">\n            <div class=\"accordion-body\"><p>Kryterium 6<\/p>\n<\/div>\n            <\/div>\n        <\/div>\n                      \n                            <div class=\"accordion-item\">\n            <H2 class=\"accordion-header\" id=\"flush-headingacc-block_13b1bc41039002b6fcf7f4f6141369546\">\n            <button class=\"accordion-button collapsed\" type=\"button\" data-bs-toggle=\"collapse\" data-bs-target=\"#flush-collapseacc-block_13b1bc41039002b6fcf7f4f6141369546\" aria-expanded=\"false\" aria-controls=\"flush-collapseacc-block_13b1bc41039002b6fcf7f4f6141369546\">\n            Kryterium 7            <\/button>\n            <\/H2>\n            <div id=\"flush-collapseacc-block_13b1bc41039002b6fcf7f4f6141369546\" class=\"accordion-collapse collapse\" aria-labelledby=\"flush-headingacc-block_13b1bc41039002b6fcf7f4f6141369546\" data-bs-parent=\"#acc-block_13b1bc41039002b6fcf7f4f614136954\">\n            <div class=\"accordion-body\"><p>Kryterium 7<\/p>\n<\/div>\n            <\/div>\n        <\/div>\n                      \n                            <div class=\"accordion-item\">\n            <H2 class=\"accordion-header\" id=\"flush-headingacc-block_13b1bc41039002b6fcf7f4f6141369547\">\n            <button class=\"accordion-button collapsed\" type=\"button\" data-bs-toggle=\"collapse\" data-bs-target=\"#flush-collapseacc-block_13b1bc41039002b6fcf7f4f6141369547\" aria-expanded=\"false\" aria-controls=\"flush-collapseacc-block_13b1bc41039002b6fcf7f4f6141369547\">\n            Kryterium 8            <\/button>\n            <\/H2>\n            <div id=\"flush-collapseacc-block_13b1bc41039002b6fcf7f4f6141369547\" class=\"accordion-collapse collapse\" aria-labelledby=\"flush-headingacc-block_13b1bc41039002b6fcf7f4f6141369547\" data-bs-parent=\"#acc-block_13b1bc41039002b6fcf7f4f614136954\">\n            <div class=\"accordion-body\"><p>Kryterium 8<\/p>\n<\/div>\n            <\/div>\n        <\/div>\n                      \n                            <div class=\"accordion-item\">\n            <H2 class=\"accordion-header\" id=\"flush-headingacc-block_13b1bc41039002b6fcf7f4f6141369548\">\n            <button class=\"accordion-button collapsed\" type=\"button\" data-bs-toggle=\"collapse\" data-bs-target=\"#flush-collapseacc-block_13b1bc41039002b6fcf7f4f6141369548\" aria-expanded=\"false\" aria-controls=\"flush-collapseacc-block_13b1bc41039002b6fcf7f4f6141369548\">\n            Kryterium 9            <\/button>\n            <\/H2>\n            <div id=\"flush-collapseacc-block_13b1bc41039002b6fcf7f4f6141369548\" class=\"accordion-collapse collapse\" aria-labelledby=\"flush-headingacc-block_13b1bc41039002b6fcf7f4f6141369548\" data-bs-parent=\"#acc-block_13b1bc41039002b6fcf7f4f614136954\">\n            <div class=\"accordion-body\"><p>Kryterium 9<\/p>\n<\/div>\n            <\/div>\n        <\/div>\n                      \n                            <div class=\"accordion-item\">\n            <H2 class=\"accordion-header\" id=\"flush-headingacc-block_13b1bc41039002b6fcf7f4f6141369549\">\n            <button class=\"accordion-button collapsed\" type=\"button\" data-bs-toggle=\"collapse\" data-bs-target=\"#flush-collapseacc-block_13b1bc41039002b6fcf7f4f6141369549\" aria-expanded=\"false\" aria-controls=\"flush-collapseacc-block_13b1bc41039002b6fcf7f4f6141369549\">\n            Kryterium 10            <\/button>\n            <\/H2>\n            <div id=\"flush-collapseacc-block_13b1bc41039002b6fcf7f4f6141369549\" class=\"accordion-collapse collapse\" aria-labelledby=\"flush-headingacc-block_13b1bc41039002b6fcf7f4f6141369549\" data-bs-parent=\"#acc-block_13b1bc41039002b6fcf7f4f614136954\">\n            <div class=\"accordion-body\"><p>Kryterium 10<\/p>\n<\/div>\n            <\/div>\n        <\/div>\n  <\/div>\n\n<\/div>\n\n \n\n\n\n\n<script>\n\njQuery(document).ready(function() {\t\n\nvar width = screen.width;\n\n$('.collapse').on('shown.bs.collapse', function(e) {\n   var card = $(this).closest('.card');\n  $('html,body').animate({\n    scrollTop: card.offset().top - 100\n    \n  }, 500);\n \n});\n\n});\n<\/script>\n\n\n<h2 class=\"wp-block-heading\">UKSW w ocenach PKA<\/h2>\n\n\n\n<ul class=\"wp-block-list\">\n<li>kierunki&nbsp;wyznaczone&nbsp;do oceny przez zespo\u0142y PKA <a href=\"https:\/\/www.pka.edu.pl\/dla-uczelni\/kierunki-wyznaczone-do-oceny\/\" target=\"_blank\" rel=\"noreferrer noopener\">[link]<\/a><\/li>\n<\/ul>\n\n\n\n<ul class=\"wp-block-list\">\n<li>UKSW w ocenach PKA wed\u0142ug&nbsp;bazy jednostek <a href=\"https:\/\/www.pka.edu.pl\/ocena\/baza-uczelni-jednostek-i-kierunkow-ocenionych\/\" target=\"_blank\" rel=\"noreferrer noopener\">[link]<\/a>:<\/li>\n<\/ul>\n\n\n\n<figure class=\"wp-block-table is-style-stripes\"><table><thead><tr><th><strong>Wydzia\u0142y<\/strong><\/th><th><strong>Kierunki studi\u00f3w<\/strong><\/th><th><strong>Daty<\/strong><\/th><th><strong>Oceny<\/strong><\/th><\/tr><\/thead><tbody><tr><td>WFCH<\/td><td>Filozofia<\/td><td><\/td><td>Pozytywna<\/td><\/tr><tr><td>WFCH<\/td><td>Ochrona \u015brodowiska<\/td><td>11.12.2025<\/td><td>Pozytywna<\/td><\/tr><tr><td>WT<\/td><td>Dziennikarstwo i Komunikacja Spo\u0142.<\/td><td>06.11.2025<\/td><td>Pozytywna<\/td><\/tr><tr><td>WNHS<\/td><td>Archeologia<\/td><td>17.07.2025<\/td><td>Pozytywna<\/td><\/tr><tr><td>WNHS<\/td><td>Historia sztuki<\/td><td>08.05.2025<\/td><td>Pozytywna<\/td><\/tr><tr><td>WNP<\/td><td>Pedagogika<\/td><td>07.11.2024<\/td><td>Pozytywna<\/td><\/tr><tr><td>WMP<\/td><td>Fizyka<\/td><td>10.10.2024<\/td><td>Pozytywna<\/td><\/tr><tr><td>WNH<\/td><td>Kulturoznawstwo<\/td><td>11.07.2024<\/td><td>Pozytywna<\/td><\/tr><tr><td>WT<\/td><td>Teologia<\/td><td>27.06.2024<\/td><td>Pozytywna<\/td><\/tr><tr><td>WMP<\/td><td>Informatyka<\/td><td>19.06.2024<\/td><td>Pozytywna<\/td><\/tr><tr><td>WNP<\/td><td>Pedagogika specjalna<\/td><td>19.06.2024<\/td><td>Pozytywna<\/td><\/tr><tr><td>WSR<\/td><td>Nauki o rodzinie<\/td><td>25.04.2024<\/td><td>Pozytywna<\/td><\/tr><tr><td>WMP<\/td><td>Matematyka<\/td><td>08.02.2024<\/td><td>Pozytywna<\/td><\/tr><tr><td>WMCM<\/td><td>Kierunek lekarski<\/td><td>19.10.2023<\/td><td><a href=\"https:\/\/ksztalcenie.uksw.edu.pl\/wp-content\/uploads\/sites\/22\/2024\/01\/2023.10.30-uchwala-nr-931-2023-PKA-ws.-oceny-programowej-kierunku-lekarskiego.pdf\">Pozytywna<\/a><\/td><\/tr><tr><td>WNH<\/td><td>Filologia polska<\/td><td>27.07.2023<\/td><td>Pozytywna<\/td><\/tr><tr><td>WMP<\/td><td>Chemia<\/td><td>15.06.2023<\/td><td>Pozytywna<\/td><\/tr><tr><td>WNH<\/td><td>Filologia klasyczna<\/td><td>29.06.2023<\/td><td>Pozytywna<\/td><\/tr><tr><td>WBNS<\/td><td>In\u017cynieria \u015brodowiska<\/td><td>06.04.2023<\/td><td>Pozytywna<\/td><\/tr><tr><td>WT<\/td><td>Dziennikarstwo i komunikacja spo\u0142eczna<\/td><td>23.03.2023<\/td><td>Pozytywna<\/td><\/tr><tr><td>WSE<\/td><td>Praca Socjalna<\/td><td>09.02.2023<\/td><td>Pozytywna<\/td><\/tr><tr><td>WSE<\/td><td>Socjologia<\/td><td>05-05-2022<\/td><td>Pozytywna<\/td><\/tr><tr><td>WT<\/td><td>Teologia<\/td><td>16.12.2021<\/td><td>Pozytywna<\/td><\/tr><tr><td>WMCM<\/td><td>Kierunek lekarski<\/td><td>XI 2021<\/td><td>Neg.-&gt;Pozytyw<\/td><\/tr><tr><td>WSR<\/td><td>Nauki o rodzinie<\/td><td>16.09.2021<\/td><td>Pozytywna<\/td><\/tr><tr><td>WBNS<\/td><td>Biologia<\/td><td>06.05.2021<\/td><td>Pozytywna<\/td><\/tr><tr><td>WPiA<\/td><td>Administracja<\/td><td>11.02.2021<\/td><td>Pozytywna<\/td><\/tr><tr><td>WPiA<\/td><td>Prawo<\/td><td>07.01.2021<\/td><td>Pozytywna<\/td><\/tr><tr><td>WFCh<\/td><td>Filozofia<\/td><td>27-02-2020<\/td><td>Pozytywna<\/td><\/tr><tr><td>WNHiS<\/td><td>Archeologia<\/td><td>13-06-2019<\/td><td>Pozytywna<\/td><\/tr><tr><td>WNHiS<\/td><td>Historia sztuki<\/td><td>06.09.2018<\/td><td>Pozytywna<\/td><\/tr><tr><td>WNP<\/td><td>Pedagogika<\/td><td>07.06.2018<\/td><td>Pozytywna<\/td><\/tr><tr><td>WNP<\/td><td>Pedagogika specjalna<\/td><td>22.03.2018<\/td><td>Pozytywna<\/td><\/tr><tr><td>WMP<\/td><td>Fizyka<\/td><td>02.03.2018<\/td><td>Pozytywna<\/td><\/tr><tr><td>WMP<\/td><td>Matematyka<\/td><td>25.01.2018<\/td><td>Pozytywna<\/td><\/tr><tr><td>WNH<\/td><td>Kulturoznawstwo<\/td><td>07-12-2017<\/td><td>Pozytywna<\/td><\/tr><tr><td>WMP<\/td><td>Informatyka<\/td><td>12-10-2017<\/td><td>Pozytywna<\/td><\/tr><tr><td>WT<\/td><td>Dziennikarstwo i Komunikacja Spo\u0142.<\/td><td>21-09-2017<\/td><td>Pozytywna<\/td><\/tr><tr><td>WMP<\/td><td>Chemia<\/td><td>07-09-2017<\/td><td>Pozytywna<\/td><\/tr><tr><td>WNH<\/td><td>Filologia<\/td><td>06-07-2017<\/td><td>Pozytywna<\/td><\/tr><tr><td>WNH<\/td><td>Filologia polska<\/td><td>22-06-2017<\/td><td>Pozytywna<\/td><\/tr><tr><td>WSR<\/td><td>Nauki o rodzinie<\/td><td>03.09.2015<\/td><td>Pozytywna<\/td><\/tr><tr><td>WT<\/td><td>Teologia<\/td><td>03.09.2015<\/td><td>Pozytywna<\/td><\/tr><tr><td>WBNS<\/td><td>Biologia<\/td><td>22-05-2014<\/td><td>Pozytywna<\/td><\/tr><tr><td>WPiA<\/td><td><strong>ocena instytucjonalna<\/strong><\/td><td>03-04-2014<\/td><td>Pozytywna<\/td><\/tr><tr><td>WFCh<\/td><td><strong>ocena instytucjonalna<\/strong><\/td><td>20.06.2013<\/td><td>Pozytywna<\/td><\/tr><tr><td>WNHiS<\/td><td><strong>ocena instytucjonalna<\/strong><\/td><td>06.06.2013<\/td><td>Pozytywna<\/td><\/tr><tr><td>WPiA<\/td><td>Prawo<\/td><td>25.04.2013<\/td><td>Pozytywna<\/td><\/tr><tr><td>WBNS<\/td><td>Biologia<\/td><td>20-09-2012<\/td><td>Warunkowa<\/td><\/tr><tr><td>WNP<\/td><td>Pedagogika<\/td><td>05-07-2012<\/td><td>Pozytywna<\/td><\/tr><tr><td>WMP<\/td><td>Informatyka<\/td><td>01-09-2011<\/td><td>Pozytywna<\/td><\/tr><tr><td>WMP<\/td><td>Matematyka<\/td><td>01-09-2011<\/td><td>Pozytywna<\/td><\/tr><tr><td>WMP<\/td><td>Nauki \u015bcis\u0142e<\/td><td>10-03-2011<\/td><td>Pozytywna<\/td><\/tr><tr><td>WNHiS<\/td><td>Socjologia<\/td><td>10-03-2011<\/td><td>Pozytywna<\/td><\/tr><tr><td>WNH<\/td><td>Filologia polska<\/td><td>07-10-2010<\/td><td>Pozytywna<\/td><\/tr><tr><td>WFCh<\/td><td>Psychologia<\/td><td>21-01-2010<\/td><td>Pozytywna<\/td><\/tr><tr><td>WMP<\/td><td>Informatyka i ekonometria<\/td><td>21-01-2010<\/td><td>Pozytywna<\/td><\/tr><tr><td>WT<\/td><td>Nauki o rodzinie<\/td><td>17-09-2009<\/td><td>Pozytywna<\/td><\/tr><tr><td>WPK<\/td><td>Prawo kanoniczne<\/td><td>18-06-2009<\/td><td>Pozytywna<\/td><\/tr><tr><td>WNHiS<\/td><td>Historia sztuki<\/td><td>23-04-2009<\/td><td>Pozytywna<\/td><\/tr><tr><td>WT<\/td><td>Teologia<\/td><td>23-04-2009<\/td><td>Pozytywna<\/td><\/tr><tr><td>WPiA<\/td><td>Administracja<\/td><td>03-07-2008<\/td><td>Pozytywna<\/td><\/tr><tr><td>WNHiS<\/td><td>Historia<\/td><td>28-02-2008<\/td><td>Pozytywna<\/td><\/tr><tr><td>WFCh<\/td><td>Filozofia<\/td><td>14-02-2008<\/td><td>Pozytywna<\/td><\/tr><tr><td>WMP<\/td><td>Chemia<\/td><td>05-07-2007<\/td><td>Pozytywna<\/td><\/tr><tr><td>WFCh<\/td><td>Ochrona \u015brodowiska<\/td><td>11-07.2019<\/td><td>Pozytywna<\/td><\/tr><tr><td>WMP<\/td><td>Fizyka<\/td><td>14-06-2007<\/td><td>Pozytywna<\/td><\/tr><tr><td>WMP<\/td><td>Informatyka i ekonometria<\/td><td>14-06-2007<\/td><td>Pozytywna<\/td><\/tr><tr><td>WNHiS<\/td><td>Historia sztuki<\/td><td>16-02-2006<\/td><td>Pozytywna<\/td><\/tr><tr><td>WNHiS<\/td><td>Historia sztuki<\/td><td>16-02-2006<\/td><td>Pozytywna<\/td><\/tr><tr><td>WNHiS<\/td><td>Politologia<\/td><td>08-09-2005<\/td><td>Pozytywna<\/td><\/tr><tr><td>WNH<\/td><td>Pedagogika<\/td><td>08-09-2005<\/td><td>Pozytywna<\/td><\/tr><tr><td>WNHiS<\/td><td>Socjologia<\/td><td>16-06-2005<\/td><td>Pozytywna<\/td><\/tr><tr><td>WNH<\/td><td>Filologia polska<\/td><td>29-12-2004<\/td><td>Pozytywna<\/td><\/tr><tr><td>WMP<\/td><td>Chemia<\/td><td>14-10-2004<\/td><td>Pozytywna<\/td><\/tr><tr><td>WT<\/td><td>Teologia<\/td><td>08-07-2004<\/td><td>Pozytywna<\/td><\/tr><tr><td>WFCh<\/td><td>Psychologia<\/td><td>10-07-2003<\/td><td>Pozytywna<\/td><\/tr><\/tbody><\/table><\/figure>\n\n\n\n<p><\/p>\n\n\n","protected":false},"excerpt":{"rendered":"<p>PKA \u2013 Polska Komisja Akredytacyjna Na stronach www PKA znajduj\u0105 si\u0119 procedury i kryteria oceny, wzory raport\u00f3w samooceny i raport\u00f3w wizytacji, harmonogram wizytacji, oceny po wizytacjach i in.Szczeg\u00f3lnie polecamy&nbsp;baz\u0119 orzecznictwa PKA [link], gdzie s\u0105 stanowiska interpretacyjne w zakresie konkretnych kryteri\u00f3w. do pobrania: &#8211; wz\u00f3r raportu samooceny [link]&#8211; kryteria oceny programowej [link]&#8211; wska\u017aniki spe\u0142niania kryteri\u00f3w jako\u015bci [&hellip;]<\/p>\n","protected":false},"author":1,"featured_media":0,"parent":3361,"menu_order":26,"comment_status":"closed","ping_status":"closed","template":"page-templates\/template-sub-page.php","meta":{"_acf_changed":false,"inline_featured_image":false,"footnotes":"","_links_to":"","_links_to_target":""},"class_list":["post-3793","page","type-page","status-publish","hentry"],"acf":[],"_links":{"self":[{"href":"https:\/\/ksztalcenie.uksw.edu.pl\/pl\/wp-json\/wp\/v2\/pages\/3793","targetHints":{"allow":["GET"]}}],"collection":[{"href":"https:\/\/ksztalcenie.uksw.edu.pl\/pl\/wp-json\/wp\/v2\/pages"}],"about":[{"href":"https:\/\/ksztalcenie.uksw.edu.pl\/pl\/wp-json\/wp\/v2\/types\/page"}],"author":[{"embeddable":true,"href":"https:\/\/ksztalcenie.uksw.edu.pl\/pl\/wp-json\/wp\/v2\/users\/1"}],"replies":[{"embeddable":true,"href":"https:\/\/ksztalcenie.uksw.edu.pl\/pl\/wp-json\/wp\/v2\/comments?post=3793"}],"version-history":[{"count":37,"href":"https:\/\/ksztalcenie.uksw.edu.pl\/pl\/wp-json\/wp\/v2\/pages\/3793\/revisions"}],"predecessor-version":[{"id":7216,"href":"https:\/\/ksztalcenie.uksw.edu.pl\/pl\/wp-json\/wp\/v2\/pages\/3793\/revisions\/7216"}],"up":[{"embeddable":true,"href":"https:\/\/ksztalcenie.uksw.edu.pl\/pl\/wp-json\/wp\/v2\/pages\/3361"}],"wp:attachment":[{"href":"https:\/\/ksztalcenie.uksw.edu.pl\/pl\/wp-json\/wp\/v2\/media?parent=3793"}],"curies":[{"name":"wp","href":"https:\/\/api.w.org\/{rel}","templated":true}]}}