{"id":3800,"date":"2022-11-17T15:35:45","date_gmt":"2022-11-17T14:35:45","guid":{"rendered":"https:\/\/jednostki.uksw.edu.pl\/ksztalcenie\/jakosc-ksztalcenia\/tydzien-jakosci\/"},"modified":"2024-10-09T11:13:52","modified_gmt":"2024-10-09T09:13:52","slug":"tydzien-jakosci","status":"publish","type":"page","link":"https:\/\/ksztalcenie.uksw.edu.pl\/jakosc-ksztalcenia\/tydzien-jakosci\/","title":{"rendered":"Tydzie\u0144 Jako\u015bci"},"content":{"rendered":"\r\n<div class=\"\">\r\n\r\n<div class=\"page_heading\"> <img decoding=\"async\" src=\"https:\/\/ksztalcenie.uksw.edu.pl\/wp-content\/themes\/uksw\/images\/note-2_white.svg\" alt=\"\"> Wybierz interesuj\u0105cy Ci\u0119 dzia\u0142:<\/div>\r\n<div class=\"candidate_box_sec\">\r\n<div class=\"row\">\r\n\r\n    \r\n                                \r\n                            <div class=\"col-xl-6 col-lg-6 col-md-12 col-sm-12 project\">\r\n                                <a href=\"https:\/\/ksztalcenie.uksw.edu.pl\/?post_type=page&#038;p=6821\" class=\"project_box\">\r\n                                    <div class=\"candidate_box project_box\">\r\n                                        <div class=\"candidate_box_title\">Tydzie\u0144<\/div>\r\n                                                                                <div class=\"candidate_box_sub_title\">jako\u015bci 2025<\/div>\r\n                                                                                <img decoding=\"async\" src=\"https:\/\/ksztalcenie.uksw.edu.pl\/wp-content\/themes\/uksw\/images\/arrow_more1.svg\" alt=\"\">  \r\n                                    <\/div>\r\n                                <\/a>\r\n                            <\/div>\r\n                      \r\n                        \r\n                            \r\n                                \r\n                            <div class=\"col-xl-6 col-lg-6 col-md-12 col-sm-12 project\">\r\n                                <a href=\"https:\/\/ksztalcenie.uksw.edu.pl\/?post_type=page&#038;p=6272\" class=\"project_box\">\r\n                                    <div class=\"candidate_box project_box\">\r\n                                        <div class=\"candidate_box_title\">Tydzie\u0144<\/div>\r\n                                                                                <div class=\"candidate_box_sub_title\">jako\u015bci 2024<\/div>\r\n                                                                                <img decoding=\"async\" src=\"https:\/\/ksztalcenie.uksw.edu.pl\/wp-content\/themes\/uksw\/images\/arrow_more1.svg\" alt=\"\">  \r\n                                    <\/div>\r\n                                <\/a>\r\n                            <\/div>\r\n                      \r\n                        \r\n                            \r\n                                \r\n                            <div class=\"col-xl-6 col-lg-6 col-md-12 col-sm-12 project\">\r\n                                <a href=\"https:\/\/ksztalcenie.uksw.edu.pl\/?post_type=page&#038;p=5703\" class=\"project_box\">\r\n                                    <div class=\"candidate_box project_box\">\r\n                                        <div class=\"candidate_box_title\">Tydzie\u0144<\/div>\r\n                                                                                <div class=\"candidate_box_sub_title\">jako\u015bci 2023<\/div>\r\n                                                                                <img decoding=\"async\" src=\"https:\/\/ksztalcenie.uksw.edu.pl\/wp-content\/themes\/uksw\/images\/arrow_more1.svg\" alt=\"\">  \r\n                                    <\/div>\r\n                                <\/a>\r\n                            <\/div>\r\n                      \r\n                        \r\n                            \r\n                                \r\n                            <div class=\"col-xl-6 col-lg-6 col-md-12 col-sm-12 project\">\r\n                                <a href=\"https:\/\/ksztalcenie.uksw.edu.pl\/?post_type=page&#038;p=3804\" class=\"project_box\">\r\n                                    <div class=\"candidate_box project_box\">\r\n                                        <div class=\"candidate_box_title\">Tydzie\u0144<\/div>\r\n                                                                                <div class=\"candidate_box_sub_title\">jako\u015bci 2022<\/div>\r\n                                                                                <img decoding=\"async\" src=\"https:\/\/ksztalcenie.uksw.edu.pl\/wp-content\/themes\/uksw\/images\/arrow_more1.svg\" alt=\"\">  \r\n                                    <\/div>\r\n                                <\/a>\r\n                            <\/div>\r\n                      \r\n                        \r\n                            \r\n                                \r\n                            <div class=\"col-xl-6 col-lg-6 col-md-12 col-sm-12 project\">\r\n                                <a href=\"https:\/\/ksztalcenie.uksw.edu.pl\/?post_type=page&#038;p=3805\" class=\"project_box\">\r\n                                    <div class=\"candidate_box project_box\">\r\n                                        <div class=\"candidate_box_title\">Tydzie\u0144<\/div>\r\n                                                                                <div class=\"candidate_box_sub_title\">jako\u015bci 2021<\/div>\r\n                                                                                <img decoding=\"async\" src=\"https:\/\/ksztalcenie.uksw.edu.pl\/wp-content\/themes\/uksw\/images\/arrow_more1.svg\" alt=\"\">  \r\n                                    <\/div>\r\n                                <\/a>\r\n                            <\/div>\r\n                      \r\n                        \r\n                            \r\n                                \r\n                            <div class=\"col-xl-6 col-lg-6 col-md-12 col-sm-12 project\">\r\n                                <a href=\"https:\/\/ksztalcenie.uksw.edu.pl\/?post_type=page&#038;p=3806\" class=\"project_box\">\r\n                                    <div class=\"candidate_box project_box\">\r\n                                        <div class=\"candidate_box_title\">Tydzie\u0144<\/div>\r\n                                                                                <div class=\"candidate_box_sub_title\">jako\u015bci 2020<\/div>\r\n                                                                                <img decoding=\"async\" src=\"https:\/\/ksztalcenie.uksw.edu.pl\/wp-content\/themes\/uksw\/images\/arrow_more1.svg\" alt=\"\">  \r\n                                    <\/div>\r\n                                <\/a>\r\n                            <\/div>\r\n                      \r\n                        \r\n                            <\/div>\r\n<\/div>\r\n\r\n<\/div>","protected":false},"excerpt":{"rendered":"","protected":false},"author":1,"featured_media":0,"parent":3361,"menu_order":33,"comment_status":"closed","ping_status":"closed","template":"page-templates\/template-sub-page.php","meta":{"_acf_changed":false,"inline_featured_image":false,"footnotes":"","_links_to":"","_links_to_target":""},"class_list":["post-3800","page","type-page","status-publish","hentry"],"acf":[],"_links":{"self":[{"href":"https:\/\/ksztalcenie.uksw.edu.pl\/pl\/wp-json\/wp\/v2\/pages\/3800","targetHints":{"allow":["GET"]}}],"collection":[{"href":"https:\/\/ksztalcenie.uksw.edu.pl\/pl\/wp-json\/wp\/v2\/pages"}],"about":[{"href":"https:\/\/ksztalcenie.uksw.edu.pl\/pl\/wp-json\/wp\/v2\/types\/page"}],"author":[{"embeddable":true,"href":"https:\/\/ksztalcenie.uksw.edu.pl\/pl\/wp-json\/wp\/v2\/users\/1"}],"replies":[{"embeddable":true,"href":"https:\/\/ksztalcenie.uksw.edu.pl\/pl\/wp-json\/wp\/v2\/comments?post=3800"}],"version-history":[{"count":4,"href":"https:\/\/ksztalcenie.uksw.edu.pl\/pl\/wp-json\/wp\/v2\/pages\/3800\/revisions"}],"predecessor-version":[{"id":6288,"href":"https:\/\/ksztalcenie.uksw.edu.pl\/pl\/wp-json\/wp\/v2\/pages\/3800\/revisions\/6288"}],"up":[{"embeddable":true,"href":"https:\/\/ksztalcenie.uksw.edu.pl\/pl\/wp-json\/wp\/v2\/pages\/3361"}],"wp:attachment":[{"href":"https:\/\/ksztalcenie.uksw.edu.pl\/pl\/wp-json\/wp\/v2\/media?parent=3800"}],"curies":[{"name":"wp","href":"https:\/\/api.w.org\/{rel}","templated":true}]}}