{"id":3801,"date":"2022-11-17T15:35:45","date_gmt":"2022-11-17T14:35:45","guid":{"rendered":"https:\/\/jednostki.uksw.edu.pl\/ksztalcenie\/jakosc-ksztalcenia\/szkolenia-zewnetrzne\/"},"modified":"2024-10-09T14:27:45","modified_gmt":"2024-10-09T12:27:45","slug":"szkolenia-zewnetrzne","status":"publish","type":"page","link":"https:\/\/ksztalcenie.uksw.edu.pl\/jakosc-ksztalcenia\/szkolenia-zewnetrzne\/","title":{"rendered":"Szkolenia zewn\u0119trzne"},"content":{"rendered":"\n<h2 class=\"wp-block-heading\"><span style=\"text-decoration: underline\">Szkolenia<\/span><\/h2>\n\n\n\n<h2 class=\"wp-block-heading\">Portal Jako\u015bci Kszta\u0142cenia<\/h2>\n\n\n\n<p>najbli\u017csze webinary i szkolenia &#8211; <a href=\"https:\/\/pjk.edu.pl\/szkolenia\/\" target=\"_blank\" rel=\"noreferrer noopener\">link<\/a><\/p>\n\n\n\n<h2 class=\"wp-block-heading\">O\u015brodka Przetwarzania Informacji<\/h2>\n\n\n\n<p>najbli\u017csze szkolenia z zakresu POL-on &#8211; <a href=\"https:\/\/szkolenia.opi.org.pl\/nadchodzace-szkolenia\/#polon-2-0\" target=\"_blank\" rel=\"noreferrer noopener\">link<\/a><\/p>\n\n\n\n<h2 class=\"wp-block-heading\">Instytut Rozwoju Szkolnictwa Wy\u017cszego<\/h2>\n\n\n\n<p>szkolenia i webinary IRSW &#8211; <a href=\"https:\/\/irsw.pl\/szkolenia-kursy\/szkolenia-wewnetrzne-i-otwarte\/\" target=\"_blank\" rel=\"noreferrer noopener\">link<\/a><\/p>\n\n\n\n<h2 class=\"wp-block-heading\">&#8230;<\/h2>\n\n\n\n<p>&#8230;<\/p>\n\n\n\n<h2 class=\"wp-block-heading\"><span style=\"text-decoration: underline\">Bazy wiedzy<\/span><\/h2>\n\n\n\n<h2 class=\"wp-block-heading\">Forum Administracji Akademickiej<\/h2>\n\n\n\n<p>materia\u0142y szkoleniowe &#8211; <a href=\"https:\/\/faa.org.pl\/baza-wiedzy\" target=\"_blank\" rel=\"noreferrer noopener\">link<\/a><\/p>\n\n\n\n<h2 class=\"wp-block-heading\">&#8230;<\/h2>\n\n\n\n<p>&#8230;<\/p>\n","protected":false},"excerpt":{"rendered":"<p>Szkolenia Portal Jako\u015bci Kszta\u0142cenia najbli\u017csze webinary i szkolenia &#8211; link O\u015brodka Przetwarzania Informacji najbli\u017csze szkolenia z zakresu POL-on &#8211; link Instytut Rozwoju Szkolnictwa Wy\u017cszego szkolenia i webinary IRSW &#8211; link &#8230; &#8230; Bazy wiedzy Forum Administracji Akademickiej materia\u0142y szkoleniowe &#8211; link &#8230; &#8230;<\/p>\n","protected":false},"author":1,"featured_media":0,"parent":3361,"menu_order":34,"comment_status":"closed","ping_status":"closed","template":"page-templates\/template-sub-page.php","meta":{"_acf_changed":false,"inline_featured_image":false,"footnotes":"","_links_to":"","_links_to_target":""},"class_list":["post-3801","page","type-page","status-publish","hentry"],"acf":[],"_links":{"self":[{"href":"https:\/\/ksztalcenie.uksw.edu.pl\/pl\/wp-json\/wp\/v2\/pages\/3801","targetHints":{"allow":["GET"]}}],"collection":[{"href":"https:\/\/ksztalcenie.uksw.edu.pl\/pl\/wp-json\/wp\/v2\/pages"}],"about":[{"href":"https:\/\/ksztalcenie.uksw.edu.pl\/pl\/wp-json\/wp\/v2\/types\/page"}],"author":[{"embeddable":true,"href":"https:\/\/ksztalcenie.uksw.edu.pl\/pl\/wp-json\/wp\/v2\/users\/1"}],"replies":[{"embeddable":true,"href":"https:\/\/ksztalcenie.uksw.edu.pl\/pl\/wp-json\/wp\/v2\/comments?post=3801"}],"version-history":[{"count":6,"href":"https:\/\/ksztalcenie.uksw.edu.pl\/pl\/wp-json\/wp\/v2\/pages\/3801\/revisions"}],"predecessor-version":[{"id":6316,"href":"https:\/\/ksztalcenie.uksw.edu.pl\/pl\/wp-json\/wp\/v2\/pages\/3801\/revisions\/6316"}],"up":[{"embeddable":true,"href":"https:\/\/ksztalcenie.uksw.edu.pl\/pl\/wp-json\/wp\/v2\/pages\/3361"}],"wp:attachment":[{"href":"https:\/\/ksztalcenie.uksw.edu.pl\/pl\/wp-json\/wp\/v2\/media?parent=3801"}],"curies":[{"name":"wp","href":"https:\/\/api.w.org\/{rel}","templated":true}]}}