{"id":3804,"date":"2022-11-17T15:44:41","date_gmt":"2022-11-17T14:44:41","guid":{"rendered":"https:\/\/jednostki.uksw.edu.pl\/ksztalcenie\/jakosc-ksztalcenia\/tydzien-jakosci\/tydzien-jakosci-2022\/"},"modified":"2025-11-12T09:29:52","modified_gmt":"2025-11-12T08:29:52","slug":"tydzien-jakosci-2022","status":"publish","type":"page","link":"https:\/\/ksztalcenie.uksw.edu.pl\/jakosc-ksztalcenia\/tydzien-jakosci\/tydzien-jakosci-2022\/","title":{"rendered":"Tydzie\u0144 jako\u015bci 2022"},"content":{"rendered":"\n<figure class=\"wp-block-image size-full is-resized\"><img decoding=\"async\" width=\"1024\" height=\"311\" src=\"https:\/\/ksztalcenie.uksw.edu.pl\/wp-content\/uploads\/sites\/22\/2022\/11\/TJK_UKSW_baner_2022.png\" alt=\"banner\" class=\"wp-image-4088\" style=\"width:739px;height:224px\" srcset=\"https:\/\/ksztalcenie.uksw.edu.pl\/wp-content\/uploads\/sites\/22\/2022\/11\/TJK_UKSW_baner_2022.png 1024w, https:\/\/ksztalcenie.uksw.edu.pl\/wp-content\/uploads\/sites\/22\/2022\/11\/TJK_UKSW_baner_2022-300x91.png 300w, https:\/\/ksztalcenie.uksw.edu.pl\/wp-content\/uploads\/sites\/22\/2022\/11\/TJK_UKSW_baner_2022-768x233.png 768w\" sizes=\"(max-width: 1024px) 100vw, 1024px\" \/><\/figure>\n\n\n\n<h2 class=\"wp-block-heading\">3. Tydzie\u0144 Jako\u015bci Kszta\u0142cenia w UKSW<\/h2>\n\n\n\n<h3 class=\"wp-block-heading\">17-21 pa\u017adziernika 2022<\/h3>\n\n\n\n<ul class=\"wp-block-list\">\n<li><\/li>\n<\/ul>\n\n\n\n<p>Wydarzenie w formie spotka\u0144 stacjonarnych i on-line b\u0119dzie okazj\u0105 do udzia\u0142u w warsztatach, wyk\u0142adach, panelach dyskusyjnych. Liczymy, \u017ce uda nam si\u0119 zaaran\u017cowa\u0107 przestrze\u0144 dialogu i wymiany do\u015bwiadcze\u0144, kt\u00f3ra na progu nowego roku akademickiego zainspiruje do \u015bmia\u0142ego mierzenia si\u0119 z nowymi wyzwaniami<\/p>\n\n\n\n<p>Zapisy prowadzone s\u0105 zgodnie z kolejno\u015bci\u0105 poprzez formularz rejestracyjny.<\/p>\n\n\n\n<p>Ka\u017cdy mo\u017ce czerpa\u0107 z bogatej oferty adekwatnie do potrzeb i zainteresowa\u0144.<\/p>\n\n\n\n<h3 class=\"wp-block-heading\"><strong>PROGRAM:<\/strong><\/h3>\n\n\n\n<figure class=\"wp-block-table\"><table><tbody><tr><td><strong>PONIEDZIA\u0141EK<br>17.10.2022<\/strong><\/td><\/tr><tr><td>9.30-10.15<br>on-line<\/td><td>Wyzwania i trudno\u015bci w pracy dydaktycznej<br>z u\u017cyciem metody projektowej<em>*panel dla nauczycieli akademickich i doktorant\u00f3w<\/em><\/td><td>dr Paulina Rosi\u0144ska,<br>WFCH<\/td><\/tr><tr><td>12.00<br>kampus W\u00f3ycickiego<\/td><td>Jako\u015b\u0107 kszta\u0142cenia&nbsp; \u2013 zapewnianie<br>czy iluzja <em>*panel dla nauczycieli akademickich<\/em><\/td><td>Dzia\u0142 Innowacji Dydaktycznych, Szkole\u0144 i Jako\u015bci Kszta\u0142cenia<\/td><\/tr><tr><td>13.15<br>kampus W\u00f3ycickiego<\/td><td>STRES \u2013 Wr\u00f3g czy przyjaciel?<br>Istota stresu i jego rola w \u017cyciu cz\u0142owieka<\/td><td>prof. ucz. dr hab.<br>Jolanta \u0141odzi\u0144ska,<br>WSE<\/td><\/tr><tr><td>16.00<br>kampus W\u00f3ycickiego<\/td><td>Proces o stwierdzenie niewa\u017cno\u015bci ma\u0142\u017ce\u0144stwa \u2013<br>czym jest i jak przebiega?<\/td><td>ks. dr Rafa\u0142 Kami\u0144ski,<br>WPK<\/td><\/tr><tr><td><strong>WTOREK<br>18.10.2022<\/strong><\/td><\/tr><tr><td>10.00 \u2013 12.00,<br>on-line<\/td><td>Badania u\u017cytkownik\u00f3w interfejs\u00f3w \u2013 warsztat<\/td><td>dr Agnieszka Smaga,<br>WNH<\/td><\/tr><tr><td>14.45-16.15<br>kampus W\u00f3ycickiego<\/td><td>Nauczanie biologii<br>wspomagane modelami matematycznymi<\/td><td>prof. dr hab.<br>Janusz Uchma\u0144ski,<br>WFCH<\/td><\/tr><tr><td>15-16.30<br>kampus Dewajtis<\/td><td>O wsp\u00f3\u0142czesnych po\u017cytkach<br>z (dwustuletniego) romantyzmu \u2013 wyk\u0142ad<\/td><td>dr Ma\u0142gorzata Burta,<br>WNH<\/td><\/tr><tr><td>16.00<br>kampus W\u00f3ycickiego<\/td><td>Ma\u0142\u017ce\u0144stwo \u2013 prze\u017cytek, tradycja czy przysz\u0142o\u015b\u0107?<\/td><td>&nbsp;ks. dr Wojciech Ku\u0107ko,<br>WSR<\/td><\/tr><tr><td><strong>\u015aRODA<br>19.10.2022<\/strong><\/td><\/tr><tr><td>10-11.00<br>kampus W\u00f3ycickiego<\/td><td>Autyzm, Asparger i in. \u2013 jak reagowa\u0107,<br>gdy mamy takiego studenta, jak rozpozna\u0107<br>nietypowe zachowania\u2026<\/td><td>prof. dr hab.<br>Jacek B\u0142eszy\u0144ski,<br>WNP<\/td><\/tr><tr><td>11.30-13.00<br>online<\/td><td>Tutoring akademicki w praktyce uczelnianej <em>*panel dla nauczycieli akademickich<\/em><\/td><td>Dzia\u0142 Innowacji Dydaktycznych,<br>Szkole\u0144 i Jako\u015bci Kszta\u0142cenia<\/td><\/tr><tr><td>13.00<br>online<\/td><td>Jak sporz\u0105dza\u0107 m\u0105dre notatki<br>w pracy naukowej\/zettelkasten,<br>czyli najbardziej produktywna metoda w nauce<\/td><td>dr Joanna Skurzak,<br>WFCH<\/td><\/tr><tr><td>14.00<br>zaj\u0119cia na hali sportowej<\/td><td>Emisja g\u0142osu \u2013 mini-warsztaty<br>dla nauczycieli akademickich<\/td><td>dr Barbara G\u0142asek<\/td><\/tr><tr><td>15.00<br>kampus W\u00f3ycickiego<\/td><td>Z pasji do filozofii<\/td><td>prof. dr hab.<br>Robert Pi\u0142at,<br>WFCH<\/td><\/tr><tr><td>16.00<br>online<\/td><td>Co to s\u0105 kraje biblijne?<br>Podr\u00f3\u017cuj\u0105c \u015bladami biblijnych bohater\u00f3w<\/td><td>prof. ucz. dr hab.<br>Barbara Strza\u0142kowska,<br>WT<\/td><\/tr><tr><td>17.00<br>online<\/td><td>Z pasji do nauki, czyli o promowaniu bada\u0144<br>w mediach spo\u0142eczno\u015bciowych<\/td><td>ks. dr Marcin Ko\u0142odziej,<br>WPK<\/td><\/tr><tr><td>17.00<br>online<\/td><td>Dlaczego warto planowa\u0107 zaj\u0119cia?<br>Lesson plan w dydaktyce akademickiej<\/td><td>dr Olga Broni\u015b,<br>WNH<\/td><\/tr><tr><td>18.30<br>on-line<\/td><td>Ruszaj po rozw\u00f3j \u2013 stypendia i granty rozwojowe<br>z Santander Uniwersidades<\/td><td>dyr Wojciech Le\u015bniewski, Santander Uniwersidades<\/td><\/tr><tr><td><strong>CZWARTEK<br>20.10.2022<\/strong><\/td><\/tr><tr><td>9.30<br>on-line<\/td><td>Student idzie po granty!<\/td><td>mgr Jaros\u0142aw Rokita,<br>Biuro ds. Bada\u0144<br>Naukowych (BBN)<\/td><\/tr><tr><td>11.15<br>on-line<\/td><td>Tworzenie materia\u0142\u00f3w dydaktycznych dla student\u00f3w WCAG <em>*panel dla nauczycieli akademickich<\/em><\/td><td>mgr Katarzyna Kwiatkowska,<br>WSR<\/td><\/tr><tr><td>11.30-13.00<br>kampus W\u00f3ycickiego<\/td><td>Wprowadzenie do edukacji mi\u0119dzykulturowej<\/td><td>mgr Katarzyna Stankiewicz,<br>WSR<\/td><\/tr><tr><td>12.00<br>on-line<\/td><td>Wykorzystanie aplikacji Genially i Worwall<br>do aktywizowania student\u00f3w podczas<br>zaj\u0119\u0107 dydaktycznych \u2013 warsztat<br><em>*panel dla nauczycieli akademickich<\/em><\/td><td>mgr \u0141ukasz Tupacz,<br>WNH<\/td><\/tr><tr><td>16.15<br>on-line<\/td><td>C\u00f3\u017c to jest prawda?<br>Jak nie uton\u0105\u0107 w oceanie fake news\u00f3w<br>i nie zosta\u0107 \u201cpozytecznym idiot\u0105\u201d?<\/td><td>dr Piotr \u0141uczuk,<br>WT<\/td><\/tr><tr><td>17.00<br>on-line<\/td><td>Wp\u0142yw aktywno\u015bci fizycznej na mozliwo\u015bci intelektualne cz\u0142owieka<\/td><td>dr Barbara G\u0142asek<br>SWF<\/td><\/tr><tr><td>18.00<br>on-line<\/td><td>Wsp\u00f3\u0142praca nauki z biznesem \u2013 model B+R<\/td><td>mgr Jaros\u0142aw Olszewski, Krajowa Reprezentacja Doktorant\u00f3w (KRD)<\/td><\/tr><tr><td><strong>PI\u0104TEK<br>21.10.2022<\/strong><\/td><\/tr><tr><td>10-11.00<br>kampus W\u00f3ycickiego<\/td><td>Komunikacja, mediacja, coaching \u2013 zastosowanie<br>metod w dydaktyce akademickiej \u2013 warsztat<em>*panel dla nauczycieli akademickich<\/em><\/td><td>dr Monika Bukowska,<br>WSE<\/td><\/tr><tr><td>11.00<br>on-line<\/td><td>Jak kszta\u0142towa\u0107 kompetencje przyszlo\u015bci student\u00f3w<br>aktywnie wsp\u00f3\u0142dzia\u0142a\u0107 z otoczeniem<br>spo\u0142eczno-gospodarczym?<br>Dobre praktyki dla Uczelni.<em>*panel dla nauczycieli akademickich<\/em><\/td><td>prof. ucz. dr hab. Mariusz Szyrski, Dyrektor Centrum Wspierania Przedsi\u0119biorczo\u015bci Akademickiej<\/td><\/tr><tr><td>14.00<br>on-line<\/td><td>Algorytmy we wsp\u00f3\u0142czesnym spo\u0142ecze\u0144stwie \u2013<br>zarys problematyki<\/td><td>&nbsp;dr Maciej Hulicki,<br>WPIA<\/td><\/tr><tr><td>16.00<br>on-line<\/td><td>T\u0142umaczy\u0107 inno\u015b\u0107 \u2013 mosty polsko-w\u0142oskie<br>ponad stereotypami<\/td><td>dr Leonardo Masi,<br>WNH<\/td><\/tr><\/tbody><\/table><\/figure>\n","protected":false},"excerpt":{"rendered":"<p>3. Tydzie\u0144 Jako\u015bci Kszta\u0142cenia w UKSW 17-21 pa\u017adziernika 2022 Wydarzenie w formie spotka\u0144 stacjonarnych i on-line b\u0119dzie okazj\u0105 do udzia\u0142u w warsztatach, wyk\u0142adach, panelach dyskusyjnych. Liczymy, \u017ce uda nam si\u0119 zaaran\u017cowa\u0107 przestrze\u0144 dialogu i wymiany do\u015bwiadcze\u0144, kt\u00f3ra na progu nowego roku akademickiego zainspiruje do \u015bmia\u0142ego mierzenia si\u0119 z nowymi wyzwaniami Zapisy prowadzone s\u0105 zgodnie z [&hellip;]<\/p>\n","protected":false},"author":1,"featured_media":0,"parent":3800,"menu_order":36,"comment_status":"closed","ping_status":"closed","template":"page-templates\/template-sub-page.php","meta":{"_acf_changed":false,"inline_featured_image":false,"footnotes":"","_links_to":"","_links_to_target":""},"class_list":["post-3804","page","type-page","status-publish","hentry"],"acf":[],"_links":{"self":[{"href":"https:\/\/ksztalcenie.uksw.edu.pl\/pl\/wp-json\/wp\/v2\/pages\/3804","targetHints":{"allow":["GET"]}}],"collection":[{"href":"https:\/\/ksztalcenie.uksw.edu.pl\/pl\/wp-json\/wp\/v2\/pages"}],"about":[{"href":"https:\/\/ksztalcenie.uksw.edu.pl\/pl\/wp-json\/wp\/v2\/types\/page"}],"author":[{"embeddable":true,"href":"https:\/\/ksztalcenie.uksw.edu.pl\/pl\/wp-json\/wp\/v2\/users\/1"}],"replies":[{"embeddable":true,"href":"https:\/\/ksztalcenie.uksw.edu.pl\/pl\/wp-json\/wp\/v2\/comments?post=3804"}],"version-history":[{"count":11,"href":"https:\/\/ksztalcenie.uksw.edu.pl\/pl\/wp-json\/wp\/v2\/pages\/3804\/revisions"}],"predecessor-version":[{"id":6931,"href":"https:\/\/ksztalcenie.uksw.edu.pl\/pl\/wp-json\/wp\/v2\/pages\/3804\/revisions\/6931"}],"up":[{"embeddable":true,"href":"https:\/\/ksztalcenie.uksw.edu.pl\/pl\/wp-json\/wp\/v2\/pages\/3800"}],"wp:attachment":[{"href":"https:\/\/ksztalcenie.uksw.edu.pl\/pl\/wp-json\/wp\/v2\/media?parent=3804"}],"curies":[{"name":"wp","href":"https:\/\/api.w.org\/{rel}","templated":true}]}}