{"id":3805,"date":"2022-11-17T15:44:42","date_gmt":"2022-11-17T14:44:42","guid":{"rendered":"https:\/\/jednostki.uksw.edu.pl\/ksztalcenie\/jakosc-ksztalcenia\/tydzien-jakosci\/tydzien-jakosci-2021\/"},"modified":"2025-11-12T09:30:34","modified_gmt":"2025-11-12T08:30:34","slug":"tydzien-jakosci-2021","status":"publish","type":"page","link":"https:\/\/ksztalcenie.uksw.edu.pl\/jakosc-ksztalcenia\/tydzien-jakosci\/tydzien-jakosci-2021\/","title":{"rendered":"Tydzie\u0144 jako\u015bci 2021"},"content":{"rendered":"\n<figure class=\"wp-block-image size-full is-resized\"><img decoding=\"async\" width=\"1024\" height=\"311\" src=\"https:\/\/ksztalcenie.uksw.edu.pl\/wp-content\/uploads\/sites\/22\/2022\/11\/tydzien-jakosci-21_1.png\" alt=\"banner\" class=\"wp-image-4091\" style=\"width:656px;height:199px\" srcset=\"https:\/\/ksztalcenie.uksw.edu.pl\/wp-content\/uploads\/sites\/22\/2022\/11\/tydzien-jakosci-21_1.png 1024w, https:\/\/ksztalcenie.uksw.edu.pl\/wp-content\/uploads\/sites\/22\/2022\/11\/tydzien-jakosci-21_1-300x91.png 300w, https:\/\/ksztalcenie.uksw.edu.pl\/wp-content\/uploads\/sites\/22\/2022\/11\/tydzien-jakosci-21_1-768x233.png 768w\" sizes=\"(max-width: 1024px) 100vw, 1024px\" \/><\/figure>\n\n\n\n<h2 class=\"wp-block-heading\">Tydzie\u0144 Jako\u015bci Kszta\u0142cenia odb\u0119dzie si\u0119 mi\u0119dzy 18 a 22 pa\u017adziernika.<\/h2>\n\n\n\n<p>Wydarzenie w formie spotka\u0144 stacjonarnych i on-line, warsztat\u00f3w, wyk\u0142ad\u00f3w i paneli dyskusyjnych jest skierowane do pracownik\u00f3w naukowo-dydaktycznych, pracownik\u00f3w administracji, student\u00f3w i doktorant\u00f3w.<\/p>\n\n\n\n<p><strong>Rejestracja na wyk\u0142ady i szkolenia rozpocznie si\u0119 13 pa\u017adziernika o godz. 13.00.<\/strong><\/p>\n\n\n\n<p><strong>Wydarzenie zainauguruje panel dyskusyjny z udzia\u0142em ekspert\u00f3w, \u201cRzeczywisto\u015b\u0107 UKSW. Szkolimy czy kszta\u0142cimy? \u2013 Pytania o to\u017csamo\u015b\u0107 i wizerunek Uniwersytetu Kardyna\u0142a Stefana Wyszy\u0144skiego w Warszawie\u201d.&nbsp;<\/strong><\/p>\n\n\n\n<p><strong>B\u0119dzie to debata na temat jako\u015bci kszta\u0142cenia i odpowiedzialno\u015bci UKSW w przestrzeni szkolnictwa wy\u017cszego i \u015brodowiska nauki.<\/strong>&nbsp;<\/p>\n\n\n\n<p>Panel odb\u0119dzie si\u0119 18 pa\u017adziernika<strong>&nbsp;o godz. 11.00 w Auli Schumana.<\/strong><\/p>\n\n\n\n<p>W ramach moderowanej dyskusji w gronie ekspert\u00f3w reprezentuj\u0105cych r\u00f3\u017cne grupy interesariuszy spo\u0142eczno\u015bci akademickiej UKSW poruszone zostan\u0105 nast\u0119puj\u0105ce kwestie:<\/p>\n\n\n\n<ul class=\"wp-block-list\">\n<li>Wizerunek i postawa wyk\u0142adowcy UKSW<\/li>\n\n\n\n<li>Wizerunek i postawa studenta UKSW<\/li>\n\n\n\n<li>Tre\u015bci i znaczenie programu nauczania na UKSW<\/li>\n\n\n\n<li>Elementy formacyjne w\u0142\u0105czone w kultur\u0119 organizacji UKSW<\/li>\n<\/ul>\n\n\n\n<p>W dyskusji wezm\u0105 udzia\u0142:<\/p>\n\n\n\n<ul class=\"wp-block-list\">\n<li>dr hab. Anna Fidelus,&nbsp;prof. ucz., prorektor ds. studenckich i kszta\u0142cenia<\/li>\n\n\n\n<li>dr hab. Micha\u0142 Gierycz,&nbsp;prof. ucz., dziekan Wydzia\u0142u Spo\u0142eczno-Ekonomicznego<\/li>\n\n\n\n<li>ks. dr Jaros\u0142aw Sobkowiak \u2013 prodziekan ds. finans\u00f3w i studi\u00f3w stacjonarnych, Wydzia\u0142 Teologiczny<\/li>\n\n\n\n<li>dr Maciej Ciechomski \u2013 psycholog, WNP<\/li>\n\n\n\n<li>dr Piotr Zakrzewski \u2013 przedstawiciel pracodawc\u00f3w<\/li>\n\n\n\n<li>Ewa Staruch \u2013 przedstawicielka student\u00f3w<\/li>\n<\/ul>\n\n\n\n<p>Dyskusj\u0119 poprowadzi: dr Micha\u0142 Paluch, WNP<\/p>\n","protected":false},"excerpt":{"rendered":"<p>Tydzie\u0144 Jako\u015bci Kszta\u0142cenia odb\u0119dzie si\u0119 mi\u0119dzy 18 a 22 pa\u017adziernika. Wydarzenie w formie spotka\u0144 stacjonarnych i on-line, warsztat\u00f3w, wyk\u0142ad\u00f3w i paneli dyskusyjnych jest skierowane do pracownik\u00f3w naukowo-dydaktycznych, pracownik\u00f3w administracji, student\u00f3w i doktorant\u00f3w. Rejestracja na wyk\u0142ady i szkolenia rozpocznie si\u0119 13 pa\u017adziernika o godz. 13.00. Wydarzenie zainauguruje panel dyskusyjny z udzia\u0142em ekspert\u00f3w, \u201cRzeczywisto\u015b\u0107 UKSW. Szkolimy czy [&hellip;]<\/p>\n","protected":false},"author":1,"featured_media":0,"parent":3800,"menu_order":37,"comment_status":"closed","ping_status":"closed","template":"page-templates\/template-sub-page.php","meta":{"_acf_changed":false,"inline_featured_image":false,"footnotes":"","_links_to":"","_links_to_target":""},"class_list":["post-3805","page","type-page","status-publish","hentry"],"acf":[],"_links":{"self":[{"href":"https:\/\/ksztalcenie.uksw.edu.pl\/pl\/wp-json\/wp\/v2\/pages\/3805","targetHints":{"allow":["GET"]}}],"collection":[{"href":"https:\/\/ksztalcenie.uksw.edu.pl\/pl\/wp-json\/wp\/v2\/pages"}],"about":[{"href":"https:\/\/ksztalcenie.uksw.edu.pl\/pl\/wp-json\/wp\/v2\/types\/page"}],"author":[{"embeddable":true,"href":"https:\/\/ksztalcenie.uksw.edu.pl\/pl\/wp-json\/wp\/v2\/users\/1"}],"replies":[{"embeddable":true,"href":"https:\/\/ksztalcenie.uksw.edu.pl\/pl\/wp-json\/wp\/v2\/comments?post=3805"}],"version-history":[{"count":3,"href":"https:\/\/ksztalcenie.uksw.edu.pl\/pl\/wp-json\/wp\/v2\/pages\/3805\/revisions"}],"predecessor-version":[{"id":6932,"href":"https:\/\/ksztalcenie.uksw.edu.pl\/pl\/wp-json\/wp\/v2\/pages\/3805\/revisions\/6932"}],"up":[{"embeddable":true,"href":"https:\/\/ksztalcenie.uksw.edu.pl\/pl\/wp-json\/wp\/v2\/pages\/3800"}],"wp:attachment":[{"href":"https:\/\/ksztalcenie.uksw.edu.pl\/pl\/wp-json\/wp\/v2\/media?parent=3805"}],"curies":[{"name":"wp","href":"https:\/\/api.w.org\/{rel}","templated":true}]}}