{"id":3806,"date":"2022-11-17T15:44:42","date_gmt":"2022-11-17T14:44:42","guid":{"rendered":"https:\/\/jednostki.uksw.edu.pl\/ksztalcenie\/jakosc-ksztalcenia\/tydzien-jakosci\/tydzien-jakosci-2020\/"},"modified":"2025-11-12T09:31:25","modified_gmt":"2025-11-12T08:31:25","slug":"tydzien-jakosci-2020","status":"publish","type":"page","link":"https:\/\/ksztalcenie.uksw.edu.pl\/jakosc-ksztalcenia\/tydzien-jakosci\/tydzien-jakosci-2020\/","title":{"rendered":"Tydzie\u0144 jako\u015bci 2020"},"content":{"rendered":"\n<figure class=\"wp-block-image size-full is-resized\"><img decoding=\"async\" width=\"1024\" height=\"311\" src=\"https:\/\/ksztalcenie.uksw.edu.pl\/wp-content\/uploads\/sites\/22\/2022\/12\/1_tj_2020.jpg\" alt=\"\" class=\"wp-image-4917\" style=\"width:741px;height:225px\" srcset=\"https:\/\/ksztalcenie.uksw.edu.pl\/wp-content\/uploads\/sites\/22\/2022\/12\/1_tj_2020.jpg 1024w, https:\/\/ksztalcenie.uksw.edu.pl\/wp-content\/uploads\/sites\/22\/2022\/12\/1_tj_2020-300x91.jpg 300w, https:\/\/ksztalcenie.uksw.edu.pl\/wp-content\/uploads\/sites\/22\/2022\/12\/1_tj_2020-768x233.jpg 768w\" sizes=\"(max-width: 1024px) 100vw, 1024px\" \/><\/figure>\n\n\n\n<p class=\"has-text-align-center\"><strong><u>PONIEDZIA\u0141EK 19.10.2020<\/u><\/strong><\/p>\n\n\n\n<p>godz. 9.30-10.30<\/p>\n\n\n\n<ul class=\"wp-block-list\">\n<li>Nowoczesne metody dydaktyczne \u2013 czyli jak aktywizowa\u0107 student\u00f3w w okresie pandemii i poza nim (dobre praktyki)<br>PROWADZ\u0104CY: dr hab. Marek \u015awierczy\u0144ski, prof. uczelni, prof. uczelni, dr hab. Natalia Kohtam\u00e4ki, dr Zbigniew Wi\u0119ckowski, WPiA<\/li>\n<\/ul>\n\n\n\n<p>godz. 12.00<\/p>\n\n\n\n<ul class=\"wp-block-list\">\n<li>Kard. Stefan Wyszy\u0144ski a \u015bwiat akademicki. Kontekst historyczny<br>PROWADZ\u0104CY: ks. prof. Artur Wysocki, ks. prof. Piotr Mazurkiewicz, prof. Pawe\u0142 Skibi\u0144ski, WSE, MI\u0118DZYNARODOWE CENTRUM BADAWCZO-DYDAKTYCZNE KATOLICKIEJ NAUKI SPO\u0141ECZNEJ<\/li>\n<\/ul>\n\n\n\n<p class=\"has-text-align-center\"><strong><u>WTOREK 20.10.2020<\/u><\/strong><\/p>\n\n\n\n<p>godz. 10.00<\/p>\n\n\n\n<ul class=\"wp-block-list\">\n<li>Emisja g\u0142osu<br>PROWADZ\u0104CY: prof. UKSW dr hab. Katarzyna Flader-Rzeszowska, WT<\/li>\n<\/ul>\n\n\n\n<ul class=\"wp-block-list\">\n<li>Selekcja informacji, uczenie si\u0119, pami\u0119\u0107, zapominanie: co o tych z\u0142o\u017conych procesach wiemy z bada\u0144 neurofizjologicznych<br>PROWADZ\u0104CY: prof. dr hab. Krzysztof Turlejski, WBNS<\/li>\n<\/ul>\n\n\n\n<p>godz. 12.00<\/p>\n\n\n\n<ul class=\"wp-block-list\">\n<li>Tworzenie zaj\u0119\u0107 i notatek w programie One Note<br>PROWADZ\u0104CY: mgr Krzysztof Rutkowski, WMP<\/li>\n<\/ul>\n\n\n\n<p>godz. 13.00<\/p>\n\n\n\n<ul class=\"wp-block-list\">\n<li>Komunikacja ze studentem w edukacji zdalnej \u2013 wyzwania, mo\u017cliwo\u015bci, propozycje<br>PROWADZ\u0104CY: prof. UKSW dr hab. Anna Koz\u0142owska, WNH<\/li>\n\n\n\n<li>Sprawno\u015b\u0107 fizyczna i zdrowie w cyberczasach<br>PROWADZ\u0104CY: dr Barbara G\u0142asek, SWF<\/li>\n<\/ul>\n\n\n\n<p>godz. 14.00<\/p>\n\n\n\n<ul class=\"wp-block-list\">\n<li>Braterstwo na uniwersytecie \u2013 idea czy rzeczywisto\u015b\u0107?<br>PROWADZ\u0104CY: ks. dr Wojciech Ku\u0107ko, WSR<\/li>\n<\/ul>\n\n\n\n<p class=\"has-text-align-center\"><strong><u>\u015aRODA 21.10.2020<\/u><\/strong><\/p>\n\n\n\n<ul class=\"wp-block-list\">\n<li>Skuteczne strategie uczenia si\u0119 a codzienna praktyka m\u0142odzie\u017cy<br>PROWADZ\u0104CY: dr Artur Baranowski, Wydzia\u0142 Biologii i Nauk o \u015arodowisku<br>&#8211; I grupa: godz. 8.00-10.00, szkolenie stacjonarne w pracowni komputerowej<br>&#8211; II grupa: godz. 15.00-17.00, szkolenie stacjonarne w pracowni komputerowej<\/li>\n<\/ul>\n\n\n\n<p>godz. 10.00<\/p>\n\n\n\n<ul class=\"wp-block-list\">\n<li>Czy warto tworzy\u0107 podcasty naukowe?<br>PROWADZ\u0104CY: ks. dr hab. Maciej Ba\u0142a, profesor uczelni, WFCH<\/li>\n<\/ul>\n\n\n\n<p>godz. 11.00<\/p>\n\n\n\n<ul class=\"wp-block-list\">\n<li>Wybrane aspekty obs\u0142ugi platformy Moodle \u2013 poziom zaawansowany<br>PROWADZ\u0104CY: dr Tomasz Eisenbardt WMP<\/li>\n<\/ul>\n\n\n\n<p>godz. 13.30<\/p>\n\n\n\n<ul class=\"wp-block-list\">\n<li>Tworzenie edukacyjnych multimedi\u00f3w wielokrotnego u\u017cytku<br>PROWADZ\u0104CY: mgr Marek Robak, WT, Pracownia Bada\u0144 Komunikacji Cyfrowej, Instytut Edukacji Medialnej i Dziennikarstwa UKSW<\/li>\n<\/ul>\n\n\n\n<p>godz. 16.00<\/p>\n\n\n\n<ul class=\"wp-block-list\">\n<li>O tym czy 5+5 mo\u017ce by\u0107 czasem r\u00f3wne 7, o zastosowaniach arytmetyki modularnej w kryptografii oraz o innych matematycznych metodach zabezpieczania danych w sieciach komputerowych<br>PROWADZ\u0104CY: dr hab. Miros\u0142aw Kurkowski, WMP<\/li>\n<\/ul>\n\n\n\n<p class=\"has-text-align-center\"><strong><u>CZWARTEK 22.10.2020<\/u><\/strong><\/p>\n\n\n\n<p>godz. 12.00<\/p>\n\n\n\n<ul class=\"wp-block-list\">\n<li>Kulturowe granice integracji europejskiej a edukacja. Pr\u00f3ba problematyzacji zagadnienia<br>PROWADZ\u0104CY: dr Piotr Dejneka, WNH<\/li>\n<\/ul>\n\n\n\n<p>godz. 13.00<\/p>\n\n\n\n<ul class=\"wp-block-list\">\n<li>Jak m\u00f3wi\u0107, \u017ceby nas s\u0142uchali studenci i nie tylko \u2013 ABC wyst\u0105pie\u0144 publicznych<br>PROWADZ\u0104CY: mgr Anna Gawro\u0144ska-Piotrowska, WT<\/li>\n\n\n\n<li>Dost\u0119pno\u015b\u0107, czyli o tym, jak tworzy\u0107 materia\u0142y edukacyjne dost\u0119pnymi dla student\u00f3w z niepe\u0142nosprawno\u015bciami<br>PROWADZ\u0104CY: dr Katarzyna Kwiatkowska, WSR<\/li>\n<\/ul>\n\n\n\n<p>godz. 16.00<\/p>\n\n\n\n<ul class=\"wp-block-list\">\n<li>J\u0119zyk \u0142aci\u0144ski metod\u0105 projektow\u0105 na przyk\u0142adzie zaj\u0119\u0107 dla student\u00f3w historii sztuki<br>PROWADZ\u0104CY:<br>dr Bart\u0142omiej D\u017awiga\u0142a, WNHS<\/li>\n<\/ul>\n\n\n\n<p class=\"has-text-align-center\"><strong><u>PI\u0104TEK 23.10.2020<\/u><\/strong><\/p>\n\n\n\n<p>godz. 9.00<\/p>\n\n\n\n<ul class=\"wp-block-list\">\n<li>Czy nauka musi bole\u0107? \u2013 O ergonomii pracy przy komputerze w dobie e-learningu<br>PROWADZ\u0104CY: dr hab. Andrzej Kotela, profesor Uczelni; dr Aleksandra Stangret, WMCM<\/li>\n<\/ul>\n\n\n\n<p>godz. 10.00<\/p>\n\n\n\n<ul class=\"wp-block-list\">\n<li>Formy aktywnego studiowania<br>PROWADZ\u0104CY: Mariola Pirek, studentka WPK, Samorz\u0105d Student\u00f3w, ko\u0142a naukowe<\/li>\n<\/ul>\n\n\n\n<p>godz. 11.00<\/p>\n\n\n\n<ul class=\"wp-block-list\">\n<li>Trudne rozmowy<br>PROWADZ\u0104CY: dr Maciej Ciechomski, WNP<\/li>\n<\/ul>\n\n\n\n<p>godz. 13.30<\/p>\n\n\n\n<ul class=\"wp-block-list\">\n<li>Edukacja dla cyberbezpiecze\u0144stwa<br>PROWADZ\u0104CY: prof. dr hab. Gra\u017cyna Szpor, WPiA<\/li>\n<\/ul>\n\n\n\n<p>godz. 15.00<\/p>\n\n\n\n<ul class=\"wp-block-list\">\n<li>Wizualizacja w kszta\u0142ceniu akademickim<br>PROWADZ\u0104CY: dr Aneta Rayzacher-Majewska, WT<\/li>\n<\/ul>\n\n\n\n<p>godz. 16.00<\/p>\n\n\n\n<ul class=\"wp-block-list\">\n<li>W g\u0142owie si\u0119 nie mie\u015bci! \u2013 krzywa zapominania a efektywny e-learning<br>PROWADZ\u0104CY: dr hab. Andrzej Kotela, profesor Uczelni; dr Aleksandra Stangret, WMCM<\/li>\n<\/ul>\n","protected":false},"excerpt":{"rendered":"<p>PONIEDZIA\u0141EK 19.10.2020 godz. 9.30-10.30 godz. 12.00 WTOREK 20.10.2020 godz. 10.00 godz. 12.00 godz. 13.00 godz. 14.00 \u015aRODA 21.10.2020 godz. 10.00 godz. 11.00 godz. 13.30 godz. 16.00 CZWARTEK 22.10.2020 godz. 12.00 godz. 13.00 godz. 16.00 PI\u0104TEK 23.10.2020 godz. 9.00 godz. 10.00 godz. 11.00 godz. 13.30 godz. 15.00 godz. 16.00<\/p>\n","protected":false},"author":1,"featured_media":0,"parent":3800,"menu_order":38,"comment_status":"closed","ping_status":"closed","template":"page-templates\/template-sub-page.php","meta":{"_acf_changed":false,"inline_featured_image":false,"footnotes":"","_links_to":"","_links_to_target":""},"class_list":["post-3806","page","type-page","status-publish","hentry"],"acf":[],"_links":{"self":[{"href":"https:\/\/ksztalcenie.uksw.edu.pl\/pl\/wp-json\/wp\/v2\/pages\/3806","targetHints":{"allow":["GET"]}}],"collection":[{"href":"https:\/\/ksztalcenie.uksw.edu.pl\/pl\/wp-json\/wp\/v2\/pages"}],"about":[{"href":"https:\/\/ksztalcenie.uksw.edu.pl\/pl\/wp-json\/wp\/v2\/types\/page"}],"author":[{"embeddable":true,"href":"https:\/\/ksztalcenie.uksw.edu.pl\/pl\/wp-json\/wp\/v2\/users\/1"}],"replies":[{"embeddable":true,"href":"https:\/\/ksztalcenie.uksw.edu.pl\/pl\/wp-json\/wp\/v2\/comments?post=3806"}],"version-history":[{"count":8,"href":"https:\/\/ksztalcenie.uksw.edu.pl\/pl\/wp-json\/wp\/v2\/pages\/3806\/revisions"}],"predecessor-version":[{"id":6933,"href":"https:\/\/ksztalcenie.uksw.edu.pl\/pl\/wp-json\/wp\/v2\/pages\/3806\/revisions\/6933"}],"up":[{"embeddable":true,"href":"https:\/\/ksztalcenie.uksw.edu.pl\/pl\/wp-json\/wp\/v2\/pages\/3800"}],"wp:attachment":[{"href":"https:\/\/ksztalcenie.uksw.edu.pl\/pl\/wp-json\/wp\/v2\/media?parent=3806"}],"curies":[{"name":"wp","href":"https:\/\/api.w.org\/{rel}","templated":true}]}}