{"id":4136,"date":"2022-11-21T10:04:26","date_gmt":"2022-11-21T09:04:26","guid":{"rendered":"https:\/\/jednostki.uksw.edu.pl\/ksztalcenie\/?page_id=4136"},"modified":"2025-09-15T08:49:13","modified_gmt":"2025-09-15T06:49:13","slug":"jsa-jednolity-system-antyplagiatowy","status":"publish","type":"page","link":"https:\/\/ksztalcenie.uksw.edu.pl\/pracownicy\/jsa-jednolity-system-antyplagiatowy\/","title":{"rendered":"JSA \u2013 Jednolity System Antyplagiatowy"},"content":{"rendered":"\n<p>JSA jest jedynym bezp\u0142atnym ustandaryzowanym systemem antyplagiatowym w Polsce, stworzonym na zlecenie Ministerstwa Nauki i Szkolnictwa Wy\u017cszego. Decyzj\u0105 MNiSW od 2019 roku pisemne prace in\u017cynierskie, licencjackie, magisterskie, doktorskie dopuszczone do obrony musz\u0105 by\u0107 przeanalizowane za pomoc\u0105 JSA.<\/p>\n\n\n\n<p>Przez system musz\u0105 by\u0107 przepuszczane wszystkie dyplomowe prace pisemne zaci\u0105gni\u0119te z bazy uczelnianej, niemniej <span style=\"text-decoration: underline\">promotorzy mog\u0105 <\/span>wrzuca\u0107 do JSA r\u00f3wnie\u017c fragmenty prac jeszcze w trakcie powstawania prac. Nie zostan\u0105 te fragmenty dodane do bazy por\u00f3wnawczej przy sprawdzaniu ostatecznej wersji pracy dyplomowej. Z JSA mo\u017cna r\u00f3wnie\u017c korzysta\u0107, w celu sprawdzenia pisemnych prac zaliczeniowych student\u00f3w.<\/p>\n\n\n\n<p>JSA opr\u00f3cz por\u00f3wnywania tekstu pracy z miliardem dokument\u00f3w w sieci i r\u00f3\u017cnych bazach (m.in. ORPPD), wykrywa r\u00f3wnie\u017c wszelkie manipulacje na tek\u015bcie, a od niedawna r\u00f3wnie\u017c zastosowanie AI.<\/p>\n\n\n\n<p>W JSA jest mo\u017cliwo\u015b\u0107 zbadania pracy pod k\u0105tem zastosowania narz\u0119dzi opartych na sztucznej inteligencji, ale nie dzieje si\u0119 to automatycznie. W tym celu nale\u017cy za\u0142o\u017cy\u0107 nowe badanie i post\u0119powa\u0107 dalej zgodnie z poni\u017csz\u0105 instrukcj\u0105:<\/p>\n\n\n\n<p>1. Podczas zak\u0142adania badania nale\u017cy zaznaczy\u0107 checkbox Analiza SI. Jest to funkcja dodatkowa. Okre\u015blona warto\u015b\u0107 boxa przy zak\u0142adaniu nie mo\u017ce ulec zmianie przy kolejnych pr\u00f3bach \u2013 zostaje zablokowana. Informacja b\u0119dzie widoczna na metryce badania w ka\u017cdym miejscu w systemie oraz raporcie *.pdf<br>2. Po uzyskaniu raportu z badania nale\u017cy wej\u015b\u0107 w Tekst pracy.<br>3. Podczas wydruku badania mo\u017cna zdefiniowa\u0107 raport w formie szczeg\u00f3\u0142owej, a dla niego wybra\u0107, czy ma obejmowa\u0107 cz\u0119\u015b\u0107 Analiza SI. Sekcja ta b\u0119dzie widoczna tylko je\u015bli przy zak\u0142adaniu badania zaznaczono checkbox.<\/p>\n\n\n\n<h3 class=\"wp-block-heading\">Zak\u0142adanie konta w JSA<\/h3>\n\n\n\n<p>Konta wy\u0142\u0105cznie dla&nbsp;promotora\/recenzenta&nbsp;s\u0105 zak\u0142adane przez lokalnego administratora systemu:<\/p>\n\n\n\n<ul id=\"block-a14392d3-0882-428c-a755-e1ded3c90882\" class=\"wp-block-list\">\n<li>Nale\u017cy mejlowo zg\u0142osi\u0107 potrzeb\u0119 za\u0142o\u017cenia takiego konta na adres <a href=\"mailto:b.karpiuk@uksw.edu.pl\">b.karpiuk@uksw.edu.pl<\/a> lub przez formularz [<a href=\"https:\/\/ksztalcenie.uksw.edu.pl\/formularz-kontaktowy\/\">link<\/a>].<\/li>\n\n\n\n<li>Po za\u0142o\u017ceniu konta z systemu przyjdzie drog\u0105 elektroniczn\u0105 pro\u015bba o klikni\u0119cie w link aktywacyjny (link jest aktywny 24 godziny) \u2013 <em>uwaga! ten mejl na og\u00f3\u0142 wpada na poczcie do folderu SPAM<\/em>.<\/li>\n\n\n\n<li>Po klikni\u0119ciu linku aktywacyjnego nast\u0119puje przekierowanie na stron\u0119 ustalania has\u0142a do konta.<\/li>\n<\/ul>\n\n\n\n<div style=\"height:32px\" aria-hidden=\"true\" class=\"wp-block-spacer\"><\/div>\n\n\n\r\n<div class=\"\">\r\n\r\n<div class=\"page_heading\"> <img decoding=\"async\" src=\"https:\/\/ksztalcenie.uksw.edu.pl\/wp-content\/themes\/uksw\/images\/note-2_white.svg\" alt=\"\"> Pomocne linki:<\/div>\r\n<div class=\"candidate_box_sec\">\r\n<div class=\"row\">\r\n\r\n        \r\n                               \r\n                            <div class=\"col-xl-6 col-lg-6 col-md-12 col-sm-12 \">\r\n                                <a href=\"https:\/\/jsa-cp.opi.org.pl\/baza-wiedzy\/pierwsze-logowanie\/\" target='_blank' class=\"project\" >\r\n                                    <div class=\"candidate_box project_box\">\r\n                                        <div class=\"candidate_box_title\">logowanie do systemu<\/div>\r\n                                                                                <div class=\"candidate_box_sub_title\">link do pomocy<\/div>\r\n                                                                                <img decoding=\"async\" src=\"https:\/\/ksztalcenie.uksw.edu.pl\/wp-content\/themes\/uksw\/images\/arrow_more1.svg\" alt=\"\">  \r\n                                    <\/div>\r\n                                <\/a>   \r\n                            <\/div>\r\n                     \r\n\r\n                         \r\n                            \r\n                            <div class=\"col-xl-6 col-lg-6 col-md-12 col-sm-12 \">\r\n                                <a href=\"https:\/\/jsa-cp.opi.org.pl\/baza-wiedzy\/analiza-raportu\/\" target='_blank' class=\"project\" >\r\n                                    <div class=\"candidate_box project_box\">\r\n                                        <div class=\"candidate_box_title\">analiza raportu i wiele innych wskaz\u00f3wek<\/div>\r\n                                                                                <div class=\"candidate_box_sub_title\">link do przewodnika<\/div>\r\n                                                                                <img decoding=\"async\" src=\"https:\/\/ksztalcenie.uksw.edu.pl\/wp-content\/themes\/uksw\/images\/arrow_more1.svg\" alt=\"\">  \r\n                                    <\/div>\r\n                                <\/a>   \r\n                            <\/div>\r\n                     \r\n\r\n                         \r\n                            \r\n                            <div class=\"col-xl-6 col-lg-6 col-md-12 col-sm-12 \">\r\n                                <a href=\"https:\/\/jsa-cp.opi.org.pl\/baza-wiedzy\/edycja-metryki\/\" target='_blank' class=\"project\" >\r\n                                    <div class=\"candidate_box project_box\">\r\n                                        <div class=\"candidate_box_title\">wype\u0142nianie metryczki pracy<\/div>\r\n                                                                                <div class=\"candidate_box_sub_title\">link do samouczka<\/div>\r\n                                                                                <img decoding=\"async\" src=\"https:\/\/ksztalcenie.uksw.edu.pl\/wp-content\/themes\/uksw\/images\/arrow_more1.svg\" alt=\"\">  \r\n                                    <\/div>\r\n                                <\/a>   \r\n                            <\/div>\r\n                     \r\n\r\n                         \r\n                            \r\n                            <div class=\"col-xl-6 col-lg-6 col-md-12 col-sm-12 \">\r\n                                <a href=\"https:\/\/jsa-cp.opi.org.pl\/baza-wiedzy\/uzycie-sztucznej-inteligencji\/\" target='_blank' class=\"project\" >\r\n                                    <div class=\"candidate_box project_box\">\r\n                                        <div class=\"candidate_box_title\">badanie zastosowania AI<\/div>\r\n                                                                                <div class=\"candidate_box_sub_title\">link do samouczka<\/div>\r\n                                                                                <img decoding=\"async\" src=\"https:\/\/ksztalcenie.uksw.edu.pl\/wp-content\/themes\/uksw\/images\/arrow_more1.svg\" alt=\"\">  \r\n                                    <\/div>\r\n                                <\/a>   \r\n                            <\/div>\r\n                     \r\n\r\n                         \r\n                            <\/div>\r\n<\/div>\r\n\r\n<\/div>","protected":false},"excerpt":{"rendered":"<p>JSA jest jedynym bezp\u0142atnym ustandaryzowanym systemem antyplagiatowym w Polsce, stworzonym na zlecenie Ministerstwa Nauki i Szkolnictwa Wy\u017cszego. Decyzj\u0105 MNiSW od 2019 roku pisemne prace in\u017cynierskie, licencjackie, magisterskie, doktorskie dopuszczone do obrony musz\u0105 by\u0107 przeanalizowane za pomoc\u0105 JSA. Przez system musz\u0105 by\u0107 przepuszczane wszystkie dyplomowe prace pisemne zaci\u0105gni\u0119te z bazy uczelnianej, niemniej promotorzy mog\u0105 wrzuca\u0107 do [&hellip;]<\/p>\n","protected":false},"author":1,"featured_media":0,"parent":3714,"menu_order":13,"comment_status":"closed","ping_status":"closed","template":"page-templates\/template-sub-page.php","meta":{"_acf_changed":false,"inline_featured_image":false,"footnotes":"","_links_to":"","_links_to_target":""},"class_list":["post-4136","page","type-page","status-publish","hentry"],"acf":[],"_links":{"self":[{"href":"https:\/\/ksztalcenie.uksw.edu.pl\/pl\/wp-json\/wp\/v2\/pages\/4136","targetHints":{"allow":["GET"]}}],"collection":[{"href":"https:\/\/ksztalcenie.uksw.edu.pl\/pl\/wp-json\/wp\/v2\/pages"}],"about":[{"href":"https:\/\/ksztalcenie.uksw.edu.pl\/pl\/wp-json\/wp\/v2\/types\/page"}],"author":[{"embeddable":true,"href":"https:\/\/ksztalcenie.uksw.edu.pl\/pl\/wp-json\/wp\/v2\/users\/1"}],"replies":[{"embeddable":true,"href":"https:\/\/ksztalcenie.uksw.edu.pl\/pl\/wp-json\/wp\/v2\/comments?post=4136"}],"version-history":[{"count":16,"href":"https:\/\/ksztalcenie.uksw.edu.pl\/pl\/wp-json\/wp\/v2\/pages\/4136\/revisions"}],"predecessor-version":[{"id":6772,"href":"https:\/\/ksztalcenie.uksw.edu.pl\/pl\/wp-json\/wp\/v2\/pages\/4136\/revisions\/6772"}],"up":[{"embeddable":true,"href":"https:\/\/ksztalcenie.uksw.edu.pl\/pl\/wp-json\/wp\/v2\/pages\/3714"}],"wp:attachment":[{"href":"https:\/\/ksztalcenie.uksw.edu.pl\/pl\/wp-json\/wp\/v2\/media?parent=4136"}],"curies":[{"name":"wp","href":"https:\/\/api.w.org\/{rel}","templated":true}]}}