{"id":4791,"date":"2022-12-05T11:19:31","date_gmt":"2022-12-05T10:19:31","guid":{"rendered":"https:\/\/jednostki.uksw.edu.pl\/ksztalcenie\/?page_id=4791"},"modified":"2023-01-23T12:21:12","modified_gmt":"2023-01-23T11:21:12","slug":"formularz-kontaktowy","status":"publish","type":"page","link":"https:\/\/ksztalcenie.uksw.edu.pl\/formularz-kontaktowy\/","title":{"rendered":"Formularz kontaktowy"},"content":{"rendered":"\n<h2 class=\"wp-block-heading\">Zadaj pytanie, zg\u0142o\u015b wag\u0119.<\/h2>\n\n\n\n<p>Pracownicy Dzia\u0142u Kszta\u0142cenia odpisz\u0105 mo\u017cliwie najszybciej.<\/p>\n\n\n\r\n<div class=\"\">\r\n\r\n\r\n<div class=\"contact_grey\">\r\n\r\n\n<div class=\"wpcf7 no-js\" id=\"wpcf7-f4787-o1\" lang=\"pl-PL\" dir=\"ltr\" data-wpcf7-id=\"4787\">\n<div class=\"screen-reader-response\"><p role=\"status\" aria-live=\"polite\" aria-atomic=\"true\"><\/p> <ul><\/ul><\/div>\n<form action=\"\/pl\/wp-json\/wp\/v2\/pages\/4791#wpcf7-f4787-o1\" method=\"post\" class=\"wpcf7-form init\" aria-label=\"Formularz kontaktowy\" novalidate=\"novalidate\" data-status=\"init\">\n<div style=\"display: none;\">\n<input type=\"hidden\" name=\"_wpcf7\" value=\"4787\" \/>\n<input type=\"hidden\" name=\"_wpcf7_version\" value=\"6.0.6\" \/>\n<input type=\"hidden\" name=\"_wpcf7_locale\" value=\"pl_PL\" \/>\n<input type=\"hidden\" name=\"_wpcf7_unit_tag\" value=\"wpcf7-f4787-o1\" \/>\n<input type=\"hidden\" name=\"_wpcf7_container_post\" value=\"0\" \/>\n<input type=\"hidden\" name=\"_wpcf7_posted_data_hash\" value=\"\" \/>\n<\/div>\n<p>Pola oznaczone symbolem gwiazdki * wymagaj\u0105 uzupe\u0142nienia.<\/p>\n\n<div class=\"row\">\n    <div class=\"col-xxl-6 col-xl-6 col-lg-6 col-md-12 col-sm-12\">\n        <div class=\"mb-4\">\n            <label for=\"person\" class=\"sr-only\">Wpisz swoje imi\u0119 i nazwisko<\/label>\n            <span class=\"wpcf7-form-control-wrap\" data-name=\"name-person\"><input size=\"40\" maxlength=\"400\" class=\"wpcf7-form-control wpcf7-text wpcf7-validates-as-required form-control\" id=\"person\" aria-required=\"true\" aria-invalid=\"false\" placeholder=\"Imi\u0119 i nazwisko *\" value=\"\" type=\"text\" name=\"name-person\" \/><\/span>\n        <\/div>\n    <\/div>\n<\/div>\n\n<div class=\"row\">\n    <div class=\"col-xxl-6 col-xl-6 col-lg-6 col-md-12 col-sm-12\">\n        <div class=\"mb-4\">\n            <label for=\"status\">Jestem: *<\/label>\n            <span class=\"wpcf7-form-control-wrap\" data-name=\"status\"><select class=\"wpcf7-form-control wpcf7-select wpcf7-validates-as-required form-control\" id=\"status\" aria-required=\"true\" aria-invalid=\"false\" name=\"status\"><option value=\"\">Wybierz z listy rozwijanej<\/option><option value=\"nauczycielem akademickim\">nauczycielem akademickim<\/option><option value=\"studentem\">studentem<\/option><option value=\"absolwentem\">absolwentem<\/option><option value=\"pracownikiem administracyjnym\">pracownikiem administracyjnym<\/option><option value=\"kim\u015b innym\">kim\u015b innym<\/option><\/select><\/span>\n        <\/div>\n    <\/div>\n<\/div>\n\n<div class=\"row\">\n    <div class=\"col-xxl-6 col-xl-6 col-lg-6 col-md-12 col-sm-12\">\n        <div class=\"mb-4\">\n            <label for=\"email\" class=\"sr-only\">Wpisz adres mailowy *<\/label>\n            <span class=\"wpcf7-form-control-wrap\" data-name=\"your-email\"><input size=\"40\" maxlength=\"400\" class=\"wpcf7-form-control wpcf7-email wpcf7-validates-as-required wpcf7-text wpcf7-validates-as-email form-control\" id=\"email\" aria-required=\"true\" aria-invalid=\"false\" placeholder=\"Adres e-mail *\" value=\"\" type=\"email\" name=\"your-email\" \/><\/span>\n        <\/div>\n    <\/div>\n<\/div>\n\n<div class=\"row\">\n    <div class=\"col-xxl-6 col-xl-6 col-lg-6 col-md-12 col-sm-12\">\n        <div class=\"mb-4\">\n            <label for=\"message-topic\" class=\"sr-only\">Okre\u015bl temat wiadomo\u015bci<\/label>\n            <span class=\"wpcf7-form-control-wrap\" data-name=\"message-topic\"><input size=\"40\" maxlength=\"400\" class=\"wpcf7-form-control wpcf7-text wpcf7-validates-as-required form-control\" id=\"message-topic\" aria-required=\"true\" aria-invalid=\"false\" placeholder=\"Temat *\" value=\"\" type=\"text\" name=\"message-topic\" \/><\/span>\n        <\/div>\n    <\/div>\n<\/div>\n\n<div class=\"row\">\n    <div class=\"col-xxl-6 col-xl-6 col-lg-6 col-md-12 col-sm-12\">\n        <div class=\"mb-4\">\n            <label for=\"message\" class=\"sr-only\">Wprowad\u017a tre\u015b\u0107 wiadomo\u015bci<\/label>\n            <span class=\"wpcf7-form-control-wrap\" data-name=\"message\"><textarea cols=\"1\" rows=\"5\" maxlength=\"2000\" class=\"wpcf7-form-control wpcf7-textarea wpcf7-validates-as-required form-control\" id=\"message\" aria-required=\"true\" aria-invalid=\"false\" placeholder=\"Wiadomo\u015b\u0107 *\" name=\"message\"><\/textarea><\/span>\n        <\/div>\n    <\/div>\n<\/div>\n\n<div class=\"mb-4\">\n    <div class=\"form-check\">\n        <span class=\"wpcf7-form-control-wrap\" data-name=\"rodo-cb\"><span class=\"wpcf7-form-control wpcf7-checkbox wpcf7-validates-as-required\" id=\"rodo-cb\"><span class=\"wpcf7-list-item first last\"><label><input type=\"checkbox\" name=\"rodo-cb[]\" value=\"* Korzystanie ze strony oznacza zgod\u0119 na przetwarzanie danych osobowych. Informacja o ochronie danych osobowych (RODO).\" \/><span class=\"wpcf7-list-item-label\">* Korzystanie ze strony oznacza zgod\u0119 na przetwarzanie danych osobowych. Informacja o ochronie danych osobowych (RODO).<\/span><\/label><\/span><\/span><\/span>\n    <\/div>\n<\/div>\n\n<div>\n    <button class=\"but_send\" title=\"Kliknij, aby przes\u0142a\u0107 formularz\" type=\"submit\">\n        Wy\u015blij\n    <\/button>\n<\/div><div class=\"wpcf7-response-output\" aria-hidden=\"true\"><\/div>\n<\/form>\n<\/div>\n\r\n<\/div>\r\n\r\n\r\n<\/div>","protected":false},"excerpt":{"rendered":"<p>Zadaj pytanie, zg\u0142o\u015b wag\u0119. Pracownicy Dzia\u0142u Kszta\u0142cenia odpisz\u0105 mo\u017cliwie najszybciej.<\/p>\n","protected":false},"author":24,"featured_media":0,"parent":0,"menu_order":0,"comment_status":"closed","ping_status":"closed","template":"page-templates\/template-standerd-page.php","meta":{"_acf_changed":false,"inline_featured_image":false,"footnotes":"","_links_to":"","_links_to_target":""},"class_list":["post-4791","page","type-page","status-publish","hentry"],"acf":[],"_links":{"self":[{"href":"https:\/\/ksztalcenie.uksw.edu.pl\/pl\/wp-json\/wp\/v2\/pages\/4791","targetHints":{"allow":["GET"]}}],"collection":[{"href":"https:\/\/ksztalcenie.uksw.edu.pl\/pl\/wp-json\/wp\/v2\/pages"}],"about":[{"href":"https:\/\/ksztalcenie.uksw.edu.pl\/pl\/wp-json\/wp\/v2\/types\/page"}],"author":[{"embeddable":true,"href":"https:\/\/ksztalcenie.uksw.edu.pl\/pl\/wp-json\/wp\/v2\/users\/24"}],"replies":[{"embeddable":true,"href":"https:\/\/ksztalcenie.uksw.edu.pl\/pl\/wp-json\/wp\/v2\/comments?post=4791"}],"version-history":[{"count":27,"href":"https:\/\/ksztalcenie.uksw.edu.pl\/pl\/wp-json\/wp\/v2\/pages\/4791\/revisions"}],"predecessor-version":[{"id":5149,"href":"https:\/\/ksztalcenie.uksw.edu.pl\/pl\/wp-json\/wp\/v2\/pages\/4791\/revisions\/5149"}],"wp:attachment":[{"href":"https:\/\/ksztalcenie.uksw.edu.pl\/pl\/wp-json\/wp\/v2\/media?parent=4791"}],"curies":[{"name":"wp","href":"https:\/\/api.w.org\/{rel}","templated":true}]}}