{"id":4855,"date":"2022-12-07T15:50:13","date_gmt":"2022-12-07T14:50:13","guid":{"rendered":"https:\/\/jednostki.uksw.edu.pl\/ksztalcenie\/pracownicy\/projekty\/mlody-dydaktyk-w-uniwersytecie-mdu-zakonczony\/harmonogram-kursow-mdu\/"},"modified":"2022-12-07T15:51:50","modified_gmt":"2022-12-07T14:51:50","slug":"harmonogram-kursow-mdu","status":"publish","type":"page","link":"https:\/\/ksztalcenie.uksw.edu.pl\/pracownicy\/projekty\/mlody-dydaktyk-w-uniwersytecie-mdu-zakonczony\/harmonogram-kursow-mdu\/","title":{"rendered":"Harmonogram kurs\u00f3w MDU"},"content":{"rendered":"\n<h2 class=\"wp-block-heading\">kursy II tury<\/h2>\n\n\n\n<figure class=\"wp-block-table\"><table><tbody><tr><td><strong>jaki kurs?<\/strong><\/td><td><strong>kiedy?<\/strong><\/td><td><strong>gdzie?<\/strong><\/td><\/tr><tr><td><strong>J\u0119zyk angielski<br>na poziomie C1\u2033<\/strong><br><br>(60 godz. szkol.<br>+32 godz. szkol)<\/td><td>Modu\u0142 1:- ostatnie 2 tygodnie wrze\u015bnia: pon-\u015br (po 3h zegarowe)<br>\u2013&nbsp;<strong>od 8 pa\u017adziernika \u2013 wtorki 17-20.00<\/strong>&nbsp;<br>z dodatkowym dost\u0119pem do platformy English Discovery&nbsp;<br><br><br><br><br>Modu\u0142 2: grupowe warsztaty: 30h<br>(M.Lang, A.Burakowska)<br>pa\u017adziernik: 21 (AB), 28 (ML);<br>listopad: 4 (AB),<del>18 (ML)<\/del>, 25 (AB);<br>grudzie\u0144: 2 (ML+1h), 9 (AB), 10 (ML+1h), 16 (AB)<br>stycze\u0144: 13 (ML+1h)&nbsp;<br><br><br><br>Modu\u0142 3: indywidualne konsultacje: 2h<br>(M.Lang, A.Burakowska)<br>&nbsp;<\/td><td>1)<br>w siedzibie firmy&nbsp;<strong>Princeton<br>Language Academy<\/strong><br>ul. Kopenika 34, Warszawa<br><br>2)<br><strong>(AB<\/strong>) sala 401,w 23,<br><strong>10:45-13:00<\/strong><br><br><strong>(ML<\/strong>) sala 1221<br><strong>10:00-13:00<\/strong><br><br>3)<br>r\u00f3\u017cne sale,<br>wed\u0142ug<br>harmonogramu<\/td><\/tr><tr><td><strong>Nowoczesne<br>metody<br>dydaktyczne<\/strong><br><br>(32 godz. szkol.<br>w 2 modu\u0142ach)<\/td><td>Modu\u0142 1 \u2013 warsztaty grupowe i indywidualne konsultacje<br>(32 godz.szk.):<br><br>30.09 (6h) od 10:00 do 14:45 (A.Kr, A.Kl)<br>07.10 (5h) od 9:15 do 13:15 (S.K, M.L)<br>14.10 (4h) od 10:00 do 13:15 (A.Kr, M.L)<br>szczeg\u00f3\u0142owy podzia\u0142 godzin<br>oraz numery sal dydaktycznych podano w kolumnie obok -&gt;<br><br>\u2013 \u0142\u0105cznie 15 godzin szkoleniowych<br>warsztat\u00f3w grupowych z 4 trenerami:<br>A. Krajewska, A. Klimska, M. Lang, S. Kobyakov.&nbsp;<br><br>Modu\u0142 2 \u2013 szkolenie wyjazdowe&nbsp;(30 godz. szk.)wyjazd (15 godz. szk.) \u2013 3 dni<br>22-24 XI 2019&nbsp;<br><br><br>Modu\u0142 3: indywidualne konsultacje<br>XI-XII \u2013 2 godziny szkoleniowe wed\u0142ug<br>indywidualnych ustale\u0144&nbsp;<strong>z wybranym trenerem \u2013 harmonogram w Office 365<\/strong><\/td><td>1)<br><br>30.09, godz.10:00<br>sala&nbsp;<strong>321<\/strong>, bud.23,<br>a od godz.12:30<br>sala&nbsp;<strong>109<\/strong>, bud.2307.10, godz.9:15<br>sala&nbsp;<strong>321<\/strong>, bud.23,<br>a od godz.11:45<br>sala&nbsp;<strong>109<\/strong>, bud.2314.10, godz.10:00<br>sala&nbsp;<strong>321<\/strong>, bud.23,<br>a od godz.11:45<br>sala&nbsp;<strong>109<\/strong>, bud.23&nbsp;<br><br><br>2)<br>Konstancin Jeziorna, Evapark<br><br><br>3)<br>r\u00f3\u017cne sale,<br>wed\u0142ug<br>harmonogramu<\/td><\/tr><\/tbody><\/table><\/figure>\n\n\n\n<h2 class=\"wp-block-heading\">kursy I tury<\/h2>\n\n\n\n<figure class=\"wp-block-table\"><table><tbody><tr><td><strong>jaki kurs?<\/strong><\/td><td><strong>kiedy?<\/strong><\/td><td><strong>gdzie?<\/strong><\/td><\/tr><tr><td><strong>Licencjonowany<br>operator<br>drona e-dron<\/strong><br><br>(21 godzin<br>szkoleniowych<br>w 2 modu\u0142ach)<\/td><td><strong>czerwiec \u2013 pa\u017adziernik 2018<\/strong><br><br>Modu\u0142&nbsp;teoretyczny&nbsp;(7 godz. szkol.):<br><strong>15, 22 czerwca \u2013 godz. 8-15<\/strong><br><br><br>Modu\u0142&nbsp;praktyczny&nbsp;(14 godz. szkol.)<br>w okresie czerwiec-listopad:<br><strong>\u2013 symulatory \u2013&nbsp;<\/strong>wed\u0142ug potrzeb od poniedzia\u0142ku do pi\u0105tku w godzinach 8-15<br>\u2013&nbsp;<strong>latanie&nbsp;<\/strong>\u2013 w trzyosobowych grupach, wed\u0142ug ustale\u0144 z trenerem<\/td><td><br>sala 116<br>bud. 24<br>&nbsp;<br><br>symulatory<br>bud. 24<br><br><br><br>w terenie<\/td><\/tr><tr><td><strong>Wprowadzenie<br>do platformy<br>Waspmote<br>i \u015brodowiska<br>Meshlium<\/strong><br><br>(po 21 godz. szkolen.<br>dla dw\u00f3ch kursant\u00f3w)<\/td><td><strong>&nbsp;listopad 2018<\/strong><br><br>wyjazd do Saragossy<br>od 5 do 9 listopada<br><br>intensywne szkolenie<br>w siedzibie firmy<br>w dniach 6-8 listopada 2018<\/td><td>Hiszpania,<br>siedziba<br>Libellium<\/td><\/tr><tr><td><br><strong>J\u0119zyk angielski<br>na poziomie C1\u2033<\/strong><br><br>(60 godz. szkol.<br>+32 godz. szkol)<\/td><td><strong>od 19 pa\u017adziernika 2018 \u2013 czerwiec 2019<\/strong>&nbsp;<br><br>Modu\u0142 1:<br>dni: 1 grupa w \u015brody i 2 grupa w soboty<br><br>Modu\u0142 2:<br><strong>wtorki&nbsp;<\/strong>od 19 lutego<br>godz.&nbsp;<strong>8:45-11:15<\/strong><\/td><td>&nbsp;<br><br><br>1)<br>w siedzibie firmy&nbsp;<br><strong>Princeton Language<\/strong><br><strong>Academy<\/strong>&nbsp;w centrum Warszawy,<br>ul. Kopenika 34,<br><br>2)<br>sala 225, bud.21<br><strong>26.02-&gt;119,&nbsp;<\/strong>bud.21<br><strong>od 05.03-&gt;1437,&nbsp;<\/strong>bud.14<br><strong>23.04 -&gt; 119<\/strong>, bud. 21<\/td><\/tr><tr><td>&nbsp;<strong>Nowoczesne<br>metody<br>dydaktyczne<\/strong><br><br>(32 godz. szkol.<br>w 2 modu\u0142ach)<\/td><td><strong>listopad 2018 \u2013 czerwiec 2019<\/strong><br><br>Modu\u0142 1 \u2013 szkolenia&nbsp;(30 godz. szk.)<br>1) wyjazd (16 godz. szk.)<br>25-27 listopada 2018<br>przejazd w obie strony autokarem&nbsp;<br>2) 8 grudnia 2018<br>godz. 9.30 \u2013 14.30<br><br>Modu\u0142 2 \u2013 indywidualne konsultacje&nbsp;(2 godz.szk.):<br>luty \u2013 marzec 2019<br>wed\u0142ug indywidualnych ustale\u0144 z trenerem<\/td><td>modu\u0142 1:<br><br>1) Jachranka,<br>Centrum szkoleniowe<br><br>2)<br>sala 322,<br>bud. 23&nbsp;&nbsp;&nbsp;<br><br>Modu\u0142 2:<br>wed\u0142ug ustale\u0144 z trenerem<br><\/td><\/tr><\/tbody><\/table><\/figure>\n","protected":false},"excerpt":{"rendered":"<p>kursy II tury jaki kurs? kiedy? gdzie? J\u0119zyk angielskina poziomie C1\u2033 (60 godz. szkol.+32 godz. szkol) Modu\u0142 1:- ostatnie 2 tygodnie wrze\u015bnia: pon-\u015br (po 3h zegarowe)\u2013&nbsp;od 8 pa\u017adziernika \u2013 wtorki 17-20.00&nbsp;z dodatkowym dost\u0119pem do platformy English Discovery&nbsp; Modu\u0142 2: grupowe warsztaty: 30h(M.Lang, A.Burakowska)pa\u017adziernik: 21 (AB), 28 (ML);listopad: 4 (AB),18 (ML), 25 (AB);grudzie\u0144: 2 (ML+1h), 9 [&hellip;]<\/p>\n","protected":false},"author":1,"featured_media":0,"parent":3784,"menu_order":38,"comment_status":"closed","ping_status":"closed","template":"page-templates\/template-sub-page.php","meta":{"_acf_changed":false,"inline_featured_image":false,"footnotes":"","_links_to":"","_links_to_target":""},"class_list":["post-4855","page","type-page","status-publish","hentry"],"acf":[],"_links":{"self":[{"href":"https:\/\/ksztalcenie.uksw.edu.pl\/pl\/wp-json\/wp\/v2\/pages\/4855","targetHints":{"allow":["GET"]}}],"collection":[{"href":"https:\/\/ksztalcenie.uksw.edu.pl\/pl\/wp-json\/wp\/v2\/pages"}],"about":[{"href":"https:\/\/ksztalcenie.uksw.edu.pl\/pl\/wp-json\/wp\/v2\/types\/page"}],"author":[{"embeddable":true,"href":"https:\/\/ksztalcenie.uksw.edu.pl\/pl\/wp-json\/wp\/v2\/users\/1"}],"replies":[{"embeddable":true,"href":"https:\/\/ksztalcenie.uksw.edu.pl\/pl\/wp-json\/wp\/v2\/comments?post=4855"}],"version-history":[{"count":3,"href":"https:\/\/ksztalcenie.uksw.edu.pl\/pl\/wp-json\/wp\/v2\/pages\/4855\/revisions"}],"predecessor-version":[{"id":4864,"href":"https:\/\/ksztalcenie.uksw.edu.pl\/pl\/wp-json\/wp\/v2\/pages\/4855\/revisions\/4864"}],"up":[{"embeddable":true,"href":"https:\/\/ksztalcenie.uksw.edu.pl\/pl\/wp-json\/wp\/v2\/pages\/3784"}],"wp:attachment":[{"href":"https:\/\/ksztalcenie.uksw.edu.pl\/pl\/wp-json\/wp\/v2\/media?parent=4855"}],"curies":[{"name":"wp","href":"https:\/\/api.w.org\/{rel}","templated":true}]}}