{"id":4856,"date":"2022-12-07T15:50:13","date_gmt":"2022-12-07T14:50:13","guid":{"rendered":"https:\/\/jednostki.uksw.edu.pl\/ksztalcenie\/pracownicy\/projekty\/mlody-dydaktyk-w-uniwersytecie-mdu-zakonczony\/kursy-mdu\/"},"modified":"2022-12-13T11:40:58","modified_gmt":"2022-12-13T10:40:58","slug":"kursy-mdu","status":"publish","type":"page","link":"https:\/\/ksztalcenie.uksw.edu.pl\/pracownicy\/projekty\/mlody-dydaktyk-w-uniwersytecie-mdu-zakonczony\/kursy-mdu\/","title":{"rendered":"Kursy MDU"},"content":{"rendered":"\n<h2 class=\"wp-block-heading\">nr: POWR.03.04.00-00-D003\/17<\/h2>\n\n\n\n<h2 class=\"wp-block-heading\">I. Zasady rekrutacji<\/h2>\n\n\n\n<h3 class=\"wp-block-heading\">1. Og\u00f3lne zasady<\/h3>\n\n\n\n<p>Kandydat musi spe\u0142ni\u0107&nbsp;\u0141\u0104CZNIE nastepuj\u0105ce kryteria:<\/p>\n\n\n\n<ul class=\"wp-block-list\">\n<li>jest poni\u017cej 35 roku \u017cycia<\/li>\n\n\n\n<li>ma stopie\u0144 naukowy doktora&nbsp;<strong>lub&nbsp;<\/strong>jest doktorantem UKSW&nbsp;<strong>lub&nbsp;<\/strong>ma otwarty przew\u00f3d doktorski w UKSW<\/li>\n\n\n\n<li>jest zatrudniony w UKSW w charakterze nauczyciela akademickiego<\/li>\n\n\n\n<li>nie jest w okresie wypowiedzenia<\/li>\n\n\n\n<li>wyra\u017ca ch\u0119\u0107 wykorzystania na zaj\u0119ciach dydaktycznych ze studentami nabytych w trakcie realizacji projektu umiej\u0119tno\u015bci dydaktycznych<\/li>\n<\/ul>\n\n\n\n<p>Od kandydat\u00f3w zakwalifikowanych przez komisj\u0119 rekrutacyjn\u0105 na\u00a0szkolenie operatora drona dodatkowo wymaga si\u0119\u00a0dor\u0119czenia\u00a0przed rozpocz\u0119ciem kursu\u00a0wa\u017cnego orzeczenia lotniczo-lekarskiego, wydawanego przez lekarzy orzecznik\u00f3w uprawnionych do wykonywania bada\u0144 lotniczo-lekarskich i wydawania orzecze\u0144 dla kandydat\u00f3w na cz\u0142onk\u00f3w personelu lotniczego. Kursant sam pokrywa koszty bada\u0144 (ok.230).<br>Lista lekarzy orzecznik\u00f3w dost\u0119pna jest\u00a0<strong><a href=\"http:\/\/www.ulc.gov.pl\/pl\/personel-lotniczy\/medycyna-lotnicza\/lekarze-orzecznicy\" target=\"_blank\" rel=\"noreferrer noopener\">tutaj<\/a><\/strong>.<\/p>\n\n\n\n<hr class=\"wp-block-separator has-alpha-channel-opacity\"\/>\n\n\n\n<h3 class=\"wp-block-heading\">2. Formularz<\/h3>\n\n\n\n<p>Zg\u0142oszenia do udzia\u0142u w projekcie mo\u017cna wype\u0142nia\u0107 poprzez:<\/p>\n\n\n\n<ul class=\"wp-block-list\">\n<li>formularz dla wszystkich kurs\u00f3w w wersji doc. lub pdf.<\/li>\n\n\n\n<li>formularz \u2013 wersja elektroniczna \u2013 (dost\u0119pna po zalogowaniu: login jak do USOSweba + domena UKSW i has\u0142o jak do USOSweba) dla poszczeg\u00f3lnych kurs\u00f3w:<\/li>\n<\/ul>\n\n\n\r\n<div class=\"\">\r\n\r\n\r\n<div class=\"row\">\r\n\r\n  \r\n<div class=\"col-xl-12 col-lg-12 col-md-12 col-sm-12 \">\r\n\t\t<div class=\"download_detils\">\r\n\t\t\t<a href=\"https:\/\/ksztalcenie.uksw.edu.pl\/wp-content\/uploads\/sites\/22\/2022\/12\/formularze-MDwU-poprawione.docx\"  target=\"_blank\" >\r\n\t\t\t<img decoding=\"async\" src=\"https:\/\/ksztalcenie.uksw.edu.pl\/wp-content\/themes\/uksw\/images\/import.svg\" alt=\"\"> formularz dla wszystkich kurs\u00f3w [DOCX,  0.05 MB]<\/a>\r\n\t\t<\/div>\r\n<\/div>\r\n\r\n\r\n\t\t\r\n<div class=\"col-xl-12 col-lg-12 col-md-12 col-sm-12 \">\r\n\t\t<div class=\"download_detils\">\r\n\t\t\t<a href=\"https:\/\/ksztalcenie.uksw.edu.pl\/wp-content\/uploads\/sites\/22\/2022\/12\/formularze-MDwU-poprawione.pdf\"  target=\"_blank\" >\r\n\t\t\t<img decoding=\"async\" src=\"https:\/\/ksztalcenie.uksw.edu.pl\/wp-content\/themes\/uksw\/images\/import.svg\" alt=\"\"> formularz dla wszystkich kurs\u00f3w [PDF,  0.54 MB]<\/a>\r\n\t\t<\/div>\r\n<\/div>\r\n\r\n\r\n\t\t\r\n\t\t \r\n\r\n<\/div>\r\n<\/div>\r\n<div class=\"space20\"><\/div>\r\n\r\n\n\n\n<p>Zg\u0142oszenia pod k\u0105tem spe\u0142nienia kryteri\u00f3w formalnych b\u0119dzie weryfikowa\u0142a komisja rekrutacyjna<br>powo\u0142ana przez Prorektora UKSW&nbsp;<a href=\"https:\/\/monitor.uksw.edu.pl\/docs\/3823\" target=\"_blank\" rel=\"noreferrer noopener\">decyzj\u0105 nr 9\/2018<\/a>&nbsp;z dnia 01.03.2018 r.<\/p>\n\n\n\n<p>Zg\u0142oszenia do udzia\u0142u w projekcie b\u0119d\u0105 przyjmowane w kilku edycjach<br>(kolejne terminy b\u0119d\u0105 og\u0142aszane systematycznie).<\/p>\n\n\n\n<p>Pierwsze posiedzenie komisji rekrutacyjnej odby\u0142o si\u0119 10 kwietnia 2018r.<\/p>\n\n\n\n<hr class=\"wp-block-separator has-alpha-channel-opacity\"\/>\n\n\n\n<h3 class=\"wp-block-heading\">3. Wyniki<\/h3>\n\n\n\n<h4 class=\"wp-block-heading\">Wyniki procesu poszczeg\u00f3lnych rekrutacji:<\/h4>\n\n\n\r\n<div class=\"\">\r\n\r\n\r\n<div class=\"row\">\r\n\r\n  \r\n<div class=\"col-xl-12 col-lg-12 col-md-12 col-sm-12 \">\r\n\t\t<div class=\"download_detils\">\r\n\t\t\t<a href=\"https:\/\/ksztalcenie.uksw.edu.pl\/wp-content\/uploads\/sites\/22\/2022\/12\/MDU_2018-04-10.pdf\"  target=\"_blank\" >\r\n\t\t\t<img decoding=\"async\" src=\"https:\/\/ksztalcenie.uksw.edu.pl\/wp-content\/themes\/uksw\/images\/import.svg\" alt=\"\"> rekrutacja za okres 1-31 III 2018 \u2013 wyniki [PDF,  0.06 MB]<\/a>\r\n\t\t<\/div>\r\n<\/div>\r\n\r\n\r\n\t\t\r\n<div class=\"col-xl-12 col-lg-12 col-md-12 col-sm-12 \">\r\n\t\t<div class=\"download_detils\">\r\n\t\t\t<a href=\"https:\/\/ksztalcenie.uksw.edu.pl\/wp-content\/uploads\/sites\/22\/2022\/12\/MDU_2018-05-29.pdf\"  target=\"_blank\" >\r\n\t\t\t<img decoding=\"async\" src=\"https:\/\/ksztalcenie.uksw.edu.pl\/wp-content\/themes\/uksw\/images\/import.svg\" alt=\"\"> rekrutacja za okres 27 IV \u2013 28 V 2018 \u2013 wyniki [PDF,  0.12 MB]<\/a>\r\n\t\t<\/div>\r\n<\/div>\r\n\r\n\r\n\t\t\r\n<div class=\"col-xl-12 col-lg-12 col-md-12 col-sm-12 \">\r\n\t\t<div class=\"download_detils\">\r\n\t\t\t<a href=\"https:\/\/ksztalcenie.uksw.edu.pl\/wp-content\/uploads\/sites\/22\/2022\/12\/MDU_2018-09-14.pdf\"  target=\"_blank\" >\r\n\t\t\t<img decoding=\"async\" src=\"https:\/\/ksztalcenie.uksw.edu.pl\/wp-content\/themes\/uksw\/images\/import.svg\" alt=\"\"> rekrutacja za okres VI-IX 2018 \u2013 wyniki [PDF,  0.16 MB]<\/a>\r\n\t\t<\/div>\r\n<\/div>\r\n\r\n\r\n\t\t\r\n<div class=\"col-xl-12 col-lg-12 col-md-12 col-sm-12 \">\r\n\t\t<div class=\"download_detils\">\r\n\t\t\t<a href=\"https:\/\/ksztalcenie.uksw.edu.pl\/wp-content\/uploads\/sites\/22\/2022\/12\/MDU_2018-11-13.pdf\"  target=\"_blank\" >\r\n\t\t\t<img decoding=\"async\" src=\"https:\/\/ksztalcenie.uksw.edu.pl\/wp-content\/themes\/uksw\/images\/import.svg\" alt=\"\"> rekrutacja za okres X-XI 2018 \u2013 wyniki [PDF,  0.71 MB]<\/a>\r\n\t\t<\/div>\r\n<\/div>\r\n\r\n\r\n\t\t\r\n<div class=\"col-xl-12 col-lg-12 col-md-12 col-sm-12 \">\r\n\t\t<div class=\"download_detils\">\r\n\t\t\t<a href=\"https:\/\/ksztalcenie.uksw.edu.pl\/wp-content\/uploads\/sites\/22\/2022\/12\/MDU_2019-02-08.pdf\"  target=\"_blank\" >\r\n\t\t\t<img decoding=\"async\" src=\"https:\/\/ksztalcenie.uksw.edu.pl\/wp-content\/themes\/uksw\/images\/import.svg\" alt=\"\"> rekrutacja za okres XII 2018 \u2013 II 2019 \u2013 wyniki [PDF,  0.91 MB]<\/a>\r\n\t\t<\/div>\r\n<\/div>\r\n\r\n\r\n\t\t\r\n<div class=\"col-xl-12 col-lg-12 col-md-12 col-sm-12 \">\r\n\t\t<div class=\"download_detils\">\r\n\t\t\t<a href=\"https:\/\/ksztalcenie.uksw.edu.pl\/wp-content\/uploads\/sites\/22\/2022\/12\/MDU_2019-09-10.pdf\"  target=\"_blank\" >\r\n\t\t\t<img decoding=\"async\" src=\"https:\/\/ksztalcenie.uksw.edu.pl\/wp-content\/themes\/uksw\/images\/import.svg\" alt=\"\"> rekrutacja za okres II 2019 \u2013 IX 2019 \u2013 wyniki ostatniej rekrutacji [PDF,  1.00 MB]<\/a>\r\n\t\t<\/div>\r\n<\/div>\r\n\r\n\r\n\t\t\r\n\t\t \r\n\r\n<\/div>\r\n<\/div>\r\n<div class=\"space20\"><\/div>\r\n\r\n\n\n\n<hr class=\"wp-block-separator has-alpha-channel-opacity\"\/>\n\n\n\n<h3 class=\"wp-block-heading\">4. Dokumenty dla zakwalifikowanych<\/h3>\n\n\n\n<p>Kandydaci zakwalifikowani w procesie rekrutacji proszeni s\u0105 o wype\u0142nienie poni\u017cszych dokument\u00f3w i dostarczenie ich do Biura projektu jak najszybciej (mo\u017ce by\u0107 osobi\u015bcie, przez pos\u0142a\u0144ca, poczt\u0105 tradycyjn\u0105 lub mejlem w postaci skanu lub wyra\u017anej fotokopii).<\/p>\n\n\n\r\n<div class=\"\">\r\n\r\n\r\n<div class=\"row\">\r\n\r\n  \r\n<div class=\"col-xl-12 col-lg-12 col-md-12 col-sm-12 \">\r\n\t\t<div class=\"download_detils\">\r\n\t\t\t<a href=\"https:\/\/ksztalcenie.uksw.edu.pl\/wp-content\/uploads\/sites\/22\/2022\/12\/MDwU-oswiadczenie-uczestnika.pdf\"  target=\"_blank\" >\r\n\t\t\t<img decoding=\"async\" src=\"https:\/\/ksztalcenie.uksw.edu.pl\/wp-content\/themes\/uksw\/images\/import.svg\" alt=\"\"> o\u015bwiadczenie uczestnika projektu  [PDF,  0.60 MB]<\/a>\r\n\t\t<\/div>\r\n<\/div>\r\n\r\n\r\n\t\t\r\n<div class=\"col-xl-12 col-lg-12 col-md-12 col-sm-12 \">\r\n\t\t<div class=\"download_detils\">\r\n\t\t\t<a href=\"https:\/\/ksztalcenie.uksw.edu.pl\/wp-content\/uploads\/sites\/22\/2022\/12\/MDwU-deklaracja_nowa.doc\"  target=\"_blank\" >\r\n\t\t\t<img decoding=\"async\" src=\"https:\/\/ksztalcenie.uksw.edu.pl\/wp-content\/themes\/uksw\/images\/import.svg\" alt=\"\"> deklaracja uczestnika projektu  [DOC,  0.61 MB]<\/a>\r\n\t\t<\/div>\r\n<\/div>\r\n\r\n\r\n\t\t\r\n\t\t \r\n\r\n<\/div>\r\n<\/div>\r\n<div class=\"space20\"><\/div>\r\n\r\n\n\n\n<hr class=\"wp-block-separator has-alpha-channel-opacity\"\/>\n\n\n\n<h2 class=\"wp-block-heading\">II. Opis kurs\u00f3w<\/h2>\n\n\n\n<h3 class=\"wp-block-heading\">1. w zakresie uprawnie\u0144 VLOS<\/h3>\n\n\n\n<h4 class=\"wp-block-heading\">Kurs \u201cLicencjonowany operator drona e-dron&#8221;<\/h4>\n\n\n\n<p>21 godzin szkoleniowych z zakresu sterowania bezza\u0142ogowymi statkami powietrznymi (bsp)<br><strong>\u2013 rekrutacja \u2013 V 2018 r.<\/strong><br>\u2013 realizacja \u2013 VI 2018 r.:<\/p>\n\n\n\n<p><strong>modu\u0142 teoretyczny<\/strong>&nbsp;\u2013 14 godzin dla 8 os\u00f3b w jednej grupie<br><strong>modu\u0142 praktyczny<\/strong>&nbsp;\u2013 7 godzin dla 8 os\u00f3b w 4 grupach po 2 os.<\/p>\n\n\n\n<p><strong>UWAGA<\/strong>. Od kandydat\u00f3w zakwalifikowanych przez komisj\u0119 rekrutacyjn\u0105 na szkolenie operatora drona dodatkowo wymaga si\u0119 dor\u0119czenia&nbsp;przed rozpocz\u0119ciem kursu&nbsp;wa\u017cnego orzeczenia lotniczo-lekarskiego, wydawanego przez lekarzy orzecznik\u00f3w uprawnionych do wykonywania bada\u0144 lotniczo-lekarskich i wydawania orzecze\u0144 dla kandydat\u00f3w na cz\u0142onk\u00f3w personelu lotniczego. Kursant sam pokrywa koszty bada\u0144 (ok.230).<br>Lista lekarzy orzecznik\u00f3w dost\u0119pna jest&nbsp;<strong><a rel=\"noreferrer noopener\" href=\"http:\/\/www.ulc.gov.pl\/pl\/personel-lotniczy\/medycyna-lotnicza\/lekarze-orzecznicy\" target=\"_blank\">tutaj<\/a><\/strong>.<\/p>\n\n\n\n<p><strong>WA\u017bNE<\/strong>.&nbsp;Warunkiem uko\u0144czenia tego kursu jest zdanie egzaminu wewn\u0119trznego ko\u0144cz\u0105cego kurs, dopuszczaj\u0105cego do egzaminu pa\u0144stwowego przed egzaminatorem z ramienia Urz\u0119du Lotnictwa Cywilnego.<\/p>\n\n\n\n<p>W celu przyst\u0105pienia do egzaminu pa\u0144stwowego kursant zobowi\u0105zany dodatkowo jest:<br>\u00a0\u00a01. ui\u015bci\u0107 op\u0142at\u0119 egzaminacyjn\u0105 na rzecz ULC w wysoko\u015bci 201 z\u0142,<br>\u00a0\u00a02. wykupi\u0107 ubezpieczenie OC dla operatora drona minimum na czas egzaminu (od 50 z\u0142),<br>\u00a0\u00a03. posiada\u0107\u00a0<strong>wa\u017cne orzeczenie lotniczo-lekarskie<\/strong>\u00a0(cena bada\u0144 od 230 z\u0142).\\<\/p>\n\n\n\n<hr class=\"wp-block-separator has-alpha-channel-opacity\"\/>\n\n\n\n<h3 class=\"wp-block-heading\">2. w zakresie umiej\u0119tno\u015bci informatycznych<\/h3>\n\n\n\n<h4 class=\"wp-block-heading\">Kurs \u201cWprowadzenie do platformy Waspmote i \u015brodowiska Meshlium\u201d<\/h4>\n\n\n\n<p>po 21 godzin szkoleniowych dla ka\u017cdego kursanta<br><strong>\u2013 rekrutacja \u2013 III 2018 r.<\/strong><br>\u2013 realizacja \u2013 IX 2018 r.<\/p>\n\n\n\n<p>Szkolenie zostanie zorganizowane dla dw\u00f3ch os\u00f3b w siedzibie firmy Libelium w Hiszpanii.<\/p>\n\n\n\n<hr class=\"wp-block-separator has-alpha-channel-opacity\"\/>\n\n\n\n<h3 class=\"wp-block-heading\">3. w zakresie prowadzenia dydaktyki w j\u0119zyku obcym<\/h3>\n\n\n\n<h4 class=\"wp-block-heading\">Kurs \u201cJ\u0119zyk angielski na poziomie C1\u201d\u00a0<\/h4>\n\n\n\n<p>60 + 32 godzin szkoleniowych<br>\u2013 realizacja:<\/p>\n\n\n\n<p>grupa 1:<\/p>\n\n\n\n<ul class=\"wp-block-list\">\n<li><strong>modu\u0142 1<\/strong><br>IX 2018 \u2013 I 2019 \u2013 60 godzin szkolenia w zakresie:<br>j\u0119zyka bran\u017cowego \u2013 zgodnego z zakresem prowadzonych bada\u0144<\/li>\n\n\n\n<li><strong>modu\u0142 2<\/strong><br>II \u2013 VI 2019 \u2013 30 godzin szkolenia w zakresie:<br>metodyki nauczania w j.ang. m.in.: prowadzenia zaj\u0119\u0107, prowadzenia dyskusji, pisania, czytania i przygotowania zaj\u0119\u0107 interaktywnych na platformie Moodle) oraz 2 godz. indywidualnych konsultacji z trenerem \u2013 w celu om\u00f3wienia konspektu lekcji i doboru metod dydaktycznych do tre\u015bci zaj\u0119\u0107.<\/li>\n<\/ul>\n\n\n\n<p>grupa 2:<\/p>\n\n\n\n<ul class=\"wp-block-list\">\n<li><strong>modu\u0142 1<\/strong><br>IX&nbsp;2019 \u2013 60 godzin szkolenia w zakresie:<br>j\u0119zyka bran\u017cowego \u2013 zgodnego z zakresem prowadzonych bada\u0144<\/li>\n\n\n\n<li><strong>modu\u0142 2<\/strong><br>IX 2019 \u2013 I 2020 \u2013 30 godzin szkolenia w zakresie:<br>metodyki nauczania w j.ang. m.in.: prowadzenia zaj\u0119\u0107, prowadzenia dyskusji, pisania, czytania i przygotowania zaj\u0119\u0107 interaktywnych na platformie Moodle) oraz 2 godz. indywidualnych konsultacji z trenerem \u2013 w celu om\u00f3wienia konspektu lekcji i doboru metod dydaktycznych do tre\u015bci zaj\u0119\u0107.<\/li>\n<\/ul>\n\n\n\n<hr class=\"wp-block-separator has-alpha-channel-opacity\"\/>\n\n\n\n<h3 class=\"wp-block-heading\">4. w zakresie innowacyjnych umiej\u0119tno\u015bci dydaktycznych<\/h3>\n\n\n\n<h4 class=\"wp-block-heading\">Kurs \u201cNowoczesne metody dydaktyczne\u201d<\/h4>\n\n\n\n<p>32 godziny szkoleniowe<br>\u2013 realizacja:<\/p>\n\n\n\n<p>grupa 1<br>realizacja szkolenia wyjazdowego przeniesiona na listopad w zwi\u0105zku z niewype\u0142nieniem miejsc w grupie<\/p>\n\n\n\n<ul class=\"wp-block-list\">\n<li><strong>modu\u0142 1<\/strong><br>22-24 lub 25-27 XI 2018 \u2013 szkolenie wyjazdowe \u2013 3 dni<br>XI \u2013 XII 2018 \u2013 14 godzin warsztat\u00f3w grupowych w UKSW (learning by doing, learning by design, grywalizacja)<br><\/li>\n\n\n\n<li><strong>modu\u0142 2<\/strong><br>II \u2013 V 2019 \u2013 indywidualne konsultacje z trenerem (2 godz. szkol.) w celu om\u00f3wienia konspektu lekcji i doboru metod dydaktycznych do tre\u015bci zaj\u0119\u0107<\/li>\n<\/ul>\n\n\n\n<p>grupa 2<br>kolejno\u015b\u0107 zmieniona w stosunku do realizacji w grupie 1<\/p>\n\n\n\n<ul class=\"wp-block-list\">\n<li><strong>modu\u0142 1<\/strong><br>30.09, 07.10, 14.10 2019 \u2013 \u0142\u0105cznie 15 godzin warsztat\u00f3w grupowych w UKSW z 4 trenerami (learning by doing, learning by design, grywalizacja)<br>X 2019 \u2013 indywidualne konsultacje z wybranym trenerem (2 godz. szkol.) w celu om\u00f3wienia konspektu lekcji i doboru metod dydaktycznych do tre\u015bci zaj\u0119\u0107<\/li>\n\n\n\n<li><strong>modu\u0142 2<\/strong><br>3 dni wyjazdu szkoleniowego (termin do ustalenia podczas warsztat\u00f3w)<\/li>\n<\/ul>\n\n\n\n<hr class=\"wp-block-separator has-alpha-channel-opacity\"\/>\n\n\n\n<p><\/p>\n","protected":false},"excerpt":{"rendered":"<p>nr: POWR.03.04.00-00-D003\/17 I. Zasady rekrutacji 1. Og\u00f3lne zasady Kandydat musi spe\u0142ni\u0107&nbsp;\u0141\u0104CZNIE nastepuj\u0105ce kryteria: Od kandydat\u00f3w zakwalifikowanych przez komisj\u0119 rekrutacyjn\u0105 na\u00a0szkolenie operatora drona dodatkowo wymaga si\u0119\u00a0dor\u0119czenia\u00a0przed rozpocz\u0119ciem kursu\u00a0wa\u017cnego orzeczenia lotniczo-lekarskiego, wydawanego przez lekarzy orzecznik\u00f3w uprawnionych do wykonywania bada\u0144 lotniczo-lekarskich i wydawania orzecze\u0144 dla kandydat\u00f3w na cz\u0142onk\u00f3w personelu lotniczego. Kursant sam pokrywa koszty bada\u0144 (ok.230).Lista lekarzy orzecznik\u00f3w [&hellip;]<\/p>\n","protected":false},"author":1,"featured_media":0,"parent":3784,"menu_order":39,"comment_status":"closed","ping_status":"closed","template":"page-templates\/template-sub-page.php","meta":{"_acf_changed":false,"inline_featured_image":false,"footnotes":"","_links_to":"","_links_to_target":""},"class_list":["post-4856","page","type-page","status-publish","hentry"],"acf":[],"_links":{"self":[{"href":"https:\/\/ksztalcenie.uksw.edu.pl\/pl\/wp-json\/wp\/v2\/pages\/4856","targetHints":{"allow":["GET"]}}],"collection":[{"href":"https:\/\/ksztalcenie.uksw.edu.pl\/pl\/wp-json\/wp\/v2\/pages"}],"about":[{"href":"https:\/\/ksztalcenie.uksw.edu.pl\/pl\/wp-json\/wp\/v2\/types\/page"}],"author":[{"embeddable":true,"href":"https:\/\/ksztalcenie.uksw.edu.pl\/pl\/wp-json\/wp\/v2\/users\/1"}],"replies":[{"embeddable":true,"href":"https:\/\/ksztalcenie.uksw.edu.pl\/pl\/wp-json\/wp\/v2\/comments?post=4856"}],"version-history":[{"count":10,"href":"https:\/\/ksztalcenie.uksw.edu.pl\/pl\/wp-json\/wp\/v2\/pages\/4856\/revisions"}],"predecessor-version":[{"id":5110,"href":"https:\/\/ksztalcenie.uksw.edu.pl\/pl\/wp-json\/wp\/v2\/pages\/4856\/revisions\/5110"}],"up":[{"embeddable":true,"href":"https:\/\/ksztalcenie.uksw.edu.pl\/pl\/wp-json\/wp\/v2\/pages\/3784"}],"wp:attachment":[{"href":"https:\/\/ksztalcenie.uksw.edu.pl\/pl\/wp-json\/wp\/v2\/media?parent=4856"}],"curies":[{"name":"wp","href":"https:\/\/api.w.org\/{rel}","templated":true}]}}