{"id":4857,"date":"2022-12-07T15:50:14","date_gmt":"2022-12-07T14:50:14","guid":{"rendered":"https:\/\/jednostki.uksw.edu.pl\/ksztalcenie\/pracownicy\/projekty\/mlody-dydaktyk-w-uniwersytecie-mdu-zakonczony\/zapytania-ofertowe-mdu\/"},"modified":"2022-12-13T11:43:55","modified_gmt":"2022-12-13T10:43:55","slug":"zapytania-ofertowe-mdu","status":"publish","type":"page","link":"https:\/\/ksztalcenie.uksw.edu.pl\/pracownicy\/projekty\/mlody-dydaktyk-w-uniwersytecie-mdu-zakonczony\/zapytania-ofertowe-mdu\/","title":{"rendered":"Zapytania Ofertowe MDU"},"content":{"rendered":"\n<h2 class=\"wp-block-heading\">nr: POWR.03.04.00-00-D003\/17<\/h2>\n\n\n\n<h2 class=\"wp-block-heading\">ZAPROSZENIE w trybie rozeznaniania rynku<\/h2>\n\n\n\n<p>Uniwersytet Kardyna\u0142a Stefana Wyszy\u0144skiego zaprasza do sk\u0142adania ofert na realizacj\u0119 zam\u00f3wienia pod nazw\u0105\u00a0\u201cprzeprowadzenie kursu j\u0119zyka angielskiego na poziomie C1 w zakresie j\u0119zyka specjalistycznego z r\u00f3\u017cnych dziedzin naukowych dla czterech grup nauczycieli akademickich w dw\u00f3ch turach, b\u0119d\u0105cych uczestnikami Projektu POWER 03.04.00-00-D003\/17 pn.:\u00a0M\u0142ody Dydaktyk w Uniwersytecie\u201c<\/p>\n\n\n\r\n<div class=\"\">\r\n\r\n\r\n<div class=\"row\">\r\n\r\n  \r\n<div class=\"col-xl-12 col-lg-12 col-md-12 col-sm-12 \">\r\n\t\t<div class=\"download_detils\">\r\n\t\t\t<a href=\"https:\/\/ksztalcenie.uksw.edu.pl\/wp-content\/uploads\/sites\/22\/2022\/12\/MDU_1_ZAPROSZENIE_DO_SKLADANIA_OFERT-1.pdf\"  target=\"_blank\" >\r\n\t\t\t<img decoding=\"async\" src=\"https:\/\/ksztalcenie.uksw.edu.pl\/wp-content\/themes\/uksw\/images\/import.svg\" alt=\"\"> ZAPYTANIE OFERTOWE NR 1 [PDF,  1.00 MB]<\/a>\r\n\t\t<\/div>\r\n<\/div>\r\n\r\n\r\n\t\t\r\n\t\t \r\n\r\n<\/div>\r\n<\/div>\r\n<div class=\"space20\"><\/div>\r\n\r\n\n\n\n<p>(dot. przeprowadzenia kursu w ramach projektu pt. \u201cM\u0142ody Dydaktyk w Uniwersytecie\u201d)<\/p>\n\n\n\r\n<div class=\"\">\r\n\r\n\r\n<div class=\"row\">\r\n\r\n  \r\n<div class=\"col-xl-12 col-lg-12 col-md-12 col-sm-12 \">\r\n\t\t<div class=\"download_detils\">\r\n\t\t\t<a href=\"https:\/\/ksztalcenie.uksw.edu.pl\/wp-content\/uploads\/sites\/22\/2022\/12\/MDU_protokol_rozstrzygniecia_ZO1.pdf\"  target=\"_blank\" >\r\n\t\t\t<img decoding=\"async\" src=\"https:\/\/ksztalcenie.uksw.edu.pl\/wp-content\/themes\/uksw\/images\/import.svg\" alt=\"\"> Rozstrzygni\u0119cie konkursu do ZO nr 1 [PDF,  0.54 MB]<\/a>\r\n\t\t<\/div>\r\n<\/div>\r\n\r\n\r\n\t\t\r\n\t\t \r\n\r\n<\/div>\r\n<\/div>\r\n<div class=\"space20\"><\/div>\r\n\r\n\n\n\n<hr class=\"wp-block-separator has-alpha-channel-opacity\"\/>\n","protected":false},"excerpt":{"rendered":"<p>nr: POWR.03.04.00-00-D003\/17 ZAPROSZENIE w trybie rozeznaniania rynku Uniwersytet Kardyna\u0142a Stefana Wyszy\u0144skiego zaprasza do sk\u0142adania ofert na realizacj\u0119 zam\u00f3wienia pod nazw\u0105\u00a0\u201cprzeprowadzenie kursu j\u0119zyka angielskiego na poziomie C1 w zakresie j\u0119zyka specjalistycznego z r\u00f3\u017cnych dziedzin naukowych dla czterech grup nauczycieli akademickich w dw\u00f3ch turach, b\u0119d\u0105cych uczestnikami Projektu POWER 03.04.00-00-D003\/17 pn.:\u00a0M\u0142ody Dydaktyk w Uniwersytecie\u201c (dot. przeprowadzenia kursu w [&hellip;]<\/p>\n","protected":false},"author":1,"featured_media":0,"parent":3784,"menu_order":40,"comment_status":"closed","ping_status":"closed","template":"page-templates\/template-sub-page.php","meta":{"_acf_changed":false,"inline_featured_image":false,"footnotes":"","_links_to":"","_links_to_target":""},"class_list":["post-4857","page","type-page","status-publish","hentry"],"acf":[],"_links":{"self":[{"href":"https:\/\/ksztalcenie.uksw.edu.pl\/pl\/wp-json\/wp\/v2\/pages\/4857","targetHints":{"allow":["GET"]}}],"collection":[{"href":"https:\/\/ksztalcenie.uksw.edu.pl\/pl\/wp-json\/wp\/v2\/pages"}],"about":[{"href":"https:\/\/ksztalcenie.uksw.edu.pl\/pl\/wp-json\/wp\/v2\/types\/page"}],"author":[{"embeddable":true,"href":"https:\/\/ksztalcenie.uksw.edu.pl\/pl\/wp-json\/wp\/v2\/users\/1"}],"replies":[{"embeddable":true,"href":"https:\/\/ksztalcenie.uksw.edu.pl\/pl\/wp-json\/wp\/v2\/comments?post=4857"}],"version-history":[{"count":3,"href":"https:\/\/ksztalcenie.uksw.edu.pl\/pl\/wp-json\/wp\/v2\/pages\/4857\/revisions"}],"predecessor-version":[{"id":5118,"href":"https:\/\/ksztalcenie.uksw.edu.pl\/pl\/wp-json\/wp\/v2\/pages\/4857\/revisions\/5118"}],"up":[{"embeddable":true,"href":"https:\/\/ksztalcenie.uksw.edu.pl\/pl\/wp-json\/wp\/v2\/pages\/3784"}],"wp:attachment":[{"href":"https:\/\/ksztalcenie.uksw.edu.pl\/pl\/wp-json\/wp\/v2\/media?parent=4857"}],"curies":[{"name":"wp","href":"https:\/\/api.w.org\/{rel}","templated":true}]}}