{"id":4865,"date":"2022-12-07T15:53:08","date_gmt":"2022-12-07T14:53:08","guid":{"rendered":"https:\/\/jednostki.uksw.edu.pl\/ksztalcenie\/pracownicy\/projekty\/lepsza-kadra-lepszy-student-lkls-zakonczony\/harmonogram-kursow-lkls\/"},"modified":"2022-12-07T16:52:04","modified_gmt":"2022-12-07T15:52:04","slug":"harmonogram-kursow-lkls","status":"publish","type":"page","link":"https:\/\/ksztalcenie.uksw.edu.pl\/pracownicy\/projekty\/lepsza-kadra-lepszy-student-lkls-zakonczony\/harmonogram-kursow-lkls\/","title":{"rendered":"Harmonogram kurs\u00f3w LKLS"},"content":{"rendered":"\n<h2 class=\"wp-block-heading\">kursy II tury<\/h2>\n\n\n\n<figure class=\"wp-block-table\"><table><tbody><tr><td><strong>jaki kurs?<\/strong><\/td><td><strong>kiedy?<\/strong><\/td><td><strong>gdzie?<\/strong><\/td><\/tr><tr><td>Analiza<br>statystyczna<br>ze wsparciem<br>IMB SPSS<br>i SAS<br><br>(60 h szkolen.<br>w dw\u00f3ch<br>modu\u0142ach)<\/td><td><strong>pa\u017adziernik 2018 \u2013 stycze\u0144 2019<\/strong><br><strong>\u015brody<\/strong><br><br><strong>1<\/strong>. Modu\u0142 SPSS (30 godz. dyd.)<br>\u2013 prowadz\u0105ca dr Joanna Wr\u00f3blewska-Skrzek<br>\u015brody: 10, 24,&nbsp;<strong>31<\/strong>&nbsp;pa\u017adziernika,<br>14,&nbsp;<strong>19 (pon. od 8.00)<\/strong>, 21 listopada,<br>5, 12, 19 grudnia<br><strong>godz. 9.00-11.15<\/strong><br><br><br><strong>2<\/strong>. Modu\u0142 SAS (30 godz. dyd.)<br>\u2013 prowadz\u0105cy mgr Bartosz Olszewski<br>\u015brody: 9, 16, 23, 30 stycze\u0144 oraz<br>pi\u0105tek 1 lutego 2019<br><strong>godz. 9.00-13.45<\/strong>&nbsp;<br><br><strong>3.<\/strong>&nbsp;Modu\u0142 z oprogramowaniem ATLAS.ti<br>(30 godz. dyd.)<br>poniedzia\u0142ki i pi\u0105tki:<br>15,18,22,25,29 marca, 1,5,8 kwietnia<br>godz.&nbsp;<strong>11.30-14.30<\/strong><\/td><td><strong>Mod. 1<\/strong><br>sala 033<br>bud. 21&nbsp;&nbsp;&nbsp;<br><br><br><strong>Mod. 2<\/strong><br>sala 1528<br>bud. 15&nbsp;&nbsp;&nbsp;<br><br><br><strong>Mod. 3<\/strong><br>sala 118<br>Nowy Gmach<\/td><\/tr><tr><td><br>Metodyka<br>design<br>thinking<br><br>(30 h szkolen.)<\/td><td><strong>pa\u017adziernik \u2013 listopad 2018<\/strong><br>1 grupa<br>pi\u0105tki: 19, 26 pa\u017adziernika, 9, 16, 23 listopada<br>godz. 9.00-13.45<br>2 grupa&nbsp;<a href=\"https:\/\/ksztalcenie.uksw.edu.pl\/sites\/default\/files\/harmonogram%20MDT%20III%20tura.docx\">(z wykorzystaniem el. TRIZ)<\/a><br>poniedzia\u0142ki: 11,18,25 marca,<br>1, 8 kwietnia<br>godz.&nbsp;<strong>9.00-13.45<\/strong><\/td><td>sala 1558<br>bud. 15&nbsp;<br><br>sala.327<br>bud. 21<\/td><\/tr><tr><td>Praktyczne<br>warsztaty<br>emisji g\u0142osu<br><br>(30 h szkolen.)<\/td><td><strong>grupa 1<br>24 pa\u017adziernika 2018 \u2013 16 stycznia 2019<\/strong><br>\u015brody:<br>24 pa\u017adziernika, 7, 14,21,28 listopada<br>5, 12, 19 grudnia, 9, 16 stycznia<br>godz.&nbsp;<strong>14.00-16.15<\/strong><br><br><strong>grupa 2<br>20 lutego \u2013 24 kwietnia 2019<\/strong><br>\u015brody:<br>20, 27 lutego, 6, 13, 20, 27 marca,<br>3, 10,&nbsp;<del>17,<\/del>&nbsp;24 kwietnia, 8 maja<br>godz.&nbsp;<strong>14.00-16.15<\/strong><\/td><td><strong>grupa 1<\/strong><br>sala 109<br>bud. 23&nbsp;&nbsp;&nbsp;<br><br><strong>grupa 2<\/strong><br>sala 327<br>bud. 21<br><br><em>(pr\u00f3cz 13 i 20<br>marca \u2013 wtedy<br>sala 1523<br>bud. 15)<\/em><\/td><\/tr><tr><td><br><a href=\"https:\/\/ksztalcenie.uksw.edu.pl\/sites\/default\/files\/projekt_power_II_edycja.pdf\">J.angielski<br>na poziomie C1<\/a><br><br>(60 h szkolen.)<\/td><td><strong>stycze\u0144 \u2013 maj 2019<\/strong><br><br><strong>1. grupa nauk \u015bcis\u0142ych i przyrodniczych<\/strong><br>poniedzia\u0142ki:<br>7, 14, 21, 28 stycznia, 4, 18, 25 lutego,<br>4, 11, 18, 25 marca, 1, 8, kwietnia,<br>6, 13 maja<br>godz. 8.45-11.15<br>&nbsp;<br><br><strong>2. grupa nauk humanistycznych i spo\u0142ecznych<\/strong><br>pi\u0105tki:<br>11, 18, 25 stycznia, 1, 8, 22 lutego,<br>1, 8, 15, 22, 29 marca, 5, 12 kwietnia,<br>10, 17 maja<br>godz. 8.45-11.15<\/td><td><strong>-poniedzia\u0142ki:<br>sala 422<\/strong><br>bud. 23<br><br>\u2013&nbsp;<strong>pi\u0105tki:<br>sala 423<\/strong><br>bud. 23<br><br><br>(o<em>pr\u00f3cz<strong>:<\/strong><\/em><br><em><strong>-25.<\/strong>01 \u2013 405,23<br>-01.03 \u2013 104,23<br>-04.03 \u2013 102,23<br>-08.03 \u2013 104,23<br>-11.03 \u2013 1241<br>-15.03 \u2013 109,23<br>-13.05 \u2013 1241<br>-17.05 \u2013 109,23)<\/em><\/td><\/tr><tr><td>Nowe<br>technologie<br>w pracy<br>dydaktycznej<br><br>(30 h szkolen.)<\/td><td><strong>luty \u2013 kwiecie\u0144 2019<\/strong><br><br>poniedzia\u0142ki:<br>18, 25 lutego, 4, 11, 18, 25 marca,<br>1, 8, 15, 29 kwietnia<br><br>godz.&nbsp;<strong>16.00-18.15<\/strong><\/td><td>sala 109<br>bud. 23&nbsp;<\/td><\/tr><tr><td>Praktyczne<br>warsztaty<br>z wyst\u0105pie\u0144<br>publicznych<br><br>(30 h szkolen.)<\/td><td><strong>luty \u2013 kwiecie\u0144 2019<\/strong><br><br>poniedzia\u0142ki:<br>18, 25 lutego, 4, 11, 18, 25 marca,<br>1, 8, 15 kwietnia<br><br>godz.:&nbsp;<strong>14.00-16.45<\/strong><\/td><td><br>sala 327<br>bud. 21<\/td><\/tr><tr><td><br>Nowoczesne<br>metody<br>dydaktyczne<br><br>(60 h szkolen.)<\/td><td><strong>luty \u2013 kwiecie\u0144 2019<\/strong><br><br><strong>7 spotka\u0144 w pi\u0105tki:<\/strong><br>1 marca w godz.&nbsp;<strong>9-15.30<\/strong>,<br>oraz<br>8, 15, 22, 29 marca oraz 5,12 kwietnia<br><br>w godz.&nbsp;<strong>8.30-15.30<\/strong><\/td><td>sala 1527<br>bud. 15<br><em>opr\u00f3cz<br>22.03 -&gt; 1203,<br>w bud. 12<br><br><strong>od 29.03<br>-&gt;1528<\/strong><br><strong>w bud. 15<\/strong><\/em><\/td><\/tr><\/tbody><\/table><\/figure>\n\n\n\n<div style=\"height:16px\" aria-hidden=\"true\" class=\"wp-block-spacer\"><\/div>\n\n\n\n<h2 class=\"wp-block-heading\">kursy I tury<\/h2>\n\n\n\n<figure class=\"wp-block-table\"><table><tbody><tr><td><strong>jaki<\/strong>&nbsp;<strong>kurs?<\/strong><\/td><td><strong>kiedy?<\/strong><\/td><td><strong>gdzie?<\/strong><\/td><\/tr><tr><td>analiza<br>statystyczna<br>ze wsparciem<br>IBM SPSS i SAS<br><br>(60 h szkolen.<br>w dw\u00f3ch<br>modu\u0142ach)<\/td><td><strong>listopad 2017 \u2013 luty 2018<\/strong><br><br><ins>1. Modu\u0142 SPSS (30 godz. dyd.)<\/ins><br><br><strong>\u2013 \u015brody:<\/strong>&nbsp;8,15,22,29 listopada; 6,13 grudnia; 3,10,17 stycznia \u2013<br><strong>godz. 8.45 \u2013 11.15<\/strong><br><strong>\u2013 czwartek<\/strong>: 16 listopada \u2013 godz.<strong>&nbsp;9.45 \u2013 12.00<\/strong><br><br><ins>2. Modu\u0142 SAS (30 godz. dyd.)<\/ins><br><strong>czwartki<\/strong><br>30 listopada; 21 grudnia; 11, 31(\u015broda!) stycznia; 7(\u015broda!), 8 lutego<br>\u2013 godz.&nbsp;<strong>11.30-15.00<\/strong>&nbsp;(po 3,5h)<br><br>18,25 stycznia<br>\u2013 godz.&nbsp;<strong>13.00 \u2013 15.00<\/strong>&nbsp; (po 2h)<\/td><td><strong>Mod. 1<\/strong><br>sala 119,<br>bud. 21&nbsp;&nbsp;<br><br><br><strong>Mod. 2<\/strong><br>sala 109a,<br>bud. 23<\/td><\/tr><tr><td><br>metodyka<br>design<br>thinking<br><br>(30 h szkolen.)<\/td><td><strong>listopad 2017 \u2013 luty 2018<\/strong><br><br><strong>\u015brody<\/strong>: 8 listopada, 13 grudnia 2017<br>oraz 3 stycznia, 24 stycznia, 21 lutego 2018<br><br>godz.<strong>11.30-16.30<\/strong><\/td><td>sala 327,<br>bud.21<br><br>w dn. 21 lutego<br>sala 201, bud.23<\/td><\/tr><tr><td><br>praktyczne<br>warsztaty<br>z wyst\u0105pie\u0144<br>publicznych<br><br>(30 h szkolen.)<\/td><td>luty \u2013 maj 2018<br><br><strong>wtorki<\/strong>:<br>20,27 lutego, 13,20 marca,<br>10,17,24 kwietnia, 8,15,22 maja<br><br>godz<strong>. 14.00-16.30<\/strong><\/td><td>sala 327,<br>bud. 21<\/td><\/tr><tr><td><br>praktyczne<br>warsztaty<br>emisji g\u0142osu<br><br>(30 h szkolen.)<\/td><td><strong>luty \u2013 maj 2018<\/strong><br><br><strong>wtorki<\/strong>:<br>20,27 lutego, 13,20 marca,<br>10,17,24 kwietnia, 8,15,22 maja<br><br>grupa&nbsp;<strong>1<\/strong>&nbsp;\u2013 godz.&nbsp;<strong>14.00-16.15<\/strong><br>grupa&nbsp;<strong>2<\/strong>&nbsp;\u2013 godz.<strong>&nbsp;16.30-18.45<\/strong><\/td><td>sala 109a,<br>bud. 23<\/td><\/tr><tr><td><br>kurs j.angielskiego<br>na poziomie C1<br><br>(60 h szkolen.)<\/td><td><strong>luty \u2013 maj 2018<\/strong><br><br><strong>czwartki i pi\u0105tki:<\/strong>&nbsp;<br>1,2,22,23 lutego; 8,9,16,22 marca;<br>5,13,19,20,26,27 kwietnia;<br>10,11,17,18,24,25 maja<br><br>godz.&nbsp;<strong>11.30-14.00<\/strong><\/td><td><strong>w lutym:<br>sala 109,<br>bud. 23<\/strong><br><br>pozosta\u0142e:<br>sala 310,<br>bud. 23<\/td><\/tr><tr><td><br>nowe technologie<br>w pracy<br>dydaktycznej<br><br>(30 h szkolen.)<\/td><td><strong>marzec \u2013 czerwiec 2018<\/strong><br><br><strong>\u015brody:<\/strong>&nbsp;<br>7,14,21 marca; 4,11,18,25 kwietnia;<br>9,23 maja; 6 czerwca<br><br>godz.&nbsp;<strong>16-18.30<\/strong><\/td><td>sala 033,<br>bud. 21<\/td><\/tr><tr><td><br>nowoczesne<br>metody<br>dydaktyczne<br><br>(60 h szkolen.)<\/td><td><strong>marzec \u2013 czerwiec 2018<\/strong><br><br><strong>pi\u0105tki<\/strong>:<br>23 marca; 13 kwietnia; 8,15 czerwca<br><br>godz.&nbsp;<strong>9.00-14.00<\/strong><br><br><strong>soboty<\/strong>:<br>3 marca&nbsp;<strong>g. 9.00-14.00&nbsp;&nbsp;&nbsp;<\/strong>oraz<br>24 marca; 14 kwietnia; 9,16 czerwca<br><br>godz.&nbsp;<strong>9.00-15.30<\/strong><\/td><td><strong>pi\u0105tki<\/strong>&nbsp;<br>sala 402,<br>bud. 23;<br><br>w dn. 15.06.2018<br>sala 403, b.23;<br><br><strong>soboty<\/strong>&nbsp;sala 324 bud. 23<br>w dn. 15-16.06.2018<br>sala 109 bud. 23<\/td><\/tr><\/tbody><\/table><\/figure>\n","protected":false},"excerpt":{"rendered":"<p>kursy II tury jaki kurs? kiedy? gdzie? Analizastatystycznaze wsparciemIMB SPSSi SAS (60 h szkolen.w dw\u00f3chmodu\u0142ach) pa\u017adziernik 2018 \u2013 stycze\u0144 2019\u015brody 1. Modu\u0142 SPSS (30 godz. dyd.)\u2013 prowadz\u0105ca dr Joanna Wr\u00f3blewska-Skrzek\u015brody: 10, 24,&nbsp;31&nbsp;pa\u017adziernika,14,&nbsp;19 (pon. od 8.00), 21 listopada,5, 12, 19 grudniagodz. 9.00-11.15 2. Modu\u0142 SAS (30 godz. dyd.)\u2013 prowadz\u0105cy mgr Bartosz Olszewski\u015brody: 9, 16, 23, 30 [&hellip;]<\/p>\n","protected":false},"author":1,"featured_media":0,"parent":3783,"menu_order":41,"comment_status":"closed","ping_status":"closed","template":"page-templates\/template-sub-page.php","meta":{"_acf_changed":false,"inline_featured_image":false,"footnotes":"","_links_to":"","_links_to_target":""},"class_list":["post-4865","page","type-page","status-publish","hentry"],"acf":[],"_links":{"self":[{"href":"https:\/\/ksztalcenie.uksw.edu.pl\/pl\/wp-json\/wp\/v2\/pages\/4865","targetHints":{"allow":["GET"]}}],"collection":[{"href":"https:\/\/ksztalcenie.uksw.edu.pl\/pl\/wp-json\/wp\/v2\/pages"}],"about":[{"href":"https:\/\/ksztalcenie.uksw.edu.pl\/pl\/wp-json\/wp\/v2\/types\/page"}],"author":[{"embeddable":true,"href":"https:\/\/ksztalcenie.uksw.edu.pl\/pl\/wp-json\/wp\/v2\/users\/1"}],"replies":[{"embeddable":true,"href":"https:\/\/ksztalcenie.uksw.edu.pl\/pl\/wp-json\/wp\/v2\/comments?post=4865"}],"version-history":[{"count":2,"href":"https:\/\/ksztalcenie.uksw.edu.pl\/pl\/wp-json\/wp\/v2\/pages\/4865\/revisions"}],"predecessor-version":[{"id":4873,"href":"https:\/\/ksztalcenie.uksw.edu.pl\/pl\/wp-json\/wp\/v2\/pages\/4865\/revisions\/4873"}],"up":[{"embeddable":true,"href":"https:\/\/ksztalcenie.uksw.edu.pl\/pl\/wp-json\/wp\/v2\/pages\/3783"}],"wp:attachment":[{"href":"https:\/\/ksztalcenie.uksw.edu.pl\/pl\/wp-json\/wp\/v2\/media?parent=4865"}],"curies":[{"name":"wp","href":"https:\/\/api.w.org\/{rel}","templated":true}]}}