{"id":4867,"date":"2022-12-07T15:53:09","date_gmt":"2022-12-07T14:53:09","guid":{"rendered":"https:\/\/jednostki.uksw.edu.pl\/ksztalcenie\/pracownicy\/projekty\/lepsza-kadra-lepszy-student-lkls-zakonczony\/zapytania-ofertowe-lkls\/"},"modified":"2022-12-13T10:37:45","modified_gmt":"2022-12-13T09:37:45","slug":"zapytania-ofertowe-lkls","status":"publish","type":"page","link":"https:\/\/ksztalcenie.uksw.edu.pl\/pracownicy\/projekty\/lepsza-kadra-lepszy-student-lkls-zakonczony\/zapytania-ofertowe-lkls\/","title":{"rendered":"Zapytania Ofertowe LKLS"},"content":{"rendered":"\n<h2 class=\"wp-block-heading\">nr: POWR.03.04.00-00-D051\/16<\/h2>\n\n\n\n<h2 class=\"wp-block-heading\">ZAPROSZENIE NR\u00a03\/D051\/Kadra\/16\/2018<\/h2>\n\n\n\n<p>do sk\u0142adania ofert na us\u0142ug\u0119: przeprowadzenie kursu i ewaluacji ko\u0144cowej w zakresie:\u00a0<strong>Nowoczesnych metod dydaktycznych<\/strong>, do projektu pn.: \u201cLepsza Kadra=Lepszy Student\u201d, realizowanego na Uniwersytecie Kardyna\u0142a Stefana Wyszy\u0144skiego w Warszawie, w ramach konkursu nr POWR. 03.04.00-IP.08-00-PKD\/16, Dzia\u0142anie 3.4. Zarz\u0105dzanie w instytucjach szkolnictwa wy\u017cszego, wsp\u00f3\u0142finansowanego ze \u015brodk\u00f3w Unii Europejskiej (Europejski Fundusz Spo\u0142eczny).<\/p>\n\n\n\n<p>Uniwersytet Kardyna\u0142a Stefana Wyszy\u0144skiego w Warszawie realizuje projekt \u201cLepsza Kadra=Lepszy Student\u201d w ramach konkursu nr POWR. 03.04.00-IP.08-00-PKD\/16, Dzia\u0142anie 3.4.Zarz\u0105dzanie w instytucjach szkolnictwa wy\u017cszego O\u015b III. Szkolnictwo wy\u017csze dla gospodarki i rozwoju. Program Operacyjny Wiedza Edukacja Rozw\u00f3j 2014-2020 wsp\u00f3\u0142finansowany ze \u015brodk\u00f3w Unii Europejskiej w ramach Europejskiego Funduszu Spo\u0142ecznego.<\/p>\n\n\n\n<p>Zwracam si\u0119 z uprzejm\u0105 pro\u015bb\u0105 o przygotowanie i przes\u0142anie\u00a0<strong>do dnia 12 lutego 2018 r. (do godz. 12.00)\u00a0<\/strong>na adres e-mail:\u00a0<a href=\"mailto:b.karpiuk@uksw.edu.pl\">b.karpiuk@uksw.edu.pl<\/a>\u00a0, poczt\u0105 tradycyjn\u0105, kurierem lub dostarczenie osobi\u015bcie na adres: Dzia\u0142 Kszta\u0142cenia Uniwersytetu Kardyna\u0142a Stefana Wyszy\u0144skiego, ul. Dewajtis 5, 01-815 Warszawa, oferty na us\u0142ug\u0119:\u00a0<strong>Przeprowadzenie kursu i ewaluacji ko\u0144cowej pt.\u00a0Nowoczesne metody dydaktyczne\u00a0dla uczestnik\u00f3w projektu \u201cLepsza Kadra=Lepszy Student\u201d.<\/strong><\/p>\n\n\n\r\n<div class=\"\">\r\n\r\n\r\n<div class=\"row\">\r\n\r\n  \r\n<div class=\"col-xl-12 col-lg-12 col-md-12 col-sm-12 \">\r\n\t\t<div class=\"download_detils\">\r\n\t\t\t<a href=\"https:\/\/ksztalcenie.uksw.edu.pl\/wp-content\/uploads\/sites\/22\/2022\/12\/LKLS_ZO_NR_3-D051-2018.pdf\"  title=\"ZAPYTANIE OFERTOWE NR 3\/D051\/2018\" download >\r\n\t\t\t<img decoding=\"async\" src=\"https:\/\/ksztalcenie.uksw.edu.pl\/wp-content\/themes\/uksw\/images\/import.svg\" alt=\"\"> ZAPYTANIE OFERTOWE NR 3\/D051\/2018 [PDF,  0.62 MB]<\/a>\r\n\t\t<\/div>\r\n<\/div>\r\n\r\n\r\n\t\t\r\n\t\t \r\n\r\n<\/div>\r\n<\/div>\r\n<div class=\"space20\"><\/div>\r\n\r\n\n\n\n<p>(dot. przeprowadzenia kursu w ramach projektu pn. \u201cLepsza Kadra=Lepszy Student\u201d)<\/p>\n\n\n\n<h3 class=\"wp-block-heading\">Integraln\u0105 cz\u0119\u015bci\u0105 zapytania ofertowego stanowi\u0105 nast\u0119puj\u0105ce za\u0142\u0105czniki:<\/h3>\n\n\n\r\n<div class=\"\">\r\n\r\n\r\n<div class=\"row\">\r\n\r\n  \r\n<div class=\"col-xl-12 col-lg-12 col-md-12 col-sm-12 \">\r\n\t\t<div class=\"download_detils\">\r\n\t\t\t<a href=\"https:\/\/ksztalcenie.uksw.edu.pl\/wp-content\/uploads\/sites\/22\/2022\/12\/ZOnr3_zal1.docx\"  title=\"Za\u0142\u0105cznik nr 1 \u2013 Formularz ofertowy\" download >\r\n\t\t\t<img decoding=\"async\" src=\"https:\/\/ksztalcenie.uksw.edu.pl\/wp-content\/themes\/uksw\/images\/import.svg\" alt=\"\"> Za\u0142\u0105cznik nr 1 \u2013 Formularz ofertowy [DOCX,  0.10 MB]<\/a>\r\n\t\t<\/div>\r\n<\/div>\r\n\r\n\r\n\t\t\r\n<div class=\"col-xl-12 col-lg-12 col-md-12 col-sm-12 \">\r\n\t\t<div class=\"download_detils\">\r\n\t\t\t<a href=\"https:\/\/ksztalcenie.uksw.edu.pl\/wp-content\/uploads\/sites\/22\/2022\/12\/ZOnr3_zal2-poprawiony.docx\"  title=\"Za\u0142\u0105cznik nr 2 \u2013 O\u015bwiadczenie o spe\u0142nieniu warunk\u00f3w\" download >\r\n\t\t\t<img decoding=\"async\" src=\"https:\/\/ksztalcenie.uksw.edu.pl\/wp-content\/themes\/uksw\/images\/import.svg\" alt=\"\"> Za\u0142\u0105cznik nr 2 \u2013 O\u015bwiadczenie o spe\u0142nieniu warunk\u00f3w [DOCX,  0.10 MB]<\/a>\r\n\t\t<\/div>\r\n<\/div>\r\n\r\n\r\n\t\t\r\n<div class=\"col-xl-12 col-lg-12 col-md-12 col-sm-12 \">\r\n\t\t<div class=\"download_detils\">\r\n\t\t\t<a href=\"https:\/\/ksztalcenie.uksw.edu.pl\/wp-content\/uploads\/sites\/22\/2022\/12\/ZOnr3_zal3.docx\"  title=\"Za\u0142\u0105cznik nr 3 \u2013 O\u015bwiadczenie wykonawcy o braku powi\u0105za\u0144\" download >\r\n\t\t\t<img decoding=\"async\" src=\"https:\/\/ksztalcenie.uksw.edu.pl\/wp-content\/themes\/uksw\/images\/import.svg\" alt=\"\"> Za\u0142\u0105cznik nr 3 \u2013 O\u015bwiadczenie wykonawcy o braku powi\u0105za\u0144 [DOCX,  0.10 MB]<\/a>\r\n\t\t<\/div>\r\n<\/div>\r\n\r\n\r\n\t\t\r\n<div class=\"col-xl-12 col-lg-12 col-md-12 col-sm-12 \">\r\n\t\t<div class=\"download_detils\">\r\n\t\t\t<a href=\"https:\/\/ksztalcenie.uksw.edu.pl\/wp-content\/uploads\/sites\/22\/2022\/12\/ZOnr3_zal4i4a.docx\"  title=\"Za\u0142\u0105cznik nr 4 i 4a \u2013 Wz\u00f3r umowy z Wykonawc\u0105\" download >\r\n\t\t\t<img decoding=\"async\" src=\"https:\/\/ksztalcenie.uksw.edu.pl\/wp-content\/themes\/uksw\/images\/import.svg\" alt=\"\"> Za\u0142\u0105cznik nr 4 i 4a \u2013 Wz\u00f3r umowy z Wykonawc\u0105 [DOCX,  0.11 MB]<\/a>\r\n\t\t<\/div>\r\n<\/div>\r\n\r\n\r\n\t\t\r\n\t\t \r\n\r\n<\/div>\r\n<\/div>\r\n<div class=\"space20\"><\/div>\r\n\r\n\n\n\r\n<div class=\"\">\r\n\r\n\r\n<div class=\"row\">\r\n\r\n  \r\n<div class=\"col-xl-12 col-lg-12 col-md-12 col-sm-12 \">\r\n\t\t<div class=\"download_detils\">\r\n\t\t\t<a href=\"https:\/\/ksztalcenie.uksw.edu.pl\/wp-content\/uploads\/sites\/22\/2022\/12\/LKLS_rozstrzygniecie_konkursu_do_ZOnr3.pdf\"  target=\"_blank\" >\r\n\t\t\t<img decoding=\"async\" src=\"https:\/\/ksztalcenie.uksw.edu.pl\/wp-content\/themes\/uksw\/images\/import.svg\" alt=\"\"> Informacja o rozstrzygni\u0119ciu zapytania ofertowego nr 3\/D051\/2018 [PDF,  0.47 MB]<\/a>\r\n\t\t<\/div>\r\n<\/div>\r\n\r\n\r\n\t\t\r\n\t\t \r\n\r\n<\/div>\r\n<\/div>\r\n<div class=\"space20\"><\/div>\r\n\r\n\n\n\n<hr class=\"wp-block-separator has-alpha-channel-opacity\"\/>\n\n\n\n<h2 class=\"wp-block-heading\">SZACOWANIE NR 2\/SWZ\/KADRA\/2017 WARTO\u015aCI ZAM\u00d3WIENIA<\/h2>\n\n\n\n<p>Uniwersytet Kardyna\u0142a Stefana Wyszy\u0144skiego w Warszawie zaprasza do sk\u0142adania ofert w trybie rozeznania rynku w celu szacowania warto\u015bci zam\u00f3wienia na us\u0142ug\u0119 zorganizowania kursu \u201c<strong>Nowoczesne metody dydaktyczne\u201d,\u00a0<\/strong>dla dw\u00f3ch grup uczestnik\u00f3w (kadry akademickiej) po 15 os\u00f3b, po 60 godzin szkoleniowych w okresie: marzec-kwiecie\u0144 2018 oraz marzec-kwiecie\u0144 2019 w projekcie pn.: \u201cLepsza Kadra=Lepszy Student\u201d\u00a0<strong>nr POWR.03.04.00-00-D051\/16<\/strong>, Dzia\u0142anie 3.4 Zarz\u0105dzanie w instytucjach szkolnictwa wy\u017cszego, O\u015b III. Szkolnictwo wy\u017csze dla gospodarki i rozwoju. Program Operacyjny Wiedza Edukacja Rozw\u00f3j 2014-2020, wsp\u00f3\u0142finansowanego ze\u00a0\u015brodk\u00f3w Unii Europejskiej (Europejski Fundusz Spo\u0142eczny). \u00a0<br><br>Celem kursu jest nabycie przez uczestnika\u00a0 przygotowania do pracy ze studentami metod\u0105 projektow\u0105 m.in. learning by doing, study circle, umiej\u0119tno\u015bci dostrzegania zwi\u0105zku mi\u0119dzy r\u00f3\u017cnymi dyscyplinami, umiej\u0119tno\u015bci korzystania z wielu \u017ar\u00f3de\u0142 informacji, \u0142\u0105czenie my\u015blenia z dzia\u0142aniem, przygotowanie student\u00f3w do samodzielnej i odpowiedzialnej pracy i sprawnego wsp\u00f3\u0142dzia\u0142ania z innymi osobami. Nabyte w trakcie kursu umiej\u0119tno\u015bci uczestnik powinien umie\u0107 zastosowa\u0107 na zaj\u0119ciach dydaktycznych ze studentami. Wykonawca\/trener powinien posiada\u0107 wykszta\u0142cenie wy\u017csze lub certyfikaty, uprawnienia umo\u017cliwiaj\u0105ce przeprowadzenie tego kursu oraz posiada\u0107 co najmniej 2 lata do\u015bwiadczenia w prowadzeniu zaj\u0119\u0107 z tematu, kt\u00f3rego dotyczy szkolenie. Koszt pracy trenera obejmuje koszty dojazdu, zakwaterowania, wy\u017cywienia, opracowanie materia\u0142\u00f3w szkoleniowych, pre i post testu w celu ko\u0144cowej ewaluacji i dodatkowe wsparcie w trakcie szkolenia. Godzina szkolenia rozumiana jest jako 45 minut.<\/p>\n\n\n\n<p>Ofert\u0119 nale\u017cy przes\u0142a\u0107 na adres e-mail:\u00a0<a href=\"mailto:b.karpiuk@uksw.edu.pl\">b.karpiuk@uksw.edu.pl<\/a><strong>\u00a0lub<\/strong>\u00a0przes\u0142a\u0107\/dostarczy\u0107 na adres: Dzia\u0142 Kszta\u0142cenia Uniwersytetu Kardyna\u0142a Stefana Wyszy\u0144skiego, ul.\u00a0Dewajtis 5, 01-815 Warszawa w terminie do dnia\u00a0<strong>18.01.2018 r. (do godz. 15.00)<\/strong>.<\/p>\n\n\n\n<p>Niniejsze szacowanie nie stanowi oferty w my\u015bl art. 66 Kodeksu Cywilnego, jak r\u00f3wnie\u017c nie jest og\u0142oszeniem w rozumieniu ustawy Prawo zam\u00f3wie\u0144 publicznych<\/p>\n\n\n\r\n<div class=\"\">\r\n\r\n\r\n<div class=\"row\">\r\n\r\n  \r\n<div class=\"col-xl-12 col-lg-12 col-md-12 col-sm-12 \">\r\n\t\t<div class=\"download_detils\">\r\n\t\t\t<a href=\"https:\/\/ksztalcenie.uksw.edu.pl\/wp-content\/uploads\/sites\/22\/2022\/12\/LKLS-formularz-ofertowy-nowoczesne-metody-dydaktyczne.docx\"  target=\"_blank\" >\r\n\t\t\t<img decoding=\"async\" src=\"https:\/\/ksztalcenie.uksw.edu.pl\/wp-content\/themes\/uksw\/images\/import.svg\" alt=\"\"> Formularz ofertowy [DOCX,  0.27 MB]<\/a>\r\n\t\t<\/div>\r\n<\/div>\r\n\r\n\r\n\t\t\r\n\t\t \r\n\r\n<\/div>\r\n<\/div>\r\n<div class=\"space20\"><\/div>\r\n\r\n\n\n\n<hr class=\"wp-block-separator has-alpha-channel-opacity\"\/>\n\n\n\n<h2 class=\"wp-block-heading\">ZAPROSZENIE NR\u00a02\/D051\/Kadra\/16\/2017<\/h2>\n\n\n\n<p>do sk\u0142adania ofert na us\u0142ug\u0119: przeprowadzenie kursu i ewaluacji ko\u0144cowej w zakresie:\u00a0<strong>Praktyczne warsztaty wyst\u0105pie\u0144 publicznych<\/strong>, do projektu pn.: \u201cLepsza Kadra=Lepszy Student\u201d, realizowanego na Uniwersytecie Kardyna\u0142a Stefana Wyszy\u0144skiego w Warszawie, w ramach konkursu nr POWR. 03.04.00-IP.08-00-PKD\/16, Dzia\u0142anie 3.4. Zarz\u0105dzanie w instytucjach szkolnictwa wy\u017cszego, wsp\u00f3\u0142finansowanego ze \u015brodk\u00f3w Unii Europejskiej (Europejski Fundusz Spo\u0142eczny).<\/p>\n\n\n\n<p>Uniwersytet Kardyna\u0142a Stefana Wyszy\u0144skiego w Warszawie realizuje projekt \u201cLepsza Kadra=Lepszy Student\u201d w ramach konkursu nr POWR. 03.04.00-IP.08-00-PKD\/16, Dzia\u0142anie 3.4.Zarz\u0105dzanie w instytucjach szkolnictwa wy\u017cszego O\u015b III. Szkolnictwo wy\u017csze dla gospodarki i rozwoju. Program Operacyjny Wiedza Edukacja Rozw\u00f3j 2014-2020 wsp\u00f3\u0142finansowany ze \u015brodk\u00f3w Unii Europejskiej w ramach Europejskiego Funduszu Spo\u0142ecznego.<\/p>\n\n\n\n<p>Zwracam si\u0119 z uprzejm\u0105 pro\u015bb\u0105 o przygotowanie i przes\u0142anie\u00a0<strong>do dnia 29 grudnia 2017 r. (do godz. 15.00)\u00a0<\/strong>na adres e-mail:\u00a0<a href=\"https:\/\/ksztalcenie.uksw.edu.pl\/content\/biuroksztalcenia@uksw.edu.pl\">biuroksztalcenia@uksw.edu.pl<\/a>, poczt\u0105 tradycyjn\u0105, kurierem lub dostarczenie osobi\u015bcie na adres: Dzia\u0142 Kszta\u0142cenia Uniwersytetu Kardyna\u0142a Stefana Wyszy\u0144skiego, ul. Dewajtis 5, 01-815 Warszawa, oferty na us\u0142ug\u0119:\u00a0<strong>Przeprowadzenie kursu i ewaluacji ko\u0144cowej pt.\u00a0Praktyczne warsztaty wyst\u0105pie\u0144 publicznych\u00a0dla uczestnik\u00f3w projektu \u201cLepsza Kadra=Lepszy Student\u201d.<\/strong><\/p>\n\n\n\r\n<div class=\"\">\r\n\r\n\r\n<div class=\"row\">\r\n\r\n  \r\n<div class=\"col-xl-12 col-lg-12 col-md-12 col-sm-12 \">\r\n\t\t<div class=\"download_detils\">\r\n\t\t\t<a href=\"https:\/\/ksztalcenie.uksw.edu.pl\/wp-content\/uploads\/sites\/22\/2022\/12\/LKLS_Zapytanie-ofertowe-nr-2-D051-2017.pdf\"  title=\"ZAPYTANIE OFERTOWE NR 2\/D051\/2017\" download >\r\n\t\t\t<img decoding=\"async\" src=\"https:\/\/ksztalcenie.uksw.edu.pl\/wp-content\/themes\/uksw\/images\/import.svg\" alt=\"\"> ZAPYTANIE OFERTOWE NR 2\/D051\/2017 [PDF,  0.19 MB]<\/a>\r\n\t\t<\/div>\r\n<\/div>\r\n\r\n\r\n\t\t\r\n\t\t \r\n\r\n<\/div>\r\n<\/div>\r\n<div class=\"space20\"><\/div>\r\n\r\n\n\n\n<p>(dot. przeprowadzenia kursu w ramach projektu pn. \u201cLepsza Kadra=Lepszy Student\u201d)<\/p>\n\n\n\r\n<div class=\"\">\r\n\r\n\r\n<div class=\"row\">\r\n\r\n  \r\n<div class=\"col-xl-12 col-lg-12 col-md-12 col-sm-12 \">\r\n\t\t<div class=\"download_detils\">\r\n\t\t\t<a href=\"https:\/\/ksztalcenie.uksw.edu.pl\/wp-content\/uploads\/sites\/22\/2022\/12\/ZOnr2_zal_1.docx\"  title=\"Za\u0142\u0105cznik nr 1 \u2013 Formularz ofertowy\" download >\r\n\t\t\t<img decoding=\"async\" src=\"https:\/\/ksztalcenie.uksw.edu.pl\/wp-content\/themes\/uksw\/images\/import.svg\" alt=\"\"> Za\u0142\u0105cznik nr 1 \u2013 Formularz ofertowy [DOCX,  0.10 MB]<\/a>\r\n\t\t<\/div>\r\n<\/div>\r\n\r\n\r\n\t\t\r\n<div class=\"col-xl-12 col-lg-12 col-md-12 col-sm-12 \">\r\n\t\t<div class=\"download_detils\">\r\n\t\t\t<a href=\"https:\/\/ksztalcenie.uksw.edu.pl\/wp-content\/uploads\/sites\/22\/2022\/12\/ZOnr2_zal_2.docx\"  title=\"Za\u0142\u0105cznik nr 2 \u2013 O\u015bwiadczenie o spe\u0142nieniu warunk\u00f3w\" download >\r\n\t\t\t<img decoding=\"async\" src=\"https:\/\/ksztalcenie.uksw.edu.pl\/wp-content\/themes\/uksw\/images\/import.svg\" alt=\"\"> Za\u0142\u0105cznik nr 2 \u2013 O\u015bwiadczenie o spe\u0142nieniu warunk\u00f3w [DOCX,  0.10 MB]<\/a>\r\n\t\t<\/div>\r\n<\/div>\r\n\r\n\r\n\t\t\r\n<div class=\"col-xl-12 col-lg-12 col-md-12 col-sm-12 \">\r\n\t\t<div class=\"download_detils\">\r\n\t\t\t<a href=\"https:\/\/ksztalcenie.uksw.edu.pl\/wp-content\/uploads\/sites\/22\/2022\/12\/ZOnr2_zal_3.docx\"  title=\"Za\u0142\u0105cznik nr 3 \u2013 O\u015bwiadczenie wykonawcy o braku powi\u0105za\u0144\" download >\r\n\t\t\t<img decoding=\"async\" src=\"https:\/\/ksztalcenie.uksw.edu.pl\/wp-content\/themes\/uksw\/images\/import.svg\" alt=\"\"> Za\u0142\u0105cznik nr 3 \u2013 O\u015bwiadczenie wykonawcy o braku powi\u0105za\u0144 [DOCX,  0.10 MB]<\/a>\r\n\t\t<\/div>\r\n<\/div>\r\n\r\n\r\n\t\t\r\n<div class=\"col-xl-12 col-lg-12 col-md-12 col-sm-12 \">\r\n\t\t<div class=\"download_detils\">\r\n\t\t\t<a href=\"https:\/\/ksztalcenie.uksw.edu.pl\/wp-content\/uploads\/sites\/22\/2022\/12\/ZOnr2_zal_4-4a.docx\"  title=\"Za\u0142\u0105cznik nr 4 i 4a \u2013 Wz\u00f3r umowy z Wykonawc\u0105\" download >\r\n\t\t\t<img decoding=\"async\" src=\"https:\/\/ksztalcenie.uksw.edu.pl\/wp-content\/themes\/uksw\/images\/import.svg\" alt=\"\"> Za\u0142\u0105cznik nr 4 i 4a \u2013 Wz\u00f3r umowy z Wykonawc\u0105 [DOCX,  0.11 MB]<\/a>\r\n\t\t<\/div>\r\n<\/div>\r\n\r\n\r\n\t\t\r\n\t\t \r\n\r\n<\/div>\r\n<\/div>\r\n<div class=\"space20\"><\/div>\r\n\r\n\n\n\r\n<div class=\"\">\r\n\r\n\r\n<div class=\"row\">\r\n\r\n  \r\n<div class=\"col-xl-12 col-lg-12 col-md-12 col-sm-12 \">\r\n\t\t<div class=\"download_detils\">\r\n\t\t\t<a href=\"https:\/\/ksztalcenie.uksw.edu.pl\/wp-content\/uploads\/sites\/22\/2022\/12\/LKLS_info_o_rozstrzygnieciu_ZO_2.pdf\"  title=\"Informacja o rozstrzygni\u0119ciu zapytania ofertowego nr 2\/D051\/2017\" download >\r\n\t\t\t<img decoding=\"async\" src=\"https:\/\/ksztalcenie.uksw.edu.pl\/wp-content\/themes\/uksw\/images\/import.svg\" alt=\"\"> Informacja o rozstrzygni\u0119ciu zapytania ofertowego nr 2\/D051\/2017 [PDF,  0.52 MB]<\/a>\r\n\t\t<\/div>\r\n<\/div>\r\n\r\n\r\n\t\t\r\n\t\t \r\n\r\n<\/div>\r\n<\/div>\r\n<div class=\"space20\"><\/div>\r\n\r\n\n\n\n<hr class=\"wp-block-separator has-alpha-channel-opacity\"\/>\n\n\n\n<h2 class=\"wp-block-heading\">ZAPROSZENIE NR\u00a01\/D051\/Kadra\/16\/2017<\/h2>\n\n\n\n<p>do sk\u0142adania ofert na us\u0142ug\u0119: przeprowadzenie kursu i ewaluacji ko\u0144cowej w zakresie:\u00a0Metodyka design thinking, do projektu pn.: \u201cLepsza Kadra=Lepszy Student\u201d, realizowanego na Uniwersytecie Kardyna\u0142a Stefana Wyszy\u0144skiego w Warszawie, w ramach konkursu nr POWR. 03.04.00-IP.08-00-PKD\/16, Dzia\u0142anie 3.4. Zarz\u0105dzanie w instytucjach szkolnictwa wy\u017cszego, wsp\u00f3\u0142finansowanego ze \u015brodk\u00f3w Unii Europejskiej (Europejski Fundusz Spo\u0142eczny).<\/p>\n\n\n\n<p>Uniwersytet Kardyna\u0142a Stefana Wyszy\u0144skiego w Warszawie realizuje projekt \u201cLepsza Kadra=Lepszy Student\u201d w ramach konkursu nr POWR. 03.04.00-IP.08-00-PKD\/16, Dzia\u0142anie 3.4.Zarz\u0105dzanie w instytucjach szkolnictwa wy\u017cszego O\u015b III. Szkolnictwo wy\u017csze dla gospodarki i rozwoju. Program Operacyjny Wiedza Edukacja Rozw\u00f3j 2014-2020 wsp\u00f3\u0142finansowany ze \u015brodk\u00f3w Unii Europejskiej w ramach Europejskiego Funduszu Spo\u0142ecznego.<\/p>\n\n\n\n<p>Zwracam si\u0119 z uprzejm\u0105 pro\u015bb\u0105 o przygotowanie i przes\u0142anie\u00a0<strong>do dnia 23 pa\u017adziernika 2017 r. (do godz. 15.00)\u00a0<\/strong>na adres e-mail:\u00a0<a href=\"https:\/\/ksztalcenie.uksw.edu.pl\/content\/biuroksztalcenia@uksw.edu.pl\">biuroksztalcenia@uksw.edu.pl<\/a>, poczt\u0105 tradycyjn\u0105, kurierem lub dostarczenie osobi\u015bcie na adres: Dzia\u0142 Kszta\u0142cenia Uniwersytetu Kardyna\u0142a Stefana Wyszy\u0144skiego, ul. Dewajtis 5, 01-815 Warszawa, oferty na us\u0142ug\u0119:\u00a0<strong>Przeprowadzenie kursu i ewaluacji ko\u0144cowej pt.\u00a0Metodyka design thinking\u00a0dla uczestnik\u00f3w projektu \u201cLepsza Kadra=Lepszy Student\u201d.<\/strong><\/p>\n\n\n\r\n<div class=\"\">\r\n\r\n\r\n<div class=\"row\">\r\n\r\n  \r\n<div class=\"col-xl-12 col-lg-12 col-md-12 col-sm-12 \">\r\n\t\t<div class=\"download_detils\">\r\n\t\t\t<a href=\"https:\/\/ksztalcenie.uksw.edu.pl\/wp-content\/uploads\/sites\/22\/2022\/12\/LKLS_ZO_nr1.pdf\"  title=\"ZAPYTANIE OFERTOWE NR 1\/D051\/2017\" download >\r\n\t\t\t<img decoding=\"async\" src=\"https:\/\/ksztalcenie.uksw.edu.pl\/wp-content\/themes\/uksw\/images\/import.svg\" alt=\"\"> ZAPYTANIE OFERTOWE NR 1\/D051\/2017 [PDF,  0.80 MB]<\/a>\r\n\t\t<\/div>\r\n<\/div>\r\n\r\n\r\n\t\t\r\n\t\t \r\n\r\n<\/div>\r\n<\/div>\r\n<div class=\"space20\"><\/div>\r\n\r\n\n\n\n<p>(dot. przeprowadzenia kursu w ramach projektu pn. \u201cLepsza Kadra=Lepszy Student\u201d)<\/p>\n\n\n\n<h3 class=\"wp-block-heading\">Integraln\u0105 cz\u0119\u015bci\u0105 zapytania ofertowego stanowi\u0105 nast\u0119puj\u0105ce za\u0142\u0105czniki:<\/h3>\n\n\n\r\n<div class=\"\">\r\n\r\n\r\n<div class=\"row\">\r\n\r\n  \r\n<div class=\"col-xl-12 col-lg-12 col-md-12 col-sm-12 \">\r\n\t\t<div class=\"download_detils\">\r\n\t\t\t<a href=\"https:\/\/ksztalcenie.uksw.edu.pl\/wp-content\/uploads\/sites\/22\/2022\/12\/Zal.1_Formularz_ofertowy.docx\"  title=\"Za\u0142\u0105cznik nr 1 \u2013 Formularz ofertowy\" download >\r\n\t\t\t<img decoding=\"async\" src=\"https:\/\/ksztalcenie.uksw.edu.pl\/wp-content\/themes\/uksw\/images\/import.svg\" alt=\"\"> Za\u0142\u0105cznik nr 1 \u2013 Formularz ofertowy [DOCX,  0.10 MB]<\/a>\r\n\t\t<\/div>\r\n<\/div>\r\n\r\n\r\n\t\t\r\n<div class=\"col-xl-12 col-lg-12 col-md-12 col-sm-12 \">\r\n\t\t<div class=\"download_detils\">\r\n\t\t\t<a href=\"https:\/\/ksztalcenie.uksw.edu.pl\/wp-content\/uploads\/sites\/22\/2022\/12\/Zal.2_Oswiadczenie_o_spelnieniu_warunkow.docx\"  title=\"Za\u0142\u0105cznik nr 2 \u2013 O\u015bwiadczenie o spe\u0142nieniu warunk\u00f3w\" download >\r\n\t\t\t<img decoding=\"async\" src=\"https:\/\/ksztalcenie.uksw.edu.pl\/wp-content\/themes\/uksw\/images\/import.svg\" alt=\"\"> Za\u0142\u0105cznik nr 2 \u2013 O\u015bwiadczenie o spe\u0142nieniu warunk\u00f3w [DOCX,  0.10 MB]<\/a>\r\n\t\t<\/div>\r\n<\/div>\r\n\r\n\r\n\t\t\r\n<div class=\"col-xl-12 col-lg-12 col-md-12 col-sm-12 \">\r\n\t\t<div class=\"download_detils\">\r\n\t\t\t<a href=\"https:\/\/ksztalcenie.uksw.edu.pl\/wp-content\/uploads\/sites\/22\/2022\/12\/Zal.3_Oswiadczenie_wykonawcy_o_braku_powiazan.docx\"  title=\"Za\u0142\u0105cznik nr 3 \u2013 O\u015bwiadczenie wykonawcy o braku powi\u0105za\u0144\" download >\r\n\t\t\t<img decoding=\"async\" src=\"https:\/\/ksztalcenie.uksw.edu.pl\/wp-content\/themes\/uksw\/images\/import.svg\" alt=\"\"> Za\u0142\u0105cznik nr 3 \u2013 O\u015bwiadczenie wykonawcy o braku powi\u0105za\u0144 [DOCX,  0.10 MB]<\/a>\r\n\t\t<\/div>\r\n<\/div>\r\n\r\n\r\n\t\t\r\n<div class=\"col-xl-12 col-lg-12 col-md-12 col-sm-12 \">\r\n\t\t<div class=\"download_detils\">\r\n\t\t\t<a href=\"https:\/\/ksztalcenie.uksw.edu.pl\/wp-content\/uploads\/sites\/22\/2022\/12\/Zal.4.4a_Wzor_umowy_z_Wykonawca.docx\"  title=\"Za\u0142\u0105cznik nr 4 i 4a \u2013 Wz\u00f3r umowy z Wykonawc\u0105\" download >\r\n\t\t\t<img decoding=\"async\" src=\"https:\/\/ksztalcenie.uksw.edu.pl\/wp-content\/themes\/uksw\/images\/import.svg\" alt=\"\"> Za\u0142\u0105cznik nr 4 i 4a \u2013 Wz\u00f3r umowy z Wykonawc\u0105 [DOCX,  0.11 MB]<\/a>\r\n\t\t<\/div>\r\n<\/div>\r\n\r\n\r\n\t\t\r\n\t\t \r\n\r\n<\/div>\r\n<\/div>\r\n<div class=\"space20\"><\/div>\r\n\r\n\n\n\r\n<div class=\"\">\r\n\r\n\r\n<div class=\"row\">\r\n\r\n  \r\n<div class=\"col-xl-12 col-lg-12 col-md-12 col-sm-12 \">\r\n\t\t<div class=\"download_detils\">\r\n\t\t\t<a href=\"https:\/\/ksztalcenie.uksw.edu.pl\/wp-content\/uploads\/sites\/22\/2022\/12\/LKLS_rozstrzygniecie_konkursu_do_ZO_nr1.pdf\"  title=\"Informacja o rozstrzygni\u0119ciu zapytania ofertowego nr 1\/D051\/2017\" download >\r\n\t\t\t<img decoding=\"async\" src=\"https:\/\/ksztalcenie.uksw.edu.pl\/wp-content\/themes\/uksw\/images\/import.svg\" alt=\"\"> Informacja o rozstrzygni\u0119ciu zapytania ofertowego nr 1\/D051\/2017 [PDF,  0.48 MB]<\/a>\r\n\t\t<\/div>\r\n<\/div>\r\n\r\n\r\n\t\t\r\n\t\t \r\n\r\n<\/div>\r\n<\/div>\r\n<div class=\"space20\"><\/div>\r\n\r\n\n\n\n<hr class=\"wp-block-separator has-alpha-channel-opacity\"\/>\n\n\n\n<h2 class=\"wp-block-heading\">SZACOWANIE NR 1\/SWZ\/KADRA\/2017 WARTO\u015aCI ZAM\u00d3WIENIA<\/h2>\n\n\n\n<p>Uniwersytet Kardyna\u0142a Stefana Wyszy\u0144skiego w Warszawie zaprasza do sk\u0142adania ofert w trybie rozeznania rynku w celu szacowania warto\u015bci zam\u00f3wienia na us\u0142ug\u0119 zorganizowania kursu \u201cMetodyka design thinking\u201d dla dw\u00f3ch grup uczestnik\u00f3w (kadry akademickiej) po 15 os\u00f3b, w okresie \u00a0listopad 2017 \u2013 luty 2018 oraz listopad 2018 \u2013 luty 2019 w projekcie pn.: \u201cLepsza Kadra=Lepszy Student\u201d\u00a0<strong>nr POWR.03.04.00-00-D051\/16<\/strong>, Dzia\u0142anie 3.4 Zarz\u0105dzanie w instytucjach szkolnictwa wy\u017cszego, O\u015b III. Szkolnictwo wy\u017csze dla gospodarki i rozwoju. Program Operacyjny Wiedza Edukacja Rozw\u00f3j 2014-2020, wsp\u00f3\u0142finansowanego ze\u00a0\u015brodk\u00f3w Unii Europejskiej (Europejski Fundusz Spo\u0142eczny). \u00a0<\/p>\n\n\n\n<p>Celem kursu jest nabycie przez uczestnika kursu praktycznego i zintegrowanego podej\u015bcia do projektowania w organizacji i rozwoju przedsi\u0119biorczo\u015bci na poziomie strategicznym, umiej\u0119tno\u015bci rozwoju produkt\u00f3w, nabycie wiedzy i praktycznych umiej\u0119tno\u015bci z zakresu metod projektowania innowacji, rozwini\u0119cie kompetencji biznesowych i spo\u0142ecznych. Nabyte w trakcie kursu umiej\u0119tno\u015bci uczestnik powinien umie\u0107 zastosowa\u0107 na zaj\u0119ciach dydaktycznych ze studentami. Wykonawca\/trener powinien posiada\u0107 wykszta\u0142cenie wy\u017csze lub certyfikaty, uprawnienia umo\u017cliwiaj\u0105ce przeprowadzenie tego kursu oraz posiada\u0107 co najmniej 2 lata do\u015bwiadczenia w prowadzeniu zaj\u0119\u0107 z tematu, kt\u00f3rego dotyczy szkolenie. Koszt pracy trenera obejmuje koszty dojazdu, zakwaterowania, wy\u017cywienia, opracowanie materia\u0142\u00f3w szkoleniowych i dodatkowe wsparcie w trakcie szkolenia. Godzina szkolenia rozumiana jest jako 45 minut.<\/p>\n\n\n\n<p>Ofert\u0119 nale\u017cy przes\u0142a\u0107 na adres e-mail:\u00a0<a href=\"mailto:b.karpiuk@uksw.edu.pl\">b.karpiuk@uksw.edu.pl\u00a0<\/a><strong>\u00a0lub<\/strong>\u00a0przes\u0142a\u0107\/dostarczy\u0107 na adres: Dzia\u0142 Kszta\u0142cenia Uniwersytetu Kardyna\u0142a Stefana Wyszy\u0144skiego, ul.\u00a0Dewajtis 5, 01-815 Warszawa w terminie do dnia 15.07.2017 r. (do godz. 15.00).<\/p>\n\n\n\n<p>Niniejsze szacowanie nie stanowi oferty w my\u015bl art. 66 Kodeksu Cywilnego, jak r\u00f3wnie\u017c nie jest og\u0142oszeniem w rozumieniu ustawy Prawo zam\u00f3wie\u0144 publicznych<\/p>\n\n\n\r\n<div class=\"\">\r\n\r\n\r\n<div class=\"row\">\r\n\r\n  \r\n<div class=\"col-xl-12 col-lg-12 col-md-12 col-sm-12 \">\r\n\t\t<div class=\"download_detils\">\r\n\t\t\t<a href=\"https:\/\/ksztalcenie.uksw.edu.pl\/wp-content\/uploads\/sites\/22\/2022\/12\/LKLS_formularz-ofertowy_MDT.docx\"  title=\"Formularz ofertowy\" download >\r\n\t\t\t<img decoding=\"async\" src=\"https:\/\/ksztalcenie.uksw.edu.pl\/wp-content\/themes\/uksw\/images\/import.svg\" alt=\"\"> Formularz ofertowy [DOCX,  0.24 MB]<\/a>\r\n\t\t<\/div>\r\n<\/div>\r\n\r\n\r\n\t\t\r\n\t\t \r\n\r\n<\/div>\r\n<\/div>\r\n<div class=\"space20\"><\/div>\r\n\r\n\n\n\n<hr class=\"wp-block-separator has-alpha-channel-opacity\"\/>\n","protected":false},"excerpt":{"rendered":"<p>nr: POWR.03.04.00-00-D051\/16 ZAPROSZENIE NR\u00a03\/D051\/Kadra\/16\/2018 do sk\u0142adania ofert na us\u0142ug\u0119: przeprowadzenie kursu i ewaluacji ko\u0144cowej w zakresie:\u00a0Nowoczesnych metod dydaktycznych, do projektu pn.: \u201cLepsza Kadra=Lepszy Student\u201d, realizowanego na Uniwersytecie Kardyna\u0142a Stefana Wyszy\u0144skiego w Warszawie, w ramach konkursu nr POWR. 03.04.00-IP.08-00-PKD\/16, Dzia\u0142anie 3.4. Zarz\u0105dzanie w instytucjach szkolnictwa wy\u017cszego, wsp\u00f3\u0142finansowanego ze \u015brodk\u00f3w Unii Europejskiej (Europejski Fundusz Spo\u0142eczny). Uniwersytet Kardyna\u0142a [&hellip;]<\/p>\n","protected":false},"author":1,"featured_media":0,"parent":3783,"menu_order":43,"comment_status":"closed","ping_status":"closed","template":"page-templates\/template-sub-page.php","meta":{"_acf_changed":false,"inline_featured_image":false,"footnotes":"","_links_to":"","_links_to_target":""},"class_list":["post-4867","page","type-page","status-publish","hentry"],"acf":[],"_links":{"self":[{"href":"https:\/\/ksztalcenie.uksw.edu.pl\/pl\/wp-json\/wp\/v2\/pages\/4867","targetHints":{"allow":["GET"]}}],"collection":[{"href":"https:\/\/ksztalcenie.uksw.edu.pl\/pl\/wp-json\/wp\/v2\/pages"}],"about":[{"href":"https:\/\/ksztalcenie.uksw.edu.pl\/pl\/wp-json\/wp\/v2\/types\/page"}],"author":[{"embeddable":true,"href":"https:\/\/ksztalcenie.uksw.edu.pl\/pl\/wp-json\/wp\/v2\/users\/1"}],"replies":[{"embeddable":true,"href":"https:\/\/ksztalcenie.uksw.edu.pl\/pl\/wp-json\/wp\/v2\/comments?post=4867"}],"version-history":[{"count":12,"href":"https:\/\/ksztalcenie.uksw.edu.pl\/pl\/wp-json\/wp\/v2\/pages\/4867\/revisions"}],"predecessor-version":[{"id":5040,"href":"https:\/\/ksztalcenie.uksw.edu.pl\/pl\/wp-json\/wp\/v2\/pages\/4867\/revisions\/5040"}],"up":[{"embeddable":true,"href":"https:\/\/ksztalcenie.uksw.edu.pl\/pl\/wp-json\/wp\/v2\/pages\/3783"}],"wp:attachment":[{"href":"https:\/\/ksztalcenie.uksw.edu.pl\/pl\/wp-json\/wp\/v2\/media?parent=4867"}],"curies":[{"name":"wp","href":"https:\/\/api.w.org\/{rel}","templated":true}]}}