{"id":6272,"date":"2024-10-09T09:47:35","date_gmt":"2024-10-09T07:47:35","guid":{"rendered":"https:\/\/ksztalcenie.uksw.edu.pl\/?page_id=6272"},"modified":"2025-11-12T09:28:07","modified_gmt":"2025-11-12T08:28:07","slug":"tydzien-jakosci-2024","status":"publish","type":"page","link":"https:\/\/ksztalcenie.uksw.edu.pl\/jakosc-ksztalcenia\/tydzien-jakosci\/tydzien-jakosci-2024\/","title":{"rendered":"Tydzie\u0144 jako\u015bci 2024"},"content":{"rendered":"\n<figure class=\"wp-block-image size-full\"><a href=\"https:\/\/jakosc.uksw.edu.pl\/tydzien-jakosci-ksztalcenia-2024\/\" target=\"_blank\" rel=\"noreferrer noopener\"><img decoding=\"async\" width=\"768\" height=\"432\" src=\"https:\/\/ksztalcenie.uksw.edu.pl\/wp-content\/uploads\/sites\/22\/2024\/10\/TJK5.png\" alt=\"\" class=\"wp-image-6275\" srcset=\"https:\/\/ksztalcenie.uksw.edu.pl\/wp-content\/uploads\/sites\/22\/2024\/10\/TJK5.png 768w, https:\/\/ksztalcenie.uksw.edu.pl\/wp-content\/uploads\/sites\/22\/2024\/10\/TJK5-300x169.png 300w\" sizes=\"(max-width: 768px) 100vw, 768px\" \/><\/a><\/figure>\n\n\n\n<div class=\"wp-block-buttons is-content-justification-center is-layout-flex wp-container-core-buttons-is-layout-16018d1d wp-block-buttons-is-layout-flex\">\n<div class=\"wp-block-button\"><a class=\"wp-block-button__link wp-element-button\" href=\"https:\/\/uksw.edu.pl\/forum-wymiany-doswiadczen-i-pomyslow-v-tydzien-jakosci-ksztalcenia\/\" target=\"_blank\" rel=\"noreferrer noopener\">podsumowanie wydarzenia<\/a><\/div>\n<\/div>\n\n\n\n<h2 class=\"wp-block-heading\"><strong>21-25 pa\u017adziernika 2024 r.<\/strong><\/h2>\n\n\n\r\n<div class=\"\">\r\n\r\n<div class=\"page_heading\"> <img decoding=\"async\" src=\"https:\/\/ksztalcenie.uksw.edu.pl\/wp-content\/themes\/uksw\/images\/note-2_white.svg\" alt=\"\"> Poniedzia\u0142ek 21.10.2024 r.:<\/div>\r\n<div class=\"candidate_box_sec\">\r\n<div class=\"row\">\r\n\r\n        \r\n                       <\/div>\r\n<\/div>\r\n\r\n<\/div>\n\n\n<h4 class=\"wp-block-heading\"><span style=\"text-decoration: underline\">Hala sportowa &#8211; sala fitness:<\/span><\/h4>\n\n\n\n<ul class=\"wp-block-list\">\n<li>08:00-09:00 &#8211; W krainie walca (lekcja ta\u0144ca towarzyskiego) <\/li>\n<\/ul>\n\n\n\n<h4 class=\"wp-block-heading\"><span style=\"text-decoration: underline\">sala 201, bud. 23<\/span>:<\/h4>\n\n\n\n<ul class=\"wp-block-list\">\n<li>10:00-10:30 &#8211; Uroczyste rozpocz\u0119cie Tygodnia Jako\u015bci Kszta\u0142cenia przez Jego Magnificencj\u0119 ks. prof. dr hab. Ryszarda Czekalskiego oraz Prorektor ds. studenckich i kszta\u0142cenia dr hab. prof. ucz. Ann\u0119 Fidelus<\/li>\n<\/ul>\n\n\n\n<ul class=\"wp-block-list\">\n<li>10:30-12:00 &#8211; Seminarium: Procedury zapewniania jako\u015bci kszta\u0142cenia w uczelni <\/li>\n<\/ul>\n\n\n\n<ul class=\"wp-block-list\">\n<li>12:10-13:10 &#8211; Tworzenie nowoczesnych program\u00f3w studi\u00f3w, czyli jak zapewni\u0107 jako\u015b\u0107 i efektywno\u015b\u0107 kszta\u0142cenia? <\/li>\n<\/ul>\n\n\n\n<ul class=\"wp-block-list\">\n<li>13:15 -14:15 &#8211; Od artyku\u0142u do wyk\u0142adu. O potrzebie rozwoju dydaktyki za po\u015brednictwem koncept\u00f3w naukowych <\/li>\n<\/ul>\n\n\n\n<ul class=\"wp-block-list\">\n<li>14:20-15:20 &#8211; Jak BON wspiera student\u00f3w i wyk\u0142adowc\u00f3w? Przewodnik po dost\u0119pnych us\u0142ugach i narz\u0119dziach <\/li>\n<\/ul>\n\n\n\n<ul class=\"wp-block-list\">\n<li>15:25-16:25 &#8211; Otwieraj\u0105c drzwi na \u015bwiat\u2013 mi\u0119dzynarodowe programy mobilno\u015bci, wymiany i sta\u017ce <\/li>\n<\/ul>\n\n\n\n<h4 class=\"wp-block-heading\"><span style=\"text-decoration: underline\">online<\/span>:<\/h4>\n\n\n\n<ul class=\"wp-block-list\">\n<li>16:30-17:30 &#8211; Wykorzystanie zaawansowanych narz\u0119dzi Excela <\/li>\n<\/ul>\n\n\n\n<ul class=\"wp-block-list\">\n<li>17:30-18:30 &#8211; Tworzenie CV i przygotowanie do rozmowy rekrutacyjnej <\/li>\n<\/ul>\n\n\n\r\n<div class=\"\">\r\n\r\n<div class=\"page_heading\"> <img decoding=\"async\" src=\"https:\/\/ksztalcenie.uksw.edu.pl\/wp-content\/themes\/uksw\/images\/note-2_white.svg\" alt=\"\"> Wtorek 22.10.2024 r.:<\/div>\r\n<div class=\"candidate_box_sec\">\r\n<div class=\"row\">\r\n\r\n        \r\n                       <\/div>\r\n<\/div>\r\n\r\n<\/div>\n\n\n<h4 class=\"wp-block-heading\"><span style=\"text-decoration: underline\">sala 201, bud. 23<\/span>:<\/h4>\n\n\n\n<ul class=\"wp-block-list\">\n<li>10:00-11:00 &#8211; Uwik\u0142ani w sieci (i nie tylko)<\/li>\n<\/ul>\n\n\n\n<ul class=\"wp-block-list\">\n<li>11:05-12:05 &#8211; Projektowanie programu studi\u00f3w <\/li>\n<\/ul>\n\n\n\n<ul class=\"wp-block-list\">\n<li>12:10-13:10 &#8211; Spr\u00f3buj pro\u015bciej. Prosty j\u0119zyk w stylu urz\u0119dowym i naukowym<\/li>\n<\/ul>\n\n\n\n<ul class=\"wp-block-list\">\n<li>13:15-14:15 &#8211; Studenci generacji Z &#8211; postawy i strategie w dydaktyce akademickiej <\/li>\n<\/ul>\n\n\n\n<ul class=\"wp-block-list\">\n<li>14:20-15:20 &#8211; Trudne powroty? Rodzina wobec reemigracji <\/li>\n<\/ul>\n\n\n\n<ul class=\"wp-block-list\">\n<li>15:25-16:25 &#8211; J\u0119zyki \u015bwiata &#8211; hebrajski i grecki, przenikanie si\u0119 kultur <\/li>\n<\/ul>\n\n\n\n<h4 class=\"wp-block-heading\"><span style=\"text-decoration: underline\">online<\/span>:<\/h4>\n\n\n\n<ul class=\"wp-block-list\">\n<li>16:30-17:30 &#8211; Czym jest i dlaczego warto studiowa\u0107 prawo kanoniczne? Podstawy i za\u0142o\u017cenia prawa kanonicznego oraz mo\u017cliwo\u015bci kariery kanonisty <\/li>\n<\/ul>\n\n\n\n<ul class=\"wp-block-list\">\n<li>17:30-18:30 &#8211; Bioetyka w konfesjonale? O dylematach moralnych dotycz\u0105cych narzeczonych, ma\u0142\u017conk\u00f3w i rodziny <\/li>\n<\/ul>\n\n\n\r\n<div class=\"\">\r\n\r\n<div class=\"page_heading\"> <img decoding=\"async\" src=\"https:\/\/ksztalcenie.uksw.edu.pl\/wp-content\/themes\/uksw\/images\/note-2_white.svg\" alt=\"\"> \u015aroda &#8211; 23.10.2024 r. &#8211; dzie\u0144 wolny od dydaktyki:<\/div>\r\n<div class=\"candidate_box_sec\">\r\n<div class=\"row\">\r\n\r\n        \r\n                       <\/div>\r\n<\/div>\r\n\r\n<\/div>\n\n\n<h4 class=\"wp-block-heading\"><span style=\"text-decoration: underline\">sala 201, bud. 23<\/span>:<\/h4>\n\n\n\n<ul class=\"wp-block-list\">\n<li>10:00-11:00 &#8211; Jak skutecznie dzia\u0142a\u0107 w Samorz\u0105dzie Student\u00f3w? Od integracji po organizacj\u0119 wydarze\u0144 <\/li>\n<\/ul>\n\n\n\n<ul class=\"wp-block-list\">\n<li>11:05-12:05 &#8211; Przewodnik po tutoringu akademickim: indywidualne wsparcie dla student\u00f3w i administracyjne procedury wdro\u017cenia <\/li>\n<\/ul>\n\n\n\n<ul class=\"wp-block-list\">\n<li>12:10-13:10 &#8211; Czy wygl\u0105d w pracy ma znaczenie, czyli o tym, czy przepisy prawa pracy reguluj\u0105 dress code? <\/li>\n<\/ul>\n\n\n\n<ul class=\"wp-block-list\">\n<li>13:15-14:15 &#8211; Open AI \u2013 wykorzystanie sztucznej inteligencji w nauce i administracji <\/li>\n<\/ul>\n\n\n\n<ul class=\"wp-block-list\">\n<li>14:20-15:20 &#8211; Personalizm w komunikacji <\/li>\n<\/ul>\n\n\n\n<ul class=\"wp-block-list\">\n<li>15:25-16:25 &#8211; AserTYwno\u015b\u0107 w bliskich relacJAch, czyli jak m\u00f3wi\u0107 o swoich potrzebach <\/li>\n<\/ul>\n\n\n\n<h4 class=\"wp-block-heading\"><span style=\"text-decoration: underline\">czytelnia Teologiczno-Kanoniczna<\/span>:<\/h4>\n\n\n\n<ul class=\"wp-block-list\">\n<li>13:00-14:00 &#8211; Wybrane starodruki i kolekcje specjalne w Bibliotece UKSW <\/li>\n<\/ul>\n\n\n\n<h4 class=\"wp-block-heading\"><span style=\"text-decoration: underline\">online<\/span>:<\/h4>\n\n\n\n<ul class=\"wp-block-list\">\n<li>16:30-17:30 &#8211; Tworzenie Indywidualnego Planu Badawczego oraz przygotowanie do oceny \u015br\u00f3dokresowej <\/li>\n<\/ul>\n\n\n\n<ul class=\"wp-block-list\">\n<li>17:30-18:30 &#8211; Strategie komunikacyjne i ich rola w przezwyci\u0119\u017caniu barier utrudniaj\u0105cych efektywn\u0105 komunikacj\u0119 w j\u0119zyku obcym? <\/li>\n<\/ul>\n\n\n\n<h3 class=\"wp-block-heading\">Warsztat dydaktyczny dla nauczycieli akademickich:<\/h3>\n\n\n\n<ul class=\"wp-block-list\">\n<li>10:00-10:30 &#8211; Rozpocz\u0119cie wydarzenia przez Prorektor ds. studenckich i kszta\u0142cenia dr hab. prof. ucz. Ann\u0119 Fidelus<\/li>\n\n\n\n<li>10:30-12:00 &#8211; Warsztat dydaktyczny<\/li>\n\n\n\n<li>12:30-14:00 &#8211; Komunikacja ze studentami<\/li>\n\n\n\n<li>14:15-15:00 &#8211; Oferta program\u00f3w naukowych<\/li>\n<\/ul>\n\n\n\r\n<div class=\"\">\r\n\r\n<div class=\"page_heading\"> <img decoding=\"async\" src=\"https:\/\/ksztalcenie.uksw.edu.pl\/wp-content\/themes\/uksw\/images\/note-2_white.svg\" alt=\"\"> Czwartek &#8211; 24.10.2024 r.:<\/div>\r\n<div class=\"candidate_box_sec\">\r\n<div class=\"row\">\r\n\r\n        \r\n                       <\/div>\r\n<\/div>\r\n\r\n<\/div>\n\n\n<h4 class=\"wp-block-heading\"><span style=\"text-decoration: underline\">sala 201, bud. 23<\/span>:<\/h4>\n\n\n\n<ul class=\"wp-block-list\">\n<li>10:00-11:00 &#8211; Kolory osobowo\u015bci w zespole \u2013 Jak zrozumienie typ\u00f3w osobowo\u015bci wp\u0142ywa na efektywno\u015b\u0107 pracy zespo\u0142owej? <\/li>\n<\/ul>\n\n\n\n<ul class=\"wp-block-list\">\n<li>11:05-12:05 &#8211; Jak skutecznie zaplanowa\u0107 swoj\u0105 \u015bcie\u017ck\u0119 kariery ju\u017c na studiach? <\/li>\n<\/ul>\n\n\n\n<ul class=\"wp-block-list\">\n<li>12:10-13:10 &#8211; Efekty przedmiotowe, metody dydaktyczne i weryfikacyjne w kontek\u015bcie tworzenia sylabusa <\/li>\n<\/ul>\n\n\n\n<ul class=\"wp-block-list\">\n<li>13:15-14:15 &#8211; Symboliczny wymiar topografii Jerozolimy w Janowym opowiadaniu i pojmaniu Jezusa w Ogr\u00f3jcu <\/li>\n<\/ul>\n\n\n\n<ul class=\"wp-block-list\">\n<li>14:20-15:20 &#8211; Nauka w erze medi\u00f3w spo\u0142eczno\u015bciowych. Jak \u015bwiadomie wykorzysta\u0107 ich potencja\u0142 i narz\u0119dzia? <\/li>\n<\/ul>\n\n\n\n<ul class=\"wp-block-list\">\n<li>15:25-16:25 &#8211; Kompetencje g\u0142\u0119bokie w kszta\u0142ceniu student\u00f3w <\/li>\n<\/ul>\n\n\n\n<h4 class=\"wp-block-heading\"><span style=\"text-decoration: underline\">online<\/span>:<\/h4>\n\n\n\n<ul class=\"wp-block-list\">\n<li>16:30-17:30 &#8211; Zasoby elektroniczne w Bibliotece UKSW oraz programy publikowania otwartego Elsevier i Springer (szkolenie w formie hybrydowej) <\/li>\n<\/ul>\n\n\n\n<ul class=\"wp-block-list\">\n<li>17:30-18:30 &#8211; Naukowe wyjazdy mi\u0119dzynarodowe &#8211; jak wybra\u0107 kierunek i na co zwr\u00f3ci\u0107 uwag\u0119? <\/li>\n<\/ul>\n\n\n\r\n<div class=\"\">\r\n\r\n<div class=\"page_heading\"> <img decoding=\"async\" src=\"https:\/\/ksztalcenie.uksw.edu.pl\/wp-content\/themes\/uksw\/images\/note-2_white.svg\" alt=\"\"> Pi\u0105tek &#8211; 24.10.2024 r.:<\/div>\r\n<div class=\"candidate_box_sec\">\r\n<div class=\"row\">\r\n\r\n        \r\n                       <\/div>\r\n<\/div>\r\n\r\n<\/div>\n\n\n<h4 class=\"wp-block-heading\"><span style=\"text-decoration: underline\">sala 201, bud. 23<\/span>:<\/h4>\n\n\n\n<ul class=\"wp-block-list\">\n<li>10:00-11:00 &#8211; Parabanki i piramidy finansowe<\/li>\n<\/ul>\n\n\n\n<ul class=\"wp-block-list\">\n<li>11:05-12:05 &#8211; Jak sprawnie i efektywnie odnale\u017a\u0107 si\u0119 na uczelni? Poradnik CWS <\/li>\n<\/ul>\n\n\n\n<ul class=\"wp-block-list\">\n<li>12:10-13:10 &#8211; Historia komunikowania od prehistorii do narodzin medi\u00f3w masowych. Wybrane aspekty <\/li>\n<\/ul>\n\n\n\n<ul class=\"wp-block-list\">\n<li>13:15-14:15 &#8211; Akredytacja PKA &#8211; wymogi i dobre praktyki <\/li>\n<\/ul>\n\n\n\n<ul class=\"wp-block-list\">\n<li>14:20-15:20 &#8211; Czy praca naukowa jest dla Ciebie? Wszystko co musisz wiedzie\u0107 o rekrutacji do Szko\u0142y Doktorskiej <\/li>\n<\/ul>\n\n\n\n<ul class=\"wp-block-list\">\n<li>15:25-16:25 &#8211; Chrze\u015bcija\u0144ska tradycja Etiopii <\/li>\n<\/ul>\n\n\n\n<h4 class=\"wp-block-heading\"><span style=\"text-decoration: underline\">Hala sportowa &#8211; sala fitness<\/span>:<\/h4>\n\n\n\n<ul class=\"wp-block-list\">\n<li>16:30-18:00 &#8211; Zdrowy kr\u0119gos\u0142up <\/li>\n<\/ul>\n\n\n\n<h4 class=\"wp-block-heading\"><span style=\"text-decoration: underline\">online<\/span>:<\/h4>\n\n\n\n<ul class=\"wp-block-list\">\n<li>16:30-17:30<\/li>\n\n\n\n<li>17:30-18:30<\/li>\n<\/ul>\n","protected":false},"excerpt":{"rendered":"<p>21-25 pa\u017adziernika 2024 r. Hala sportowa &#8211; sala fitness: sala 201, bud. 23: online: sala 201, bud. 23: online: sala 201, bud. 23: czytelnia Teologiczno-Kanoniczna: online: Warsztat dydaktyczny dla nauczycieli akademickich: sala 201, bud. 23: online: sala 201, bud. 23: Hala sportowa &#8211; sala fitness: online:<\/p>\n","protected":false},"author":24,"featured_media":0,"parent":3800,"menu_order":34,"comment_status":"closed","ping_status":"closed","template":"page-templates\/template-sub-page.php","meta":{"_acf_changed":false,"inline_featured_image":false,"footnotes":"","_links_to":"","_links_to_target":""},"class_list":["post-6272","page","type-page","status-publish","hentry"],"acf":[],"_links":{"self":[{"href":"https:\/\/ksztalcenie.uksw.edu.pl\/pl\/wp-json\/wp\/v2\/pages\/6272","targetHints":{"allow":["GET"]}}],"collection":[{"href":"https:\/\/ksztalcenie.uksw.edu.pl\/pl\/wp-json\/wp\/v2\/pages"}],"about":[{"href":"https:\/\/ksztalcenie.uksw.edu.pl\/pl\/wp-json\/wp\/v2\/types\/page"}],"author":[{"embeddable":true,"href":"https:\/\/ksztalcenie.uksw.edu.pl\/pl\/wp-json\/wp\/v2\/users\/24"}],"replies":[{"embeddable":true,"href":"https:\/\/ksztalcenie.uksw.edu.pl\/pl\/wp-json\/wp\/v2\/comments?post=6272"}],"version-history":[{"count":20,"href":"https:\/\/ksztalcenie.uksw.edu.pl\/pl\/wp-json\/wp\/v2\/pages\/6272\/revisions"}],"predecessor-version":[{"id":6929,"href":"https:\/\/ksztalcenie.uksw.edu.pl\/pl\/wp-json\/wp\/v2\/pages\/6272\/revisions\/6929"}],"up":[{"embeddable":true,"href":"https:\/\/ksztalcenie.uksw.edu.pl\/pl\/wp-json\/wp\/v2\/pages\/3800"}],"wp:attachment":[{"href":"https:\/\/ksztalcenie.uksw.edu.pl\/pl\/wp-json\/wp\/v2\/media?parent=6272"}],"curies":[{"name":"wp","href":"https:\/\/api.w.org\/{rel}","templated":true}]}}