{"id":7112,"date":"2026-02-10T14:45:06","date_gmt":"2026-02-10T13:45:06","guid":{"rendered":"https:\/\/ksztalcenie.uksw.edu.pl\/?page_id=7112"},"modified":"2026-02-10T14:47:58","modified_gmt":"2026-02-10T13:47:58","slug":"uznawanie-osiagniec","status":"publish","type":"page","link":"https:\/\/ksztalcenie.uksw.edu.pl\/studenci-i-doktoranci\/uznawanie-osiagniec\/","title":{"rendered":"Uznawanie osi\u0105gni\u0119\u0107"},"content":{"rendered":"\n<h2 class=\"wp-block-heading\">1. akumulacja i przenoszenie osi\u0105gni\u0119\u0107 studenta<\/h2>\n\n\n\r\n<div class=\"container ui_kit\">\r\n\r\n<div class=\"row justify-content-center my-5 tab\">\r\n      <ul id=\"tabs\" class=\"nav\">\r\n                        <li class=\"nav-item\">\r\n            <a class=\"nav-link link-secondary active \" id=\"block_d4c0529a319b731ee9201260d9452c650\" data-bs-toggle=\"tab\" data-bs-target=\"#Tabblock_d4c0529a319b731ee9201260d9452c650\" href=\"#\">Regulamin studi\u00f3w UKSW<\/a>\r\n            <\/li>\r\n\r\n                    <li class=\"nav-item\">\r\n            <a class=\"nav-link link-secondary \" id=\"block_d4c0529a319b731ee9201260d9452c651\" data-bs-toggle=\"tab\" data-bs-target=\"#Tabblock_d4c0529a319b731ee9201260d9452c651\" href=\"#\">Ustawa i Decyzje Rektora<\/a>\r\n            <\/li>\r\n\r\n               \r\n      <\/ul>\r\n      <div class=\"tab_con_grey\">\r\n            <div class=\"tab-content\" id=\"tabContent\">\r\n      \r\n                <div class=\"tab-pane fade   show active \" id=\"Tabblock_d4c0529a319b731ee9201260d9452c650\" role=\"tabpanel\" aria-labelledby=\"block_d4c0529a319b731ee9201260d9452c650\">\r\n                                    <div class=\"headingh4\"><\/div>\r\n               \r\n\r\n                    <p><strong>w rozdziale V \u201cprzeniesienia i wznowienia studi\u00f3w\u201d w \u00a7 22 mowa o warunkach uznania osi\u0105gni\u0119\u0107 przy przeniesieniach:<\/strong><br \/>\nStudentowi, kt\u00f3ry przeni\u00f3s\u0142 si\u0119 z innej uczelni, w tym zagranicznej lub z innego kierunku prowadzonego w Uniwersytecie, zalicza si\u0119 osi\u0105gni\u0119te wyniki, z uwzgl\u0119dnieniem nast\u0119puj\u0105cych warunk\u00f3w:<\/p>\n<ol>\n<li>student uzyska\u0142 zak\u0142adane efekty uczenia si\u0119 oraz otrzyma\u0142 \u015brednio nie mniej ni\u017c 30 punkt\u00f3w ECTS za zaliczenie ka\u017cdego semestru;<\/li>\n<li>student otrzymuje w Uniwersytecie tak\u0105 liczb\u0119 punkt\u00f3w ECTS, jaka jest przypisana efektom uczenia si\u0119 uzyskiwanym w wyniku realizacji odpowiednich zaj\u0119\u0107 i praktyk w Uniwersytecie.<\/li>\n<\/ol>\n<p><strong>w rozdziale VI \u201czaliczenie roku\u201d w \u00a7 27 mowa o zaliczaniu zaj\u0119\u0107 na podstawie uznawania osi\u0105gni\u0119\u0107:<\/strong><\/p>\n<ol>\n<li>Student, uczestnicz\u0105cy w pracach badawczych lub wdro\u017ceniowych, mo\u017ce by\u0107 <strong>zwolniony z udzia\u0142u w niekt\u00f3rych zaj\u0119ciach<\/strong> z przedmiotu, z kt\u00f3rym tematycznie zwi\u0105zana jest realizowana praca.<\/li>\n<li>Udzia\u0142 studenta w pracach obozu naukowego mo\u017ce by\u0107 podstaw\u0105 do zaliczenia ca\u0142o\u015bci lub cz\u0119\u015bci <strong><em>praktyki zawodowej<\/em><\/strong>, je\u017celi program realizowany podczas obozu odpowiada wymogom okre\u015blonym w programie studi\u00f3w dla danej praktyki.<\/li>\n<li>Zaliczenia i zwolnienia wymienione w ust. 1 i 2 odbywaj\u0105 si\u0119 na zasadach okre\u015blonych przez dziekana.<\/li>\n<li>Student, posiadaj\u0105cy <strong>certyfikat potwierdzaj\u0105cy znajomo\u015b\u0107 j\u0119zyka obcego<\/strong> wymieniony w zarz\u0105dzeniu Rektora, mo\u017ce na sw\u00f3j wniosek z\u0142o\u017cony do kierownika SJO by\u0107 zwolniony z zaliczenia lektoratu. Zwolnienia dokonuje kierownik SJO na zasadzie uznania osi\u0105gni\u0119\u0107 efekt\u00f3w uczenia si\u0119. W suplemencie do dyplomu wpisuje si\u0119: zwolniony na podstawie certyfikatu.<\/li>\n<li>Student posiadaj\u0105cy znaczne <strong>osi\u0105gni\u0119cia sportowe<\/strong>, o kt\u00f3rych mowa w Regulaminie SWF, mo\u017ce na sw\u00f3j wniosek z\u0142o\u017cony do kierownika SWF by\u0107 zwolniony z zaliczenia zaj\u0119\u0107 z wychowania fizycznego. Zaliczenia przedmiotu dokonuje kierownik SWF na zasadzie uznania osi\u0105gni\u0119tych efekt\u00f3w uczenia si\u0119<\/li>\n<\/ol>\n<ul>\n<li><a href=\"https:\/\/ksztalcenie.uksw.edu.pl\/wp-content\/uploads\/sites\/22\/2022\/11\/Podanie-o-przeniesienie-osiagniec-na-podstawie-certyfikatu_1.pdf\"><strong>podanie o uznanie znajomo\u015bci j\u0119zyka obcego na podstawie certyfikatu<\/strong><\/a><\/li>\n<li><a href=\"https:\/\/monitor.uksw.edu.pl\/docs\/download\/a3f3f2376e5487ca2759e3996127fb45\"><strong>lista certyfikat\u00f3w zwalniaj\u0105cych\u00a0<\/strong>z lektoratu stanowi za\u0142\u0105cznik do Dec. 94\/2021 Rektora UKSW<\/a><\/li>\n<\/ul>\n                <\/div>\r\n\r\n        \r\n                <div class=\"tab-pane fade  \" id=\"Tabblock_d4c0529a319b731ee9201260d9452c651\" role=\"tabpanel\" aria-labelledby=\"block_d4c0529a319b731ee9201260d9452c651\">\r\n                                    <div class=\"headingh4\"><\/div>\r\n               \r\n\r\n                    <ul>\n<li>Na podstawie Ustawy\u00a0<em>Prawo o szkolnictwie wy\u017cszym i nauce<\/em>:<br \/>\nArt. 85, ust. 1 pkt 1<br \/>\nStudent ma prawo do przenoszenia i uznawania punkt\u00f3w ECTS.<\/li>\n<li><a href=\"https:\/\/monitor.uksw.edu.pl\/docs\/6085\" target=\"_blank\" rel=\"noreferrer noopener\">Decyzja nr 94\/2021<\/a>\u00a0Rektora UKSW z dn.03.08.2021 ws.<br \/>\nwarunk\u00f3w zwalniania z obowi\u0105zku uczestnictwa w lektoracie j\u0119zyka obcego nowo\u017cytnego i przyst\u0119powania do egzaminu z j\u0119zyka obcego<br \/>\n(uchyla\u00a0<a href=\"https:\/\/monitor.uksw.edu.pl\/docs\/3592\" target=\"_blank\" rel=\"noreferrer noopener\">Dec. 9\/2017<\/a>).<\/li>\n<li><a href=\"https:\/\/monitor.uksw.edu.pl\/docs\/1293\" target=\"_blank\" rel=\"noreferrer noopener\" aria-label=\"Decyzja nr 24\/2012 (otwiera si\u0119 na nowej zak\u0142adce)\">Decyzja nr 24\/2012<\/a>\u00a0Rektora UKSW z dn. 28.09.2012 ws.<br \/>\nokre\u015blenia liczby punkt\u00f3w w systemie akumulacji i przenoszenia osi\u0105gni\u0119\u0107 studenta\u00a0<strong>za zaj\u0119cia fakultatywne\u00a0<\/strong>prowadzone przez jednostki og\u00f3lnouczelniane;<br \/>\nzm. D3\/2015 z dn.28.09.2012\u00a0<strong>(dot. zaj\u0119\u0107 CSiDZ)<\/strong>\u00a0\u2013 nie obowi\u0105zuje.<br \/>\nzm.\u00a0<strong><a href=\"https:\/\/monitor.uksw.edu.pl\/docs\/3969\" target=\"_blank\" rel=\"noreferrer noopener\" aria-label=\"Decyzj\u0105 nr 10\/2018 (otwiera si\u0119 na nowej zak\u0142adce)\">Decyzj\u0105 nr 10\/2018<\/a><\/strong>\u00a0z dn.23.07.2018 (<strong>dot. zaj\u0119\u0107 CSiDZ<\/strong>).<\/li>\n<li><a href=\"https:\/\/monitor.uksw.edu.pl\/docs\/1256\" target=\"_blank\" rel=\"noreferrer noopener\" aria-label=\"Decyzja nr 24\/2013 (otwiera si\u0119 na nowej zak\u0142adce)\">Decyzja nr 24\/2013<\/a>\u00a0Rektora UKSW z dn.18.06.2013 ws.<br \/>\nokre\u015blenie\u00a0<strong>liczby punkt\u00f3w<\/strong>\u00a0w systemie akumulacji i przenoszenia osi\u0105gni\u0119\u0107 studenta za zaj\u0119cia prowadzone przez jednostki og\u00f3lnouczelniane<strong>\u00a0(dot. wyk\u0142ad\u00f3w o Patronie)<\/strong><\/li>\n<\/ul>\n                <\/div>\r\n\r\n        \r\n        \r\n        \r\n        \r\n      <\/div>\r\n      \r\n      <\/div>\r\n  <\/div>\r\n\r\n<\/div>  \r\n\r\n      \n\n\n<h2 class=\"wp-block-heading\">2. potwierdzanie efekt\u00f3w uczenia si\u0119 zdobytych poza edukacj\u0105 formaln\u0105<\/h2>\n\n\n\n<ul class=\"wp-block-list\">\n<li><strong><a rel=\"noreferrer noopener\" href=\"https:\/\/monitor.uksw.edu.pl\/docs\/4530\" target=\"_blank\">Uchwa\u0142a Nr 207\/2019<\/a><\/strong>&nbsp;Senatu UKSW z dn. 23.10.2019 ws.<br>organizacji potwierdzania efekt\u00f3w uczenia si\u0119 uzyskanych w procesie uczenia si\u0119 poza systemem studi\u00f3w oraz zasad przyj\u0119\u0107 na studia na podstawie najlepszych wynik\u00f3w uzyskanych w post\u0119powaniu potwierdzania efekt\u00f3w uczenia si\u0119 w UKSW<br>(za\u0142\u0105czniki: 1-wniosek, 2-za\u015bwiadczenie)<\/li>\n<\/ul>\n\n\n\n<p><\/p>\n","protected":false},"excerpt":{"rendered":"<p>1. akumulacja i przenoszenie osi\u0105gni\u0119\u0107 studenta 2. potwierdzanie efekt\u00f3w uczenia si\u0119 zdobytych poza edukacj\u0105 formaln\u0105<\/p>\n","protected":false},"author":24,"featured_media":0,"parent":3359,"menu_order":6,"comment_status":"closed","ping_status":"closed","template":"page-templates\/template-sub-page.php","meta":{"_acf_changed":false,"inline_featured_image":false,"footnotes":"","_links_to":"","_links_to_target":""},"class_list":["post-7112","page","type-page","status-publish","hentry"],"acf":[],"_links":{"self":[{"href":"https:\/\/ksztalcenie.uksw.edu.pl\/pl\/wp-json\/wp\/v2\/pages\/7112","targetHints":{"allow":["GET"]}}],"collection":[{"href":"https:\/\/ksztalcenie.uksw.edu.pl\/pl\/wp-json\/wp\/v2\/pages"}],"about":[{"href":"https:\/\/ksztalcenie.uksw.edu.pl\/pl\/wp-json\/wp\/v2\/types\/page"}],"author":[{"embeddable":true,"href":"https:\/\/ksztalcenie.uksw.edu.pl\/pl\/wp-json\/wp\/v2\/users\/24"}],"replies":[{"embeddable":true,"href":"https:\/\/ksztalcenie.uksw.edu.pl\/pl\/wp-json\/wp\/v2\/comments?post=7112"}],"version-history":[{"count":3,"href":"https:\/\/ksztalcenie.uksw.edu.pl\/pl\/wp-json\/wp\/v2\/pages\/7112\/revisions"}],"predecessor-version":[{"id":7116,"href":"https:\/\/ksztalcenie.uksw.edu.pl\/pl\/wp-json\/wp\/v2\/pages\/7112\/revisions\/7116"}],"up":[{"embeddable":true,"href":"https:\/\/ksztalcenie.uksw.edu.pl\/pl\/wp-json\/wp\/v2\/pages\/3359"}],"wp:attachment":[{"href":"https:\/\/ksztalcenie.uksw.edu.pl\/pl\/wp-json\/wp\/v2\/media?parent=7112"}],"curies":[{"name":"wp","href":"https:\/\/api.w.org\/{rel}","templated":true}]}}