{"id":7189,"date":"2026-02-25T11:25:48","date_gmt":"2026-02-25T10:25:48","guid":{"rendered":"https:\/\/ksztalcenie.uksw.edu.pl\/?page_id=7189"},"modified":"2026-03-04T15:45:48","modified_gmt":"2026-03-04T14:45:48","slug":"spotkania-prorektora-ds-ksztalcenia","status":"publish","type":"page","link":"https:\/\/ksztalcenie.uksw.edu.pl\/pracownicy\/spotkania-prorektora-ds-ksztalcenia\/","title":{"rendered":"Spotkania Prorektora ds. Kszta\u0142cenia"},"content":{"rendered":"\n<h2 class=\"wp-block-heading\">Spotkania Prorektora ds. studenckich i kszta\u0142cenia<\/h2>\n\n\n\n<figure class=\"wp-block-table\"><table><thead><tr><th class=\"has-text-align-left\" data-align=\"left\">Kiedy?<\/th><th>Z kim?<\/th><\/tr><\/thead><tbody><tr><td class=\"has-text-align-left\" data-align=\"left\">13 pa\u017adziernika 2025<\/td><td>Prodziekani ds. studenckich, Samorz\u0105d Student\u00f3w<\/td><\/tr><tr><td class=\"has-text-align-left\" data-align=\"left\">16 pa\u017adziernika 2025<\/td><td>Prodziekani ds. kszta\u0142cenia<\/td><\/tr><tr><td class=\"has-text-align-left\" data-align=\"left\">10 marca 2026<\/td><td>Q&amp;A &#8211; forma hybrydowa<\/td><\/tr><tr><td class=\"has-text-align-left\" data-align=\"left\">17 lutego 2026<\/td><td>Kierownicy Dziekanat\u00f3w, Dzia\u0142 Kadr i Biuro prawne<\/td><\/tr><tr><td class=\"has-text-align-left\" data-align=\"left\">21 stycznia 2026<\/td><td>Prodziekani ds. kszta\u0142cenia<\/td><\/tr><tr><td class=\"has-text-align-left\" data-align=\"left\">21 stycznia 2026<\/td><td>Prodziekani ds. studenckich, Samorz\u0105d Student\u00f3w<\/td><\/tr><\/tbody><\/table><\/figure>\n","protected":false},"excerpt":{"rendered":"<p>Spotkania Prorektora ds. studenckich i kszta\u0142cenia Kiedy? Z kim? 13 pa\u017adziernika 2025 Prodziekani ds. studenckich, Samorz\u0105d Student\u00f3w 16 pa\u017adziernika 2025 Prodziekani ds. kszta\u0142cenia 10 marca 2026 Q&amp;A &#8211; forma hybrydowa 17 lutego 2026 Kierownicy Dziekanat\u00f3w, Dzia\u0142 Kadr i Biuro prawne 21 stycznia 2026 Prodziekani ds. kszta\u0142cenia 21 stycznia 2026 Prodziekani ds. studenckich, Samorz\u0105d Student\u00f3w<\/p>\n","protected":false},"author":24,"featured_media":0,"parent":3714,"menu_order":18,"comment_status":"closed","ping_status":"closed","template":"page-templates\/template-sub-page.php","meta":{"_acf_changed":false,"inline_featured_image":false,"footnotes":"","_links_to":"","_links_to_target":""},"class_list":["post-7189","page","type-page","status-publish","hentry"],"acf":[],"_links":{"self":[{"href":"https:\/\/ksztalcenie.uksw.edu.pl\/pl\/wp-json\/wp\/v2\/pages\/7189","targetHints":{"allow":["GET"]}}],"collection":[{"href":"https:\/\/ksztalcenie.uksw.edu.pl\/pl\/wp-json\/wp\/v2\/pages"}],"about":[{"href":"https:\/\/ksztalcenie.uksw.edu.pl\/pl\/wp-json\/wp\/v2\/types\/page"}],"author":[{"embeddable":true,"href":"https:\/\/ksztalcenie.uksw.edu.pl\/pl\/wp-json\/wp\/v2\/users\/24"}],"replies":[{"embeddable":true,"href":"https:\/\/ksztalcenie.uksw.edu.pl\/pl\/wp-json\/wp\/v2\/comments?post=7189"}],"version-history":[{"count":8,"href":"https:\/\/ksztalcenie.uksw.edu.pl\/pl\/wp-json\/wp\/v2\/pages\/7189\/revisions"}],"predecessor-version":[{"id":7232,"href":"https:\/\/ksztalcenie.uksw.edu.pl\/pl\/wp-json\/wp\/v2\/pages\/7189\/revisions\/7232"}],"up":[{"embeddable":true,"href":"https:\/\/ksztalcenie.uksw.edu.pl\/pl\/wp-json\/wp\/v2\/pages\/3714"}],"wp:attachment":[{"href":"https:\/\/ksztalcenie.uksw.edu.pl\/pl\/wp-json\/wp\/v2\/media?parent=7189"}],"curies":[{"name":"wp","href":"https:\/\/api.w.org\/{rel}","templated":true}]}}